{"id":1297,"date":"2016-02-01T11:57:50","date_gmt":"2016-02-01T11:57:50","guid":{"rendered":"http:\/\/www.ammosvotsalo.com\/?page_id=1297"},"modified":"2016-02-01T12:02:48","modified_gmt":"2016-02-01T12:02:48","slug":"leonidio","status":"publish","type":"page","link":"https:\/\/www.ammosvotsalo.com\/de\/leonidio\/","title":{"rendered":"Leonidio"},"content":{"rendered":"\n\t<div title='Resize Body Text' class='wpTextResizeControls' style='background-color:lightgray;border-radius:7px;-moz-border-radius:7px;-webkit-border-radius:7px;padding:3px;width:55px;'>\n\t\t<a class='increaseFont' title='Increase Font Size' style='font-size:18px;cursor:pointer;' >A<\/a><a class='resetFont' title='Reset Font Size' style='font-size:13px;padding-left:10px;cursor:pointer;'>A<\/a><a class='decreaseFont' title='Decrease Font Size' style='font-size:10px;padding-left:10px;cursor:pointer;'>A<\/a><\/div>\n<p>Leonidio liegt am Fu\u00dfe der Gebirgsausl\u00e4ufer des Parnonas und zieht sich bis zum Meer hin. Die Ortschaft ist umgeben von Zitrusfr\u00fcchtenplantagen und Olivenhainen. Durch das sch\u00f6ne Tal flie\u00dft der Daphonas Flu\u00df, der aber nur jahreszeitlich bedingt Wasser f\u00fchrt. \u00dcber Leonidio ragen eindrucksvolle rote Felsen, die das Sonnenlicht reflektieren. Das Farbenspiel wechselt mit jeder Tages- und Jahreszeit.<\/p>\n<p>Leonidio, im Tsakonischen Dialekt \u201eAgie Lidi\u201c , ist heute die Hauptstadt von Kynouria. Es liegt in der mittel\u00f6stlichen Region des Peloponnes. In der Stadt leben ungef\u00e4hr 6000 Menschen, die dort arbeiten und den Fortschritt suchen. Die Wurzeln der Tsakonier sind tief in der Vergangenheit verankert. Sie besch\u00fctzen das Land mit der Hingabe und St\u00e4rke eines Kriegers. Der Namensgeber war der Heilige Leonidis, der, im dritten Jahrhundert, zusammen mit seinen sieben Kindern, einen grausamen Tod as Martyrer erlitt. Ihre verehrten K\u00f6rper wurden an der K\u00fcste Kynouria\u2019s an Land geschwemmt.<\/p>\n<p>Der Reichtum Tsakonika\u2019s spiegelt sich in den Wohnh\u00e4usern wider. In Leonidio sind mehr als 120 H\u00e4user aus dem fr\u00fchen 19. Jahrhundert erhalten. Die drei Windm\u00fchlen, die am Ortseingang auf einem H\u00fcgel Wind und Wetter trotzen, wachen \u00fcber die Stadt. In Leonidio trifft Weltoffenheit mit Tradition aufeinander.<\/p>\n","protected":false},"excerpt":{"rendered":"<p>Leonidio liegt am Fu\u00dfe der Gebirgsausl\u00e4ufer des Parnonas und zieht sich bis zum Meer hin. Die Ortschaft ist umgeben von Zitrusfr\u00fcchtenplantagen und Olivenhainen. Durch das sch\u00f6ne Tal flie\u00dft der Daphonas Flu\u00df, der aber nur jahreszeitlich bedingt Wasser f\u00fchrt. \u00dcber Leonidio <a class=\"more-link\" href=\"https:\/\/www.ammosvotsalo.com\/de\/leonidio\/\">Read more &#8230;<\/a><\/p>\n","protected":false},"author":1,"featured_media":0,"parent":0,"menu_order":0,"comment_status":"closed","ping_status":"closed","template":"","meta":[],"yoast_head":"<!-- This site is optimized with the Yoast SEO plugin v19.12 - https:\/\/yoast.com\/wordpress\/plugins\/seo\/ -->\n<title>Leonidio | Ammos &amp; Votsalo Apartmens<\/title>\n<meta name=\"robots\" content=\"index, follow, max-snippet:-1, max-image-preview:large, max-video-preview:-1\" \/>\n<link rel=\"canonical\" href=\"https:\/\/www.ammosvotsalo.com\/de\/leonidio\/\" \/>\n<meta property=\"og:locale\" content=\"de_DE\" \/>\n<meta property=\"og:type\" content=\"article\" \/>\n<meta property=\"og:title\" content=\"Leonidio | Ammos &amp; Votsalo Apartmens\" \/>\n<meta property=\"og:description\" content=\"Leonidio liegt am Fu\u00dfe der Gebirgsausl\u00e4ufer des Parnonas und zieht sich bis zum Meer hin. Die Ortschaft ist umgeben von Zitrusfr\u00fcchtenplantagen und Olivenhainen. Durch das sch\u00f6ne Tal flie\u00dft der Daphonas Flu\u00df, der aber nur jahreszeitlich bedingt Wasser f\u00fchrt. \u00dcber Leonidio Read more ...\" \/>\n<meta property=\"og:url\" content=\"https:\/\/www.ammosvotsalo.com\/de\/leonidio\/\" \/>\n<meta property=\"og:site_name\" content=\"Ammos &amp; Votsalo Apartmens\" \/>\n<meta property=\"article:modified_time\" content=\"2016-02-01T12:02:48+00:00\" \/>\n<meta name=\"twitter:card\" content=\"summary_large_image\" \/>\n<meta name=\"twitter:label1\" content=\"Gesch\u00e4tzte Lesezeit\" \/>\n\t<meta name=\"twitter:data1\" content=\"1\u00a0Minute\" \/>\n<script type=\"application\/ld+json\" class=\"yoast-schema-graph\">{\"@context\":\"https:\/\/schema.org\",\"@graph\":[{\"@type\":\"WebPage\",\"@id\":\"https:\/\/www.ammosvotsalo.com\/de\/leonidio\/\",\"url\":\"https:\/\/www.ammosvotsalo.com\/de\/leonidio\/\",\"name\":\"Leonidio | Ammos &amp; Votsalo Apartmens\",\"isPartOf\":{\"@id\":\"https:\/\/www.ammosvotsalo.com\/#website\"},\"datePublished\":\"2016-02-01T11:57:50+00:00\",\"dateModified\":\"2016-02-01T12:02:48+00:00\",\"breadcrumb\":{\"@id\":\"https:\/\/www.ammosvotsalo.com\/de\/leonidio\/#breadcrumb\"},\"inLanguage\":\"de\",\"potentialAction\":[{\"@type\":\"ReadAction\",\"target\":[\"https:\/\/www.ammosvotsalo.com\/de\/leonidio\/\"]}]},{\"@type\":\"BreadcrumbList\",\"@id\":\"https:\/\/www.ammosvotsalo.com\/de\/leonidio\/#breadcrumb\",\"itemListElement\":[{\"@type\":\"ListItem\",\"position\":1,\"name\":\"Home\",\"item\":\"https:\/\/www.ammosvotsalo.com\/de\/\"},{\"@type\":\"ListItem\",\"position\":2,\"name\":\"Leonidio\"}]},{\"@type\":\"WebSite\",\"@id\":\"https:\/\/www.ammosvotsalo.com\/#website\",\"url\":\"https:\/\/www.ammosvotsalo.com\/\",\"name\":\"Ammos &amp; Votsalo Apartmens\",\"description\":\"\",\"potentialAction\":[{\"@type\":\"SearchAction\",\"target\":{\"@type\":\"EntryPoint\",\"urlTemplate\":\"https:\/\/www.ammosvotsalo.com\/?s={search_term_string}\"},\"query-input\":\"required name=search_term_string\"}],\"inLanguage\":\"de\"}]}<\/script>\n<!-- \/ Yoast SEO plugin. -->","yoast_head_json":{"title":"Leonidio | Ammos &amp; Votsalo Apartmens","robots":{"index":"index","follow":"follow","max-snippet":"max-snippet:-1","max-image-preview":"max-image-preview:large","max-video-preview":"max-video-preview:-1"},"canonical":"https:\/\/www.ammosvotsalo.com\/de\/leonidio\/","og_locale":"de_DE","og_type":"article","og_title":"Leonidio | Ammos &amp; Votsalo Apartmens","og_description":"Leonidio liegt am Fu\u00dfe der Gebirgsausl\u00e4ufer des Parnonas und zieht sich bis zum Meer hin. Die Ortschaft ist umgeben von Zitrusfr\u00fcchtenplantagen und Olivenhainen. Durch das sch\u00f6ne Tal flie\u00dft der Daphonas Flu\u00df, der aber nur jahreszeitlich bedingt Wasser f\u00fchrt. \u00dcber Leonidio Read more ...","og_url":"https:\/\/www.ammosvotsalo.com\/de\/leonidio\/","og_site_name":"Ammos &amp; Votsalo Apartmens","article_modified_time":"2016-02-01T12:02:48+00:00","twitter_card":"summary_large_image","twitter_misc":{"Gesch\u00e4tzte Lesezeit":"1\u00a0Minute"},"schema":{"@context":"https:\/\/schema.org","@graph":[{"@type":"WebPage","@id":"https:\/\/www.ammosvotsalo.com\/de\/leonidio\/","url":"https:\/\/www.ammosvotsalo.com\/de\/leonidio\/","name":"Leonidio | Ammos &amp; Votsalo Apartmens","isPartOf":{"@id":"https:\/\/www.ammosvotsalo.com\/#website"},"datePublished":"2016-02-01T11:57:50+00:00","dateModified":"2016-02-01T12:02:48+00:00","breadcrumb":{"@id":"https:\/\/www.ammosvotsalo.com\/de\/leonidio\/#breadcrumb"},"inLanguage":"de","potentialAction":[{"@type":"ReadAction","target":["https:\/\/www.ammosvotsalo.com\/de\/leonidio\/"]}]},{"@type":"BreadcrumbList","@id":"https:\/\/www.ammosvotsalo.com\/de\/leonidio\/#breadcrumb","itemListElement":[{"@type":"ListItem","position":1,"name":"Home","item":"https:\/\/www.ammosvotsalo.com\/de\/"},{"@type":"ListItem","position":2,"name":"Leonidio"}]},{"@type":"WebSite","@id":"https:\/\/www.ammosvotsalo.com\/#website","url":"https:\/\/www.ammosvotsalo.com\/","name":"Ammos &amp; Votsalo Apartmens","description":"","potentialAction":[{"@type":"SearchAction","target":{"@type":"EntryPoint","urlTemplate":"https:\/\/www.ammosvotsalo.com\/?s={search_term_string}"},"query-input":"required name=search_term_string"}],"inLanguage":"de"}]}},"_links":{"self":[{"href":"https:\/\/www.ammosvotsalo.com\/de\/wp-json\/wp\/v2\/pages\/1297"}],"collection":[{"href":"https:\/\/www.ammosvotsalo.com\/de\/wp-json\/wp\/v2\/pages"}],"about":[{"href":"https:\/\/www.ammosvotsalo.com\/de\/wp-json\/wp\/v2\/types\/page"}],"author":[{"embeddable":true,"href":"https:\/\/www.ammosvotsalo.com\/de\/wp-json\/wp\/v2\/users\/1"}],"replies":[{"embeddable":true,"href":"https:\/\/www.ammosvotsalo.com\/de\/wp-json\/wp\/v2\/comments?post=1297"}],"version-history":[{"count":2,"href":"https:\/\/www.ammosvotsalo.com\/de\/wp-json\/wp\/v2\/pages\/1297\/revisions"}],"predecessor-version":[{"id":1301,"href":"https:\/\/www.ammosvotsalo.com\/de\/wp-json\/wp\/v2\/pages\/1297\/revisions\/1301"}],"wp:attachment":[{"href":"https:\/\/www.ammosvotsalo.com\/de\/wp-json\/wp\/v2\/media?parent=1297"}],"curies":[{"name":"wp","href":"https:\/\/api.w.org\/{rel}","templated":true}]}}