{"id":1302,"date":"2016-02-01T12:05:23","date_gmt":"2016-02-01T12:05:23","guid":{"rendered":"http:\/\/www.ammosvotsalo.com\/?page_id=1302"},"modified":"2016-02-01T12:05:23","modified_gmt":"2016-02-01T12:05:23","slug":"plaka","status":"publish","type":"page","link":"https:\/\/www.ammosvotsalo.com\/de\/plaka\/","title":{"rendered":"Plaka"},"content":{"rendered":"\n\t<div title='Resize Body Text' class='wpTextResizeControls' style='background-color:lightgray;border-radius:7px;-moz-border-radius:7px;-webkit-border-radius:7px;padding:3px;width:55px;'>\n\t\t<a class='increaseFont' title='Increase Font Size' style='font-size:18px;cursor:pointer;' >A<\/a><a class='resetFont' title='Reset Font Size' style='font-size:13px;padding-left:10px;cursor:pointer;'>A<\/a><a class='decreaseFont' title='Decrease Font Size' style='font-size:10px;padding-left:10px;cursor:pointer;'>A<\/a><\/div>\n<p>Der altert\u00fcmliche Name von Leonidio ist Vrasies beziehungsweise Prasies und der Ort lag urspr\u00fcnglich in Plaka. Dort befindet sich heute der Hafen Leonido\u2019s. Laud der Legende wurde hier Larnaca, der tote K\u00f6rper Semele\u2018s und deren einziger Sohn Dionysus, an Land gesp\u00fchlt. Die strenggl\u00e4ubigen Einheimischen begruben Semele und \u00fcbergaben Dionysus in die besch\u00fctzende Obhut der Nymphe Ino.<\/p>\n<p>Der Hafen Plaka entwickelte sich zum Handelszentrum, welches Ware ins Inland und sogar bis in die Regionen S\u00fcd Laconia\u2019s verteilte. \u00dcber die Jahrhunderte war der Hafen die Verbindung zwischen den H\u00e4fen, den Inseln des Argosaronischen Golfes und der K\u00fcste des Myrtoanischen Meeres.<\/p>\n<p>Die engen Verbindungen zwischen der Gemeinde Leonidio\u2019s, Konstantinopel und anderen St\u00e4dten Griechenlandes im Schwarzen Meer f\u00fchrte zur Entwicklung unseres Heimatlandes.<\/p>\n","protected":false},"excerpt":{"rendered":"<p>Der altert\u00fcmliche Name von Leonidio ist Vrasies beziehungsweise Prasies und der Ort lag urspr\u00fcnglich in Plaka. Dort befindet sich heute der Hafen Leonido\u2019s. Laud der Legende wurde hier Larnaca, der tote K\u00f6rper Semele\u2018s und deren einziger Sohn Dionysus, an Land <a class=\"more-link\" href=\"https:\/\/www.ammosvotsalo.com\/de\/plaka\/\">Read more &#8230;<\/a><\/p>\n","protected":false},"author":1,"featured_media":0,"parent":0,"menu_order":0,"comment_status":"closed","ping_status":"closed","template":"","meta":[],"yoast_head":"<!-- This site is optimized with the Yoast SEO plugin v19.12 - https:\/\/yoast.com\/wordpress\/plugins\/seo\/ -->\n<title>Plaka | Ammos &amp; Votsalo Apartmens<\/title>\n<meta name=\"robots\" content=\"index, follow, max-snippet:-1, max-image-preview:large, max-video-preview:-1\" \/>\n<link rel=\"canonical\" href=\"https:\/\/www.ammosvotsalo.com\/de\/plaka\/\" \/>\n<meta property=\"og:locale\" content=\"de_DE\" \/>\n<meta property=\"og:type\" content=\"article\" \/>\n<meta property=\"og:title\" content=\"Plaka | Ammos &amp; Votsalo Apartmens\" \/>\n<meta property=\"og:description\" content=\"Der altert\u00fcmliche Name von Leonidio ist Vrasies beziehungsweise Prasies und der Ort lag urspr\u00fcnglich in Plaka. Dort befindet sich heute der Hafen Leonido\u2019s. Laud der Legende wurde hier Larnaca, der tote K\u00f6rper Semele\u2018s und deren einziger Sohn Dionysus, an Land Read more ...\" \/>\n<meta property=\"og:url\" content=\"https:\/\/www.ammosvotsalo.com\/de\/plaka\/\" \/>\n<meta property=\"og:site_name\" content=\"Ammos &amp; Votsalo Apartmens\" \/>\n<meta name=\"twitter:card\" content=\"summary_large_image\" \/>\n<meta name=\"twitter:label1\" content=\"Gesch\u00e4tzte Lesezeit\" \/>\n\t<meta name=\"twitter:data1\" content=\"1\u00a0Minute\" \/>\n<script type=\"application\/ld+json\" class=\"yoast-schema-graph\">{\"@context\":\"https:\/\/schema.org\",\"@graph\":[{\"@type\":\"WebPage\",\"@id\":\"https:\/\/www.ammosvotsalo.com\/de\/plaka\/\",\"url\":\"https:\/\/www.ammosvotsalo.com\/de\/plaka\/\",\"name\":\"Plaka | Ammos &amp; Votsalo Apartmens\",\"isPartOf\":{\"@id\":\"https:\/\/www.ammosvotsalo.com\/#website\"},\"datePublished\":\"2016-02-01T12:05:23+00:00\",\"dateModified\":\"2016-02-01T12:05:23+00:00\",\"breadcrumb\":{\"@id\":\"https:\/\/www.ammosvotsalo.com\/de\/plaka\/#breadcrumb\"},\"inLanguage\":\"de\",\"potentialAction\":[{\"@type\":\"ReadAction\",\"target\":[\"https:\/\/www.ammosvotsalo.com\/de\/plaka\/\"]}]},{\"@type\":\"BreadcrumbList\",\"@id\":\"https:\/\/www.ammosvotsalo.com\/de\/plaka\/#breadcrumb\",\"itemListElement\":[{\"@type\":\"ListItem\",\"position\":1,\"name\":\"Home\",\"item\":\"https:\/\/www.ammosvotsalo.com\/de\/\"},{\"@type\":\"ListItem\",\"position\":2,\"name\":\"Plaka\"}]},{\"@type\":\"WebSite\",\"@id\":\"https:\/\/www.ammosvotsalo.com\/#website\",\"url\":\"https:\/\/www.ammosvotsalo.com\/\",\"name\":\"Ammos &amp; Votsalo Apartmens\",\"description\":\"\",\"potentialAction\":[{\"@type\":\"SearchAction\",\"target\":{\"@type\":\"EntryPoint\",\"urlTemplate\":\"https:\/\/www.ammosvotsalo.com\/?s={search_term_string}\"},\"query-input\":\"required name=search_term_string\"}],\"inLanguage\":\"de\"}]}<\/script>\n<!-- \/ Yoast SEO plugin. -->","yoast_head_json":{"title":"Plaka | Ammos &amp; Votsalo Apartmens","robots":{"index":"index","follow":"follow","max-snippet":"max-snippet:-1","max-image-preview":"max-image-preview:large","max-video-preview":"max-video-preview:-1"},"canonical":"https:\/\/www.ammosvotsalo.com\/de\/plaka\/","og_locale":"de_DE","og_type":"article","og_title":"Plaka | Ammos &amp; Votsalo Apartmens","og_description":"Der altert\u00fcmliche Name von Leonidio ist Vrasies beziehungsweise Prasies und der Ort lag urspr\u00fcnglich in Plaka. Dort befindet sich heute der Hafen Leonido\u2019s. Laud der Legende wurde hier Larnaca, der tote K\u00f6rper Semele\u2018s und deren einziger Sohn Dionysus, an Land Read more ...","og_url":"https:\/\/www.ammosvotsalo.com\/de\/plaka\/","og_site_name":"Ammos &amp; Votsalo Apartmens","twitter_card":"summary_large_image","twitter_misc":{"Gesch\u00e4tzte Lesezeit":"1\u00a0Minute"},"schema":{"@context":"https:\/\/schema.org","@graph":[{"@type":"WebPage","@id":"https:\/\/www.ammosvotsalo.com\/de\/plaka\/","url":"https:\/\/www.ammosvotsalo.com\/de\/plaka\/","name":"Plaka | Ammos &amp; Votsalo Apartmens","isPartOf":{"@id":"https:\/\/www.ammosvotsalo.com\/#website"},"datePublished":"2016-02-01T12:05:23+00:00","dateModified":"2016-02-01T12:05:23+00:00","breadcrumb":{"@id":"https:\/\/www.ammosvotsalo.com\/de\/plaka\/#breadcrumb"},"inLanguage":"de","potentialAction":[{"@type":"ReadAction","target":["https:\/\/www.ammosvotsalo.com\/de\/plaka\/"]}]},{"@type":"BreadcrumbList","@id":"https:\/\/www.ammosvotsalo.com\/de\/plaka\/#breadcrumb","itemListElement":[{"@type":"ListItem","position":1,"name":"Home","item":"https:\/\/www.ammosvotsalo.com\/de\/"},{"@type":"ListItem","position":2,"name":"Plaka"}]},{"@type":"WebSite","@id":"https:\/\/www.ammosvotsalo.com\/#website","url":"https:\/\/www.ammosvotsalo.com\/","name":"Ammos &amp; Votsalo Apartmens","description":"","potentialAction":[{"@type":"SearchAction","target":{"@type":"EntryPoint","urlTemplate":"https:\/\/www.ammosvotsalo.com\/?s={search_term_string}"},"query-input":"required name=search_term_string"}],"inLanguage":"de"}]}},"_links":{"self":[{"href":"https:\/\/www.ammosvotsalo.com\/de\/wp-json\/wp\/v2\/pages\/1302"}],"collection":[{"href":"https:\/\/www.ammosvotsalo.com\/de\/wp-json\/wp\/v2\/pages"}],"about":[{"href":"https:\/\/www.ammosvotsalo.com\/de\/wp-json\/wp\/v2\/types\/page"}],"author":[{"embeddable":true,"href":"https:\/\/www.ammosvotsalo.com\/de\/wp-json\/wp\/v2\/users\/1"}],"replies":[{"embeddable":true,"href":"https:\/\/www.ammosvotsalo.com\/de\/wp-json\/wp\/v2\/comments?post=1302"}],"version-history":[{"count":1,"href":"https:\/\/www.ammosvotsalo.com\/de\/wp-json\/wp\/v2\/pages\/1302\/revisions"}],"predecessor-version":[{"id":1304,"href":"https:\/\/www.ammosvotsalo.com\/de\/wp-json\/wp\/v2\/pages\/1302\/revisions\/1304"}],"wp:attachment":[{"href":"https:\/\/www.ammosvotsalo.com\/de\/wp-json\/wp\/v2\/media?parent=1302"}],"curies":[{"name":"wp","href":"https:\/\/api.w.org\/{rel}","templated":true}]}}