{"id":1306,"date":"2016-02-01T12:09:08","date_gmt":"2016-02-01T12:09:08","guid":{"rendered":"http:\/\/www.ammosvotsalo.com\/?page_id=1306"},"modified":"2016-03-16T11:57:49","modified_gmt":"2016-03-16T09:57:49","slug":"geschichte-der-architektur","status":"publish","type":"page","link":"https:\/\/www.ammosvotsalo.com\/de\/geschichte-der-architektur\/","title":{"rendered":"Geschichte Der Architektur"},"content":{"rendered":"\n\t<div title='Resize Body Text' class='wpTextResizeControls' style='background-color:lightgray;border-radius:7px;-moz-border-radius:7px;-webkit-border-radius:7px;padding:3px;width:55px;'>\n\t\t<a class='increaseFont' title='Increase Font Size' style='font-size:18px;cursor:pointer;' >A<\/a><a class='resetFont' title='Reset Font Size' style='font-size:13px;padding-left:10px;cursor:pointer;'>A<\/a><a class='decreaseFont' title='Decrease Font Size' style='font-size:10px;padding-left:10px;cursor:pointer;'>A<\/a><\/div>\n<p>Leonidio ist eine traditionelle Kleinstadt mit historischen Denkm\u00e4lern, <span style=\"text-decoration: underline;\"><strong><a href=\"http:\/\/www.melitzazz.gr\/en\/category\/mansions-and-chateaus-in-leonidio\/\" target=\"_blank\">Herrenh\u00e4usern und T\u00fcrmen<\/a><\/strong><\/span>, die in Stand gehalten wurden. Viele dieser Bauten wurden vor dem 18. Jahrhundert gebaut. Gl\u00fccklicherweise sind viele dieser Geb\u00e4ude erhalten geblieben. Drei der eindrucksvollsten Bauten aus der Zeit vor der Revolution sind in Leonidio zu sehen. Diese geben dem Besucher einen ersten Eindruck auf die Tsakonische Architektur.<\/p>\n","protected":false},"excerpt":{"rendered":"<p>Leonidio ist eine traditionelle Kleinstadt mit historischen Denkm\u00e4lern, Herrenh\u00e4usern und T\u00fcrmen, die in Stand gehalten wurden. Viele dieser Bauten wurden vor dem 18. Jahrhundert gebaut. Gl\u00fccklicherweise sind viele dieser Geb\u00e4ude erhalten geblieben. Drei der eindrucksvollsten Bauten aus der Zeit vor <a class=\"more-link\" href=\"https:\/\/www.ammosvotsalo.com\/de\/geschichte-der-architektur\/\">Read more &#8230;<\/a><\/p>\n","protected":false},"author":1,"featured_media":0,"parent":0,"menu_order":0,"comment_status":"closed","ping_status":"closed","template":"","meta":[],"yoast_head":"<!-- This site is optimized with the Yoast SEO plugin v19.12 - https:\/\/yoast.com\/wordpress\/plugins\/seo\/ -->\n<title>Geschichte Der Architektur | Ammos &amp; Votsalo Apartmens<\/title>\n<meta name=\"robots\" content=\"index, follow, max-snippet:-1, max-image-preview:large, max-video-preview:-1\" \/>\n<link rel=\"canonical\" href=\"https:\/\/www.ammosvotsalo.com\/de\/geschichte-der-architektur\/\" \/>\n<meta property=\"og:locale\" content=\"de_DE\" \/>\n<meta property=\"og:type\" content=\"article\" \/>\n<meta property=\"og:title\" content=\"Geschichte Der Architektur | Ammos &amp; Votsalo Apartmens\" \/>\n<meta property=\"og:description\" content=\"Leonidio ist eine traditionelle Kleinstadt mit historischen Denkm\u00e4lern, Herrenh\u00e4usern und T\u00fcrmen, die in Stand gehalten wurden. Viele dieser Bauten wurden vor dem 18. Jahrhundert gebaut. Gl\u00fccklicherweise sind viele dieser Geb\u00e4ude erhalten geblieben. Drei der eindrucksvollsten Bauten aus der Zeit vor Read more ...\" \/>\n<meta property=\"og:url\" content=\"https:\/\/www.ammosvotsalo.com\/de\/geschichte-der-architektur\/\" \/>\n<meta property=\"og:site_name\" content=\"Ammos &amp; Votsalo Apartmens\" \/>\n<meta property=\"article:modified_time\" content=\"2016-03-16T09:57:49+00:00\" \/>\n<meta name=\"twitter:card\" content=\"summary_large_image\" \/>\n<script type=\"application\/ld+json\" class=\"yoast-schema-graph\">{\"@context\":\"https:\/\/schema.org\",\"@graph\":[{\"@type\":\"WebPage\",\"@id\":\"https:\/\/www.ammosvotsalo.com\/de\/geschichte-der-architektur\/\",\"url\":\"https:\/\/www.ammosvotsalo.com\/de\/geschichte-der-architektur\/\",\"name\":\"Geschichte Der Architektur | Ammos &amp; Votsalo Apartmens\",\"isPartOf\":{\"@id\":\"https:\/\/www.ammosvotsalo.com\/#website\"},\"datePublished\":\"2016-02-01T12:09:08+00:00\",\"dateModified\":\"2016-03-16T09:57:49+00:00\",\"breadcrumb\":{\"@id\":\"https:\/\/www.ammosvotsalo.com\/de\/geschichte-der-architektur\/#breadcrumb\"},\"inLanguage\":\"de\",\"potentialAction\":[{\"@type\":\"ReadAction\",\"target\":[\"https:\/\/www.ammosvotsalo.com\/de\/geschichte-der-architektur\/\"]}]},{\"@type\":\"BreadcrumbList\",\"@id\":\"https:\/\/www.ammosvotsalo.com\/de\/geschichte-der-architektur\/#breadcrumb\",\"itemListElement\":[{\"@type\":\"ListItem\",\"position\":1,\"name\":\"Home\",\"item\":\"https:\/\/www.ammosvotsalo.com\/de\/\"},{\"@type\":\"ListItem\",\"position\":2,\"name\":\"Geschichte Der Architektur\"}]},{\"@type\":\"WebSite\",\"@id\":\"https:\/\/www.ammosvotsalo.com\/#website\",\"url\":\"https:\/\/www.ammosvotsalo.com\/\",\"name\":\"Ammos &amp; Votsalo Apartmens\",\"description\":\"\",\"potentialAction\":[{\"@type\":\"SearchAction\",\"target\":{\"@type\":\"EntryPoint\",\"urlTemplate\":\"https:\/\/www.ammosvotsalo.com\/?s={search_term_string}\"},\"query-input\":\"required name=search_term_string\"}],\"inLanguage\":\"de\"}]}<\/script>\n<!-- \/ Yoast SEO plugin. -->","yoast_head_json":{"title":"Geschichte Der Architektur | Ammos &amp; Votsalo Apartmens","robots":{"index":"index","follow":"follow","max-snippet":"max-snippet:-1","max-image-preview":"max-image-preview:large","max-video-preview":"max-video-preview:-1"},"canonical":"https:\/\/www.ammosvotsalo.com\/de\/geschichte-der-architektur\/","og_locale":"de_DE","og_type":"article","og_title":"Geschichte Der Architektur | Ammos &amp; Votsalo Apartmens","og_description":"Leonidio ist eine traditionelle Kleinstadt mit historischen Denkm\u00e4lern, Herrenh\u00e4usern und T\u00fcrmen, die in Stand gehalten wurden. Viele dieser Bauten wurden vor dem 18. Jahrhundert gebaut. Gl\u00fccklicherweise sind viele dieser Geb\u00e4ude erhalten geblieben. Drei der eindrucksvollsten Bauten aus der Zeit vor Read more ...","og_url":"https:\/\/www.ammosvotsalo.com\/de\/geschichte-der-architektur\/","og_site_name":"Ammos &amp; Votsalo Apartmens","article_modified_time":"2016-03-16T09:57:49+00:00","twitter_card":"summary_large_image","schema":{"@context":"https:\/\/schema.org","@graph":[{"@type":"WebPage","@id":"https:\/\/www.ammosvotsalo.com\/de\/geschichte-der-architektur\/","url":"https:\/\/www.ammosvotsalo.com\/de\/geschichte-der-architektur\/","name":"Geschichte Der Architektur | Ammos &amp; Votsalo Apartmens","isPartOf":{"@id":"https:\/\/www.ammosvotsalo.com\/#website"},"datePublished":"2016-02-01T12:09:08+00:00","dateModified":"2016-03-16T09:57:49+00:00","breadcrumb":{"@id":"https:\/\/www.ammosvotsalo.com\/de\/geschichte-der-architektur\/#breadcrumb"},"inLanguage":"de","potentialAction":[{"@type":"ReadAction","target":["https:\/\/www.ammosvotsalo.com\/de\/geschichte-der-architektur\/"]}]},{"@type":"BreadcrumbList","@id":"https:\/\/www.ammosvotsalo.com\/de\/geschichte-der-architektur\/#breadcrumb","itemListElement":[{"@type":"ListItem","position":1,"name":"Home","item":"https:\/\/www.ammosvotsalo.com\/de\/"},{"@type":"ListItem","position":2,"name":"Geschichte Der Architektur"}]},{"@type":"WebSite","@id":"https:\/\/www.ammosvotsalo.com\/#website","url":"https:\/\/www.ammosvotsalo.com\/","name":"Ammos &amp; Votsalo Apartmens","description":"","potentialAction":[{"@type":"SearchAction","target":{"@type":"EntryPoint","urlTemplate":"https:\/\/www.ammosvotsalo.com\/?s={search_term_string}"},"query-input":"required name=search_term_string"}],"inLanguage":"de"}]}},"_links":{"self":[{"href":"https:\/\/www.ammosvotsalo.com\/de\/wp-json\/wp\/v2\/pages\/1306"}],"collection":[{"href":"https:\/\/www.ammosvotsalo.com\/de\/wp-json\/wp\/v2\/pages"}],"about":[{"href":"https:\/\/www.ammosvotsalo.com\/de\/wp-json\/wp\/v2\/types\/page"}],"author":[{"embeddable":true,"href":"https:\/\/www.ammosvotsalo.com\/de\/wp-json\/wp\/v2\/users\/1"}],"replies":[{"embeddable":true,"href":"https:\/\/www.ammosvotsalo.com\/de\/wp-json\/wp\/v2\/comments?post=1306"}],"version-history":[{"count":2,"href":"https:\/\/www.ammosvotsalo.com\/de\/wp-json\/wp\/v2\/pages\/1306\/revisions"}],"predecessor-version":[{"id":1719,"href":"https:\/\/www.ammosvotsalo.com\/de\/wp-json\/wp\/v2\/pages\/1306\/revisions\/1719"}],"wp:attachment":[{"href":"https:\/\/www.ammosvotsalo.com\/de\/wp-json\/wp\/v2\/media?parent=1306"}],"curies":[{"name":"wp","href":"https:\/\/api.w.org\/{rel}","templated":true}]}}