{"id":1310,"date":"2016-02-01T12:16:55","date_gmt":"2016-02-01T12:16:55","guid":{"rendered":"http:\/\/www.ammosvotsalo.com\/?page_id=1310"},"modified":"2016-02-01T12:17:51","modified_gmt":"2016-02-01T12:17:51","slug":"ankommen","status":"publish","type":"page","link":"https:\/\/www.ammosvotsalo.com\/de\/ankommen\/","title":{"rendered":"Ankommen"},"content":{"rendered":"<p>\n\t<div title='Resize Body Text' class='wpTextResizeControls' style='background-color:lightgray;border-radius:7px;-moz-border-radius:7px;-webkit-border-radius:7px;padding:3px;width:55px;'>\n\t\t<a class='increaseFont' title='Increase Font Size' style='font-size:18px;cursor:pointer;' >A<\/a><a class='resetFont' title='Reset Font Size' style='font-size:13px;padding-left:10px;cursor:pointer;'>A<\/a><a class='decreaseFont' title='Decrease Font Size' style='font-size:10px;padding-left:10px;cursor:pointer;'>A<\/a><\/div><br \/>\nSie k\u00f6nnen Leonidio mit dem Auto, Bus oder Boot erreichen. Plaka liegt von Leonidio 4 km entfernt, mit dem Auto sind dies ungef\u00e4hr 5 Minuten. Mit Ihrem privaten Boot k\u00f6nnen Sie direkt den Hafen von Plaka anfahren.<\/p>\n<p>Es gibt regelm\u00e4\u00dfige Busverbindungen von dem <a href=\"http:\/\/www.ktelarkadias.gr\" target=\"_blank\">Bezirksamt Arkadia\u2019s<\/a> f\u00fcr Tyros, Astros, Argos, Tripoli, Korinth und Athens.<\/p>\n","protected":false},"excerpt":{"rendered":"<p>Sie k\u00f6nnen Leonidio mit dem Auto, Bus oder Boot erreichen. Plaka liegt von Leonidio 4 km entfernt, mit dem Auto sind dies ungef\u00e4hr 5 Minuten. Mit Ihrem privaten Boot k\u00f6nnen Sie direkt den Hafen von Plaka anfahren. Es gibt regelm\u00e4\u00dfige <a class=\"more-link\" href=\"https:\/\/www.ammosvotsalo.com\/de\/ankommen\/\">Read more &#8230;<\/a><\/p>\n","protected":false},"author":1,"featured_media":0,"parent":0,"menu_order":0,"comment_status":"closed","ping_status":"closed","template":"","meta":[],"yoast_head":"<!-- This site is optimized with the Yoast SEO plugin v19.12 - https:\/\/yoast.com\/wordpress\/plugins\/seo\/ -->\n<title>Ankommen | Ammos &amp; Votsalo Apartmens<\/title>\n<meta name=\"robots\" content=\"index, follow, max-snippet:-1, max-image-preview:large, max-video-preview:-1\" \/>\n<link rel=\"canonical\" href=\"https:\/\/www.ammosvotsalo.com\/de\/ankommen\/\" \/>\n<meta property=\"og:locale\" content=\"de_DE\" \/>\n<meta property=\"og:type\" content=\"article\" \/>\n<meta property=\"og:title\" content=\"Ankommen | Ammos &amp; Votsalo Apartmens\" \/>\n<meta property=\"og:description\" content=\"Sie k\u00f6nnen Leonidio mit dem Auto, Bus oder Boot erreichen. Plaka liegt von Leonidio 4 km entfernt, mit dem Auto sind dies ungef\u00e4hr 5 Minuten. Mit Ihrem privaten Boot k\u00f6nnen Sie direkt den Hafen von Plaka anfahren. Es gibt regelm\u00e4\u00dfige Read more ...\" \/>\n<meta property=\"og:url\" content=\"https:\/\/www.ammosvotsalo.com\/de\/ankommen\/\" \/>\n<meta property=\"og:site_name\" content=\"Ammos &amp; Votsalo Apartmens\" \/>\n<meta property=\"article:modified_time\" content=\"2016-02-01T12:17:51+00:00\" \/>\n<meta name=\"twitter:card\" content=\"summary_large_image\" \/>\n<script type=\"application\/ld+json\" class=\"yoast-schema-graph\">{\"@context\":\"https:\/\/schema.org\",\"@graph\":[{\"@type\":\"WebPage\",\"@id\":\"https:\/\/www.ammosvotsalo.com\/de\/ankommen\/\",\"url\":\"https:\/\/www.ammosvotsalo.com\/de\/ankommen\/\",\"name\":\"Ankommen | Ammos &amp; Votsalo Apartmens\",\"isPartOf\":{\"@id\":\"https:\/\/www.ammosvotsalo.com\/#website\"},\"datePublished\":\"2016-02-01T12:16:55+00:00\",\"dateModified\":\"2016-02-01T12:17:51+00:00\",\"breadcrumb\":{\"@id\":\"https:\/\/www.ammosvotsalo.com\/de\/ankommen\/#breadcrumb\"},\"inLanguage\":\"de\",\"potentialAction\":[{\"@type\":\"ReadAction\",\"target\":[\"https:\/\/www.ammosvotsalo.com\/de\/ankommen\/\"]}]},{\"@type\":\"BreadcrumbList\",\"@id\":\"https:\/\/www.ammosvotsalo.com\/de\/ankommen\/#breadcrumb\",\"itemListElement\":[{\"@type\":\"ListItem\",\"position\":1,\"name\":\"Home\",\"item\":\"https:\/\/www.ammosvotsalo.com\/de\/\"},{\"@type\":\"ListItem\",\"position\":2,\"name\":\"Ankommen\"}]},{\"@type\":\"WebSite\",\"@id\":\"https:\/\/www.ammosvotsalo.com\/#website\",\"url\":\"https:\/\/www.ammosvotsalo.com\/\",\"name\":\"Ammos &amp; Votsalo Apartmens\",\"description\":\"\",\"potentialAction\":[{\"@type\":\"SearchAction\",\"target\":{\"@type\":\"EntryPoint\",\"urlTemplate\":\"https:\/\/www.ammosvotsalo.com\/?s={search_term_string}\"},\"query-input\":\"required name=search_term_string\"}],\"inLanguage\":\"de\"}]}<\/script>\n<!-- \/ Yoast SEO plugin. -->","yoast_head_json":{"title":"Ankommen | Ammos &amp; Votsalo Apartmens","robots":{"index":"index","follow":"follow","max-snippet":"max-snippet:-1","max-image-preview":"max-image-preview:large","max-video-preview":"max-video-preview:-1"},"canonical":"https:\/\/www.ammosvotsalo.com\/de\/ankommen\/","og_locale":"de_DE","og_type":"article","og_title":"Ankommen | Ammos &amp; Votsalo Apartmens","og_description":"Sie k\u00f6nnen Leonidio mit dem Auto, Bus oder Boot erreichen. Plaka liegt von Leonidio 4 km entfernt, mit dem Auto sind dies ungef\u00e4hr 5 Minuten. Mit Ihrem privaten Boot k\u00f6nnen Sie direkt den Hafen von Plaka anfahren. Es gibt regelm\u00e4\u00dfige Read more ...","og_url":"https:\/\/www.ammosvotsalo.com\/de\/ankommen\/","og_site_name":"Ammos &amp; Votsalo Apartmens","article_modified_time":"2016-02-01T12:17:51+00:00","twitter_card":"summary_large_image","schema":{"@context":"https:\/\/schema.org","@graph":[{"@type":"WebPage","@id":"https:\/\/www.ammosvotsalo.com\/de\/ankommen\/","url":"https:\/\/www.ammosvotsalo.com\/de\/ankommen\/","name":"Ankommen | Ammos &amp; Votsalo Apartmens","isPartOf":{"@id":"https:\/\/www.ammosvotsalo.com\/#website"},"datePublished":"2016-02-01T12:16:55+00:00","dateModified":"2016-02-01T12:17:51+00:00","breadcrumb":{"@id":"https:\/\/www.ammosvotsalo.com\/de\/ankommen\/#breadcrumb"},"inLanguage":"de","potentialAction":[{"@type":"ReadAction","target":["https:\/\/www.ammosvotsalo.com\/de\/ankommen\/"]}]},{"@type":"BreadcrumbList","@id":"https:\/\/www.ammosvotsalo.com\/de\/ankommen\/#breadcrumb","itemListElement":[{"@type":"ListItem","position":1,"name":"Home","item":"https:\/\/www.ammosvotsalo.com\/de\/"},{"@type":"ListItem","position":2,"name":"Ankommen"}]},{"@type":"WebSite","@id":"https:\/\/www.ammosvotsalo.com\/#website","url":"https:\/\/www.ammosvotsalo.com\/","name":"Ammos &amp; Votsalo Apartmens","description":"","potentialAction":[{"@type":"SearchAction","target":{"@type":"EntryPoint","urlTemplate":"https:\/\/www.ammosvotsalo.com\/?s={search_term_string}"},"query-input":"required name=search_term_string"}],"inLanguage":"de"}]}},"_links":{"self":[{"href":"https:\/\/www.ammosvotsalo.com\/de\/wp-json\/wp\/v2\/pages\/1310"}],"collection":[{"href":"https:\/\/www.ammosvotsalo.com\/de\/wp-json\/wp\/v2\/pages"}],"about":[{"href":"https:\/\/www.ammosvotsalo.com\/de\/wp-json\/wp\/v2\/types\/page"}],"author":[{"embeddable":true,"href":"https:\/\/www.ammosvotsalo.com\/de\/wp-json\/wp\/v2\/users\/1"}],"replies":[{"embeddable":true,"href":"https:\/\/www.ammosvotsalo.com\/de\/wp-json\/wp\/v2\/comments?post=1310"}],"version-history":[{"count":2,"href":"https:\/\/www.ammosvotsalo.com\/de\/wp-json\/wp\/v2\/pages\/1310\/revisions"}],"predecessor-version":[{"id":1312,"href":"https:\/\/www.ammosvotsalo.com\/de\/wp-json\/wp\/v2\/pages\/1310\/revisions\/1312"}],"wp:attachment":[{"href":"https:\/\/www.ammosvotsalo.com\/de\/wp-json\/wp\/v2\/media?parent=1310"}],"curies":[{"name":"wp","href":"https:\/\/api.w.org\/{rel}","templated":true}]}}