{"id":1314,"date":"2016-02-01T12:27:22","date_gmt":"2016-02-01T12:27:22","guid":{"rendered":"http:\/\/www.ammosvotsalo.com\/?page_id=1314"},"modified":"2016-02-01T12:27:22","modified_gmt":"2016-02-01T12:27:22","slug":"entfernungen","status":"publish","type":"page","link":"https:\/\/www.ammosvotsalo.com\/de\/entfernungen\/","title":{"rendered":"Entfernungen"},"content":{"rendered":"<p>\n\t<div title='Resize Body Text' class='wpTextResizeControls' style='background-color:lightgray;border-radius:7px;-moz-border-radius:7px;-webkit-border-radius:7px;padding:3px;width:55px;'>\n\t\t<a class='increaseFont' title='Increase Font Size' style='font-size:18px;cursor:pointer;' >A<\/a><a class='resetFont' title='Reset Font Size' style='font-size:13px;padding-left:10px;cursor:pointer;'>A<\/a><a class='decreaseFont' title='Decrease Font Size' style='font-size:10px;padding-left:10px;cursor:pointer;'>A<\/a><\/div><br \/>\nLeonidio verbindet f\u00e4cheratig die verschiedenen St\u00e4dte in Peloponnes. In der unten aufgef\u00fchrten Tabelle finden Sie die St\u00e4dte nach Amtsberzirk sortiert. Wenn Sie Leonidio verlassen, dann erreichen Sie die folgenden St\u00e4dte bei einer mittleren Geschwindigkeit wie folgt:<\/p>\n<div align=\"center\">\n<table class=\"destinations\">\n<tbody>\n<tr>\n<td style=\"text-align: center;\"><strong>AMTSBEZIRK<\/strong><\/td>\n<td style=\"text-align: center;\"><strong>STADT<\/strong><\/td>\n<td style=\"text-align: center;\"><strong>ENTFERNUNG IN KM<\/strong><\/td>\n<td style=\"text-align: center;\"><strong>FAHRTDAUER<\/strong><\/td>\n<\/tr>\n<tr>\n<td style=\"text-align: center;\">ARCADIAS<\/td>\n<td style=\"text-align: center;\">\u0391STROS<\/td>\n<td style=\"text-align: center;\">48<\/td>\n<td style=\"text-align: center;\">55 MINUTEN<\/td>\n<\/tr>\n<tr>\n<td style=\"text-align: center;\">\u0391RCADIAS<\/td>\n<td style=\"text-align: center;\">\u03a4RIPOLI<\/td>\n<td style=\"text-align: center;\">88<\/td>\n<td style=\"text-align: center;\">1 STUNDE &amp; 40 MINUTEN<\/td>\n<\/tr>\n<tr>\n<td style=\"text-align: center;\">\u0391RGOLIDAS<\/td>\n<td style=\"text-align: center;\">\u0391RGOS<\/td>\n<td style=\"text-align: center;\">80<\/td>\n<td style=\"text-align: center;\">1 STUNDE &#038; 30 MINUTEN<\/td>\n<\/tr>\n<tr>\n<td style=\"text-align: center;\">\u0391RGOLIDAS<\/td>\n<td style=\"text-align: center;\">\u0395PIDAYROS<\/td>\n<td style=\"text-align: center;\">108<\/td>\n<td style=\"text-align: center;\">2 STUNDEN<\/td>\n<\/tr>\n<tr>\n<td style=\"text-align: center;\">\u0391RGOLIDAS<\/td>\n<td style=\"text-align: center;\">\u039cIKINES<\/td>\n<td style=\"text-align: center;\">92<\/td>\n<td style=\"text-align: center;\">1 STUNDE &#038; 40 MINUTEN<\/td>\n<\/tr>\n<tr>\n<td style=\"text-align: center;\">\u0391RGOLIDAS<\/td>\n<td style=\"text-align: center;\">\u039d\u0391FPLION<\/td>\n<td style=\"text-align: center;\">80<\/td>\n<td style=\"text-align: center;\">1 STUNDE &#038; 30 MINUTEN<\/td>\n<\/tr>\n<tr>\n<td style=\"text-align: center;\">KORINTHIAS<\/td>\n<td style=\"text-align: center;\">\u039a\u039fRINTH<\/td>\n<td style=\"text-align: center;\">127<\/td>\n<td style=\"text-align: center;\">2 STUNDEN &#038; 10 MINUTEN <\/td>\n<\/tr>\n<tr>\n<td style=\"text-align: center;\">\u0391TTIKIS<\/td>\n<td style=\"text-align: center;\">\u0391THENS<\/td>\n<td style=\"text-align: center;\">206<\/td>\n<td style=\"text-align: center;\">3 STUNDEN<\/td>\n<\/tr>\n<tr>\n<td style=\"text-align: center;\">\u0391CHAIAS<\/td>\n<td style=\"text-align: center;\">PATRA<\/td>\n<td style=\"text-align: center;\">250<\/td>\n<td style=\"text-align: center;\">3 STUNDEN &#038; 45 MINUTEN<\/td>\n<\/tr>\n<tr>\n<td style=\"text-align: center;\">ILIAS<\/td>\n<td style=\"text-align: center;\">PYRGOS<\/td>\n<td style=\"text-align: center;\">222<\/td>\n<td style=\"text-align: center;\">3 STUNDEN &#038; 10 MINUTEN<\/td>\n<\/tr>\n<tr>\n<td style=\"text-align: center;\">\u039cESSINIAS<\/td>\n<td style=\"text-align: center;\">\u039aALAMATA<\/td>\n<td style=\"text-align: center;\">168<\/td>\n<td style=\"text-align: center;\">2 STUNDEN &#038; 30 MINUTEN<\/td>\n<\/tr>\n<tr>\n<td style=\"text-align: center;\">LAKONIAS<\/td>\n<td style=\"text-align: center;\">GYTHION<\/td>\n<td style=\"text-align: center;\">82<\/td>\n<td style=\"text-align: center;\">1 STUNDE &#038; 40 MINUTEN<\/td>\n<\/tr>\n<tr>\n<td style=\"text-align: center;\">LAKONIAS<\/td>\n<td style=\"text-align: center;\">\u039c\u039fNEMVASIA<\/td>\n<td style=\"text-align: center;\">93<\/td>\n<td style=\"text-align: center;\">1 STUNDE &#038; 50 MINUTEN<\/td>\n<\/tr>\n<tr>\n<td style=\"text-align: center;\">LAKONIAS<\/td>\n<td style=\"text-align: center;\">SPARTA<\/td>\n<td style=\"text-align: center;\">85<\/td>\n<td style=\"text-align: center;\">1 STUNDE &#038; 35 MINUTEN<\/td>\n<\/tr>\n<\/tbody>\n<\/table>\n<\/div>\n<p style=\"text-align: center;\">\n","protected":false},"excerpt":{"rendered":"<p>Leonidio verbindet f\u00e4cheratig die verschiedenen St\u00e4dte in Peloponnes. In der unten aufgef\u00fchrten Tabelle finden Sie die St\u00e4dte nach Amtsberzirk sortiert. Wenn Sie Leonidio verlassen, dann erreichen Sie die folgenden St\u00e4dte bei einer mittleren Geschwindigkeit wie folgt: AMTSBEZIRK STADT ENTFERNUNG IN <a class=\"more-link\" href=\"https:\/\/www.ammosvotsalo.com\/de\/entfernungen\/\">Read more &#8230;<\/a><\/p>\n","protected":false},"author":1,"featured_media":0,"parent":0,"menu_order":0,"comment_status":"closed","ping_status":"closed","template":"","meta":[],"yoast_head":"<!-- This site is optimized with the Yoast SEO plugin v19.12 - https:\/\/yoast.com\/wordpress\/plugins\/seo\/ -->\n<title>Entfernungen | Ammos &amp; Votsalo Apartmens<\/title>\n<meta name=\"robots\" content=\"index, follow, max-snippet:-1, max-image-preview:large, max-video-preview:-1\" \/>\n<link rel=\"canonical\" href=\"https:\/\/www.ammosvotsalo.com\/de\/entfernungen\/\" \/>\n<meta property=\"og:locale\" content=\"de_DE\" \/>\n<meta property=\"og:type\" content=\"article\" \/>\n<meta property=\"og:title\" content=\"Entfernungen | Ammos &amp; Votsalo Apartmens\" \/>\n<meta property=\"og:description\" content=\"Leonidio verbindet f\u00e4cheratig die verschiedenen St\u00e4dte in Peloponnes. In der unten aufgef\u00fchrten Tabelle finden Sie die St\u00e4dte nach Amtsberzirk sortiert. Wenn Sie Leonidio verlassen, dann erreichen Sie die folgenden St\u00e4dte bei einer mittleren Geschwindigkeit wie folgt: AMTSBEZIRK STADT ENTFERNUNG IN Read more ...\" \/>\n<meta property=\"og:url\" content=\"https:\/\/www.ammosvotsalo.com\/de\/entfernungen\/\" \/>\n<meta property=\"og:site_name\" content=\"Ammos &amp; Votsalo Apartmens\" \/>\n<meta name=\"twitter:card\" content=\"summary_large_image\" \/>\n<meta name=\"twitter:label1\" content=\"Gesch\u00e4tzte Lesezeit\" \/>\n\t<meta name=\"twitter:data1\" content=\"1\u00a0Minute\" \/>\n<script type=\"application\/ld+json\" class=\"yoast-schema-graph\">{\"@context\":\"https:\/\/schema.org\",\"@graph\":[{\"@type\":\"WebPage\",\"@id\":\"https:\/\/www.ammosvotsalo.com\/de\/entfernungen\/\",\"url\":\"https:\/\/www.ammosvotsalo.com\/de\/entfernungen\/\",\"name\":\"Entfernungen | Ammos &amp; Votsalo Apartmens\",\"isPartOf\":{\"@id\":\"https:\/\/www.ammosvotsalo.com\/#website\"},\"datePublished\":\"2016-02-01T12:27:22+00:00\",\"dateModified\":\"2016-02-01T12:27:22+00:00\",\"breadcrumb\":{\"@id\":\"https:\/\/www.ammosvotsalo.com\/de\/entfernungen\/#breadcrumb\"},\"inLanguage\":\"de\",\"potentialAction\":[{\"@type\":\"ReadAction\",\"target\":[\"https:\/\/www.ammosvotsalo.com\/de\/entfernungen\/\"]}]},{\"@type\":\"BreadcrumbList\",\"@id\":\"https:\/\/www.ammosvotsalo.com\/de\/entfernungen\/#breadcrumb\",\"itemListElement\":[{\"@type\":\"ListItem\",\"position\":1,\"name\":\"Home\",\"item\":\"https:\/\/www.ammosvotsalo.com\/de\/\"},{\"@type\":\"ListItem\",\"position\":2,\"name\":\"Entfernungen\"}]},{\"@type\":\"WebSite\",\"@id\":\"https:\/\/www.ammosvotsalo.com\/#website\",\"url\":\"https:\/\/www.ammosvotsalo.com\/\",\"name\":\"Ammos &amp; Votsalo Apartmens\",\"description\":\"\",\"potentialAction\":[{\"@type\":\"SearchAction\",\"target\":{\"@type\":\"EntryPoint\",\"urlTemplate\":\"https:\/\/www.ammosvotsalo.com\/?s={search_term_string}\"},\"query-input\":\"required name=search_term_string\"}],\"inLanguage\":\"de\"}]}<\/script>\n<!-- \/ Yoast SEO plugin. -->","yoast_head_json":{"title":"Entfernungen | Ammos &amp; Votsalo Apartmens","robots":{"index":"index","follow":"follow","max-snippet":"max-snippet:-1","max-image-preview":"max-image-preview:large","max-video-preview":"max-video-preview:-1"},"canonical":"https:\/\/www.ammosvotsalo.com\/de\/entfernungen\/","og_locale":"de_DE","og_type":"article","og_title":"Entfernungen | Ammos &amp; Votsalo Apartmens","og_description":"Leonidio verbindet f\u00e4cheratig die verschiedenen St\u00e4dte in Peloponnes. In der unten aufgef\u00fchrten Tabelle finden Sie die St\u00e4dte nach Amtsberzirk sortiert. Wenn Sie Leonidio verlassen, dann erreichen Sie die folgenden St\u00e4dte bei einer mittleren Geschwindigkeit wie folgt: AMTSBEZIRK STADT ENTFERNUNG IN Read more ...","og_url":"https:\/\/www.ammosvotsalo.com\/de\/entfernungen\/","og_site_name":"Ammos &amp; Votsalo Apartmens","twitter_card":"summary_large_image","twitter_misc":{"Gesch\u00e4tzte Lesezeit":"1\u00a0Minute"},"schema":{"@context":"https:\/\/schema.org","@graph":[{"@type":"WebPage","@id":"https:\/\/www.ammosvotsalo.com\/de\/entfernungen\/","url":"https:\/\/www.ammosvotsalo.com\/de\/entfernungen\/","name":"Entfernungen | Ammos &amp; Votsalo Apartmens","isPartOf":{"@id":"https:\/\/www.ammosvotsalo.com\/#website"},"datePublished":"2016-02-01T12:27:22+00:00","dateModified":"2016-02-01T12:27:22+00:00","breadcrumb":{"@id":"https:\/\/www.ammosvotsalo.com\/de\/entfernungen\/#breadcrumb"},"inLanguage":"de","potentialAction":[{"@type":"ReadAction","target":["https:\/\/www.ammosvotsalo.com\/de\/entfernungen\/"]}]},{"@type":"BreadcrumbList","@id":"https:\/\/www.ammosvotsalo.com\/de\/entfernungen\/#breadcrumb","itemListElement":[{"@type":"ListItem","position":1,"name":"Home","item":"https:\/\/www.ammosvotsalo.com\/de\/"},{"@type":"ListItem","position":2,"name":"Entfernungen"}]},{"@type":"WebSite","@id":"https:\/\/www.ammosvotsalo.com\/#website","url":"https:\/\/www.ammosvotsalo.com\/","name":"Ammos &amp; Votsalo Apartmens","description":"","potentialAction":[{"@type":"SearchAction","target":{"@type":"EntryPoint","urlTemplate":"https:\/\/www.ammosvotsalo.com\/?s={search_term_string}"},"query-input":"required name=search_term_string"}],"inLanguage":"de"}]}},"_links":{"self":[{"href":"https:\/\/www.ammosvotsalo.com\/de\/wp-json\/wp\/v2\/pages\/1314"}],"collection":[{"href":"https:\/\/www.ammosvotsalo.com\/de\/wp-json\/wp\/v2\/pages"}],"about":[{"href":"https:\/\/www.ammosvotsalo.com\/de\/wp-json\/wp\/v2\/types\/page"}],"author":[{"embeddable":true,"href":"https:\/\/www.ammosvotsalo.com\/de\/wp-json\/wp\/v2\/users\/1"}],"replies":[{"embeddable":true,"href":"https:\/\/www.ammosvotsalo.com\/de\/wp-json\/wp\/v2\/comments?post=1314"}],"version-history":[{"count":1,"href":"https:\/\/www.ammosvotsalo.com\/de\/wp-json\/wp\/v2\/pages\/1314\/revisions"}],"predecessor-version":[{"id":1315,"href":"https:\/\/www.ammosvotsalo.com\/de\/wp-json\/wp\/v2\/pages\/1314\/revisions\/1315"}],"wp:attachment":[{"href":"https:\/\/www.ammosvotsalo.com\/de\/wp-json\/wp\/v2\/media?parent=1314"}],"curies":[{"name":"wp","href":"https:\/\/api.w.org\/{rel}","templated":true}]}}