{"id":1319,"date":"2016-02-01T12:38:02","date_gmt":"2016-02-01T12:38:02","guid":{"rendered":"http:\/\/www.ammosvotsalo.com\/?page_id=1319"},"modified":"2016-03-15T15:27:26","modified_gmt":"2016-03-15T13:27:26","slug":"archaologische-sehenswurdigkeiten","status":"publish","type":"page","link":"https:\/\/www.ammosvotsalo.com\/de\/archaologische-sehenswurdigkeiten\/","title":{"rendered":"Arch\u00e4ologische Sehensw\u00fcrdigkeiten"},"content":{"rendered":"\n\t<div title='Resize Body Text' class='wpTextResizeControls' style='background-color:lightgray;border-radius:7px;-moz-border-radius:7px;-webkit-border-radius:7px;padding:3px;width:55px;'>\n\t\t<a class='increaseFont' title='Increase Font Size' style='font-size:18px;cursor:pointer;' >A<\/a><a class='resetFont' title='Reset Font Size' style='font-size:13px;padding-left:10px;cursor:pointer;'>A<\/a><a class='decreaseFont' title='Decrease Font Size' style='font-size:10px;padding-left:10px;cursor:pointer;'>A<\/a><\/div>\n<p>Die <a href=\"https:\/\/www.google.com\/maps\/d\/viewer?mid=z2CgEjEAC8zM.kgnw1BCOU1zw\" target=\"_blank\"><span style=\"text-decoration: underline;\"><strong>arch\u00e4ologischen Entdeckungen<\/strong><\/span><\/a> in der Region best\u00e4tigen, dass es schon menschliches Leben in der Jungsteinzeit gab.<\/p>\n","protected":false},"excerpt":{"rendered":"<p>Die arch\u00e4ologischen Entdeckungen in der Region best\u00e4tigen, dass es schon menschliches Leben in der Jungsteinzeit gab.<\/p>\n","protected":false},"author":1,"featured_media":0,"parent":0,"menu_order":0,"comment_status":"closed","ping_status":"closed","template":"","meta":[],"yoast_head":"<!-- This site is optimized with the Yoast SEO plugin v19.12 - https:\/\/yoast.com\/wordpress\/plugins\/seo\/ -->\n<title>Arch\u00e4ologische Sehensw\u00fcrdigkeiten | Ammos &amp; Votsalo Apartmens<\/title>\n<meta name=\"robots\" content=\"index, follow, max-snippet:-1, max-image-preview:large, max-video-preview:-1\" \/>\n<link rel=\"canonical\" href=\"https:\/\/www.ammosvotsalo.com\/de\/archaologische-sehenswurdigkeiten\/\" \/>\n<meta property=\"og:locale\" content=\"de_DE\" \/>\n<meta property=\"og:type\" content=\"article\" \/>\n<meta property=\"og:title\" content=\"Arch\u00e4ologische Sehensw\u00fcrdigkeiten | Ammos &amp; Votsalo Apartmens\" \/>\n<meta property=\"og:description\" content=\"Die arch\u00e4ologischen Entdeckungen in der Region best\u00e4tigen, dass es schon menschliches Leben in der Jungsteinzeit gab.\" \/>\n<meta property=\"og:url\" content=\"https:\/\/www.ammosvotsalo.com\/de\/archaologische-sehenswurdigkeiten\/\" \/>\n<meta property=\"og:site_name\" content=\"Ammos &amp; Votsalo Apartmens\" \/>\n<meta property=\"article:modified_time\" content=\"2016-03-15T13:27:26+00:00\" \/>\n<meta name=\"twitter:card\" content=\"summary_large_image\" \/>\n<script type=\"application\/ld+json\" class=\"yoast-schema-graph\">{\"@context\":\"https:\/\/schema.org\",\"@graph\":[{\"@type\":\"WebPage\",\"@id\":\"https:\/\/www.ammosvotsalo.com\/de\/archaologische-sehenswurdigkeiten\/\",\"url\":\"https:\/\/www.ammosvotsalo.com\/de\/archaologische-sehenswurdigkeiten\/\",\"name\":\"Arch\u00e4ologische Sehensw\u00fcrdigkeiten | Ammos &amp; Votsalo Apartmens\",\"isPartOf\":{\"@id\":\"https:\/\/www.ammosvotsalo.com\/#website\"},\"datePublished\":\"2016-02-01T12:38:02+00:00\",\"dateModified\":\"2016-03-15T13:27:26+00:00\",\"breadcrumb\":{\"@id\":\"https:\/\/www.ammosvotsalo.com\/de\/archaologische-sehenswurdigkeiten\/#breadcrumb\"},\"inLanguage\":\"de\",\"potentialAction\":[{\"@type\":\"ReadAction\",\"target\":[\"https:\/\/www.ammosvotsalo.com\/de\/archaologische-sehenswurdigkeiten\/\"]}]},{\"@type\":\"BreadcrumbList\",\"@id\":\"https:\/\/www.ammosvotsalo.com\/de\/archaologische-sehenswurdigkeiten\/#breadcrumb\",\"itemListElement\":[{\"@type\":\"ListItem\",\"position\":1,\"name\":\"Home\",\"item\":\"https:\/\/www.ammosvotsalo.com\/de\/\"},{\"@type\":\"ListItem\",\"position\":2,\"name\":\"Arch\u00e4ologische Sehensw\u00fcrdigkeiten\"}]},{\"@type\":\"WebSite\",\"@id\":\"https:\/\/www.ammosvotsalo.com\/#website\",\"url\":\"https:\/\/www.ammosvotsalo.com\/\",\"name\":\"Ammos &amp; Votsalo Apartmens\",\"description\":\"\",\"potentialAction\":[{\"@type\":\"SearchAction\",\"target\":{\"@type\":\"EntryPoint\",\"urlTemplate\":\"https:\/\/www.ammosvotsalo.com\/?s={search_term_string}\"},\"query-input\":\"required name=search_term_string\"}],\"inLanguage\":\"de\"}]}<\/script>\n<!-- \/ Yoast SEO plugin. -->","yoast_head_json":{"title":"Arch\u00e4ologische Sehensw\u00fcrdigkeiten | Ammos &amp; Votsalo Apartmens","robots":{"index":"index","follow":"follow","max-snippet":"max-snippet:-1","max-image-preview":"max-image-preview:large","max-video-preview":"max-video-preview:-1"},"canonical":"https:\/\/www.ammosvotsalo.com\/de\/archaologische-sehenswurdigkeiten\/","og_locale":"de_DE","og_type":"article","og_title":"Arch\u00e4ologische Sehensw\u00fcrdigkeiten | Ammos &amp; Votsalo Apartmens","og_description":"Die arch\u00e4ologischen Entdeckungen in der Region best\u00e4tigen, dass es schon menschliches Leben in der Jungsteinzeit gab.","og_url":"https:\/\/www.ammosvotsalo.com\/de\/archaologische-sehenswurdigkeiten\/","og_site_name":"Ammos &amp; Votsalo Apartmens","article_modified_time":"2016-03-15T13:27:26+00:00","twitter_card":"summary_large_image","schema":{"@context":"https:\/\/schema.org","@graph":[{"@type":"WebPage","@id":"https:\/\/www.ammosvotsalo.com\/de\/archaologische-sehenswurdigkeiten\/","url":"https:\/\/www.ammosvotsalo.com\/de\/archaologische-sehenswurdigkeiten\/","name":"Arch\u00e4ologische Sehensw\u00fcrdigkeiten | Ammos &amp; Votsalo Apartmens","isPartOf":{"@id":"https:\/\/www.ammosvotsalo.com\/#website"},"datePublished":"2016-02-01T12:38:02+00:00","dateModified":"2016-03-15T13:27:26+00:00","breadcrumb":{"@id":"https:\/\/www.ammosvotsalo.com\/de\/archaologische-sehenswurdigkeiten\/#breadcrumb"},"inLanguage":"de","potentialAction":[{"@type":"ReadAction","target":["https:\/\/www.ammosvotsalo.com\/de\/archaologische-sehenswurdigkeiten\/"]}]},{"@type":"BreadcrumbList","@id":"https:\/\/www.ammosvotsalo.com\/de\/archaologische-sehenswurdigkeiten\/#breadcrumb","itemListElement":[{"@type":"ListItem","position":1,"name":"Home","item":"https:\/\/www.ammosvotsalo.com\/de\/"},{"@type":"ListItem","position":2,"name":"Arch\u00e4ologische Sehensw\u00fcrdigkeiten"}]},{"@type":"WebSite","@id":"https:\/\/www.ammosvotsalo.com\/#website","url":"https:\/\/www.ammosvotsalo.com\/","name":"Ammos &amp; Votsalo Apartmens","description":"","potentialAction":[{"@type":"SearchAction","target":{"@type":"EntryPoint","urlTemplate":"https:\/\/www.ammosvotsalo.com\/?s={search_term_string}"},"query-input":"required name=search_term_string"}],"inLanguage":"de"}]}},"_links":{"self":[{"href":"https:\/\/www.ammosvotsalo.com\/de\/wp-json\/wp\/v2\/pages\/1319"}],"collection":[{"href":"https:\/\/www.ammosvotsalo.com\/de\/wp-json\/wp\/v2\/pages"}],"about":[{"href":"https:\/\/www.ammosvotsalo.com\/de\/wp-json\/wp\/v2\/types\/page"}],"author":[{"embeddable":true,"href":"https:\/\/www.ammosvotsalo.com\/de\/wp-json\/wp\/v2\/users\/1"}],"replies":[{"embeddable":true,"href":"https:\/\/www.ammosvotsalo.com\/de\/wp-json\/wp\/v2\/comments?post=1319"}],"version-history":[{"count":3,"href":"https:\/\/www.ammosvotsalo.com\/de\/wp-json\/wp\/v2\/pages\/1319\/revisions"}],"predecessor-version":[{"id":1705,"href":"https:\/\/www.ammosvotsalo.com\/de\/wp-json\/wp\/v2\/pages\/1319\/revisions\/1705"}],"wp:attachment":[{"href":"https:\/\/www.ammosvotsalo.com\/de\/wp-json\/wp\/v2\/media?parent=1319"}],"curies":[{"name":"wp","href":"https:\/\/api.w.org\/{rel}","templated":true}]}}