{"id":1322,"date":"2016-02-01T12:51:27","date_gmt":"2016-02-01T12:51:27","guid":{"rendered":"http:\/\/www.ammosvotsalo.com\/?page_id=1322"},"modified":"2016-03-16T12:14:16","modified_gmt":"2016-03-16T10:14:16","slug":"ortschaften","status":"publish","type":"page","link":"https:\/\/www.ammosvotsalo.com\/de\/ortschaften\/","title":{"rendered":"Tsakonische Dorf"},"content":{"rendered":"<p>\n\t<div title='Resize Body Text' class='wpTextResizeControls' style='background-color:lightgray;border-radius:7px;-moz-border-radius:7px;-webkit-border-radius:7px;padding:3px;width:55px;'>\n\t\t<a class='increaseFont' title='Increase Font Size' style='font-size:18px;cursor:pointer;' >A<\/a><a class='resetFont' title='Reset Font Size' style='font-size:13px;padding-left:10px;cursor:pointer;'>A<\/a><a class='decreaseFont' title='Decrease Font Size' style='font-size:10px;padding-left:10px;cursor:pointer;'>A<\/a><\/div><br \/>\nJedes einzelne Tsakonische Dorf hat einen eigenen Charakter. Einige schmiegen sich an steile Kurven, andere befinden sich auf den Hochebenen und es gibt D\u00f6rfer, die die N\u00e4he des Meeres gesucht haben.<\/p>\n<p><strong><span style=\"text-decoration: underline;\"><a href=\"http:\/\/www.leonidion.gr\/p\/site-map.html\" target=\"_blank\">Karte von Gemeinde Leonidio&#8217;s<\/a><\/span><\/strong><\/p>\n<p style=\"text-align: left;\"><strong>BERGD\u00d6RFER<\/strong><\/p>\n<ul class=\"villages\">\n<li><strong><u><a href=\"http:\/\/www.ammosvotsalo.com\/de\/agios-vasilios\/\">Agios Vasilios<\/a><\/u><\/strong>,<\/li>\n<li><strong><u><a href=\"http:\/\/www.ammosvotsalo.com\/de\/amygdalia\/\">Amygdalia<\/a><\/u><\/strong>,<\/li>\n<li><strong><u><a href=\"http:\/\/www.ammosvotsalo.com\/de\/vaskina\/\">Vaskina<\/a><\/u><\/strong>,<\/li>\n<li><strong><u><a href=\"http:\/\/www.ammosvotsalo.com\/de\/vlisidia\/\">Vlisidia<\/a><\/u><\/strong>,<\/li>\n<li><strong><u><a href=\"http:\/\/www.ammosvotsalo.com\/de\/kosmas\/\">Kosmas<\/a><\/u><\/strong>,<\/li>\n<li><strong><u><a href=\"http:\/\/www.ammosvotsalo.com\/de\/kounoupia\/\">Kounoupia<\/a><\/u><\/strong>,<\/li>\n<li><strong><u><a href=\"http:\/\/www.ammosvotsalo.com\/de\/1436-2\/\">Mari<\/a><\/u><\/strong>,<\/li>\n<li><strong><u><a href=\"http:\/\/www.ammosvotsalo.com\/de\/melana\/\">Melana<\/a><\/u><\/strong>,<\/li>\n<li><strong><u><a href=\"http:\/\/www.ammosvotsalo.com\/de\/paleochori\/\">Paleochori<\/a><\/u><\/strong>,<\/li>\n<li><strong><u><a href=\"http:\/\/www.ammosvotsalo.com\/de\/peleta\/\">Peleta<\/a><\/u><\/strong>,<\/li>\n<li><strong><u><a href=\"http:\/\/www.ammosvotsalo.com\/de\/pigadi\/\">Pigadi<\/a><\/u><\/strong>,<\/li>\n<li><strong><u><a href=\"http:\/\/www.ammosvotsalo.com\/de\/platanaki\/\">Platanaki<\/a><\/u><\/strong>,<\/li>\n<li><strong><u><a href=\"http:\/\/www.ammosvotsalo.com\/de\/pragmatefti\/\">Pragmatefti<\/a><\/u><\/strong>,<\/li>\n<li><strong><u><a href=\"http:\/\/www.ammosvotsalo.com\/de\/sapounakeika\/\">Sapounakeika<\/a><\/u><\/strong>,<\/li>\n<li><strong><u><a href=\"http:\/\/www.ammosvotsalo.com\/de\/tsitalia\/\">Tsitalia<\/a><\/u><\/strong>,<\/li>\n<li><strong><u><a href=\"http:\/\/www.ammosvotsalo.com\/de\/houni\/\">Houni<\/a><\/u><\/strong><\/li>\n<\/ul>\n<p style=\"text-align: left;\"><strong>K\u00dcSTEND\u00d6RFER<\/strong><\/p>\n<ul class=\"villages\">\n<li><strong><u><a href=\"http:\/\/www.ammosvotsalo.com\/de\/livadi\/\">Livadi<\/a><\/u><\/strong>,<\/li>\n<li><strong><u><a href=\"http:\/\/www.ammosvotsalo.com\/de\/poulithra\/\">Poulithra<\/a><\/u><\/strong>,<\/li>\n<li><strong><u><a href=\"http:\/\/www.ammosvotsalo.com\/de\/sambatiki\/\">Sambatiki<\/a><\/u><\/strong>,<\/li>\n<li><strong><u><a href=\"http:\/\/www.ammosvotsalo.com\/de\/tyros\/\">Tyros<\/a><\/u><\/strong><\/li>\n<\/ul>\n","protected":false},"excerpt":{"rendered":"<p>Jedes einzelne Tsakonische Dorf hat einen eigenen Charakter. Einige schmiegen sich an steile Kurven, andere befinden sich auf den Hochebenen und es gibt D\u00f6rfer, die die N\u00e4he des Meeres gesucht haben. Karte von Gemeinde Leonidio&#8217;s BERGD\u00d6RFER Agios Vasilios, Amygdalia, Vaskina, <a class=\"more-link\" href=\"https:\/\/www.ammosvotsalo.com\/de\/ortschaften\/\">Read more &#8230;<\/a><\/p>\n","protected":false},"author":1,"featured_media":0,"parent":0,"menu_order":0,"comment_status":"closed","ping_status":"closed","template":"","meta":[],"yoast_head":"<!-- This site is optimized with the Yoast SEO plugin v19.12 - https:\/\/yoast.com\/wordpress\/plugins\/seo\/ -->\n<title>Tsakonische Dorf | Ammos &amp; Votsalo Apartmens<\/title>\n<meta name=\"robots\" content=\"index, follow, max-snippet:-1, max-image-preview:large, max-video-preview:-1\" \/>\n<link rel=\"canonical\" href=\"https:\/\/www.ammosvotsalo.com\/de\/ortschaften\/\" \/>\n<meta property=\"og:locale\" content=\"de_DE\" \/>\n<meta property=\"og:type\" content=\"article\" \/>\n<meta property=\"og:title\" content=\"Tsakonische Dorf | Ammos &amp; Votsalo Apartmens\" \/>\n<meta property=\"og:description\" content=\"Jedes einzelne Tsakonische Dorf hat einen eigenen Charakter. Einige schmiegen sich an steile Kurven, andere befinden sich auf den Hochebenen und es gibt D\u00f6rfer, die die N\u00e4he des Meeres gesucht haben. Karte von Gemeinde Leonidio&#8217;s BERGD\u00d6RFER Agios Vasilios, Amygdalia, Vaskina, Read more ...\" \/>\n<meta property=\"og:url\" content=\"https:\/\/www.ammosvotsalo.com\/de\/ortschaften\/\" \/>\n<meta property=\"og:site_name\" content=\"Ammos &amp; Votsalo Apartmens\" \/>\n<meta property=\"article:modified_time\" content=\"2016-03-16T10:14:16+00:00\" \/>\n<meta name=\"twitter:card\" content=\"summary_large_image\" \/>\n<script type=\"application\/ld+json\" class=\"yoast-schema-graph\">{\"@context\":\"https:\/\/schema.org\",\"@graph\":[{\"@type\":\"WebPage\",\"@id\":\"https:\/\/www.ammosvotsalo.com\/de\/ortschaften\/\",\"url\":\"https:\/\/www.ammosvotsalo.com\/de\/ortschaften\/\",\"name\":\"Tsakonische Dorf | Ammos &amp; Votsalo Apartmens\",\"isPartOf\":{\"@id\":\"https:\/\/www.ammosvotsalo.com\/#website\"},\"datePublished\":\"2016-02-01T12:51:27+00:00\",\"dateModified\":\"2016-03-16T10:14:16+00:00\",\"breadcrumb\":{\"@id\":\"https:\/\/www.ammosvotsalo.com\/de\/ortschaften\/#breadcrumb\"},\"inLanguage\":\"de\",\"potentialAction\":[{\"@type\":\"ReadAction\",\"target\":[\"https:\/\/www.ammosvotsalo.com\/de\/ortschaften\/\"]}]},{\"@type\":\"BreadcrumbList\",\"@id\":\"https:\/\/www.ammosvotsalo.com\/de\/ortschaften\/#breadcrumb\",\"itemListElement\":[{\"@type\":\"ListItem\",\"position\":1,\"name\":\"Home\",\"item\":\"https:\/\/www.ammosvotsalo.com\/de\/\"},{\"@type\":\"ListItem\",\"position\":2,\"name\":\"Tsakonische Dorf\"}]},{\"@type\":\"WebSite\",\"@id\":\"https:\/\/www.ammosvotsalo.com\/#website\",\"url\":\"https:\/\/www.ammosvotsalo.com\/\",\"name\":\"Ammos &amp; Votsalo Apartmens\",\"description\":\"\",\"potentialAction\":[{\"@type\":\"SearchAction\",\"target\":{\"@type\":\"EntryPoint\",\"urlTemplate\":\"https:\/\/www.ammosvotsalo.com\/?s={search_term_string}\"},\"query-input\":\"required name=search_term_string\"}],\"inLanguage\":\"de\"}]}<\/script>\n<!-- \/ Yoast SEO plugin. -->","yoast_head_json":{"title":"Tsakonische Dorf | Ammos &amp; Votsalo Apartmens","robots":{"index":"index","follow":"follow","max-snippet":"max-snippet:-1","max-image-preview":"max-image-preview:large","max-video-preview":"max-video-preview:-1"},"canonical":"https:\/\/www.ammosvotsalo.com\/de\/ortschaften\/","og_locale":"de_DE","og_type":"article","og_title":"Tsakonische Dorf | Ammos &amp; Votsalo Apartmens","og_description":"Jedes einzelne Tsakonische Dorf hat einen eigenen Charakter. Einige schmiegen sich an steile Kurven, andere befinden sich auf den Hochebenen und es gibt D\u00f6rfer, die die N\u00e4he des Meeres gesucht haben. Karte von Gemeinde Leonidio&#8217;s BERGD\u00d6RFER Agios Vasilios, Amygdalia, Vaskina, Read more ...","og_url":"https:\/\/www.ammosvotsalo.com\/de\/ortschaften\/","og_site_name":"Ammos &amp; Votsalo Apartmens","article_modified_time":"2016-03-16T10:14:16+00:00","twitter_card":"summary_large_image","schema":{"@context":"https:\/\/schema.org","@graph":[{"@type":"WebPage","@id":"https:\/\/www.ammosvotsalo.com\/de\/ortschaften\/","url":"https:\/\/www.ammosvotsalo.com\/de\/ortschaften\/","name":"Tsakonische Dorf | Ammos &amp; Votsalo Apartmens","isPartOf":{"@id":"https:\/\/www.ammosvotsalo.com\/#website"},"datePublished":"2016-02-01T12:51:27+00:00","dateModified":"2016-03-16T10:14:16+00:00","breadcrumb":{"@id":"https:\/\/www.ammosvotsalo.com\/de\/ortschaften\/#breadcrumb"},"inLanguage":"de","potentialAction":[{"@type":"ReadAction","target":["https:\/\/www.ammosvotsalo.com\/de\/ortschaften\/"]}]},{"@type":"BreadcrumbList","@id":"https:\/\/www.ammosvotsalo.com\/de\/ortschaften\/#breadcrumb","itemListElement":[{"@type":"ListItem","position":1,"name":"Home","item":"https:\/\/www.ammosvotsalo.com\/de\/"},{"@type":"ListItem","position":2,"name":"Tsakonische Dorf"}]},{"@type":"WebSite","@id":"https:\/\/www.ammosvotsalo.com\/#website","url":"https:\/\/www.ammosvotsalo.com\/","name":"Ammos &amp; Votsalo Apartmens","description":"","potentialAction":[{"@type":"SearchAction","target":{"@type":"EntryPoint","urlTemplate":"https:\/\/www.ammosvotsalo.com\/?s={search_term_string}"},"query-input":"required name=search_term_string"}],"inLanguage":"de"}]}},"_links":{"self":[{"href":"https:\/\/www.ammosvotsalo.com\/de\/wp-json\/wp\/v2\/pages\/1322"}],"collection":[{"href":"https:\/\/www.ammosvotsalo.com\/de\/wp-json\/wp\/v2\/pages"}],"about":[{"href":"https:\/\/www.ammosvotsalo.com\/de\/wp-json\/wp\/v2\/types\/page"}],"author":[{"embeddable":true,"href":"https:\/\/www.ammosvotsalo.com\/de\/wp-json\/wp\/v2\/users\/1"}],"replies":[{"embeddable":true,"href":"https:\/\/www.ammosvotsalo.com\/de\/wp-json\/wp\/v2\/comments?post=1322"}],"version-history":[{"count":6,"href":"https:\/\/www.ammosvotsalo.com\/de\/wp-json\/wp\/v2\/pages\/1322\/revisions"}],"predecessor-version":[{"id":1724,"href":"https:\/\/www.ammosvotsalo.com\/de\/wp-json\/wp\/v2\/pages\/1322\/revisions\/1724"}],"wp:attachment":[{"href":"https:\/\/www.ammosvotsalo.com\/de\/wp-json\/wp\/v2\/media?parent=1322"}],"curies":[{"name":"wp","href":"https:\/\/api.w.org\/{rel}","templated":true}]}}