{"id":1325,"date":"2016-02-01T12:59:15","date_gmt":"2016-02-01T12:59:15","guid":{"rendered":"http:\/\/www.ammosvotsalo.com\/?page_id=1325"},"modified":"2016-03-21T10:50:58","modified_gmt":"2016-03-21T08:50:58","slug":"heilige-kloster","status":"publish","type":"page","link":"https:\/\/www.ammosvotsalo.com\/de\/heilige-kloster\/","title":{"rendered":"Heilige Kl\u00f6ster"},"content":{"rendered":"\n\t<div title='Resize Body Text' class='wpTextResizeControls' style='background-color:lightgray;border-radius:7px;-moz-border-radius:7px;-webkit-border-radius:7px;padding:3px;width:55px;'>\n\t\t<a class='increaseFont' title='Increase Font Size' style='font-size:18px;cursor:pointer;' >A<\/a><a class='resetFont' title='Reset Font Size' style='font-size:13px;padding-left:10px;cursor:pointer;'>A<\/a><a class='decreaseFont' title='Decrease Font Size' style='font-size:10px;padding-left:10px;cursor:pointer;'>A<\/a><\/div>\n<p>In der Umgebung von Leonidio befinden sich viele Kapellen. Der Besucher kann von den meisten h\u00f6hergelegenen Kapellen die fruchtbare Ebene Leonidio\u2019s und die vielen Orangen- und Olivenhaine. Und auch die Kirchen in der Ortschaft spielen eine geschichtliche Rolle.<\/p>\n<p>Die gro\u00dfe Anzahl der Kl\u00f6ster im Parnonas Gebirge bezeugt die religi\u00f6se Verbundenheit der Menschen hier in der Gegend. Die Ergebenheit gegen\u00fcber dem Glauben wurde gerne zum Ausdruck gebracht, nachdem der christliche Glaube im Bewusstsein der Bewohner Kynourias verankert war. Stolze Kl\u00f6ster wurden errichtet, Kapellen und bildsch\u00f6ne Kirchen wurden in jeder Ortschaft erbaut. Die religi\u00f6se Geschichte des Parnonas Gebirges ist vielleicht eines der fesselnsten \u00dcberlieferungen. Die ber\u00fchmtesten Kl\u00f6ster in der Region sind:<\/p>\n<ul class=\"villages\" style=\"text-align: left;\">\n<li><strong><u><a href=\"http:\/\/www.ammosvotsalo.com\/de\/holy-monastery-of-elona\/\">\u0397oly Monastery of our Lady of Elona<\/a><\/u><\/strong>,<\/li>\n<li><strong><u><a href=\"http:\/\/www.ammosvotsalo.com\/de\/holy-monastery-of-agios-nikolaos-saint-nicholas-of-sintza\/\">Holy Monastery of Agios Nikolaos (Saint Nicholas) of Sintza<\/a><\/u><\/strong>,<\/li>\n<li><strong><u><a href=\"http:\/\/www.ammosvotsalo.com\/de\/holy-monastery-of-karya\/\">Holy Monastery of Agios Nikolaos (Saint Nicholas) of Karya<\/a><\/u><\/strong>,<\/li>\n<li><strong><u><a href=\"http:\/\/www.ammosvotsalo.com\/de\/holy-monastery-of-the-archangel-of-mouria\/\">Holy Monastery of the Archangel of Mouria<\/a><\/u><\/strong>,<\/li>\n<li><strong><u><a href=\"http:\/\/www.ammosvotsalo.com\/de\/holy-monastery-of-our-lady-of-kounoupia\/\">Holy Monastery of our Lady of Kounoupia<\/a><\/u><\/strong>,<\/li>\n<li><strong><u><a href=\"http:\/\/www.ammosvotsalo.com\/de\/holy-monastery-of-our-lady-of-mario\/\">Holy Monastery of our Lady of Mario<\/a><\/u><\/strong><\/li>\n<\/ul>\n","protected":false},"excerpt":{"rendered":"<p>In der Umgebung von Leonidio befinden sich viele Kapellen. Der Besucher kann von den meisten h\u00f6hergelegenen Kapellen die fruchtbare Ebene Leonidio\u2019s und die vielen Orangen- und Olivenhaine. Und auch die Kirchen in der Ortschaft spielen eine geschichtliche Rolle. Die gro\u00dfe <a class=\"more-link\" href=\"https:\/\/www.ammosvotsalo.com\/de\/heilige-kloster\/\">Read more &#8230;<\/a><\/p>\n","protected":false},"author":1,"featured_media":0,"parent":0,"menu_order":0,"comment_status":"closed","ping_status":"closed","template":"","meta":[],"yoast_head":"<!-- This site is optimized with the Yoast SEO plugin v19.12 - https:\/\/yoast.com\/wordpress\/plugins\/seo\/ -->\n<title>Heilige Kl\u00f6ster | Ammos &amp; Votsalo Apartmens<\/title>\n<meta name=\"robots\" content=\"index, follow, max-snippet:-1, max-image-preview:large, max-video-preview:-1\" \/>\n<link rel=\"canonical\" href=\"https:\/\/www.ammosvotsalo.com\/de\/heilige-kloster\/\" \/>\n<meta property=\"og:locale\" content=\"de_DE\" \/>\n<meta property=\"og:type\" content=\"article\" \/>\n<meta property=\"og:title\" content=\"Heilige Kl\u00f6ster | Ammos &amp; Votsalo Apartmens\" \/>\n<meta property=\"og:description\" content=\"In der Umgebung von Leonidio befinden sich viele Kapellen. Der Besucher kann von den meisten h\u00f6hergelegenen Kapellen die fruchtbare Ebene Leonidio\u2019s und die vielen Orangen- und Olivenhaine. Und auch die Kirchen in der Ortschaft spielen eine geschichtliche Rolle. Die gro\u00dfe Read more ...\" \/>\n<meta property=\"og:url\" content=\"https:\/\/www.ammosvotsalo.com\/de\/heilige-kloster\/\" \/>\n<meta property=\"og:site_name\" content=\"Ammos &amp; Votsalo Apartmens\" \/>\n<meta property=\"article:modified_time\" content=\"2016-03-21T08:50:58+00:00\" \/>\n<meta name=\"twitter:card\" content=\"summary_large_image\" \/>\n<meta name=\"twitter:label1\" content=\"Gesch\u00e4tzte Lesezeit\" \/>\n\t<meta name=\"twitter:data1\" content=\"1\u00a0Minute\" \/>\n<script type=\"application\/ld+json\" class=\"yoast-schema-graph\">{\"@context\":\"https:\/\/schema.org\",\"@graph\":[{\"@type\":\"WebPage\",\"@id\":\"https:\/\/www.ammosvotsalo.com\/de\/heilige-kloster\/\",\"url\":\"https:\/\/www.ammosvotsalo.com\/de\/heilige-kloster\/\",\"name\":\"Heilige Kl\u00f6ster | Ammos &amp; Votsalo Apartmens\",\"isPartOf\":{\"@id\":\"https:\/\/www.ammosvotsalo.com\/#website\"},\"datePublished\":\"2016-02-01T12:59:15+00:00\",\"dateModified\":\"2016-03-21T08:50:58+00:00\",\"breadcrumb\":{\"@id\":\"https:\/\/www.ammosvotsalo.com\/de\/heilige-kloster\/#breadcrumb\"},\"inLanguage\":\"de\",\"potentialAction\":[{\"@type\":\"ReadAction\",\"target\":[\"https:\/\/www.ammosvotsalo.com\/de\/heilige-kloster\/\"]}]},{\"@type\":\"BreadcrumbList\",\"@id\":\"https:\/\/www.ammosvotsalo.com\/de\/heilige-kloster\/#breadcrumb\",\"itemListElement\":[{\"@type\":\"ListItem\",\"position\":1,\"name\":\"Home\",\"item\":\"https:\/\/www.ammosvotsalo.com\/de\/\"},{\"@type\":\"ListItem\",\"position\":2,\"name\":\"Heilige Kl\u00f6ster\"}]},{\"@type\":\"WebSite\",\"@id\":\"https:\/\/www.ammosvotsalo.com\/#website\",\"url\":\"https:\/\/www.ammosvotsalo.com\/\",\"name\":\"Ammos &amp; Votsalo Apartmens\",\"description\":\"\",\"potentialAction\":[{\"@type\":\"SearchAction\",\"target\":{\"@type\":\"EntryPoint\",\"urlTemplate\":\"https:\/\/www.ammosvotsalo.com\/?s={search_term_string}\"},\"query-input\":\"required name=search_term_string\"}],\"inLanguage\":\"de\"}]}<\/script>\n<!-- \/ Yoast SEO plugin. -->","yoast_head_json":{"title":"Heilige Kl\u00f6ster | Ammos &amp; Votsalo Apartmens","robots":{"index":"index","follow":"follow","max-snippet":"max-snippet:-1","max-image-preview":"max-image-preview:large","max-video-preview":"max-video-preview:-1"},"canonical":"https:\/\/www.ammosvotsalo.com\/de\/heilige-kloster\/","og_locale":"de_DE","og_type":"article","og_title":"Heilige Kl\u00f6ster | Ammos &amp; Votsalo Apartmens","og_description":"In der Umgebung von Leonidio befinden sich viele Kapellen. Der Besucher kann von den meisten h\u00f6hergelegenen Kapellen die fruchtbare Ebene Leonidio\u2019s und die vielen Orangen- und Olivenhaine. Und auch die Kirchen in der Ortschaft spielen eine geschichtliche Rolle. Die gro\u00dfe Read more ...","og_url":"https:\/\/www.ammosvotsalo.com\/de\/heilige-kloster\/","og_site_name":"Ammos &amp; Votsalo Apartmens","article_modified_time":"2016-03-21T08:50:58+00:00","twitter_card":"summary_large_image","twitter_misc":{"Gesch\u00e4tzte Lesezeit":"1\u00a0Minute"},"schema":{"@context":"https:\/\/schema.org","@graph":[{"@type":"WebPage","@id":"https:\/\/www.ammosvotsalo.com\/de\/heilige-kloster\/","url":"https:\/\/www.ammosvotsalo.com\/de\/heilige-kloster\/","name":"Heilige Kl\u00f6ster | Ammos &amp; Votsalo Apartmens","isPartOf":{"@id":"https:\/\/www.ammosvotsalo.com\/#website"},"datePublished":"2016-02-01T12:59:15+00:00","dateModified":"2016-03-21T08:50:58+00:00","breadcrumb":{"@id":"https:\/\/www.ammosvotsalo.com\/de\/heilige-kloster\/#breadcrumb"},"inLanguage":"de","potentialAction":[{"@type":"ReadAction","target":["https:\/\/www.ammosvotsalo.com\/de\/heilige-kloster\/"]}]},{"@type":"BreadcrumbList","@id":"https:\/\/www.ammosvotsalo.com\/de\/heilige-kloster\/#breadcrumb","itemListElement":[{"@type":"ListItem","position":1,"name":"Home","item":"https:\/\/www.ammosvotsalo.com\/de\/"},{"@type":"ListItem","position":2,"name":"Heilige Kl\u00f6ster"}]},{"@type":"WebSite","@id":"https:\/\/www.ammosvotsalo.com\/#website","url":"https:\/\/www.ammosvotsalo.com\/","name":"Ammos &amp; Votsalo Apartmens","description":"","potentialAction":[{"@type":"SearchAction","target":{"@type":"EntryPoint","urlTemplate":"https:\/\/www.ammosvotsalo.com\/?s={search_term_string}"},"query-input":"required name=search_term_string"}],"inLanguage":"de"}]}},"_links":{"self":[{"href":"https:\/\/www.ammosvotsalo.com\/de\/wp-json\/wp\/v2\/pages\/1325"}],"collection":[{"href":"https:\/\/www.ammosvotsalo.com\/de\/wp-json\/wp\/v2\/pages"}],"about":[{"href":"https:\/\/www.ammosvotsalo.com\/de\/wp-json\/wp\/v2\/types\/page"}],"author":[{"embeddable":true,"href":"https:\/\/www.ammosvotsalo.com\/de\/wp-json\/wp\/v2\/users\/1"}],"replies":[{"embeddable":true,"href":"https:\/\/www.ammosvotsalo.com\/de\/wp-json\/wp\/v2\/comments?post=1325"}],"version-history":[{"count":6,"href":"https:\/\/www.ammosvotsalo.com\/de\/wp-json\/wp\/v2\/pages\/1325\/revisions"}],"predecessor-version":[{"id":1824,"href":"https:\/\/www.ammosvotsalo.com\/de\/wp-json\/wp\/v2\/pages\/1325\/revisions\/1824"}],"wp:attachment":[{"href":"https:\/\/www.ammosvotsalo.com\/de\/wp-json\/wp\/v2\/media?parent=1325"}],"curies":[{"name":"wp","href":"https:\/\/api.w.org\/{rel}","templated":true}]}}