{"id":1328,"date":"2016-02-01T13:16:13","date_gmt":"2016-02-01T13:16:13","guid":{"rendered":"http:\/\/www.ammosvotsalo.com\/?page_id=1328"},"modified":"2016-03-17T17:04:36","modified_gmt":"2016-03-17T15:04:36","slug":"die-strande","status":"publish","type":"page","link":"https:\/\/www.ammosvotsalo.com\/de\/die-strande\/","title":{"rendered":"Die Str\u00e4nde"},"content":{"rendered":"\n\t<div title='Resize Body Text' class='wpTextResizeControls' style='background-color:lightgray;border-radius:7px;-moz-border-radius:7px;-webkit-border-radius:7px;padding:3px;width:55px;'>\n\t\t<a class='increaseFont' title='Increase Font Size' style='font-size:18px;cursor:pointer;' >A<\/a><a class='resetFont' title='Reset Font Size' style='font-size:13px;padding-left:10px;cursor:pointer;'>A<\/a><a class='decreaseFont' title='Decrease Font Size' style='font-size:10px;padding-left:10px;cursor:pointer;'>A<\/a><\/div>\n<p>W\u00e4re das Parnonas Gebirge eine St\u00fctze Leonidio\u2019s, dann w\u00e4re der Argolische Golf die andere. Verschlungene Str\u00e4nde und sch\u00f6ne Halbinseln formen ein erstaunliches Terrain. Kleine Tavernen und L\u00e4den runden das sch\u00f6ne Bild, das sich vor den Augen des Besuchers zeichnet, ab. An den Str\u00e4nden findet man Kiesel in allen Farben und kristallklares Wasser. Die Bewohner Kynouria\u2019s legen Wert darauf, da\u00df ihre Str\u00e4nde sauber gehalten werden und da\u00df der Charakter der Region nicht ver\u00e4ndert wird. Dies hat zu einer stetigen Entwicklung des Tourismus in der Gegend gef\u00fchrt und verhinderte die negative Auswirkungen, die der Tourismus manchmal mit sich bringt. Die Region hat sich nie mit \u201cschnellem Geld\u201d zufrieden gegeben. Gerade deswegen k\u00f6nnen wir auch heute die Gegend mit ihrem authentischen, unver\u00e4nderten und stolzen Charme geniessen.<\/p>\n<p>Der Grund warum viele Einheimische und Reisende ihre freie Zeit w\u00e4hrend der Sommermonate hier verbringen, ist der Zauber der K\u00fcstenregion Kynouria\u2019s. Sie lieben die Sonne, die Gastfreundschaft, den Service und das saubere Meer. Es gibt unendlich viele Freizeitsportm\u00f6glichkeiten, verschiedene Arten zu Fischen. Die Region bietet eine malerische Natur, Tradition und Lebensqualit\u00e4t. W\u00e4hrend der Sommermonate finden hier auch viele kulturelle Veranstaltungen statt.<\/p>\n<p>Es ist keine \u00dcbertreibung wenn man sagt, dass das Meer und die K\u00fcste Kynouria\u2019s nicht im Schatten der bekanntesten Meere und K\u00fcsten Griechenlandes steht. Sie sind sogar ausgezeichnet:<\/p>\n<p><strong><u><a href=\"https:\/\/www.google.com\/maps\/d\/viewer?mid=z2CgEjEAC8zM.kyIT6X4dq_vw\" target=\"_blank\">Vorgeschlagen Str\u00e4nde<\/a><\/u><\/strong><\/p>\n<ul class=\"villages\" style=\"text-align: left;\">\n<li><strong><u><a href=\"http:\/\/www.ammosvotsalo.com\/de\/strand-plaka\/\">Plaka<\/a><\/u><\/strong>,<\/li>\n<li><strong><u><a href=\"http:\/\/www.ammosvotsalo.com\/de\/1494-2\/\">Poulithra<\/a><\/u><\/strong>,<\/li>\n<li><strong><u><a href=\"http:\/\/www.ammosvotsalo.com\/de\/strand-agios-georgios-saint-george\/\">Agios Georgios<\/a><\/u><\/strong>,<\/li>\n<li><strong><u><a href=\"http:\/\/www.ammosvotsalo.com\/de\/strand-fokianos\/\">Fokiano<\/a><\/u><\/strong>,<\/li>\n<li><strong><u><a href=\"http:\/\/www.ammosvotsalo.com\/de\/strand-lakkos\/\">Lakkos<\/a><\/u><\/strong>,<\/li>\n<li><u><strong><a href=\"http:\/\/www.ammosvotsalo.com\/de\/strand-sampatiki\/\">Sampatiki<\/a><\/strong>,<\/u><\/li>\n<li><u><strong><a href=\"http:\/\/www.ammosvotsalo.com\/de\/strand-livadi\/\">Livadi<\/a><\/strong>,<\/u><\/li>\n<li><u><strong><a href=\"http:\/\/www.ammosvotsalo.com\/de\/strand-kissakas\/\">Kissakas<\/a><\/strong>,<\/u><\/li>\n<li><u><strong><a href=\"http:\/\/www.ammosvotsalo.com\/de\/strand-lygeria\/\">Lygeria<\/a><\/strong>,<\/u><\/li>\n<li><u><strong><a href=\"http:\/\/www.ammosvotsalo.com\/de\/strand-tigani\/\">Tigani<\/a><\/strong>,<\/u><\/li>\n<li><u><strong><a href=\"http:\/\/www.ammosvotsalo.com\/de\/strand-zaritsi\/\">Zaritsi<\/a><\/strong>,<\/u><\/li>\n<li><u><strong><a href=\"http:\/\/www.ammosvotsalo.com\/de\/strand-tserfo\/\">Tserfo<\/a><\/strong>,<\/u><\/li>\n<li><strong><u><a href=\"http:\/\/www.ammosvotsalo.com\/de\/strand-kryoneri\/\">Kryoneri<\/a><\/u><\/strong><\/li>\n<\/ul>\n","protected":false},"excerpt":{"rendered":"<p>W\u00e4re das Parnonas Gebirge eine St\u00fctze Leonidio\u2019s, dann w\u00e4re der Argolische Golf die andere. Verschlungene Str\u00e4nde und sch\u00f6ne Halbinseln formen ein erstaunliches Terrain. Kleine Tavernen und L\u00e4den runden das sch\u00f6ne Bild, das sich vor den Augen des Besuchers zeichnet, ab. <a class=\"more-link\" href=\"https:\/\/www.ammosvotsalo.com\/de\/die-strande\/\">Read more &#8230;<\/a><\/p>\n","protected":false},"author":1,"featured_media":0,"parent":0,"menu_order":0,"comment_status":"closed","ping_status":"closed","template":"","meta":[],"yoast_head":"<!-- This site is optimized with the Yoast SEO plugin v19.12 - https:\/\/yoast.com\/wordpress\/plugins\/seo\/ -->\n<title>Die Str\u00e4nde | Ammos &amp; Votsalo Apartmens<\/title>\n<meta name=\"robots\" content=\"index, follow, max-snippet:-1, max-image-preview:large, max-video-preview:-1\" \/>\n<link rel=\"canonical\" href=\"https:\/\/www.ammosvotsalo.com\/de\/die-strande\/\" \/>\n<meta property=\"og:locale\" content=\"de_DE\" \/>\n<meta property=\"og:type\" content=\"article\" \/>\n<meta property=\"og:title\" content=\"Die Str\u00e4nde | Ammos &amp; Votsalo Apartmens\" \/>\n<meta property=\"og:description\" content=\"W\u00e4re das Parnonas Gebirge eine St\u00fctze Leonidio\u2019s, dann w\u00e4re der Argolische Golf die andere. Verschlungene Str\u00e4nde und sch\u00f6ne Halbinseln formen ein erstaunliches Terrain. Kleine Tavernen und L\u00e4den runden das sch\u00f6ne Bild, das sich vor den Augen des Besuchers zeichnet, ab. Read more ...\" \/>\n<meta property=\"og:url\" content=\"https:\/\/www.ammosvotsalo.com\/de\/die-strande\/\" \/>\n<meta property=\"og:site_name\" content=\"Ammos &amp; Votsalo Apartmens\" \/>\n<meta property=\"article:modified_time\" content=\"2016-03-17T15:04:36+00:00\" \/>\n<meta name=\"twitter:card\" content=\"summary_large_image\" \/>\n<meta name=\"twitter:label1\" content=\"Gesch\u00e4tzte Lesezeit\" \/>\n\t<meta name=\"twitter:data1\" content=\"1\u00a0Minute\" \/>\n<script type=\"application\/ld+json\" class=\"yoast-schema-graph\">{\"@context\":\"https:\/\/schema.org\",\"@graph\":[{\"@type\":\"WebPage\",\"@id\":\"https:\/\/www.ammosvotsalo.com\/de\/die-strande\/\",\"url\":\"https:\/\/www.ammosvotsalo.com\/de\/die-strande\/\",\"name\":\"Die Str\u00e4nde | Ammos &amp; Votsalo Apartmens\",\"isPartOf\":{\"@id\":\"https:\/\/www.ammosvotsalo.com\/#website\"},\"datePublished\":\"2016-02-01T13:16:13+00:00\",\"dateModified\":\"2016-03-17T15:04:36+00:00\",\"breadcrumb\":{\"@id\":\"https:\/\/www.ammosvotsalo.com\/de\/die-strande\/#breadcrumb\"},\"inLanguage\":\"de\",\"potentialAction\":[{\"@type\":\"ReadAction\",\"target\":[\"https:\/\/www.ammosvotsalo.com\/de\/die-strande\/\"]}]},{\"@type\":\"BreadcrumbList\",\"@id\":\"https:\/\/www.ammosvotsalo.com\/de\/die-strande\/#breadcrumb\",\"itemListElement\":[{\"@type\":\"ListItem\",\"position\":1,\"name\":\"Home\",\"item\":\"https:\/\/www.ammosvotsalo.com\/de\/\"},{\"@type\":\"ListItem\",\"position\":2,\"name\":\"Die Str\u00e4nde\"}]},{\"@type\":\"WebSite\",\"@id\":\"https:\/\/www.ammosvotsalo.com\/#website\",\"url\":\"https:\/\/www.ammosvotsalo.com\/\",\"name\":\"Ammos &amp; Votsalo Apartmens\",\"description\":\"\",\"potentialAction\":[{\"@type\":\"SearchAction\",\"target\":{\"@type\":\"EntryPoint\",\"urlTemplate\":\"https:\/\/www.ammosvotsalo.com\/?s={search_term_string}\"},\"query-input\":\"required name=search_term_string\"}],\"inLanguage\":\"de\"}]}<\/script>\n<!-- \/ Yoast SEO plugin. -->","yoast_head_json":{"title":"Die Str\u00e4nde | Ammos &amp; Votsalo Apartmens","robots":{"index":"index","follow":"follow","max-snippet":"max-snippet:-1","max-image-preview":"max-image-preview:large","max-video-preview":"max-video-preview:-1"},"canonical":"https:\/\/www.ammosvotsalo.com\/de\/die-strande\/","og_locale":"de_DE","og_type":"article","og_title":"Die Str\u00e4nde | Ammos &amp; Votsalo Apartmens","og_description":"W\u00e4re das Parnonas Gebirge eine St\u00fctze Leonidio\u2019s, dann w\u00e4re der Argolische Golf die andere. Verschlungene Str\u00e4nde und sch\u00f6ne Halbinseln formen ein erstaunliches Terrain. Kleine Tavernen und L\u00e4den runden das sch\u00f6ne Bild, das sich vor den Augen des Besuchers zeichnet, ab. Read more ...","og_url":"https:\/\/www.ammosvotsalo.com\/de\/die-strande\/","og_site_name":"Ammos &amp; Votsalo Apartmens","article_modified_time":"2016-03-17T15:04:36+00:00","twitter_card":"summary_large_image","twitter_misc":{"Gesch\u00e4tzte Lesezeit":"1\u00a0Minute"},"schema":{"@context":"https:\/\/schema.org","@graph":[{"@type":"WebPage","@id":"https:\/\/www.ammosvotsalo.com\/de\/die-strande\/","url":"https:\/\/www.ammosvotsalo.com\/de\/die-strande\/","name":"Die Str\u00e4nde | Ammos &amp; Votsalo Apartmens","isPartOf":{"@id":"https:\/\/www.ammosvotsalo.com\/#website"},"datePublished":"2016-02-01T13:16:13+00:00","dateModified":"2016-03-17T15:04:36+00:00","breadcrumb":{"@id":"https:\/\/www.ammosvotsalo.com\/de\/die-strande\/#breadcrumb"},"inLanguage":"de","potentialAction":[{"@type":"ReadAction","target":["https:\/\/www.ammosvotsalo.com\/de\/die-strande\/"]}]},{"@type":"BreadcrumbList","@id":"https:\/\/www.ammosvotsalo.com\/de\/die-strande\/#breadcrumb","itemListElement":[{"@type":"ListItem","position":1,"name":"Home","item":"https:\/\/www.ammosvotsalo.com\/de\/"},{"@type":"ListItem","position":2,"name":"Die Str\u00e4nde"}]},{"@type":"WebSite","@id":"https:\/\/www.ammosvotsalo.com\/#website","url":"https:\/\/www.ammosvotsalo.com\/","name":"Ammos &amp; Votsalo Apartmens","description":"","potentialAction":[{"@type":"SearchAction","target":{"@type":"EntryPoint","urlTemplate":"https:\/\/www.ammosvotsalo.com\/?s={search_term_string}"},"query-input":"required name=search_term_string"}],"inLanguage":"de"}]}},"_links":{"self":[{"href":"https:\/\/www.ammosvotsalo.com\/de\/wp-json\/wp\/v2\/pages\/1328"}],"collection":[{"href":"https:\/\/www.ammosvotsalo.com\/de\/wp-json\/wp\/v2\/pages"}],"about":[{"href":"https:\/\/www.ammosvotsalo.com\/de\/wp-json\/wp\/v2\/types\/page"}],"author":[{"embeddable":true,"href":"https:\/\/www.ammosvotsalo.com\/de\/wp-json\/wp\/v2\/users\/1"}],"replies":[{"embeddable":true,"href":"https:\/\/www.ammosvotsalo.com\/de\/wp-json\/wp\/v2\/comments?post=1328"}],"version-history":[{"count":6,"href":"https:\/\/www.ammosvotsalo.com\/de\/wp-json\/wp\/v2\/pages\/1328\/revisions"}],"predecessor-version":[{"id":1767,"href":"https:\/\/www.ammosvotsalo.com\/de\/wp-json\/wp\/v2\/pages\/1328\/revisions\/1767"}],"wp:attachment":[{"href":"https:\/\/www.ammosvotsalo.com\/de\/wp-json\/wp\/v2\/media?parent=1328"}],"curies":[{"name":"wp","href":"https:\/\/api.w.org\/{rel}","templated":true}]}}