{"id":1331,"date":"2016-02-01T13:24:42","date_gmt":"2016-02-01T13:24:42","guid":{"rendered":"http:\/\/www.ammosvotsalo.com\/?page_id=1331"},"modified":"2016-02-01T13:24:42","modified_gmt":"2016-02-01T13:24:42","slug":"natur","status":"publish","type":"page","link":"https:\/\/www.ammosvotsalo.com\/de\/natur\/","title":{"rendered":"Natur"},"content":{"rendered":"<p>\n\t<div title='Resize Body Text' class='wpTextResizeControls' style='background-color:lightgray;border-radius:7px;-moz-border-radius:7px;-webkit-border-radius:7px;padding:3px;width:55px;'>\n\t\t<a class='increaseFont' title='Increase Font Size' style='font-size:18px;cursor:pointer;' >A<\/a><a class='resetFont' title='Reset Font Size' style='font-size:13px;padding-left:10px;cursor:pointer;'>A<\/a><a class='decreaseFont' title='Decrease Font Size' style='font-size:10px;padding-left:10px;cursor:pointer;'>A<\/a><\/div><br \/>\nLeonidio ist durch das Parnoas Gebirge gesch\u00fctzt. Das Gebirge tr\u00e4gt seinen Namen seit jeher und ist ein Paradies f\u00fcr Pflanzen und Tiere. Auch heute hat die Gegend durch seine Bewuchs, seine Artenvielfalt und Pflanzenwelt einen hohen \u00f6kologischen Wert. Prachtvolle Hochebenen, eine Vielzahl an Gipfeln, Schluchten, eine einzigartige wilde Sch\u00f6nheit, sowie tiefe T\u00e4ler formen das abwechslungsreiche Gel\u00e4nde des Parnonas. Viele Natursch\u00f6nheiten wie Wasserf\u00e4lle, H\u00f6hlen, The natural protector of Leonidion is Mount Parnonas. Mount Parnon has this name since the ancient times. This mountain is a paradise of plants and animals. Even today, its vegetation, habitat types and flora maintain a high ecological value. Gorgeous plateaus, numerous peaks, gorges, unique wild beauty and deep valleys form the versatile terrain of Parnonas. The area is also full of many other natural beauties such as waterfalls, caves, Steilh\u00e4nge, Fl\u00fcsse und Quellen verzaubern den Besucher. Aufgrund seiner gro\u00dfen Artenvielfalt wurde das Parnonas Gebirge als Naturschutzgebiet in das Europ\u00e4ische Natur Programm aufgenommen. <\/p>\n","protected":false},"excerpt":{"rendered":"<p>Leonidio ist durch das Parnoas Gebirge gesch\u00fctzt. Das Gebirge tr\u00e4gt seinen Namen seit jeher und ist ein Paradies f\u00fcr Pflanzen und Tiere. Auch heute hat die Gegend durch seine Bewuchs, seine Artenvielfalt und Pflanzenwelt einen hohen \u00f6kologischen Wert. Prachtvolle Hochebenen, <a class=\"more-link\" href=\"https:\/\/www.ammosvotsalo.com\/de\/natur\/\">Read more &#8230;<\/a><\/p>\n","protected":false},"author":1,"featured_media":0,"parent":0,"menu_order":0,"comment_status":"closed","ping_status":"closed","template":"","meta":[],"yoast_head":"<!-- This site is optimized with the Yoast SEO plugin v19.12 - https:\/\/yoast.com\/wordpress\/plugins\/seo\/ -->\n<title>Natur | Ammos &amp; Votsalo Apartmens<\/title>\n<meta name=\"robots\" content=\"index, follow, max-snippet:-1, max-image-preview:large, max-video-preview:-1\" \/>\n<link rel=\"canonical\" href=\"https:\/\/www.ammosvotsalo.com\/de\/natur\/\" \/>\n<meta property=\"og:locale\" content=\"de_DE\" \/>\n<meta property=\"og:type\" content=\"article\" \/>\n<meta property=\"og:title\" content=\"Natur | Ammos &amp; Votsalo Apartmens\" \/>\n<meta property=\"og:description\" content=\"Leonidio ist durch das Parnoas Gebirge gesch\u00fctzt. Das Gebirge tr\u00e4gt seinen Namen seit jeher und ist ein Paradies f\u00fcr Pflanzen und Tiere. Auch heute hat die Gegend durch seine Bewuchs, seine Artenvielfalt und Pflanzenwelt einen hohen \u00f6kologischen Wert. Prachtvolle Hochebenen, Read more ...\" \/>\n<meta property=\"og:url\" content=\"https:\/\/www.ammosvotsalo.com\/de\/natur\/\" \/>\n<meta property=\"og:site_name\" content=\"Ammos &amp; Votsalo Apartmens\" \/>\n<meta name=\"twitter:card\" content=\"summary_large_image\" \/>\n<meta name=\"twitter:label1\" content=\"Gesch\u00e4tzte Lesezeit\" \/>\n\t<meta name=\"twitter:data1\" content=\"1\u00a0Minute\" \/>\n<script type=\"application\/ld+json\" class=\"yoast-schema-graph\">{\"@context\":\"https:\/\/schema.org\",\"@graph\":[{\"@type\":\"WebPage\",\"@id\":\"https:\/\/www.ammosvotsalo.com\/de\/natur\/\",\"url\":\"https:\/\/www.ammosvotsalo.com\/de\/natur\/\",\"name\":\"Natur | Ammos &amp; Votsalo Apartmens\",\"isPartOf\":{\"@id\":\"https:\/\/www.ammosvotsalo.com\/#website\"},\"datePublished\":\"2016-02-01T13:24:42+00:00\",\"dateModified\":\"2016-02-01T13:24:42+00:00\",\"breadcrumb\":{\"@id\":\"https:\/\/www.ammosvotsalo.com\/de\/natur\/#breadcrumb\"},\"inLanguage\":\"de\",\"potentialAction\":[{\"@type\":\"ReadAction\",\"target\":[\"https:\/\/www.ammosvotsalo.com\/de\/natur\/\"]}]},{\"@type\":\"BreadcrumbList\",\"@id\":\"https:\/\/www.ammosvotsalo.com\/de\/natur\/#breadcrumb\",\"itemListElement\":[{\"@type\":\"ListItem\",\"position\":1,\"name\":\"Home\",\"item\":\"https:\/\/www.ammosvotsalo.com\/de\/\"},{\"@type\":\"ListItem\",\"position\":2,\"name\":\"Natur\"}]},{\"@type\":\"WebSite\",\"@id\":\"https:\/\/www.ammosvotsalo.com\/#website\",\"url\":\"https:\/\/www.ammosvotsalo.com\/\",\"name\":\"Ammos &amp; Votsalo Apartmens\",\"description\":\"\",\"potentialAction\":[{\"@type\":\"SearchAction\",\"target\":{\"@type\":\"EntryPoint\",\"urlTemplate\":\"https:\/\/www.ammosvotsalo.com\/?s={search_term_string}\"},\"query-input\":\"required name=search_term_string\"}],\"inLanguage\":\"de\"}]}<\/script>\n<!-- \/ Yoast SEO plugin. -->","yoast_head_json":{"title":"Natur | Ammos &amp; Votsalo Apartmens","robots":{"index":"index","follow":"follow","max-snippet":"max-snippet:-1","max-image-preview":"max-image-preview:large","max-video-preview":"max-video-preview:-1"},"canonical":"https:\/\/www.ammosvotsalo.com\/de\/natur\/","og_locale":"de_DE","og_type":"article","og_title":"Natur | Ammos &amp; Votsalo Apartmens","og_description":"Leonidio ist durch das Parnoas Gebirge gesch\u00fctzt. Das Gebirge tr\u00e4gt seinen Namen seit jeher und ist ein Paradies f\u00fcr Pflanzen und Tiere. Auch heute hat die Gegend durch seine Bewuchs, seine Artenvielfalt und Pflanzenwelt einen hohen \u00f6kologischen Wert. Prachtvolle Hochebenen, Read more ...","og_url":"https:\/\/www.ammosvotsalo.com\/de\/natur\/","og_site_name":"Ammos &amp; Votsalo Apartmens","twitter_card":"summary_large_image","twitter_misc":{"Gesch\u00e4tzte Lesezeit":"1\u00a0Minute"},"schema":{"@context":"https:\/\/schema.org","@graph":[{"@type":"WebPage","@id":"https:\/\/www.ammosvotsalo.com\/de\/natur\/","url":"https:\/\/www.ammosvotsalo.com\/de\/natur\/","name":"Natur | Ammos &amp; Votsalo Apartmens","isPartOf":{"@id":"https:\/\/www.ammosvotsalo.com\/#website"},"datePublished":"2016-02-01T13:24:42+00:00","dateModified":"2016-02-01T13:24:42+00:00","breadcrumb":{"@id":"https:\/\/www.ammosvotsalo.com\/de\/natur\/#breadcrumb"},"inLanguage":"de","potentialAction":[{"@type":"ReadAction","target":["https:\/\/www.ammosvotsalo.com\/de\/natur\/"]}]},{"@type":"BreadcrumbList","@id":"https:\/\/www.ammosvotsalo.com\/de\/natur\/#breadcrumb","itemListElement":[{"@type":"ListItem","position":1,"name":"Home","item":"https:\/\/www.ammosvotsalo.com\/de\/"},{"@type":"ListItem","position":2,"name":"Natur"}]},{"@type":"WebSite","@id":"https:\/\/www.ammosvotsalo.com\/#website","url":"https:\/\/www.ammosvotsalo.com\/","name":"Ammos &amp; Votsalo Apartmens","description":"","potentialAction":[{"@type":"SearchAction","target":{"@type":"EntryPoint","urlTemplate":"https:\/\/www.ammosvotsalo.com\/?s={search_term_string}"},"query-input":"required name=search_term_string"}],"inLanguage":"de"}]}},"_links":{"self":[{"href":"https:\/\/www.ammosvotsalo.com\/de\/wp-json\/wp\/v2\/pages\/1331"}],"collection":[{"href":"https:\/\/www.ammosvotsalo.com\/de\/wp-json\/wp\/v2\/pages"}],"about":[{"href":"https:\/\/www.ammosvotsalo.com\/de\/wp-json\/wp\/v2\/types\/page"}],"author":[{"embeddable":true,"href":"https:\/\/www.ammosvotsalo.com\/de\/wp-json\/wp\/v2\/users\/1"}],"replies":[{"embeddable":true,"href":"https:\/\/www.ammosvotsalo.com\/de\/wp-json\/wp\/v2\/comments?post=1331"}],"version-history":[{"count":1,"href":"https:\/\/www.ammosvotsalo.com\/de\/wp-json\/wp\/v2\/pages\/1331\/revisions"}],"predecessor-version":[{"id":1333,"href":"https:\/\/www.ammosvotsalo.com\/de\/wp-json\/wp\/v2\/pages\/1331\/revisions\/1333"}],"wp:attachment":[{"href":"https:\/\/www.ammosvotsalo.com\/de\/wp-json\/wp\/v2\/media?parent=1331"}],"curies":[{"name":"wp","href":"https:\/\/api.w.org\/{rel}","templated":true}]}}