{"id":1337,"date":"2016-02-01T13:32:22","date_gmt":"2016-02-01T13:32:22","guid":{"rendered":"http:\/\/www.ammosvotsalo.com\/?page_id=1337"},"modified":"2016-03-01T16:47:36","modified_gmt":"2016-03-01T14:47:36","slug":"klettern","status":"publish","type":"page","link":"https:\/\/www.ammosvotsalo.com\/de\/klettern\/","title":{"rendered":"Klettern"},"content":{"rendered":"\n\t<div title='Resize Body Text' class='wpTextResizeControls' style='background-color:lightgray;border-radius:7px;-moz-border-radius:7px;-webkit-border-radius:7px;padding:3px;width:55px;'>\n\t\t<a class='increaseFont' title='Increase Font Size' style='font-size:18px;cursor:pointer;' >A<\/a><a class='resetFont' title='Reset Font Size' style='font-size:13px;padding-left:10px;cursor:pointer;'>A<\/a><a class='decreaseFont' title='Decrease Font Size' style='font-size:10px;padding-left:10px;cursor:pointer;'>A<\/a><\/div>\n<p>Der Rote Felsen von Leonidio (Kalkstein von bester Qualit\u00e4t) ist und bleibt die Herausforderung von jedem Kletterer. Die Lage der Halbkreisroute liegt s\u00fcdlich. Die sagenhafte Aussicht raubt einem fast den Atem und belohnt einen gleichzeitig f\u00fcr die Ausdauer. Von oben sieht man nicht nur die wundersch\u00f6ne Ortschaft, sondern auch die endlosen Str\u00e4nde und das kristallklare Meer zu sehen bekommen. Der Rote Felsen ist nat\u00fcrlich nicht die einzige traumhafte Route. Leonidio hat sich zu einer hervorragenden Kletterdestination entwickelt und hat schon mehr als 250 Routen.<\/p>\n<p><strong><u><a href=\"https:\/\/www.google.com\/maps\/d\/viewer?mid=z2CgEjEAC8zM.kfScHZXqOZA4\" target=\"_blank\">Karte der Kletterrouten<br \/>\n<\/a><\/u><\/strong><\/p>\n<p><strong><u><a href=\"http:\/\/climbing-leonidio.com\/de.html\" target=\"_blank\">Kletteroutenf\u00fchrer von Leonidio<\/a><\/u><\/strong><\/p>\n","protected":false},"excerpt":{"rendered":"<p>Der Rote Felsen von Leonidio (Kalkstein von bester Qualit\u00e4t) ist und bleibt die Herausforderung von jedem Kletterer. Die Lage der Halbkreisroute liegt s\u00fcdlich. Die sagenhafte Aussicht raubt einem fast den Atem und belohnt einen gleichzeitig f\u00fcr die Ausdauer. Von oben <a class=\"more-link\" href=\"https:\/\/www.ammosvotsalo.com\/de\/klettern\/\">Read more &#8230;<\/a><\/p>\n","protected":false},"author":1,"featured_media":0,"parent":0,"menu_order":0,"comment_status":"closed","ping_status":"closed","template":"","meta":[],"yoast_head":"<!-- This site is optimized with the Yoast SEO plugin v19.12 - https:\/\/yoast.com\/wordpress\/plugins\/seo\/ -->\n<title>Klettern | Ammos &amp; Votsalo Apartmens<\/title>\n<meta name=\"robots\" content=\"index, follow, max-snippet:-1, max-image-preview:large, max-video-preview:-1\" \/>\n<link rel=\"canonical\" href=\"https:\/\/www.ammosvotsalo.com\/de\/klettern\/\" \/>\n<meta property=\"og:locale\" content=\"de_DE\" \/>\n<meta property=\"og:type\" content=\"article\" \/>\n<meta property=\"og:title\" content=\"Klettern | Ammos &amp; Votsalo Apartmens\" \/>\n<meta property=\"og:description\" content=\"Der Rote Felsen von Leonidio (Kalkstein von bester Qualit\u00e4t) ist und bleibt die Herausforderung von jedem Kletterer. Die Lage der Halbkreisroute liegt s\u00fcdlich. Die sagenhafte Aussicht raubt einem fast den Atem und belohnt einen gleichzeitig f\u00fcr die Ausdauer. Von oben Read more ...\" \/>\n<meta property=\"og:url\" content=\"https:\/\/www.ammosvotsalo.com\/de\/klettern\/\" \/>\n<meta property=\"og:site_name\" content=\"Ammos &amp; Votsalo Apartmens\" \/>\n<meta property=\"article:modified_time\" content=\"2016-03-01T14:47:36+00:00\" \/>\n<meta name=\"twitter:card\" content=\"summary_large_image\" \/>\n<script type=\"application\/ld+json\" class=\"yoast-schema-graph\">{\"@context\":\"https:\/\/schema.org\",\"@graph\":[{\"@type\":\"WebPage\",\"@id\":\"https:\/\/www.ammosvotsalo.com\/de\/klettern\/\",\"url\":\"https:\/\/www.ammosvotsalo.com\/de\/klettern\/\",\"name\":\"Klettern | Ammos &amp; Votsalo Apartmens\",\"isPartOf\":{\"@id\":\"https:\/\/www.ammosvotsalo.com\/#website\"},\"datePublished\":\"2016-02-01T13:32:22+00:00\",\"dateModified\":\"2016-03-01T14:47:36+00:00\",\"breadcrumb\":{\"@id\":\"https:\/\/www.ammosvotsalo.com\/de\/klettern\/#breadcrumb\"},\"inLanguage\":\"de\",\"potentialAction\":[{\"@type\":\"ReadAction\",\"target\":[\"https:\/\/www.ammosvotsalo.com\/de\/klettern\/\"]}]},{\"@type\":\"BreadcrumbList\",\"@id\":\"https:\/\/www.ammosvotsalo.com\/de\/klettern\/#breadcrumb\",\"itemListElement\":[{\"@type\":\"ListItem\",\"position\":1,\"name\":\"Home\",\"item\":\"https:\/\/www.ammosvotsalo.com\/de\/\"},{\"@type\":\"ListItem\",\"position\":2,\"name\":\"Klettern\"}]},{\"@type\":\"WebSite\",\"@id\":\"https:\/\/www.ammosvotsalo.com\/#website\",\"url\":\"https:\/\/www.ammosvotsalo.com\/\",\"name\":\"Ammos &amp; Votsalo Apartmens\",\"description\":\"\",\"potentialAction\":[{\"@type\":\"SearchAction\",\"target\":{\"@type\":\"EntryPoint\",\"urlTemplate\":\"https:\/\/www.ammosvotsalo.com\/?s={search_term_string}\"},\"query-input\":\"required name=search_term_string\"}],\"inLanguage\":\"de\"}]}<\/script>\n<!-- \/ Yoast SEO plugin. -->","yoast_head_json":{"title":"Klettern | Ammos &amp; Votsalo Apartmens","robots":{"index":"index","follow":"follow","max-snippet":"max-snippet:-1","max-image-preview":"max-image-preview:large","max-video-preview":"max-video-preview:-1"},"canonical":"https:\/\/www.ammosvotsalo.com\/de\/klettern\/","og_locale":"de_DE","og_type":"article","og_title":"Klettern | Ammos &amp; Votsalo Apartmens","og_description":"Der Rote Felsen von Leonidio (Kalkstein von bester Qualit\u00e4t) ist und bleibt die Herausforderung von jedem Kletterer. Die Lage der Halbkreisroute liegt s\u00fcdlich. Die sagenhafte Aussicht raubt einem fast den Atem und belohnt einen gleichzeitig f\u00fcr die Ausdauer. Von oben Read more ...","og_url":"https:\/\/www.ammosvotsalo.com\/de\/klettern\/","og_site_name":"Ammos &amp; Votsalo Apartmens","article_modified_time":"2016-03-01T14:47:36+00:00","twitter_card":"summary_large_image","schema":{"@context":"https:\/\/schema.org","@graph":[{"@type":"WebPage","@id":"https:\/\/www.ammosvotsalo.com\/de\/klettern\/","url":"https:\/\/www.ammosvotsalo.com\/de\/klettern\/","name":"Klettern | Ammos &amp; Votsalo Apartmens","isPartOf":{"@id":"https:\/\/www.ammosvotsalo.com\/#website"},"datePublished":"2016-02-01T13:32:22+00:00","dateModified":"2016-03-01T14:47:36+00:00","breadcrumb":{"@id":"https:\/\/www.ammosvotsalo.com\/de\/klettern\/#breadcrumb"},"inLanguage":"de","potentialAction":[{"@type":"ReadAction","target":["https:\/\/www.ammosvotsalo.com\/de\/klettern\/"]}]},{"@type":"BreadcrumbList","@id":"https:\/\/www.ammosvotsalo.com\/de\/klettern\/#breadcrumb","itemListElement":[{"@type":"ListItem","position":1,"name":"Home","item":"https:\/\/www.ammosvotsalo.com\/de\/"},{"@type":"ListItem","position":2,"name":"Klettern"}]},{"@type":"WebSite","@id":"https:\/\/www.ammosvotsalo.com\/#website","url":"https:\/\/www.ammosvotsalo.com\/","name":"Ammos &amp; Votsalo Apartmens","description":"","potentialAction":[{"@type":"SearchAction","target":{"@type":"EntryPoint","urlTemplate":"https:\/\/www.ammosvotsalo.com\/?s={search_term_string}"},"query-input":"required name=search_term_string"}],"inLanguage":"de"}]}},"_links":{"self":[{"href":"https:\/\/www.ammosvotsalo.com\/de\/wp-json\/wp\/v2\/pages\/1337"}],"collection":[{"href":"https:\/\/www.ammosvotsalo.com\/de\/wp-json\/wp\/v2\/pages"}],"about":[{"href":"https:\/\/www.ammosvotsalo.com\/de\/wp-json\/wp\/v2\/types\/page"}],"author":[{"embeddable":true,"href":"https:\/\/www.ammosvotsalo.com\/de\/wp-json\/wp\/v2\/users\/1"}],"replies":[{"embeddable":true,"href":"https:\/\/www.ammosvotsalo.com\/de\/wp-json\/wp\/v2\/comments?post=1337"}],"version-history":[{"count":3,"href":"https:\/\/www.ammosvotsalo.com\/de\/wp-json\/wp\/v2\/pages\/1337\/revisions"}],"predecessor-version":[{"id":1686,"href":"https:\/\/www.ammosvotsalo.com\/de\/wp-json\/wp\/v2\/pages\/1337\/revisions\/1686"}],"wp:attachment":[{"href":"https:\/\/www.ammosvotsalo.com\/de\/wp-json\/wp\/v2\/media?parent=1337"}],"curies":[{"name":"wp","href":"https:\/\/api.w.org\/{rel}","templated":true}]}}