{"id":1354,"date":"2016-02-01T14:04:19","date_gmt":"2016-02-01T14:04:19","guid":{"rendered":"http:\/\/www.ammosvotsalo.com\/?page_id=1354"},"modified":"2016-02-01T14:04:19","modified_gmt":"2016-02-01T14:04:19","slug":"ausfluge","status":"publish","type":"page","link":"https:\/\/www.ammosvotsalo.com\/de\/ausfluge\/","title":{"rendered":"Ausfluge"},"content":{"rendered":"\n\t<div title='Resize Body Text' class='wpTextResizeControls' style='background-color:lightgray;border-radius:7px;-moz-border-radius:7px;-webkit-border-radius:7px;padding:3px;width:55px;'>\n\t\t<a class='increaseFont' title='Increase Font Size' style='font-size:18px;cursor:pointer;' >A<\/a><a class='resetFont' title='Reset Font Size' style='font-size:13px;padding-left:10px;cursor:pointer;'>A<\/a><a class='decreaseFont' title='Decrease Font Size' style='font-size:10px;padding-left:10px;cursor:pointer;'>A<\/a><\/div>\n<p>In der Kategorie \u201cAttraktionen\u201d werden Sie sehen, dass wir Ihnen auch ein Rahmenprogram zustammenstellen k\u00f6nnen. Sie m\u00f6chten einen Ausflug machen, wissen aber nicht wohin? Ein Ausflug zu den ach\u00e4ologischen Sehensw\u00fcrdigkeiten oder zu den faszinierenden Kl\u00f6ster. Sie m\u00f6chten lieber die malerischen D\u00f6rfer besuchen oder einfach nur an den Strand? Oder alles zusammen? Kein Problem!  Wir stellen Ihnen gerne etwas zusammen.<\/p>\n<p>Hier finden Sie die bliebtesten Ziele in unserer 3D Darstellung:<\/p>\n<p>Von Athen: <span style=\"text-decoration: underline;\"><a id=\"69e67eb779c5b\" rel=\"wp-video-lightbox\" href=\"https:\/\/www.youtube.com\/watch?v=wtcxC5KQuSA&#038;width=640&#038;height=480\" title=\"\">3D Darstellung der Route<\/a>    <script>\r\n    \/* <![CDATA[ *\/\r\n    jQuery(document).ready(function($){\r\n        $(function(){\r\n            var width = $(window).innerWidth();\r\n            var setwidth = parseFloat(640);\r\n            var ratio = parseFloat(0.75);\r\n            var height = parseFloat(480);\r\n            var link = 'https:\/\/www.youtube.com\/watch?v=wtcxC5KQuSA&amp;width=640&amp;height=480';\r\n            if(width < setwidth)\r\n            {\r\n                height = Math.floor(width * 0.75);\r\n                \/\/console.log(\"device width \"+width+\", set width \"+640+\", ratio \"+0.75+\", new height \"+ height);\r\n                var new_url = wpvl_paramReplace('width', link, width);\r\n                var new_url = wpvl_paramReplace('height', new_url, height);\r\n                $(\"a#69e67eb779c5b\").attr('href', new_url);\r\n                \/\/console.log(new_url);\r\n            }\r\n        });\r\n    });\r\n    \/* ]]> *\/\r\n    <\/script><\/span><\/p>\n<p style=\"text-align: left;\">Von Nafplion: <span style=\"text-decoration: underline;\"><a id=\"69e67eb779c94\" rel=\"wp-video-lightbox\" href=\"https:\/\/www.youtube.com\/watch?v=4VsdJwgfjSk&#038;width=640&#038;height=480\" title=\"\">3D Darstellung der Route<\/a>    <script>\r\n    \/* <![CDATA[ *\/\r\n    jQuery(document).ready(function($){\r\n        $(function(){\r\n            var width = $(window).innerWidth();\r\n            var setwidth = parseFloat(640);\r\n            var ratio = parseFloat(0.75);\r\n            var height = parseFloat(480);\r\n            var link = 'https:\/\/www.youtube.com\/watch?v=4VsdJwgfjSk&amp;width=640&amp;height=480';\r\n            if(width < setwidth)\r\n            {\r\n                height = Math.floor(width * 0.75);\r\n                \/\/console.log(\"device width \"+width+\", set width \"+640+\", ratio \"+0.75+\", new height \"+ height);\r\n                var new_url = wpvl_paramReplace('width', link, width);\r\n                var new_url = wpvl_paramReplace('height', new_url, height);\r\n                $(\"a#69e67eb779c94\").attr('href', new_url);\r\n                \/\/console.log(new_url);\r\n            }\r\n        });\r\n    });\r\n    \/* ]]> *\/\r\n    <\/script><\/span><\/p>\n<p style=\"text-align: left;\">Von Monembasia: <span style=\"text-decoration: underline;\"><a id=\"69e67eb779cab\" rel=\"wp-video-lightbox\" href=\"https:\/\/www.youtube.com\/watch?v=3WGKW9glnDc&#038;width=640&#038;height=480\" title=\"\">3D Darstellung der Route<\/a>    <script>\r\n    \/* <![CDATA[ *\/\r\n    jQuery(document).ready(function($){\r\n        $(function(){\r\n            var width = $(window).innerWidth();\r\n            var setwidth = parseFloat(640);\r\n            var ratio = parseFloat(0.75);\r\n            var height = parseFloat(480);\r\n            var link = 'https:\/\/www.youtube.com\/watch?v=3WGKW9glnDc&amp;width=640&amp;height=480';\r\n            if(width < setwidth)\r\n            {\r\n                height = Math.floor(width * 0.75);\r\n                \/\/console.log(\"device width \"+width+\", set width \"+640+\", ratio \"+0.75+\", new height \"+ height);\r\n                var new_url = wpvl_paramReplace('width', link, width);\r\n                var new_url = wpvl_paramReplace('height', new_url, height);\r\n                $(\"a#69e67eb779cab\").attr('href', new_url);\r\n                \/\/console.log(new_url);\r\n            }\r\n        });\r\n    });\r\n    \/* ]]> *\/\r\n    <\/script><\/span><\/p>\n","protected":false},"excerpt":{"rendered":"<p>In der Kategorie \u201cAttraktionen\u201d werden Sie sehen, dass wir Ihnen auch ein Rahmenprogram zustammenstellen k\u00f6nnen. Sie m\u00f6chten einen Ausflug machen, wissen aber nicht wohin? Ein Ausflug zu den ach\u00e4ologischen Sehensw\u00fcrdigkeiten oder zu den faszinierenden Kl\u00f6ster. Sie m\u00f6chten lieber die malerischen <a class=\"more-link\" href=\"https:\/\/www.ammosvotsalo.com\/de\/ausfluge\/\">Read more &#8230;<\/a><\/p>\n","protected":false},"author":1,"featured_media":0,"parent":0,"menu_order":0,"comment_status":"closed","ping_status":"closed","template":"","meta":[],"yoast_head":"<!-- This site is optimized with the Yoast SEO plugin v19.12 - https:\/\/yoast.com\/wordpress\/plugins\/seo\/ -->\n<title>Ausfluge | Ammos &amp; Votsalo Apartmens<\/title>\n<meta name=\"robots\" content=\"index, follow, max-snippet:-1, max-image-preview:large, max-video-preview:-1\" \/>\n<link rel=\"canonical\" href=\"https:\/\/www.ammosvotsalo.com\/de\/ausfluge\/\" \/>\n<meta property=\"og:locale\" content=\"de_DE\" \/>\n<meta property=\"og:type\" content=\"article\" \/>\n<meta property=\"og:title\" content=\"Ausfluge | Ammos &amp; Votsalo Apartmens\" \/>\n<meta property=\"og:description\" content=\"In der Kategorie \u201cAttraktionen\u201d werden Sie sehen, dass wir Ihnen auch ein Rahmenprogram zustammenstellen k\u00f6nnen. Sie m\u00f6chten einen Ausflug machen, wissen aber nicht wohin? Ein Ausflug zu den ach\u00e4ologischen Sehensw\u00fcrdigkeiten oder zu den faszinierenden Kl\u00f6ster. Sie m\u00f6chten lieber die malerischen Read more ...\" \/>\n<meta property=\"og:url\" content=\"https:\/\/www.ammosvotsalo.com\/de\/ausfluge\/\" \/>\n<meta property=\"og:site_name\" content=\"Ammos &amp; Votsalo Apartmens\" \/>\n<meta name=\"twitter:card\" content=\"summary_large_image\" \/>\n<meta name=\"twitter:label1\" content=\"Gesch\u00e4tzte Lesezeit\" \/>\n\t<meta name=\"twitter:data1\" content=\"1\u00a0Minute\" \/>\n<script type=\"application\/ld+json\" class=\"yoast-schema-graph\">{\"@context\":\"https:\/\/schema.org\",\"@graph\":[{\"@type\":\"WebPage\",\"@id\":\"https:\/\/www.ammosvotsalo.com\/de\/ausfluge\/\",\"url\":\"https:\/\/www.ammosvotsalo.com\/de\/ausfluge\/\",\"name\":\"Ausfluge | Ammos &amp; Votsalo Apartmens\",\"isPartOf\":{\"@id\":\"https:\/\/www.ammosvotsalo.com\/#website\"},\"datePublished\":\"2016-02-01T14:04:19+00:00\",\"dateModified\":\"2016-02-01T14:04:19+00:00\",\"breadcrumb\":{\"@id\":\"https:\/\/www.ammosvotsalo.com\/de\/ausfluge\/#breadcrumb\"},\"inLanguage\":\"de\",\"potentialAction\":[{\"@type\":\"ReadAction\",\"target\":[\"https:\/\/www.ammosvotsalo.com\/de\/ausfluge\/\"]}]},{\"@type\":\"BreadcrumbList\",\"@id\":\"https:\/\/www.ammosvotsalo.com\/de\/ausfluge\/#breadcrumb\",\"itemListElement\":[{\"@type\":\"ListItem\",\"position\":1,\"name\":\"Home\",\"item\":\"https:\/\/www.ammosvotsalo.com\/de\/\"},{\"@type\":\"ListItem\",\"position\":2,\"name\":\"Ausfluge\"}]},{\"@type\":\"WebSite\",\"@id\":\"https:\/\/www.ammosvotsalo.com\/#website\",\"url\":\"https:\/\/www.ammosvotsalo.com\/\",\"name\":\"Ammos &amp; Votsalo Apartmens\",\"description\":\"\",\"potentialAction\":[{\"@type\":\"SearchAction\",\"target\":{\"@type\":\"EntryPoint\",\"urlTemplate\":\"https:\/\/www.ammosvotsalo.com\/?s={search_term_string}\"},\"query-input\":\"required name=search_term_string\"}],\"inLanguage\":\"de\"}]}<\/script>\n<!-- \/ Yoast SEO plugin. -->","yoast_head_json":{"title":"Ausfluge | Ammos &amp; Votsalo Apartmens","robots":{"index":"index","follow":"follow","max-snippet":"max-snippet:-1","max-image-preview":"max-image-preview:large","max-video-preview":"max-video-preview:-1"},"canonical":"https:\/\/www.ammosvotsalo.com\/de\/ausfluge\/","og_locale":"de_DE","og_type":"article","og_title":"Ausfluge | Ammos &amp; Votsalo Apartmens","og_description":"In der Kategorie \u201cAttraktionen\u201d werden Sie sehen, dass wir Ihnen auch ein Rahmenprogram zustammenstellen k\u00f6nnen. Sie m\u00f6chten einen Ausflug machen, wissen aber nicht wohin? Ein Ausflug zu den ach\u00e4ologischen Sehensw\u00fcrdigkeiten oder zu den faszinierenden Kl\u00f6ster. Sie m\u00f6chten lieber die malerischen Read more ...","og_url":"https:\/\/www.ammosvotsalo.com\/de\/ausfluge\/","og_site_name":"Ammos &amp; Votsalo Apartmens","twitter_card":"summary_large_image","twitter_misc":{"Gesch\u00e4tzte Lesezeit":"1\u00a0Minute"},"schema":{"@context":"https:\/\/schema.org","@graph":[{"@type":"WebPage","@id":"https:\/\/www.ammosvotsalo.com\/de\/ausfluge\/","url":"https:\/\/www.ammosvotsalo.com\/de\/ausfluge\/","name":"Ausfluge | Ammos &amp; Votsalo Apartmens","isPartOf":{"@id":"https:\/\/www.ammosvotsalo.com\/#website"},"datePublished":"2016-02-01T14:04:19+00:00","dateModified":"2016-02-01T14:04:19+00:00","breadcrumb":{"@id":"https:\/\/www.ammosvotsalo.com\/de\/ausfluge\/#breadcrumb"},"inLanguage":"de","potentialAction":[{"@type":"ReadAction","target":["https:\/\/www.ammosvotsalo.com\/de\/ausfluge\/"]}]},{"@type":"BreadcrumbList","@id":"https:\/\/www.ammosvotsalo.com\/de\/ausfluge\/#breadcrumb","itemListElement":[{"@type":"ListItem","position":1,"name":"Home","item":"https:\/\/www.ammosvotsalo.com\/de\/"},{"@type":"ListItem","position":2,"name":"Ausfluge"}]},{"@type":"WebSite","@id":"https:\/\/www.ammosvotsalo.com\/#website","url":"https:\/\/www.ammosvotsalo.com\/","name":"Ammos &amp; Votsalo Apartmens","description":"","potentialAction":[{"@type":"SearchAction","target":{"@type":"EntryPoint","urlTemplate":"https:\/\/www.ammosvotsalo.com\/?s={search_term_string}"},"query-input":"required name=search_term_string"}],"inLanguage":"de"}]}},"_links":{"self":[{"href":"https:\/\/www.ammosvotsalo.com\/de\/wp-json\/wp\/v2\/pages\/1354"}],"collection":[{"href":"https:\/\/www.ammosvotsalo.com\/de\/wp-json\/wp\/v2\/pages"}],"about":[{"href":"https:\/\/www.ammosvotsalo.com\/de\/wp-json\/wp\/v2\/types\/page"}],"author":[{"embeddable":true,"href":"https:\/\/www.ammosvotsalo.com\/de\/wp-json\/wp\/v2\/users\/1"}],"replies":[{"embeddable":true,"href":"https:\/\/www.ammosvotsalo.com\/de\/wp-json\/wp\/v2\/comments?post=1354"}],"version-history":[{"count":1,"href":"https:\/\/www.ammosvotsalo.com\/de\/wp-json\/wp\/v2\/pages\/1354\/revisions"}],"predecessor-version":[{"id":1355,"href":"https:\/\/www.ammosvotsalo.com\/de\/wp-json\/wp\/v2\/pages\/1354\/revisions\/1355"}],"wp:attachment":[{"href":"https:\/\/www.ammosvotsalo.com\/de\/wp-json\/wp\/v2\/media?parent=1354"}],"curies":[{"name":"wp","href":"https:\/\/api.w.org\/{rel}","templated":true}]}}