{"id":1368,"date":"2016-02-01T14:57:51","date_gmt":"2016-02-01T14:57:51","guid":{"rendered":"http:\/\/www.ammosvotsalo.com\/?page_id=1368"},"modified":"2016-02-26T16:54:51","modified_gmt":"2016-02-26T14:54:51","slug":"geschichte","status":"publish","type":"page","link":"https:\/\/www.ammosvotsalo.com\/de\/geschichte\/","title":{"rendered":"Geschichte"},"content":{"rendered":"<p>\n\t<div title='Resize Body Text' class='wpTextResizeControls' style='background-color:lightgray;border-radius:7px;-moz-border-radius:7px;-webkit-border-radius:7px;padding:3px;width:55px;'>\n\t\t<a class='increaseFont' title='Increase Font Size' style='font-size:18px;cursor:pointer;' >A<\/a><a class='resetFont' title='Reset Font Size' style='font-size:13px;padding-left:10px;cursor:pointer;'>A<\/a><a class='decreaseFont' title='Decrease Font Size' style='font-size:10px;padding-left:10px;cursor:pointer;'>A<\/a><\/div><br \/>\nDie Ortschaft Leonidio ist tief mit ihrer Geschichte verankert und zeigt gerade darum auch ein grosses Interesse an solcher. Ein Anzeichen f\u00fcr diese Vorliebe ist die Tatsache, dass viele Einheimische Gegenst\u00e4nde historischer Natur sammeln. Oft auch als Amatuer, als Hobby um die eigene Geschichte zu entdecken. Geschichte wurde nat\u00fcrlich nicht nur in gro\u00dfartigen Briefen oder in schreienden Schlagzeilen geschrieben. Geschichte umfasst auch das allt\u00e4gliche, die Lebenseinstellung der Menschen und deren Fortschritt.<\/p>\n<p>Leonidio ist Vorreiter in der Nachforschung und Erfassung hiesiger Geschichte. Das \u00f6rtliche historische Archiv von Leonidio ist ein Zweig des Generalstaatsarchives. Das Archiv wurde 1974 gegr\u00fcndet und wurde anfangs unter der Obhut des \u00dcberwachungskommitees gef\u00fchrt. Das Griechische Kultusministerium nahm es 1985 unter seine Schirmherrschaft. Das Archiv befindet sich in der Volksb\u00fccherei, einer Halle, die der Gemeinde Leonidio\u2019s geh\u00f6rt.<\/p>\n<p>Das Ziel des Archives ist es nicht nur Erinnerungen durch wichtige Schriftst\u00fccke und Zeugnisse von Griechen und Reisenden an das Heimatland zu bewahren, sondern auch die einfachen, allt\u00e4glichen Gebr\u00e4uche zu erhalten. Gerade diese lassen die Geschichte des Landes vor unseren Augen wieder aufleben.<\/p>\n","protected":false},"excerpt":{"rendered":"<p>Die Ortschaft Leonidio ist tief mit ihrer Geschichte verankert und zeigt gerade darum auch ein grosses Interesse an solcher. Ein Anzeichen f\u00fcr diese Vorliebe ist die Tatsache, dass viele Einheimische Gegenst\u00e4nde historischer Natur sammeln. Oft auch als Amatuer, als Hobby <a class=\"more-link\" href=\"https:\/\/www.ammosvotsalo.com\/de\/geschichte\/\">Read more &#8230;<\/a><\/p>\n","protected":false},"author":1,"featured_media":0,"parent":0,"menu_order":0,"comment_status":"closed","ping_status":"closed","template":"","meta":[],"yoast_head":"<!-- This site is optimized with the Yoast SEO plugin v19.12 - https:\/\/yoast.com\/wordpress\/plugins\/seo\/ -->\n<title>Geschichte | Ammos &amp; Votsalo Apartmens<\/title>\n<meta name=\"robots\" content=\"index, follow, max-snippet:-1, max-image-preview:large, max-video-preview:-1\" \/>\n<link rel=\"canonical\" href=\"https:\/\/www.ammosvotsalo.com\/de\/geschichte\/\" \/>\n<meta property=\"og:locale\" content=\"de_DE\" \/>\n<meta property=\"og:type\" content=\"article\" \/>\n<meta property=\"og:title\" content=\"Geschichte | Ammos &amp; Votsalo Apartmens\" \/>\n<meta property=\"og:description\" content=\"Die Ortschaft Leonidio ist tief mit ihrer Geschichte verankert und zeigt gerade darum auch ein grosses Interesse an solcher. Ein Anzeichen f\u00fcr diese Vorliebe ist die Tatsache, dass viele Einheimische Gegenst\u00e4nde historischer Natur sammeln. Oft auch als Amatuer, als Hobby Read more ...\" \/>\n<meta property=\"og:url\" content=\"https:\/\/www.ammosvotsalo.com\/de\/geschichte\/\" \/>\n<meta property=\"og:site_name\" content=\"Ammos &amp; Votsalo Apartmens\" \/>\n<meta property=\"article:modified_time\" content=\"2016-02-26T14:54:51+00:00\" \/>\n<meta name=\"twitter:card\" content=\"summary_large_image\" \/>\n<meta name=\"twitter:label1\" content=\"Gesch\u00e4tzte Lesezeit\" \/>\n\t<meta name=\"twitter:data1\" content=\"1\u00a0Minute\" \/>\n<script type=\"application\/ld+json\" class=\"yoast-schema-graph\">{\"@context\":\"https:\/\/schema.org\",\"@graph\":[{\"@type\":\"WebPage\",\"@id\":\"https:\/\/www.ammosvotsalo.com\/de\/geschichte\/\",\"url\":\"https:\/\/www.ammosvotsalo.com\/de\/geschichte\/\",\"name\":\"Geschichte | Ammos &amp; Votsalo Apartmens\",\"isPartOf\":{\"@id\":\"https:\/\/www.ammosvotsalo.com\/#website\"},\"datePublished\":\"2016-02-01T14:57:51+00:00\",\"dateModified\":\"2016-02-26T14:54:51+00:00\",\"breadcrumb\":{\"@id\":\"https:\/\/www.ammosvotsalo.com\/de\/geschichte\/#breadcrumb\"},\"inLanguage\":\"de\",\"potentialAction\":[{\"@type\":\"ReadAction\",\"target\":[\"https:\/\/www.ammosvotsalo.com\/de\/geschichte\/\"]}]},{\"@type\":\"BreadcrumbList\",\"@id\":\"https:\/\/www.ammosvotsalo.com\/de\/geschichte\/#breadcrumb\",\"itemListElement\":[{\"@type\":\"ListItem\",\"position\":1,\"name\":\"Home\",\"item\":\"https:\/\/www.ammosvotsalo.com\/de\/\"},{\"@type\":\"ListItem\",\"position\":2,\"name\":\"Geschichte\"}]},{\"@type\":\"WebSite\",\"@id\":\"https:\/\/www.ammosvotsalo.com\/#website\",\"url\":\"https:\/\/www.ammosvotsalo.com\/\",\"name\":\"Ammos &amp; Votsalo Apartmens\",\"description\":\"\",\"potentialAction\":[{\"@type\":\"SearchAction\",\"target\":{\"@type\":\"EntryPoint\",\"urlTemplate\":\"https:\/\/www.ammosvotsalo.com\/?s={search_term_string}\"},\"query-input\":\"required name=search_term_string\"}],\"inLanguage\":\"de\"}]}<\/script>\n<!-- \/ Yoast SEO plugin. -->","yoast_head_json":{"title":"Geschichte | Ammos &amp; Votsalo Apartmens","robots":{"index":"index","follow":"follow","max-snippet":"max-snippet:-1","max-image-preview":"max-image-preview:large","max-video-preview":"max-video-preview:-1"},"canonical":"https:\/\/www.ammosvotsalo.com\/de\/geschichte\/","og_locale":"de_DE","og_type":"article","og_title":"Geschichte | Ammos &amp; Votsalo Apartmens","og_description":"Die Ortschaft Leonidio ist tief mit ihrer Geschichte verankert und zeigt gerade darum auch ein grosses Interesse an solcher. Ein Anzeichen f\u00fcr diese Vorliebe ist die Tatsache, dass viele Einheimische Gegenst\u00e4nde historischer Natur sammeln. Oft auch als Amatuer, als Hobby Read more ...","og_url":"https:\/\/www.ammosvotsalo.com\/de\/geschichte\/","og_site_name":"Ammos &amp; Votsalo Apartmens","article_modified_time":"2016-02-26T14:54:51+00:00","twitter_card":"summary_large_image","twitter_misc":{"Gesch\u00e4tzte Lesezeit":"1\u00a0Minute"},"schema":{"@context":"https:\/\/schema.org","@graph":[{"@type":"WebPage","@id":"https:\/\/www.ammosvotsalo.com\/de\/geschichte\/","url":"https:\/\/www.ammosvotsalo.com\/de\/geschichte\/","name":"Geschichte | Ammos &amp; Votsalo Apartmens","isPartOf":{"@id":"https:\/\/www.ammosvotsalo.com\/#website"},"datePublished":"2016-02-01T14:57:51+00:00","dateModified":"2016-02-26T14:54:51+00:00","breadcrumb":{"@id":"https:\/\/www.ammosvotsalo.com\/de\/geschichte\/#breadcrumb"},"inLanguage":"de","potentialAction":[{"@type":"ReadAction","target":["https:\/\/www.ammosvotsalo.com\/de\/geschichte\/"]}]},{"@type":"BreadcrumbList","@id":"https:\/\/www.ammosvotsalo.com\/de\/geschichte\/#breadcrumb","itemListElement":[{"@type":"ListItem","position":1,"name":"Home","item":"https:\/\/www.ammosvotsalo.com\/de\/"},{"@type":"ListItem","position":2,"name":"Geschichte"}]},{"@type":"WebSite","@id":"https:\/\/www.ammosvotsalo.com\/#website","url":"https:\/\/www.ammosvotsalo.com\/","name":"Ammos &amp; Votsalo Apartmens","description":"","potentialAction":[{"@type":"SearchAction","target":{"@type":"EntryPoint","urlTemplate":"https:\/\/www.ammosvotsalo.com\/?s={search_term_string}"},"query-input":"required name=search_term_string"}],"inLanguage":"de"}]}},"_links":{"self":[{"href":"https:\/\/www.ammosvotsalo.com\/de\/wp-json\/wp\/v2\/pages\/1368"}],"collection":[{"href":"https:\/\/www.ammosvotsalo.com\/de\/wp-json\/wp\/v2\/pages"}],"about":[{"href":"https:\/\/www.ammosvotsalo.com\/de\/wp-json\/wp\/v2\/types\/page"}],"author":[{"embeddable":true,"href":"https:\/\/www.ammosvotsalo.com\/de\/wp-json\/wp\/v2\/users\/1"}],"replies":[{"embeddable":true,"href":"https:\/\/www.ammosvotsalo.com\/de\/wp-json\/wp\/v2\/comments?post=1368"}],"version-history":[{"count":3,"href":"https:\/\/www.ammosvotsalo.com\/de\/wp-json\/wp\/v2\/pages\/1368\/revisions"}],"predecessor-version":[{"id":1671,"href":"https:\/\/www.ammosvotsalo.com\/de\/wp-json\/wp\/v2\/pages\/1368\/revisions\/1671"}],"wp:attachment":[{"href":"https:\/\/www.ammosvotsalo.com\/de\/wp-json\/wp\/v2\/media?parent=1368"}],"curies":[{"name":"wp","href":"https:\/\/api.w.org\/{rel}","templated":true}]}}