{"id":1373,"date":"2016-02-01T15:06:23","date_gmt":"2016-02-01T15:06:23","guid":{"rendered":"http:\/\/www.ammosvotsalo.com\/?page_id=1373"},"modified":"2016-02-01T15:06:23","modified_gmt":"2016-02-01T15:06:23","slug":"der-tsakonische-dialekt","status":"publish","type":"page","link":"https:\/\/www.ammosvotsalo.com\/de\/der-tsakonische-dialekt\/","title":{"rendered":"Der Tsakonische Dialekt"},"content":{"rendered":"<p>\n\t<div title='Resize Body Text' class='wpTextResizeControls' style='background-color:lightgray;border-radius:7px;-moz-border-radius:7px;-webkit-border-radius:7px;padding:3px;width:55px;'>\n\t\t<a class='increaseFont' title='Increase Font Size' style='font-size:18px;cursor:pointer;' >A<\/a><a class='resetFont' title='Reset Font Size' style='font-size:13px;padding-left:10px;cursor:pointer;'>A<\/a><a class='decreaseFont' title='Decrease Font Size' style='font-size:10px;padding-left:10px;cursor:pointer;'>A<\/a><\/div><br \/>\nDas tsakonische Volk stammt unumstritten von den Doriern ab. Der tsakonische Dialekt (einige Gelehrte bestehen darauf, dass es eine eigene Sprache ist) hat sich aus dem antiken dorischen Dialekts entwickelt. Diese Mundart gilt als eine der \u00e4ltesten Sprachen und Dialekte, die in Griechenland gesprochen wurden. Obwohl im 3. Jahrundert v. Chr. der allgemeine Dialekt in den griechischen Gebieten die Oberhand gewann, blieb der dorische Dialekt im gebirgigen Kynouria in seiner urspr\u00fcnlichen Form erhalten. Durch die isolierte Lage der Region konnte der Dialekt  den Einfl\u00fcssen der mittelalterlichen Sprache, aus der sich das moderne Griechisch entickelte, entkommen. Der tsakonische Dialekt \u00fcberstand auch ausserhalb von Griechenland, in den Kolonien von Tsakonia, zum Beispiel am Marmarameer.<\/p>\n<p>Der tsakonische Dialekt hat die heutige Zeit in einer sehr lebendigen und dynamischen Form erreicht. Er wird seit ungef\u00e4hr 3000 Jahren in Tsakonia, Arkadia gesprochen. Dieses Gebiet umfasst heute eine Fl\u00e4che die 30-40km lang und 15-20km weit ist. Es zieht sich von den \u00f6stlichen Ausl\u00e4ufern des Parnonas Gebirges bis zum argolischen Golf.<\/p>\n<p>Der tsakonische Dialekt ist ein einzigartiges sprachwissenschaftliches Ph\u00e4nomen, das es Wert ist zu erforschen. Er zieht die Aufmerksamkeit von Experten aus Griechenland und anderen L\u00e4ndern an. Der tsakonische Dialekt ist unsere Chance, der Sprache von unseren Vorfahren zuzuh\u00f6ren. In seiner urspr\u00fcnglichen, unver\u00e4nderten und m\u00e4chtigen Form. Unbeschadet durch Fehlinterpretationen von Gelehrten und literarischen Experten.<\/p>\n","protected":false},"excerpt":{"rendered":"<p>Das tsakonische Volk stammt unumstritten von den Doriern ab. Der tsakonische Dialekt (einige Gelehrte bestehen darauf, dass es eine eigene Sprache ist) hat sich aus dem antiken dorischen Dialekts entwickelt. Diese Mundart gilt als eine der \u00e4ltesten Sprachen und Dialekte, <a class=\"more-link\" href=\"https:\/\/www.ammosvotsalo.com\/de\/der-tsakonische-dialekt\/\">Read more &#8230;<\/a><\/p>\n","protected":false},"author":1,"featured_media":0,"parent":0,"menu_order":0,"comment_status":"closed","ping_status":"closed","template":"","meta":[],"yoast_head":"<!-- This site is optimized with the Yoast SEO plugin v19.12 - https:\/\/yoast.com\/wordpress\/plugins\/seo\/ -->\n<title>Der Tsakonische Dialekt | Ammos &amp; Votsalo Apartmens<\/title>\n<meta name=\"robots\" content=\"index, follow, max-snippet:-1, max-image-preview:large, max-video-preview:-1\" \/>\n<link rel=\"canonical\" href=\"https:\/\/www.ammosvotsalo.com\/de\/der-tsakonische-dialekt\/\" \/>\n<meta property=\"og:locale\" content=\"de_DE\" \/>\n<meta property=\"og:type\" content=\"article\" \/>\n<meta property=\"og:title\" content=\"Der Tsakonische Dialekt | Ammos &amp; Votsalo Apartmens\" \/>\n<meta property=\"og:description\" content=\"Das tsakonische Volk stammt unumstritten von den Doriern ab. Der tsakonische Dialekt (einige Gelehrte bestehen darauf, dass es eine eigene Sprache ist) hat sich aus dem antiken dorischen Dialekts entwickelt. Diese Mundart gilt als eine der \u00e4ltesten Sprachen und Dialekte, Read more ...\" \/>\n<meta property=\"og:url\" content=\"https:\/\/www.ammosvotsalo.com\/de\/der-tsakonische-dialekt\/\" \/>\n<meta property=\"og:site_name\" content=\"Ammos &amp; Votsalo Apartmens\" \/>\n<meta name=\"twitter:card\" content=\"summary_large_image\" \/>\n<meta name=\"twitter:label1\" content=\"Gesch\u00e4tzte Lesezeit\" \/>\n\t<meta name=\"twitter:data1\" content=\"1\u00a0Minute\" \/>\n<script type=\"application\/ld+json\" class=\"yoast-schema-graph\">{\"@context\":\"https:\/\/schema.org\",\"@graph\":[{\"@type\":\"WebPage\",\"@id\":\"https:\/\/www.ammosvotsalo.com\/de\/der-tsakonische-dialekt\/\",\"url\":\"https:\/\/www.ammosvotsalo.com\/de\/der-tsakonische-dialekt\/\",\"name\":\"Der Tsakonische Dialekt | Ammos &amp; Votsalo Apartmens\",\"isPartOf\":{\"@id\":\"https:\/\/www.ammosvotsalo.com\/#website\"},\"datePublished\":\"2016-02-01T15:06:23+00:00\",\"dateModified\":\"2016-02-01T15:06:23+00:00\",\"breadcrumb\":{\"@id\":\"https:\/\/www.ammosvotsalo.com\/de\/der-tsakonische-dialekt\/#breadcrumb\"},\"inLanguage\":\"de\",\"potentialAction\":[{\"@type\":\"ReadAction\",\"target\":[\"https:\/\/www.ammosvotsalo.com\/de\/der-tsakonische-dialekt\/\"]}]},{\"@type\":\"BreadcrumbList\",\"@id\":\"https:\/\/www.ammosvotsalo.com\/de\/der-tsakonische-dialekt\/#breadcrumb\",\"itemListElement\":[{\"@type\":\"ListItem\",\"position\":1,\"name\":\"Home\",\"item\":\"https:\/\/www.ammosvotsalo.com\/de\/\"},{\"@type\":\"ListItem\",\"position\":2,\"name\":\"Der Tsakonische Dialekt\"}]},{\"@type\":\"WebSite\",\"@id\":\"https:\/\/www.ammosvotsalo.com\/#website\",\"url\":\"https:\/\/www.ammosvotsalo.com\/\",\"name\":\"Ammos &amp; Votsalo Apartmens\",\"description\":\"\",\"potentialAction\":[{\"@type\":\"SearchAction\",\"target\":{\"@type\":\"EntryPoint\",\"urlTemplate\":\"https:\/\/www.ammosvotsalo.com\/?s={search_term_string}\"},\"query-input\":\"required name=search_term_string\"}],\"inLanguage\":\"de\"}]}<\/script>\n<!-- \/ Yoast SEO plugin. -->","yoast_head_json":{"title":"Der Tsakonische Dialekt | Ammos &amp; Votsalo Apartmens","robots":{"index":"index","follow":"follow","max-snippet":"max-snippet:-1","max-image-preview":"max-image-preview:large","max-video-preview":"max-video-preview:-1"},"canonical":"https:\/\/www.ammosvotsalo.com\/de\/der-tsakonische-dialekt\/","og_locale":"de_DE","og_type":"article","og_title":"Der Tsakonische Dialekt | Ammos &amp; Votsalo Apartmens","og_description":"Das tsakonische Volk stammt unumstritten von den Doriern ab. Der tsakonische Dialekt (einige Gelehrte bestehen darauf, dass es eine eigene Sprache ist) hat sich aus dem antiken dorischen Dialekts entwickelt. Diese Mundart gilt als eine der \u00e4ltesten Sprachen und Dialekte, Read more ...","og_url":"https:\/\/www.ammosvotsalo.com\/de\/der-tsakonische-dialekt\/","og_site_name":"Ammos &amp; Votsalo Apartmens","twitter_card":"summary_large_image","twitter_misc":{"Gesch\u00e4tzte Lesezeit":"1\u00a0Minute"},"schema":{"@context":"https:\/\/schema.org","@graph":[{"@type":"WebPage","@id":"https:\/\/www.ammosvotsalo.com\/de\/der-tsakonische-dialekt\/","url":"https:\/\/www.ammosvotsalo.com\/de\/der-tsakonische-dialekt\/","name":"Der Tsakonische Dialekt | Ammos &amp; Votsalo Apartmens","isPartOf":{"@id":"https:\/\/www.ammosvotsalo.com\/#website"},"datePublished":"2016-02-01T15:06:23+00:00","dateModified":"2016-02-01T15:06:23+00:00","breadcrumb":{"@id":"https:\/\/www.ammosvotsalo.com\/de\/der-tsakonische-dialekt\/#breadcrumb"},"inLanguage":"de","potentialAction":[{"@type":"ReadAction","target":["https:\/\/www.ammosvotsalo.com\/de\/der-tsakonische-dialekt\/"]}]},{"@type":"BreadcrumbList","@id":"https:\/\/www.ammosvotsalo.com\/de\/der-tsakonische-dialekt\/#breadcrumb","itemListElement":[{"@type":"ListItem","position":1,"name":"Home","item":"https:\/\/www.ammosvotsalo.com\/de\/"},{"@type":"ListItem","position":2,"name":"Der Tsakonische Dialekt"}]},{"@type":"WebSite","@id":"https:\/\/www.ammosvotsalo.com\/#website","url":"https:\/\/www.ammosvotsalo.com\/","name":"Ammos &amp; Votsalo Apartmens","description":"","potentialAction":[{"@type":"SearchAction","target":{"@type":"EntryPoint","urlTemplate":"https:\/\/www.ammosvotsalo.com\/?s={search_term_string}"},"query-input":"required name=search_term_string"}],"inLanguage":"de"}]}},"_links":{"self":[{"href":"https:\/\/www.ammosvotsalo.com\/de\/wp-json\/wp\/v2\/pages\/1373"}],"collection":[{"href":"https:\/\/www.ammosvotsalo.com\/de\/wp-json\/wp\/v2\/pages"}],"about":[{"href":"https:\/\/www.ammosvotsalo.com\/de\/wp-json\/wp\/v2\/types\/page"}],"author":[{"embeddable":true,"href":"https:\/\/www.ammosvotsalo.com\/de\/wp-json\/wp\/v2\/users\/1"}],"replies":[{"embeddable":true,"href":"https:\/\/www.ammosvotsalo.com\/de\/wp-json\/wp\/v2\/comments?post=1373"}],"version-history":[{"count":1,"href":"https:\/\/www.ammosvotsalo.com\/de\/wp-json\/wp\/v2\/pages\/1373\/revisions"}],"predecessor-version":[{"id":1374,"href":"https:\/\/www.ammosvotsalo.com\/de\/wp-json\/wp\/v2\/pages\/1373\/revisions\/1374"}],"wp:attachment":[{"href":"https:\/\/www.ammosvotsalo.com\/de\/wp-json\/wp\/v2\/media?parent=1373"}],"curies":[{"name":"wp","href":"https:\/\/api.w.org\/{rel}","templated":true}]}}