{"id":1376,"date":"2016-02-01T15:10:09","date_gmt":"2016-02-01T15:10:09","guid":{"rendered":"http:\/\/www.ammosvotsalo.com\/?page_id=1376"},"modified":"2016-02-01T15:10:09","modified_gmt":"2016-02-01T15:10:09","slug":"der-tsakonische-tanz","status":"publish","type":"page","link":"https:\/\/www.ammosvotsalo.com\/de\/der-tsakonische-tanz\/","title":{"rendered":"Der Tsakonische Tanz"},"content":{"rendered":"<p>\n\t<div title='Resize Body Text' class='wpTextResizeControls' style='background-color:lightgray;border-radius:7px;-moz-border-radius:7px;-webkit-border-radius:7px;padding:3px;width:55px;'>\n\t\t<a class='increaseFont' title='Increase Font Size' style='font-size:18px;cursor:pointer;' >A<\/a><a class='resetFont' title='Reset Font Size' style='font-size:13px;padding-left:10px;cursor:pointer;'>A<\/a><a class='decreaseFont' title='Decrease Font Size' style='font-size:10px;padding-left:10px;cursor:pointer;'>A<\/a><\/div><br \/>\nDer tsakonische Tanz ist so alt wie der tsakonische Dialekt. Seine Drehungen und Wendungen haben sich \u00fcber die Jahrhunderte hinweg nicht ver\u00e4ndert. Seine Schritte erfassen den Takt mit Genauigkeit und W\u00fcrde. Das Tempo veranlasst die Menschen sich genau im Takt zu bewegen. Die T\u00e4nzer halten sich an den Armen und erschaffen dadurch einen unzerbrechlichen Kreis. Es gibt eine Sage die besagt, dass dieser Tanz in Kynouria der Verehrung der k\u00e4mpferischen und jungen Sch\u00f6nheit, der G\u00f6ttin Artemis galt.<\/p>\n<p>Der tsakonische Tanz wird kreisf\u00f6rmige getanzt und formt manchmal kunstvolle Spiralen, die an heilig Wandgem\u00e4lde und lila farbene B\u00e4nder erinnern. \u00dcberzeugte Wissenschaftler ordnen den Tanz dem \u201cCrane\u201d Tanz zu, dem Tanz des Theseus. Dieser basiert auf den dramatischen Entwicklungen, die sich auf den Stufen abspielten, die zum Ausgang des Labyrintes zu f\u00fchren schienen. Eine andere interessante Theorie erkl\u00e4rt, dass der tsakonische Tanz mit seinen schlangengleichen Bewegungen, die Schlacht von Apollo mit Python, der antiken Schlange aus der Unterwelt, darstellt. Der erste T\u00e4nzer steht dem zweiten T\u00e4nzer von Angesicht zu Angesicht gegen\u00fcber. Die beschreibt haargenau den hypnotisierenden Willenskampf zwischen dem Gott und der Schlange.<\/p>\n<p>Gewiss ist es ein heiliger Tanz, der die Jahrhunderte mit seinen kreisf\u00f6rmigen Tanzschritten durchschritten hat. Seine Strenge verweist eindeutig auf eine religi\u00f6se Truppe w\u00e4hrend einer heiligen Handlung und nicht auf einen gew\u00f6hnlichen Volkstanz.<\/p>\n","protected":false},"excerpt":{"rendered":"<p>Der tsakonische Tanz ist so alt wie der tsakonische Dialekt. Seine Drehungen und Wendungen haben sich \u00fcber die Jahrhunderte hinweg nicht ver\u00e4ndert. Seine Schritte erfassen den Takt mit Genauigkeit und W\u00fcrde. Das Tempo veranlasst die Menschen sich genau im Takt <a class=\"more-link\" href=\"https:\/\/www.ammosvotsalo.com\/de\/der-tsakonische-tanz\/\">Read more &#8230;<\/a><\/p>\n","protected":false},"author":1,"featured_media":0,"parent":0,"menu_order":0,"comment_status":"closed","ping_status":"closed","template":"","meta":[],"yoast_head":"<!-- This site is optimized with the Yoast SEO plugin v19.12 - https:\/\/yoast.com\/wordpress\/plugins\/seo\/ -->\n<title>Der Tsakonische Tanz | Ammos &amp; Votsalo Apartmens<\/title>\n<meta name=\"robots\" content=\"index, follow, max-snippet:-1, max-image-preview:large, max-video-preview:-1\" \/>\n<link rel=\"canonical\" href=\"https:\/\/www.ammosvotsalo.com\/de\/der-tsakonische-tanz\/\" \/>\n<meta property=\"og:locale\" content=\"de_DE\" \/>\n<meta property=\"og:type\" content=\"article\" \/>\n<meta property=\"og:title\" content=\"Der Tsakonische Tanz | Ammos &amp; Votsalo Apartmens\" \/>\n<meta property=\"og:description\" content=\"Der tsakonische Tanz ist so alt wie der tsakonische Dialekt. Seine Drehungen und Wendungen haben sich \u00fcber die Jahrhunderte hinweg nicht ver\u00e4ndert. Seine Schritte erfassen den Takt mit Genauigkeit und W\u00fcrde. Das Tempo veranlasst die Menschen sich genau im Takt Read more ...\" \/>\n<meta property=\"og:url\" content=\"https:\/\/www.ammosvotsalo.com\/de\/der-tsakonische-tanz\/\" \/>\n<meta property=\"og:site_name\" content=\"Ammos &amp; Votsalo Apartmens\" \/>\n<meta name=\"twitter:card\" content=\"summary_large_image\" \/>\n<meta name=\"twitter:label1\" content=\"Gesch\u00e4tzte Lesezeit\" \/>\n\t<meta name=\"twitter:data1\" content=\"1\u00a0Minute\" \/>\n<script type=\"application\/ld+json\" class=\"yoast-schema-graph\">{\"@context\":\"https:\/\/schema.org\",\"@graph\":[{\"@type\":\"WebPage\",\"@id\":\"https:\/\/www.ammosvotsalo.com\/de\/der-tsakonische-tanz\/\",\"url\":\"https:\/\/www.ammosvotsalo.com\/de\/der-tsakonische-tanz\/\",\"name\":\"Der Tsakonische Tanz | Ammos &amp; Votsalo Apartmens\",\"isPartOf\":{\"@id\":\"https:\/\/www.ammosvotsalo.com\/#website\"},\"datePublished\":\"2016-02-01T15:10:09+00:00\",\"dateModified\":\"2016-02-01T15:10:09+00:00\",\"breadcrumb\":{\"@id\":\"https:\/\/www.ammosvotsalo.com\/de\/der-tsakonische-tanz\/#breadcrumb\"},\"inLanguage\":\"de\",\"potentialAction\":[{\"@type\":\"ReadAction\",\"target\":[\"https:\/\/www.ammosvotsalo.com\/de\/der-tsakonische-tanz\/\"]}]},{\"@type\":\"BreadcrumbList\",\"@id\":\"https:\/\/www.ammosvotsalo.com\/de\/der-tsakonische-tanz\/#breadcrumb\",\"itemListElement\":[{\"@type\":\"ListItem\",\"position\":1,\"name\":\"Home\",\"item\":\"https:\/\/www.ammosvotsalo.com\/de\/\"},{\"@type\":\"ListItem\",\"position\":2,\"name\":\"Der Tsakonische Tanz\"}]},{\"@type\":\"WebSite\",\"@id\":\"https:\/\/www.ammosvotsalo.com\/#website\",\"url\":\"https:\/\/www.ammosvotsalo.com\/\",\"name\":\"Ammos &amp; Votsalo Apartmens\",\"description\":\"\",\"potentialAction\":[{\"@type\":\"SearchAction\",\"target\":{\"@type\":\"EntryPoint\",\"urlTemplate\":\"https:\/\/www.ammosvotsalo.com\/?s={search_term_string}\"},\"query-input\":\"required name=search_term_string\"}],\"inLanguage\":\"de\"}]}<\/script>\n<!-- \/ Yoast SEO plugin. -->","yoast_head_json":{"title":"Der Tsakonische Tanz | Ammos &amp; Votsalo Apartmens","robots":{"index":"index","follow":"follow","max-snippet":"max-snippet:-1","max-image-preview":"max-image-preview:large","max-video-preview":"max-video-preview:-1"},"canonical":"https:\/\/www.ammosvotsalo.com\/de\/der-tsakonische-tanz\/","og_locale":"de_DE","og_type":"article","og_title":"Der Tsakonische Tanz | Ammos &amp; Votsalo Apartmens","og_description":"Der tsakonische Tanz ist so alt wie der tsakonische Dialekt. Seine Drehungen und Wendungen haben sich \u00fcber die Jahrhunderte hinweg nicht ver\u00e4ndert. Seine Schritte erfassen den Takt mit Genauigkeit und W\u00fcrde. Das Tempo veranlasst die Menschen sich genau im Takt Read more ...","og_url":"https:\/\/www.ammosvotsalo.com\/de\/der-tsakonische-tanz\/","og_site_name":"Ammos &amp; Votsalo Apartmens","twitter_card":"summary_large_image","twitter_misc":{"Gesch\u00e4tzte Lesezeit":"1\u00a0Minute"},"schema":{"@context":"https:\/\/schema.org","@graph":[{"@type":"WebPage","@id":"https:\/\/www.ammosvotsalo.com\/de\/der-tsakonische-tanz\/","url":"https:\/\/www.ammosvotsalo.com\/de\/der-tsakonische-tanz\/","name":"Der Tsakonische Tanz | Ammos &amp; Votsalo Apartmens","isPartOf":{"@id":"https:\/\/www.ammosvotsalo.com\/#website"},"datePublished":"2016-02-01T15:10:09+00:00","dateModified":"2016-02-01T15:10:09+00:00","breadcrumb":{"@id":"https:\/\/www.ammosvotsalo.com\/de\/der-tsakonische-tanz\/#breadcrumb"},"inLanguage":"de","potentialAction":[{"@type":"ReadAction","target":["https:\/\/www.ammosvotsalo.com\/de\/der-tsakonische-tanz\/"]}]},{"@type":"BreadcrumbList","@id":"https:\/\/www.ammosvotsalo.com\/de\/der-tsakonische-tanz\/#breadcrumb","itemListElement":[{"@type":"ListItem","position":1,"name":"Home","item":"https:\/\/www.ammosvotsalo.com\/de\/"},{"@type":"ListItem","position":2,"name":"Der Tsakonische Tanz"}]},{"@type":"WebSite","@id":"https:\/\/www.ammosvotsalo.com\/#website","url":"https:\/\/www.ammosvotsalo.com\/","name":"Ammos &amp; Votsalo Apartmens","description":"","potentialAction":[{"@type":"SearchAction","target":{"@type":"EntryPoint","urlTemplate":"https:\/\/www.ammosvotsalo.com\/?s={search_term_string}"},"query-input":"required name=search_term_string"}],"inLanguage":"de"}]}},"_links":{"self":[{"href":"https:\/\/www.ammosvotsalo.com\/de\/wp-json\/wp\/v2\/pages\/1376"}],"collection":[{"href":"https:\/\/www.ammosvotsalo.com\/de\/wp-json\/wp\/v2\/pages"}],"about":[{"href":"https:\/\/www.ammosvotsalo.com\/de\/wp-json\/wp\/v2\/types\/page"}],"author":[{"embeddable":true,"href":"https:\/\/www.ammosvotsalo.com\/de\/wp-json\/wp\/v2\/users\/1"}],"replies":[{"embeddable":true,"href":"https:\/\/www.ammosvotsalo.com\/de\/wp-json\/wp\/v2\/comments?post=1376"}],"version-history":[{"count":1,"href":"https:\/\/www.ammosvotsalo.com\/de\/wp-json\/wp\/v2\/pages\/1376\/revisions"}],"predecessor-version":[{"id":1378,"href":"https:\/\/www.ammosvotsalo.com\/de\/wp-json\/wp\/v2\/pages\/1376\/revisions\/1378"}],"wp:attachment":[{"href":"https:\/\/www.ammosvotsalo.com\/de\/wp-json\/wp\/v2\/media?parent=1376"}],"curies":[{"name":"wp","href":"https:\/\/api.w.org\/{rel}","templated":true}]}}