{"id":1384,"date":"2016-02-01T15:18:17","date_gmt":"2016-02-01T15:18:17","guid":{"rendered":"http:\/\/www.ammosvotsalo.com\/?page_id=1384"},"modified":"2016-02-01T15:18:17","modified_gmt":"2016-02-01T15:18:17","slug":"regionale-erzeugnisse-aus-leonidiegionale-erzeugnisse-aus-leonidio","status":"publish","type":"page","link":"https:\/\/www.ammosvotsalo.com\/de\/regionale-erzeugnisse-aus-leonidiegionale-erzeugnisse-aus-leonidio\/","title":{"rendered":"Regionale Erzeugnisse aus Leonidio"},"content":{"rendered":"\n\t<div title='Resize Body Text' class='wpTextResizeControls' style='background-color:lightgray;border-radius:7px;-moz-border-radius:7px;-webkit-border-radius:7px;padding:3px;width:55px;'>\n\t\t<a class='increaseFont' title='Increase Font Size' style='font-size:18px;cursor:pointer;' >A<\/a><a class='resetFont' title='Reset Font Size' style='font-size:13px;padding-left:10px;cursor:pointer;'>A<\/a><a class='decreaseFont' title='Decrease Font Size' style='font-size:10px;padding-left:10px;cursor:pointer;'>A<\/a><\/div>\n<p>Das Land von Leonidio und seinem Tal sind wahrhaftig gesegnet. Es gibt uns Zitrusfr\u00fcchte, Oliven, Wein und viele verschiedene Gem\u00fcsearten. Die K\u00f6nigin unter dem Gem\u00fcse, das hier w\u00e4chst, ist die bekannte tsakonische Aubergine. Die Europ\u00e4ische Union hat ihr das Pr\u00e4dikat \u201cprotected designation of origin\u201d (PDO) gegeben und sie in das \u201eRegister der gesch\u00fctzten Ursprungsbezeichnungen und der gesch\u00fctzten geographischen Angaben\u201c eingetragen. Es wird auf den M\u00e4rkten auf der ganzen Welt als \u201etsakonische Aubergine aus Leonidio\u201c angeboten. Aufgrund der Bodenbeschaffenheit ist die Aubergine im Vergleich zu der gew\u00f6hnlichen Aubergine viel s\u00fc\u00dfer. Die Frucht ist dunkel lila und hat helle Streifen.<\/p>\n<p>Die Aubergine wird seid ungef\u00e4hr dem 12. Jahrhundert nach Christus in Tsakonia angebaut und gedeiht grossartig. Die ausgezeichnete Aubergine, eine Quelle reichlicher N\u00e4hrstoffe, ist wahrhaftig ein Elixir f\u00fcr ein langes Leben. Die Aubergine bek\u00e4mpft Giftstoffe, sie hat antioxidant Eigenschafte, sie unterst\u00fczt die Gerhirnaktivit\u00e4t und hilft bei der Gewichtsabnahme. Das ist ein wahres Geschenk der Natur!  <\/p>\n","protected":false},"excerpt":{"rendered":"<p>Das Land von Leonidio und seinem Tal sind wahrhaftig gesegnet. Es gibt uns Zitrusfr\u00fcchte, Oliven, Wein und viele verschiedene Gem\u00fcsearten. Die K\u00f6nigin unter dem Gem\u00fcse, das hier w\u00e4chst, ist die bekannte tsakonische Aubergine. Die Europ\u00e4ische Union hat ihr das Pr\u00e4dikat <a class=\"more-link\" href=\"https:\/\/www.ammosvotsalo.com\/de\/regionale-erzeugnisse-aus-leonidiegionale-erzeugnisse-aus-leonidio\/\">Read more &#8230;<\/a><\/p>\n","protected":false},"author":1,"featured_media":0,"parent":0,"menu_order":0,"comment_status":"closed","ping_status":"closed","template":"","meta":[],"yoast_head":"<!-- This site is optimized with the Yoast SEO plugin v19.12 - https:\/\/yoast.com\/wordpress\/plugins\/seo\/ -->\n<title>Regionale Erzeugnisse aus Leonidio | Ammos &amp; Votsalo Apartmens<\/title>\n<meta name=\"robots\" content=\"index, follow, max-snippet:-1, max-image-preview:large, max-video-preview:-1\" \/>\n<link rel=\"canonical\" href=\"https:\/\/www.ammosvotsalo.com\/de\/regionale-erzeugnisse-aus-leonidiegionale-erzeugnisse-aus-leonidio\/\" \/>\n<meta property=\"og:locale\" content=\"de_DE\" \/>\n<meta property=\"og:type\" content=\"article\" \/>\n<meta property=\"og:title\" content=\"Regionale Erzeugnisse aus Leonidio | Ammos &amp; Votsalo Apartmens\" \/>\n<meta property=\"og:description\" content=\"Das Land von Leonidio und seinem Tal sind wahrhaftig gesegnet. Es gibt uns Zitrusfr\u00fcchte, Oliven, Wein und viele verschiedene Gem\u00fcsearten. Die K\u00f6nigin unter dem Gem\u00fcse, das hier w\u00e4chst, ist die bekannte tsakonische Aubergine. Die Europ\u00e4ische Union hat ihr das Pr\u00e4dikat Read more ...\" \/>\n<meta property=\"og:url\" content=\"https:\/\/www.ammosvotsalo.com\/de\/regionale-erzeugnisse-aus-leonidiegionale-erzeugnisse-aus-leonidio\/\" \/>\n<meta property=\"og:site_name\" content=\"Ammos &amp; Votsalo Apartmens\" \/>\n<meta name=\"twitter:card\" content=\"summary_large_image\" \/>\n<meta name=\"twitter:label1\" content=\"Gesch\u00e4tzte Lesezeit\" \/>\n\t<meta name=\"twitter:data1\" content=\"1\u00a0Minute\" \/>\n<script type=\"application\/ld+json\" class=\"yoast-schema-graph\">{\"@context\":\"https:\/\/schema.org\",\"@graph\":[{\"@type\":\"WebPage\",\"@id\":\"https:\/\/www.ammosvotsalo.com\/de\/regionale-erzeugnisse-aus-leonidiegionale-erzeugnisse-aus-leonidio\/\",\"url\":\"https:\/\/www.ammosvotsalo.com\/de\/regionale-erzeugnisse-aus-leonidiegionale-erzeugnisse-aus-leonidio\/\",\"name\":\"Regionale Erzeugnisse aus Leonidio | Ammos &amp; Votsalo Apartmens\",\"isPartOf\":{\"@id\":\"https:\/\/www.ammosvotsalo.com\/#website\"},\"datePublished\":\"2016-02-01T15:18:17+00:00\",\"dateModified\":\"2016-02-01T15:18:17+00:00\",\"breadcrumb\":{\"@id\":\"https:\/\/www.ammosvotsalo.com\/de\/regionale-erzeugnisse-aus-leonidiegionale-erzeugnisse-aus-leonidio\/#breadcrumb\"},\"inLanguage\":\"de\",\"potentialAction\":[{\"@type\":\"ReadAction\",\"target\":[\"https:\/\/www.ammosvotsalo.com\/de\/regionale-erzeugnisse-aus-leonidiegionale-erzeugnisse-aus-leonidio\/\"]}]},{\"@type\":\"BreadcrumbList\",\"@id\":\"https:\/\/www.ammosvotsalo.com\/de\/regionale-erzeugnisse-aus-leonidiegionale-erzeugnisse-aus-leonidio\/#breadcrumb\",\"itemListElement\":[{\"@type\":\"ListItem\",\"position\":1,\"name\":\"Home\",\"item\":\"https:\/\/www.ammosvotsalo.com\/de\/\"},{\"@type\":\"ListItem\",\"position\":2,\"name\":\"Regionale Erzeugnisse aus Leonidio\"}]},{\"@type\":\"WebSite\",\"@id\":\"https:\/\/www.ammosvotsalo.com\/#website\",\"url\":\"https:\/\/www.ammosvotsalo.com\/\",\"name\":\"Ammos &amp; Votsalo Apartmens\",\"description\":\"\",\"potentialAction\":[{\"@type\":\"SearchAction\",\"target\":{\"@type\":\"EntryPoint\",\"urlTemplate\":\"https:\/\/www.ammosvotsalo.com\/?s={search_term_string}\"},\"query-input\":\"required name=search_term_string\"}],\"inLanguage\":\"de\"}]}<\/script>\n<!-- \/ Yoast SEO plugin. -->","yoast_head_json":{"title":"Regionale Erzeugnisse aus Leonidio | Ammos &amp; Votsalo Apartmens","robots":{"index":"index","follow":"follow","max-snippet":"max-snippet:-1","max-image-preview":"max-image-preview:large","max-video-preview":"max-video-preview:-1"},"canonical":"https:\/\/www.ammosvotsalo.com\/de\/regionale-erzeugnisse-aus-leonidiegionale-erzeugnisse-aus-leonidio\/","og_locale":"de_DE","og_type":"article","og_title":"Regionale Erzeugnisse aus Leonidio | Ammos &amp; Votsalo Apartmens","og_description":"Das Land von Leonidio und seinem Tal sind wahrhaftig gesegnet. Es gibt uns Zitrusfr\u00fcchte, Oliven, Wein und viele verschiedene Gem\u00fcsearten. Die K\u00f6nigin unter dem Gem\u00fcse, das hier w\u00e4chst, ist die bekannte tsakonische Aubergine. Die Europ\u00e4ische Union hat ihr das Pr\u00e4dikat Read more ...","og_url":"https:\/\/www.ammosvotsalo.com\/de\/regionale-erzeugnisse-aus-leonidiegionale-erzeugnisse-aus-leonidio\/","og_site_name":"Ammos &amp; Votsalo Apartmens","twitter_card":"summary_large_image","twitter_misc":{"Gesch\u00e4tzte Lesezeit":"1\u00a0Minute"},"schema":{"@context":"https:\/\/schema.org","@graph":[{"@type":"WebPage","@id":"https:\/\/www.ammosvotsalo.com\/de\/regionale-erzeugnisse-aus-leonidiegionale-erzeugnisse-aus-leonidio\/","url":"https:\/\/www.ammosvotsalo.com\/de\/regionale-erzeugnisse-aus-leonidiegionale-erzeugnisse-aus-leonidio\/","name":"Regionale Erzeugnisse aus Leonidio | Ammos &amp; Votsalo Apartmens","isPartOf":{"@id":"https:\/\/www.ammosvotsalo.com\/#website"},"datePublished":"2016-02-01T15:18:17+00:00","dateModified":"2016-02-01T15:18:17+00:00","breadcrumb":{"@id":"https:\/\/www.ammosvotsalo.com\/de\/regionale-erzeugnisse-aus-leonidiegionale-erzeugnisse-aus-leonidio\/#breadcrumb"},"inLanguage":"de","potentialAction":[{"@type":"ReadAction","target":["https:\/\/www.ammosvotsalo.com\/de\/regionale-erzeugnisse-aus-leonidiegionale-erzeugnisse-aus-leonidio\/"]}]},{"@type":"BreadcrumbList","@id":"https:\/\/www.ammosvotsalo.com\/de\/regionale-erzeugnisse-aus-leonidiegionale-erzeugnisse-aus-leonidio\/#breadcrumb","itemListElement":[{"@type":"ListItem","position":1,"name":"Home","item":"https:\/\/www.ammosvotsalo.com\/de\/"},{"@type":"ListItem","position":2,"name":"Regionale Erzeugnisse aus Leonidio"}]},{"@type":"WebSite","@id":"https:\/\/www.ammosvotsalo.com\/#website","url":"https:\/\/www.ammosvotsalo.com\/","name":"Ammos &amp; Votsalo Apartmens","description":"","potentialAction":[{"@type":"SearchAction","target":{"@type":"EntryPoint","urlTemplate":"https:\/\/www.ammosvotsalo.com\/?s={search_term_string}"},"query-input":"required name=search_term_string"}],"inLanguage":"de"}]}},"_links":{"self":[{"href":"https:\/\/www.ammosvotsalo.com\/de\/wp-json\/wp\/v2\/pages\/1384"}],"collection":[{"href":"https:\/\/www.ammosvotsalo.com\/de\/wp-json\/wp\/v2\/pages"}],"about":[{"href":"https:\/\/www.ammosvotsalo.com\/de\/wp-json\/wp\/v2\/types\/page"}],"author":[{"embeddable":true,"href":"https:\/\/www.ammosvotsalo.com\/de\/wp-json\/wp\/v2\/users\/1"}],"replies":[{"embeddable":true,"href":"https:\/\/www.ammosvotsalo.com\/de\/wp-json\/wp\/v2\/comments?post=1384"}],"version-history":[{"count":1,"href":"https:\/\/www.ammosvotsalo.com\/de\/wp-json\/wp\/v2\/pages\/1384\/revisions"}],"predecessor-version":[{"id":1385,"href":"https:\/\/www.ammosvotsalo.com\/de\/wp-json\/wp\/v2\/pages\/1384\/revisions\/1385"}],"wp:attachment":[{"href":"https:\/\/www.ammosvotsalo.com\/de\/wp-json\/wp\/v2\/media?parent=1384"}],"curies":[{"name":"wp","href":"https:\/\/api.w.org\/{rel}","templated":true}]}}