{"id":1397,"date":"2016-02-01T15:43:50","date_gmt":"2016-02-01T15:43:50","guid":{"rendered":"http:\/\/www.ammosvotsalo.com\/?page_id=1397"},"modified":"2016-02-01T15:43:50","modified_gmt":"2016-02-01T15:43:50","slug":"die-geschichte-der-apartments","status":"publish","type":"page","link":"https:\/\/www.ammosvotsalo.com\/de\/die-geschichte-der-apartments\/","title":{"rendered":"Die Geschichte der Apartments"},"content":{"rendered":"\n\t<div title='Resize Body Text' class='wpTextResizeControls' style='background-color:lightgray;border-radius:7px;-moz-border-radius:7px;-webkit-border-radius:7px;padding:3px;width:55px;'>\n\t\t<a class='increaseFont' title='Increase Font Size' style='font-size:18px;cursor:pointer;' >A<\/a><a class='resetFont' title='Reset Font Size' style='font-size:13px;padding-left:10px;cursor:pointer;'>A<\/a><a class='decreaseFont' title='Decrease Font Size' style='font-size:10px;padding-left:10px;cursor:pointer;'>A<\/a><\/div>\n<p>George Kourtesis, ein Friseur, machte im Jahr 1966 seinen Traum wahr. Mit viel M\u00fche, harter Arbeit und gen\u00fcgend Aufopferungen war es ihm m\u00f6glich, diese St\u00fcck Land zu kaufen. Sein Traum von einem Grundst\u00fcck am Meer in seinem Heimatland wurde Wirklichkeit!<\/p>\n<p>1971 wurde das zweist\u00f6ckige Geb\u00e4ude erbaut und sobald er im Jahre 1972 die Erlaubnis von der Griechischen Tourismus Orgaisation erhielt, vermietete er auch als einer der ersten 4 Dopperzimmer. Er f\u00fchrte diese bis 2006.<\/p>\n<p>Der Wiederaufbau des Geb\u00e4udes begann im Winter 2013. Dies war Teil des Gesch\u00e4ftsprogrammes \u00a8Competitiveness and \u0395entrepreneurship &#8211; National Strategic Frame Reference\u00a8 (NSFR 2007 &#8211; 2013). Die Arbeiten wurden schliesslich im Herbst 2015 abgeschlossen. Anstelle der 4 Zimmer befinden sich im ersten Stockwerk nur 2 Doppelzimmer. Jedes dieser Zimmer hat drei Bereiche. Im Erdgeschoss befindet sich die Rezeption und ein Wohnzimmer.<\/p>\n","protected":false},"excerpt":{"rendered":"<p>George Kourtesis, ein Friseur, machte im Jahr 1966 seinen Traum wahr. Mit viel M\u00fche, harter Arbeit und gen\u00fcgend Aufopferungen war es ihm m\u00f6glich, diese St\u00fcck Land zu kaufen. Sein Traum von einem Grundst\u00fcck am Meer in seinem Heimatland wurde Wirklichkeit! <a class=\"more-link\" href=\"https:\/\/www.ammosvotsalo.com\/de\/die-geschichte-der-apartments\/\">Read more &#8230;<\/a><\/p>\n","protected":false},"author":1,"featured_media":0,"parent":0,"menu_order":0,"comment_status":"closed","ping_status":"closed","template":"","meta":[],"yoast_head":"<!-- This site is optimized with the Yoast SEO plugin v19.12 - https:\/\/yoast.com\/wordpress\/plugins\/seo\/ -->\n<title>Die Geschichte der Apartments | Ammos &amp; Votsalo Apartmens<\/title>\n<meta name=\"robots\" content=\"index, follow, max-snippet:-1, max-image-preview:large, max-video-preview:-1\" \/>\n<link rel=\"canonical\" href=\"https:\/\/www.ammosvotsalo.com\/de\/die-geschichte-der-apartments\/\" \/>\n<meta property=\"og:locale\" content=\"de_DE\" \/>\n<meta property=\"og:type\" content=\"article\" \/>\n<meta property=\"og:title\" content=\"Die Geschichte der Apartments | Ammos &amp; Votsalo Apartmens\" \/>\n<meta property=\"og:description\" content=\"George Kourtesis, ein Friseur, machte im Jahr 1966 seinen Traum wahr. Mit viel M\u00fche, harter Arbeit und gen\u00fcgend Aufopferungen war es ihm m\u00f6glich, diese St\u00fcck Land zu kaufen. Sein Traum von einem Grundst\u00fcck am Meer in seinem Heimatland wurde Wirklichkeit! Read more ...\" \/>\n<meta property=\"og:url\" content=\"https:\/\/www.ammosvotsalo.com\/de\/die-geschichte-der-apartments\/\" \/>\n<meta property=\"og:site_name\" content=\"Ammos &amp; Votsalo Apartmens\" \/>\n<meta name=\"twitter:card\" content=\"summary_large_image\" \/>\n<meta name=\"twitter:label1\" content=\"Gesch\u00e4tzte Lesezeit\" \/>\n\t<meta name=\"twitter:data1\" content=\"1\u00a0Minute\" \/>\n<script type=\"application\/ld+json\" class=\"yoast-schema-graph\">{\"@context\":\"https:\/\/schema.org\",\"@graph\":[{\"@type\":\"WebPage\",\"@id\":\"https:\/\/www.ammosvotsalo.com\/de\/die-geschichte-der-apartments\/\",\"url\":\"https:\/\/www.ammosvotsalo.com\/de\/die-geschichte-der-apartments\/\",\"name\":\"Die Geschichte der Apartments | Ammos &amp; Votsalo Apartmens\",\"isPartOf\":{\"@id\":\"https:\/\/www.ammosvotsalo.com\/#website\"},\"datePublished\":\"2016-02-01T15:43:50+00:00\",\"dateModified\":\"2016-02-01T15:43:50+00:00\",\"breadcrumb\":{\"@id\":\"https:\/\/www.ammosvotsalo.com\/de\/die-geschichte-der-apartments\/#breadcrumb\"},\"inLanguage\":\"de\",\"potentialAction\":[{\"@type\":\"ReadAction\",\"target\":[\"https:\/\/www.ammosvotsalo.com\/de\/die-geschichte-der-apartments\/\"]}]},{\"@type\":\"BreadcrumbList\",\"@id\":\"https:\/\/www.ammosvotsalo.com\/de\/die-geschichte-der-apartments\/#breadcrumb\",\"itemListElement\":[{\"@type\":\"ListItem\",\"position\":1,\"name\":\"Home\",\"item\":\"https:\/\/www.ammosvotsalo.com\/de\/\"},{\"@type\":\"ListItem\",\"position\":2,\"name\":\"Die Geschichte der Apartments\"}]},{\"@type\":\"WebSite\",\"@id\":\"https:\/\/www.ammosvotsalo.com\/#website\",\"url\":\"https:\/\/www.ammosvotsalo.com\/\",\"name\":\"Ammos &amp; Votsalo Apartmens\",\"description\":\"\",\"potentialAction\":[{\"@type\":\"SearchAction\",\"target\":{\"@type\":\"EntryPoint\",\"urlTemplate\":\"https:\/\/www.ammosvotsalo.com\/?s={search_term_string}\"},\"query-input\":\"required name=search_term_string\"}],\"inLanguage\":\"de\"}]}<\/script>\n<!-- \/ Yoast SEO plugin. -->","yoast_head_json":{"title":"Die Geschichte der Apartments | Ammos &amp; Votsalo Apartmens","robots":{"index":"index","follow":"follow","max-snippet":"max-snippet:-1","max-image-preview":"max-image-preview:large","max-video-preview":"max-video-preview:-1"},"canonical":"https:\/\/www.ammosvotsalo.com\/de\/die-geschichte-der-apartments\/","og_locale":"de_DE","og_type":"article","og_title":"Die Geschichte der Apartments | Ammos &amp; Votsalo Apartmens","og_description":"George Kourtesis, ein Friseur, machte im Jahr 1966 seinen Traum wahr. Mit viel M\u00fche, harter Arbeit und gen\u00fcgend Aufopferungen war es ihm m\u00f6glich, diese St\u00fcck Land zu kaufen. Sein Traum von einem Grundst\u00fcck am Meer in seinem Heimatland wurde Wirklichkeit! Read more ...","og_url":"https:\/\/www.ammosvotsalo.com\/de\/die-geschichte-der-apartments\/","og_site_name":"Ammos &amp; Votsalo Apartmens","twitter_card":"summary_large_image","twitter_misc":{"Gesch\u00e4tzte Lesezeit":"1\u00a0Minute"},"schema":{"@context":"https:\/\/schema.org","@graph":[{"@type":"WebPage","@id":"https:\/\/www.ammosvotsalo.com\/de\/die-geschichte-der-apartments\/","url":"https:\/\/www.ammosvotsalo.com\/de\/die-geschichte-der-apartments\/","name":"Die Geschichte der Apartments | Ammos &amp; Votsalo Apartmens","isPartOf":{"@id":"https:\/\/www.ammosvotsalo.com\/#website"},"datePublished":"2016-02-01T15:43:50+00:00","dateModified":"2016-02-01T15:43:50+00:00","breadcrumb":{"@id":"https:\/\/www.ammosvotsalo.com\/de\/die-geschichte-der-apartments\/#breadcrumb"},"inLanguage":"de","potentialAction":[{"@type":"ReadAction","target":["https:\/\/www.ammosvotsalo.com\/de\/die-geschichte-der-apartments\/"]}]},{"@type":"BreadcrumbList","@id":"https:\/\/www.ammosvotsalo.com\/de\/die-geschichte-der-apartments\/#breadcrumb","itemListElement":[{"@type":"ListItem","position":1,"name":"Home","item":"https:\/\/www.ammosvotsalo.com\/de\/"},{"@type":"ListItem","position":2,"name":"Die Geschichte der Apartments"}]},{"@type":"WebSite","@id":"https:\/\/www.ammosvotsalo.com\/#website","url":"https:\/\/www.ammosvotsalo.com\/","name":"Ammos &amp; Votsalo Apartmens","description":"","potentialAction":[{"@type":"SearchAction","target":{"@type":"EntryPoint","urlTemplate":"https:\/\/www.ammosvotsalo.com\/?s={search_term_string}"},"query-input":"required name=search_term_string"}],"inLanguage":"de"}]}},"_links":{"self":[{"href":"https:\/\/www.ammosvotsalo.com\/de\/wp-json\/wp\/v2\/pages\/1397"}],"collection":[{"href":"https:\/\/www.ammosvotsalo.com\/de\/wp-json\/wp\/v2\/pages"}],"about":[{"href":"https:\/\/www.ammosvotsalo.com\/de\/wp-json\/wp\/v2\/types\/page"}],"author":[{"embeddable":true,"href":"https:\/\/www.ammosvotsalo.com\/de\/wp-json\/wp\/v2\/users\/1"}],"replies":[{"embeddable":true,"href":"https:\/\/www.ammosvotsalo.com\/de\/wp-json\/wp\/v2\/comments?post=1397"}],"version-history":[{"count":1,"href":"https:\/\/www.ammosvotsalo.com\/de\/wp-json\/wp\/v2\/pages\/1397\/revisions"}],"predecessor-version":[{"id":1398,"href":"https:\/\/www.ammosvotsalo.com\/de\/wp-json\/wp\/v2\/pages\/1397\/revisions\/1398"}],"wp:attachment":[{"href":"https:\/\/www.ammosvotsalo.com\/de\/wp-json\/wp\/v2\/media?parent=1397"}],"curies":[{"name":"wp","href":"https:\/\/api.w.org\/{rel}","templated":true}]}}