{"id":1405,"date":"2016-02-01T16:01:06","date_gmt":"2016-02-01T16:01:06","guid":{"rendered":"http:\/\/www.ammosvotsalo.com\/?page_id=1405"},"modified":"2016-02-26T16:37:34","modified_gmt":"2016-02-26T14:37:34","slug":"zusatzlicher-service","status":"publish","type":"page","link":"https:\/\/www.ammosvotsalo.com\/de\/zusatzlicher-service\/","title":{"rendered":"Zusatzlicher Service"},"content":{"rendered":"<p>\n\t<div title='Resize Body Text' class='wpTextResizeControls' style='background-color:lightgray;border-radius:7px;-moz-border-radius:7px;-webkit-border-radius:7px;padding:3px;width:55px;'>\n\t\t<a class='increaseFont' title='Increase Font Size' style='font-size:18px;cursor:pointer;' >A<\/a><a class='resetFont' title='Reset Font Size' style='font-size:13px;padding-left:10px;cursor:pointer;'>A<\/a><a class='decreaseFont' title='Decrease Font Size' style='font-size:10px;padding-left:10px;cursor:pointer;'>A<\/a><\/div><br \/>\n\u221a Kalt &#038; Heiss Wasser in Bad und K\u00fcche<br \/>\n\u221a Steckdosen in allen R\u00e4umen<br \/>\n\u221a T\u00e4gliche Reinigung<br \/>\n\u221a Handt\u00fccher und Bettw\u00e4sche werden 4 mal die Woche gewechselt<br \/>\n\u221a W\u00e4sche waschen, b\u00fcgeln \u2013 fragen Sie an der Rezeption nach den Details. Wir k\u00fcmmern uns gerne darum<br \/>\n\u221a Wir helfen gerne mit sportliche Freizeitaktivi\u00e4ten (auf Anfrage)<br \/>\n\u221a Treppenlift f\u00fcr Menschen mit speziellen Bed\u00fcrfnissen oder Gehschwierigkeiten (STANNAH)<br \/>\n\u221a Erste Hilfe Kasten (Rezeption)<br \/>\n\u221a Gep\u00e4ckaufbewahrung (Rezeption)<br \/>\n\u221a Schild mit Notfallnummern<br \/>\n\u221a Kasten f\u00fcr Beschwerden, Anregungen und Komplimente<br \/>\n\u221a Informationen und Flyer zum Geb\u00e4ude und Einrichtungen in der Umgebung<br \/>\n\u221a Fr\u00fcher Check-In und sp\u00e4ter Check-Out nach Absprache und Verf\u00fcgbarkeit<\/p>\n","protected":false},"excerpt":{"rendered":"<p>\u221a Kalt &#038; Heiss Wasser in Bad und K\u00fcche \u221a Steckdosen in allen R\u00e4umen \u221a T\u00e4gliche Reinigung \u221a Handt\u00fccher und Bettw\u00e4sche werden 4 mal die Woche gewechselt \u221a W\u00e4sche waschen, b\u00fcgeln \u2013 fragen Sie an der Rezeption nach den Details. <a class=\"more-link\" href=\"https:\/\/www.ammosvotsalo.com\/de\/zusatzlicher-service\/\">Read more &#8230;<\/a><\/p>\n","protected":false},"author":1,"featured_media":0,"parent":0,"menu_order":0,"comment_status":"closed","ping_status":"closed","template":"","meta":[],"yoast_head":"<!-- This site is optimized with the Yoast SEO plugin v19.12 - https:\/\/yoast.com\/wordpress\/plugins\/seo\/ -->\n<title>Zusatzlicher Service | Ammos &amp; Votsalo Apartmens<\/title>\n<meta name=\"robots\" content=\"index, follow, max-snippet:-1, max-image-preview:large, max-video-preview:-1\" \/>\n<link rel=\"canonical\" href=\"https:\/\/www.ammosvotsalo.com\/de\/zusatzlicher-service\/\" \/>\n<meta property=\"og:locale\" content=\"de_DE\" \/>\n<meta property=\"og:type\" content=\"article\" \/>\n<meta property=\"og:title\" content=\"Zusatzlicher Service | Ammos &amp; Votsalo Apartmens\" \/>\n<meta property=\"og:description\" content=\"\u221a Kalt &#038; Heiss Wasser in Bad und K\u00fcche \u221a Steckdosen in allen R\u00e4umen \u221a T\u00e4gliche Reinigung \u221a Handt\u00fccher und Bettw\u00e4sche werden 4 mal die Woche gewechselt \u221a W\u00e4sche waschen, b\u00fcgeln \u2013 fragen Sie an der Rezeption nach den Details. Read more ...\" \/>\n<meta property=\"og:url\" content=\"https:\/\/www.ammosvotsalo.com\/de\/zusatzlicher-service\/\" \/>\n<meta property=\"og:site_name\" content=\"Ammos &amp; Votsalo Apartmens\" \/>\n<meta property=\"article:modified_time\" content=\"2016-02-26T14:37:34+00:00\" \/>\n<meta name=\"twitter:card\" content=\"summary_large_image\" \/>\n<meta name=\"twitter:label1\" content=\"Gesch\u00e4tzte Lesezeit\" \/>\n\t<meta name=\"twitter:data1\" content=\"1\u00a0Minute\" \/>\n<script type=\"application\/ld+json\" class=\"yoast-schema-graph\">{\"@context\":\"https:\/\/schema.org\",\"@graph\":[{\"@type\":\"WebPage\",\"@id\":\"https:\/\/www.ammosvotsalo.com\/de\/zusatzlicher-service\/\",\"url\":\"https:\/\/www.ammosvotsalo.com\/de\/zusatzlicher-service\/\",\"name\":\"Zusatzlicher Service | Ammos &amp; Votsalo Apartmens\",\"isPartOf\":{\"@id\":\"https:\/\/www.ammosvotsalo.com\/#website\"},\"datePublished\":\"2016-02-01T16:01:06+00:00\",\"dateModified\":\"2016-02-26T14:37:34+00:00\",\"breadcrumb\":{\"@id\":\"https:\/\/www.ammosvotsalo.com\/de\/zusatzlicher-service\/#breadcrumb\"},\"inLanguage\":\"de\",\"potentialAction\":[{\"@type\":\"ReadAction\",\"target\":[\"https:\/\/www.ammosvotsalo.com\/de\/zusatzlicher-service\/\"]}]},{\"@type\":\"BreadcrumbList\",\"@id\":\"https:\/\/www.ammosvotsalo.com\/de\/zusatzlicher-service\/#breadcrumb\",\"itemListElement\":[{\"@type\":\"ListItem\",\"position\":1,\"name\":\"Home\",\"item\":\"https:\/\/www.ammosvotsalo.com\/de\/\"},{\"@type\":\"ListItem\",\"position\":2,\"name\":\"Zusatzlicher Service\"}]},{\"@type\":\"WebSite\",\"@id\":\"https:\/\/www.ammosvotsalo.com\/#website\",\"url\":\"https:\/\/www.ammosvotsalo.com\/\",\"name\":\"Ammos &amp; Votsalo Apartmens\",\"description\":\"\",\"potentialAction\":[{\"@type\":\"SearchAction\",\"target\":{\"@type\":\"EntryPoint\",\"urlTemplate\":\"https:\/\/www.ammosvotsalo.com\/?s={search_term_string}\"},\"query-input\":\"required name=search_term_string\"}],\"inLanguage\":\"de\"}]}<\/script>\n<!-- \/ Yoast SEO plugin. -->","yoast_head_json":{"title":"Zusatzlicher Service | Ammos &amp; Votsalo Apartmens","robots":{"index":"index","follow":"follow","max-snippet":"max-snippet:-1","max-image-preview":"max-image-preview:large","max-video-preview":"max-video-preview:-1"},"canonical":"https:\/\/www.ammosvotsalo.com\/de\/zusatzlicher-service\/","og_locale":"de_DE","og_type":"article","og_title":"Zusatzlicher Service | Ammos &amp; Votsalo Apartmens","og_description":"\u221a Kalt &#038; Heiss Wasser in Bad und K\u00fcche \u221a Steckdosen in allen R\u00e4umen \u221a T\u00e4gliche Reinigung \u221a Handt\u00fccher und Bettw\u00e4sche werden 4 mal die Woche gewechselt \u221a W\u00e4sche waschen, b\u00fcgeln \u2013 fragen Sie an der Rezeption nach den Details. Read more ...","og_url":"https:\/\/www.ammosvotsalo.com\/de\/zusatzlicher-service\/","og_site_name":"Ammos &amp; Votsalo Apartmens","article_modified_time":"2016-02-26T14:37:34+00:00","twitter_card":"summary_large_image","twitter_misc":{"Gesch\u00e4tzte Lesezeit":"1\u00a0Minute"},"schema":{"@context":"https:\/\/schema.org","@graph":[{"@type":"WebPage","@id":"https:\/\/www.ammosvotsalo.com\/de\/zusatzlicher-service\/","url":"https:\/\/www.ammosvotsalo.com\/de\/zusatzlicher-service\/","name":"Zusatzlicher Service | Ammos &amp; Votsalo Apartmens","isPartOf":{"@id":"https:\/\/www.ammosvotsalo.com\/#website"},"datePublished":"2016-02-01T16:01:06+00:00","dateModified":"2016-02-26T14:37:34+00:00","breadcrumb":{"@id":"https:\/\/www.ammosvotsalo.com\/de\/zusatzlicher-service\/#breadcrumb"},"inLanguage":"de","potentialAction":[{"@type":"ReadAction","target":["https:\/\/www.ammosvotsalo.com\/de\/zusatzlicher-service\/"]}]},{"@type":"BreadcrumbList","@id":"https:\/\/www.ammosvotsalo.com\/de\/zusatzlicher-service\/#breadcrumb","itemListElement":[{"@type":"ListItem","position":1,"name":"Home","item":"https:\/\/www.ammosvotsalo.com\/de\/"},{"@type":"ListItem","position":2,"name":"Zusatzlicher Service"}]},{"@type":"WebSite","@id":"https:\/\/www.ammosvotsalo.com\/#website","url":"https:\/\/www.ammosvotsalo.com\/","name":"Ammos &amp; Votsalo Apartmens","description":"","potentialAction":[{"@type":"SearchAction","target":{"@type":"EntryPoint","urlTemplate":"https:\/\/www.ammosvotsalo.com\/?s={search_term_string}"},"query-input":"required name=search_term_string"}],"inLanguage":"de"}]}},"_links":{"self":[{"href":"https:\/\/www.ammosvotsalo.com\/de\/wp-json\/wp\/v2\/pages\/1405"}],"collection":[{"href":"https:\/\/www.ammosvotsalo.com\/de\/wp-json\/wp\/v2\/pages"}],"about":[{"href":"https:\/\/www.ammosvotsalo.com\/de\/wp-json\/wp\/v2\/types\/page"}],"author":[{"embeddable":true,"href":"https:\/\/www.ammosvotsalo.com\/de\/wp-json\/wp\/v2\/users\/1"}],"replies":[{"embeddable":true,"href":"https:\/\/www.ammosvotsalo.com\/de\/wp-json\/wp\/v2\/comments?post=1405"}],"version-history":[{"count":3,"href":"https:\/\/www.ammosvotsalo.com\/de\/wp-json\/wp\/v2\/pages\/1405\/revisions"}],"predecessor-version":[{"id":1658,"href":"https:\/\/www.ammosvotsalo.com\/de\/wp-json\/wp\/v2\/pages\/1405\/revisions\/1658"}],"wp:attachment":[{"href":"https:\/\/www.ammosvotsalo.com\/de\/wp-json\/wp\/v2\/media?parent=1405"}],"curies":[{"name":"wp","href":"https:\/\/api.w.org\/{rel}","templated":true}]}}