{"id":1409,"date":"2016-02-01T16:04:22","date_gmt":"2016-02-01T16:04:22","guid":{"rendered":"http:\/\/www.ammosvotsalo.com\/?page_id=1409"},"modified":"2016-03-15T15:39:33","modified_gmt":"2016-03-15T13:39:33","slug":"ammos-apartment","status":"publish","type":"page","link":"https:\/\/www.ammosvotsalo.com\/de\/ammos-apartment\/","title":{"rendered":"Ammos Apartment"},"content":{"rendered":"<p>\n\t<div title='Resize Body Text' class='wpTextResizeControls' style='background-color:lightgray;border-radius:7px;-moz-border-radius:7px;-webkit-border-radius:7px;padding:3px;width:55px;'>\n\t\t<a class='increaseFont' title='Increase Font Size' style='font-size:18px;cursor:pointer;' >A<\/a><a class='resetFont' title='Reset Font Size' style='font-size:13px;padding-left:10px;cursor:pointer;'>A<\/a><a class='decreaseFont' title='Decrease Font Size' style='font-size:10px;padding-left:10px;cursor:pointer;'>A<\/a><\/div><br \/>\nDas Apartment &#8222;Ammos&#8220; ist 50 m\u00b2 gro\u00df und befindet sich im ersten Stock. Der erste Stock ist \u00fcber eine breite Treppe zu erreichen, ausserdem steht f\u00fcr G\u00e4ste mit Gehschwierigkeiten ein Treppenlift zur Verf\u00fcgung. Das Apartment ist gegen L\u00e4rm und W\u00e4rme isoliert. Es hat <span style=\"text-decoration: underline;\"><strong><a href=\"http:\/\/www.ammosvotsalo.com\/de\/ammos-apartment-schlafzimmer\/\">2 Schlafzimmer<\/a><\/strong><\/span>, <span style=\"text-decoration: underline;\"><strong><a href=\"http:\/\/www.ammosvotsalo.com\/de\/ammos-apartment-wohnzimmer\/\">ein Wohnzimmer<\/a><\/strong><\/span>, <span style=\"text-decoration: underline;\"><strong><a href=\"http:\/\/www.ammosvotsalo.com\/de\/ammos-apartment-kuche\/\">K\u00fcche<\/a><\/strong><\/span>, <span style=\"text-decoration: underline;\"><strong><a href=\"http:\/\/www.ammosvotsalo.com\/de\/ammos-apartment-badezimmer\/\">Bad<\/a><\/strong><\/span>, <span style=\"text-decoration: underline;\"><strong><a href=\"http:\/\/www.ammosvotsalo.com\/de\/balkon\/\">2 Balkone<\/a><\/strong><\/span> und <span style=\"text-decoration: underline;\"><strong><a href=\"http:\/\/www.ammosvotsalo.com\/de\/terrasse\/\">eine Terrasse<\/a><\/strong><\/span> mit einem unglaublichen Ausblick.<\/p>\n","protected":false},"excerpt":{"rendered":"<p>Das Apartment &#8222;Ammos&#8220; ist 50 m\u00b2 gro\u00df und befindet sich im ersten Stock. Der erste Stock ist \u00fcber eine breite Treppe zu erreichen, ausserdem steht f\u00fcr G\u00e4ste mit Gehschwierigkeiten ein Treppenlift zur Verf\u00fcgung. Das Apartment ist gegen L\u00e4rm und W\u00e4rme <a class=\"more-link\" href=\"https:\/\/www.ammosvotsalo.com\/de\/ammos-apartment\/\">Read more &#8230;<\/a><\/p>\n","protected":false},"author":1,"featured_media":0,"parent":0,"menu_order":0,"comment_status":"closed","ping_status":"closed","template":"","meta":[],"yoast_head":"<!-- This site is optimized with the Yoast SEO plugin v19.12 - https:\/\/yoast.com\/wordpress\/plugins\/seo\/ -->\n<title>Ammos Apartment | Ammos &amp; Votsalo Apartmens<\/title>\n<meta name=\"robots\" content=\"index, follow, max-snippet:-1, max-image-preview:large, max-video-preview:-1\" \/>\n<link rel=\"canonical\" href=\"https:\/\/www.ammosvotsalo.com\/de\/ammos-apartment\/\" \/>\n<meta property=\"og:locale\" content=\"de_DE\" \/>\n<meta property=\"og:type\" content=\"article\" \/>\n<meta property=\"og:title\" content=\"Ammos Apartment | Ammos &amp; Votsalo Apartmens\" \/>\n<meta property=\"og:description\" content=\"Das Apartment &#8222;Ammos&#8220; ist 50 m\u00b2 gro\u00df und befindet sich im ersten Stock. Der erste Stock ist \u00fcber eine breite Treppe zu erreichen, ausserdem steht f\u00fcr G\u00e4ste mit Gehschwierigkeiten ein Treppenlift zur Verf\u00fcgung. Das Apartment ist gegen L\u00e4rm und W\u00e4rme Read more ...\" \/>\n<meta property=\"og:url\" content=\"https:\/\/www.ammosvotsalo.com\/de\/ammos-apartment\/\" \/>\n<meta property=\"og:site_name\" content=\"Ammos &amp; Votsalo Apartmens\" \/>\n<meta property=\"article:modified_time\" content=\"2016-03-15T13:39:33+00:00\" \/>\n<meta name=\"twitter:card\" content=\"summary_large_image\" \/>\n<script type=\"application\/ld+json\" class=\"yoast-schema-graph\">{\"@context\":\"https:\/\/schema.org\",\"@graph\":[{\"@type\":\"WebPage\",\"@id\":\"https:\/\/www.ammosvotsalo.com\/de\/ammos-apartment\/\",\"url\":\"https:\/\/www.ammosvotsalo.com\/de\/ammos-apartment\/\",\"name\":\"Ammos Apartment | Ammos &amp; Votsalo Apartmens\",\"isPartOf\":{\"@id\":\"https:\/\/www.ammosvotsalo.com\/#website\"},\"datePublished\":\"2016-02-01T16:04:22+00:00\",\"dateModified\":\"2016-03-15T13:39:33+00:00\",\"breadcrumb\":{\"@id\":\"https:\/\/www.ammosvotsalo.com\/de\/ammos-apartment\/#breadcrumb\"},\"inLanguage\":\"de\",\"potentialAction\":[{\"@type\":\"ReadAction\",\"target\":[\"https:\/\/www.ammosvotsalo.com\/de\/ammos-apartment\/\"]}]},{\"@type\":\"BreadcrumbList\",\"@id\":\"https:\/\/www.ammosvotsalo.com\/de\/ammos-apartment\/#breadcrumb\",\"itemListElement\":[{\"@type\":\"ListItem\",\"position\":1,\"name\":\"Home\",\"item\":\"https:\/\/www.ammosvotsalo.com\/de\/\"},{\"@type\":\"ListItem\",\"position\":2,\"name\":\"Ammos Apartment\"}]},{\"@type\":\"WebSite\",\"@id\":\"https:\/\/www.ammosvotsalo.com\/#website\",\"url\":\"https:\/\/www.ammosvotsalo.com\/\",\"name\":\"Ammos &amp; Votsalo Apartmens\",\"description\":\"\",\"potentialAction\":[{\"@type\":\"SearchAction\",\"target\":{\"@type\":\"EntryPoint\",\"urlTemplate\":\"https:\/\/www.ammosvotsalo.com\/?s={search_term_string}\"},\"query-input\":\"required name=search_term_string\"}],\"inLanguage\":\"de\"}]}<\/script>\n<!-- \/ Yoast SEO plugin. -->","yoast_head_json":{"title":"Ammos Apartment | Ammos &amp; Votsalo Apartmens","robots":{"index":"index","follow":"follow","max-snippet":"max-snippet:-1","max-image-preview":"max-image-preview:large","max-video-preview":"max-video-preview:-1"},"canonical":"https:\/\/www.ammosvotsalo.com\/de\/ammos-apartment\/","og_locale":"de_DE","og_type":"article","og_title":"Ammos Apartment | Ammos &amp; Votsalo Apartmens","og_description":"Das Apartment &#8222;Ammos&#8220; ist 50 m\u00b2 gro\u00df und befindet sich im ersten Stock. Der erste Stock ist \u00fcber eine breite Treppe zu erreichen, ausserdem steht f\u00fcr G\u00e4ste mit Gehschwierigkeiten ein Treppenlift zur Verf\u00fcgung. Das Apartment ist gegen L\u00e4rm und W\u00e4rme Read more ...","og_url":"https:\/\/www.ammosvotsalo.com\/de\/ammos-apartment\/","og_site_name":"Ammos &amp; Votsalo Apartmens","article_modified_time":"2016-03-15T13:39:33+00:00","twitter_card":"summary_large_image","schema":{"@context":"https:\/\/schema.org","@graph":[{"@type":"WebPage","@id":"https:\/\/www.ammosvotsalo.com\/de\/ammos-apartment\/","url":"https:\/\/www.ammosvotsalo.com\/de\/ammos-apartment\/","name":"Ammos Apartment | Ammos &amp; Votsalo Apartmens","isPartOf":{"@id":"https:\/\/www.ammosvotsalo.com\/#website"},"datePublished":"2016-02-01T16:04:22+00:00","dateModified":"2016-03-15T13:39:33+00:00","breadcrumb":{"@id":"https:\/\/www.ammosvotsalo.com\/de\/ammos-apartment\/#breadcrumb"},"inLanguage":"de","potentialAction":[{"@type":"ReadAction","target":["https:\/\/www.ammosvotsalo.com\/de\/ammos-apartment\/"]}]},{"@type":"BreadcrumbList","@id":"https:\/\/www.ammosvotsalo.com\/de\/ammos-apartment\/#breadcrumb","itemListElement":[{"@type":"ListItem","position":1,"name":"Home","item":"https:\/\/www.ammosvotsalo.com\/de\/"},{"@type":"ListItem","position":2,"name":"Ammos Apartment"}]},{"@type":"WebSite","@id":"https:\/\/www.ammosvotsalo.com\/#website","url":"https:\/\/www.ammosvotsalo.com\/","name":"Ammos &amp; Votsalo Apartmens","description":"","potentialAction":[{"@type":"SearchAction","target":{"@type":"EntryPoint","urlTemplate":"https:\/\/www.ammosvotsalo.com\/?s={search_term_string}"},"query-input":"required name=search_term_string"}],"inLanguage":"de"}]}},"_links":{"self":[{"href":"https:\/\/www.ammosvotsalo.com\/de\/wp-json\/wp\/v2\/pages\/1409"}],"collection":[{"href":"https:\/\/www.ammosvotsalo.com\/de\/wp-json\/wp\/v2\/pages"}],"about":[{"href":"https:\/\/www.ammosvotsalo.com\/de\/wp-json\/wp\/v2\/types\/page"}],"author":[{"embeddable":true,"href":"https:\/\/www.ammosvotsalo.com\/de\/wp-json\/wp\/v2\/users\/1"}],"replies":[{"embeddable":true,"href":"https:\/\/www.ammosvotsalo.com\/de\/wp-json\/wp\/v2\/comments?post=1409"}],"version-history":[{"count":8,"href":"https:\/\/www.ammosvotsalo.com\/de\/wp-json\/wp\/v2\/pages\/1409\/revisions"}],"predecessor-version":[{"id":1712,"href":"https:\/\/www.ammosvotsalo.com\/de\/wp-json\/wp\/v2\/pages\/1409\/revisions\/1712"}],"wp:attachment":[{"href":"https:\/\/www.ammosvotsalo.com\/de\/wp-json\/wp\/v2\/media?parent=1409"}],"curies":[{"name":"wp","href":"https:\/\/api.w.org\/{rel}","templated":true}]}}