{"id":1417,"date":"2016-02-01T16:32:00","date_gmt":"2016-02-01T16:32:00","guid":{"rendered":"http:\/\/www.ammosvotsalo.com\/?page_id=1417"},"modified":"2016-03-21T14:33:59","modified_gmt":"2016-03-21T12:33:59","slug":"agios-vasilios","status":"publish","type":"page","link":"https:\/\/www.ammosvotsalo.com\/de\/agios-vasilios\/","title":{"rendered":"Agios Vasilios"},"content":{"rendered":"<p>\n\t<div title='Resize Body Text' class='wpTextResizeControls' style='background-color:lightgray;border-radius:7px;-moz-border-radius:7px;-webkit-border-radius:7px;padding:3px;width:55px;'>\n\t\t<a class='increaseFont' title='Increase Font Size' style='font-size:18px;cursor:pointer;' >A<\/a><a class='resetFont' title='Reset Font Size' style='font-size:13px;padding-left:10px;cursor:pointer;'>A<\/a><a class='decreaseFont' title='Decrease Font Size' style='font-size:10px;padding-left:10px;cursor:pointer;'>A<\/a><\/div><br \/>\nDas kleine Dorf ist umgeben von B\u00e4umen und wird durch fliessende Gew\u00e4sser gek\u00fchlt. Im Mittelpunkt des Ortes befindet sich ein malerischer Platz mit Platanen und einem wundersch\u00f6n gesalteten Marmorbrunnen. Es gibt traditionelle Herrenh\u00e4user mit bis zu drei Stockwerken und eine mittelalterliche Burgruine.<\/p>\n<p>Die Gegend war von grosser, milit\u00e4rischer Bedeutung. Das Dorf spielte w\u00e4hrend des Nationalen Widerstandes gegen die Deutsche und Italienische Besatzung eine gro\u00dfe Rolle. Allerdings bezahlte das Dorf Agios Vasilios einen schweren Preis da viele seiner Helden dem Krieg zum Oper fielen. Das Dorf wurde im Gegenschlag von den Deutschen niedergebrand. Aus diesem Grund wurde auf dem Dorfplatz ein Denkmal f\u00fcr die Helden der Axis Besetzung und des B\u00fcrgerkrieges errichtet.<\/p>\n<h2>Wegbeschreibung<\/h2>\n<p><strong><i class=\"fa fa-road\"> <\/i> Entfernung (Ausgangspunkt &#8211; Plaka)<\/strong> : 32 KM<br \/>\n<strong><i class=\"fa fa-clock-o\"> <\/i> Dauer (mittleren Geschwindigkeit)<\/strong> : 55 MINUTEN<\/p>\n","protected":false},"excerpt":{"rendered":"<p>Das kleine Dorf ist umgeben von B\u00e4umen und wird durch fliessende Gew\u00e4sser gek\u00fchlt. Im Mittelpunkt des Ortes befindet sich ein malerischer Platz mit Platanen und einem wundersch\u00f6n gesalteten Marmorbrunnen. Es gibt traditionelle Herrenh\u00e4user mit bis zu drei Stockwerken und eine <a class=\"more-link\" href=\"https:\/\/www.ammosvotsalo.com\/de\/agios-vasilios\/\">Read more &#8230;<\/a><\/p>\n","protected":false},"author":1,"featured_media":0,"parent":0,"menu_order":0,"comment_status":"closed","ping_status":"closed","template":"","meta":[],"yoast_head":"<!-- This site is optimized with the Yoast SEO plugin v19.12 - https:\/\/yoast.com\/wordpress\/plugins\/seo\/ -->\n<title>Agios Vasilios | Ammos &amp; Votsalo Apartmens<\/title>\n<meta name=\"robots\" content=\"index, follow, max-snippet:-1, max-image-preview:large, max-video-preview:-1\" \/>\n<link rel=\"canonical\" href=\"https:\/\/www.ammosvotsalo.com\/de\/agios-vasilios\/\" \/>\n<meta property=\"og:locale\" content=\"de_DE\" \/>\n<meta property=\"og:type\" content=\"article\" \/>\n<meta property=\"og:title\" content=\"Agios Vasilios | Ammos &amp; Votsalo Apartmens\" \/>\n<meta property=\"og:description\" content=\"Das kleine Dorf ist umgeben von B\u00e4umen und wird durch fliessende Gew\u00e4sser gek\u00fchlt. Im Mittelpunkt des Ortes befindet sich ein malerischer Platz mit Platanen und einem wundersch\u00f6n gesalteten Marmorbrunnen. Es gibt traditionelle Herrenh\u00e4user mit bis zu drei Stockwerken und eine Read more ...\" \/>\n<meta property=\"og:url\" content=\"https:\/\/www.ammosvotsalo.com\/de\/agios-vasilios\/\" \/>\n<meta property=\"og:site_name\" content=\"Ammos &amp; Votsalo Apartmens\" \/>\n<meta property=\"article:modified_time\" content=\"2016-03-21T12:33:59+00:00\" \/>\n<meta name=\"twitter:card\" content=\"summary_large_image\" \/>\n<meta name=\"twitter:label1\" content=\"Gesch\u00e4tzte Lesezeit\" \/>\n\t<meta name=\"twitter:data1\" content=\"1\u00a0Minute\" \/>\n<script type=\"application\/ld+json\" class=\"yoast-schema-graph\">{\"@context\":\"https:\/\/schema.org\",\"@graph\":[{\"@type\":\"WebPage\",\"@id\":\"https:\/\/www.ammosvotsalo.com\/de\/agios-vasilios\/\",\"url\":\"https:\/\/www.ammosvotsalo.com\/de\/agios-vasilios\/\",\"name\":\"Agios Vasilios | Ammos &amp; Votsalo Apartmens\",\"isPartOf\":{\"@id\":\"https:\/\/www.ammosvotsalo.com\/#website\"},\"datePublished\":\"2016-02-01T16:32:00+00:00\",\"dateModified\":\"2016-03-21T12:33:59+00:00\",\"breadcrumb\":{\"@id\":\"https:\/\/www.ammosvotsalo.com\/de\/agios-vasilios\/#breadcrumb\"},\"inLanguage\":\"de\",\"potentialAction\":[{\"@type\":\"ReadAction\",\"target\":[\"https:\/\/www.ammosvotsalo.com\/de\/agios-vasilios\/\"]}]},{\"@type\":\"BreadcrumbList\",\"@id\":\"https:\/\/www.ammosvotsalo.com\/de\/agios-vasilios\/#breadcrumb\",\"itemListElement\":[{\"@type\":\"ListItem\",\"position\":1,\"name\":\"Home\",\"item\":\"https:\/\/www.ammosvotsalo.com\/de\/\"},{\"@type\":\"ListItem\",\"position\":2,\"name\":\"Agios Vasilios\"}]},{\"@type\":\"WebSite\",\"@id\":\"https:\/\/www.ammosvotsalo.com\/#website\",\"url\":\"https:\/\/www.ammosvotsalo.com\/\",\"name\":\"Ammos &amp; Votsalo Apartmens\",\"description\":\"\",\"potentialAction\":[{\"@type\":\"SearchAction\",\"target\":{\"@type\":\"EntryPoint\",\"urlTemplate\":\"https:\/\/www.ammosvotsalo.com\/?s={search_term_string}\"},\"query-input\":\"required name=search_term_string\"}],\"inLanguage\":\"de\"}]}<\/script>\n<!-- \/ Yoast SEO plugin. -->","yoast_head_json":{"title":"Agios Vasilios | Ammos &amp; Votsalo Apartmens","robots":{"index":"index","follow":"follow","max-snippet":"max-snippet:-1","max-image-preview":"max-image-preview:large","max-video-preview":"max-video-preview:-1"},"canonical":"https:\/\/www.ammosvotsalo.com\/de\/agios-vasilios\/","og_locale":"de_DE","og_type":"article","og_title":"Agios Vasilios | Ammos &amp; Votsalo Apartmens","og_description":"Das kleine Dorf ist umgeben von B\u00e4umen und wird durch fliessende Gew\u00e4sser gek\u00fchlt. Im Mittelpunkt des Ortes befindet sich ein malerischer Platz mit Platanen und einem wundersch\u00f6n gesalteten Marmorbrunnen. Es gibt traditionelle Herrenh\u00e4user mit bis zu drei Stockwerken und eine Read more ...","og_url":"https:\/\/www.ammosvotsalo.com\/de\/agios-vasilios\/","og_site_name":"Ammos &amp; Votsalo Apartmens","article_modified_time":"2016-03-21T12:33:59+00:00","twitter_card":"summary_large_image","twitter_misc":{"Gesch\u00e4tzte Lesezeit":"1\u00a0Minute"},"schema":{"@context":"https:\/\/schema.org","@graph":[{"@type":"WebPage","@id":"https:\/\/www.ammosvotsalo.com\/de\/agios-vasilios\/","url":"https:\/\/www.ammosvotsalo.com\/de\/agios-vasilios\/","name":"Agios Vasilios | Ammos &amp; Votsalo Apartmens","isPartOf":{"@id":"https:\/\/www.ammosvotsalo.com\/#website"},"datePublished":"2016-02-01T16:32:00+00:00","dateModified":"2016-03-21T12:33:59+00:00","breadcrumb":{"@id":"https:\/\/www.ammosvotsalo.com\/de\/agios-vasilios\/#breadcrumb"},"inLanguage":"de","potentialAction":[{"@type":"ReadAction","target":["https:\/\/www.ammosvotsalo.com\/de\/agios-vasilios\/"]}]},{"@type":"BreadcrumbList","@id":"https:\/\/www.ammosvotsalo.com\/de\/agios-vasilios\/#breadcrumb","itemListElement":[{"@type":"ListItem","position":1,"name":"Home","item":"https:\/\/www.ammosvotsalo.com\/de\/"},{"@type":"ListItem","position":2,"name":"Agios Vasilios"}]},{"@type":"WebSite","@id":"https:\/\/www.ammosvotsalo.com\/#website","url":"https:\/\/www.ammosvotsalo.com\/","name":"Ammos &amp; Votsalo Apartmens","description":"","potentialAction":[{"@type":"SearchAction","target":{"@type":"EntryPoint","urlTemplate":"https:\/\/www.ammosvotsalo.com\/?s={search_term_string}"},"query-input":"required name=search_term_string"}],"inLanguage":"de"}]}},"_links":{"self":[{"href":"https:\/\/www.ammosvotsalo.com\/de\/wp-json\/wp\/v2\/pages\/1417"}],"collection":[{"href":"https:\/\/www.ammosvotsalo.com\/de\/wp-json\/wp\/v2\/pages"}],"about":[{"href":"https:\/\/www.ammosvotsalo.com\/de\/wp-json\/wp\/v2\/types\/page"}],"author":[{"embeddable":true,"href":"https:\/\/www.ammosvotsalo.com\/de\/wp-json\/wp\/v2\/users\/1"}],"replies":[{"embeddable":true,"href":"https:\/\/www.ammosvotsalo.com\/de\/wp-json\/wp\/v2\/comments?post=1417"}],"version-history":[{"count":2,"href":"https:\/\/www.ammosvotsalo.com\/de\/wp-json\/wp\/v2\/pages\/1417\/revisions"}],"predecessor-version":[{"id":1898,"href":"https:\/\/www.ammosvotsalo.com\/de\/wp-json\/wp\/v2\/pages\/1417\/revisions\/1898"}],"wp:attachment":[{"href":"https:\/\/www.ammosvotsalo.com\/de\/wp-json\/wp\/v2\/media?parent=1417"}],"curies":[{"name":"wp","href":"https:\/\/api.w.org\/{rel}","templated":true}]}}