{"id":1426,"date":"2016-02-01T16:43:25","date_gmt":"2016-02-01T16:43:25","guid":{"rendered":"http:\/\/www.ammosvotsalo.com\/?page_id=1426"},"modified":"2016-03-21T15:49:05","modified_gmt":"2016-03-21T13:49:05","slug":"vaskina","status":"publish","type":"page","link":"https:\/\/www.ammosvotsalo.com\/de\/vaskina\/","title":{"rendered":"Vaskina"},"content":{"rendered":"\n\t<div title='Resize Body Text' class='wpTextResizeControls' style='background-color:lightgray;border-radius:7px;-moz-border-radius:7px;-webkit-border-radius:7px;padding:3px;width:55px;'>\n\t\t<a class='increaseFont' title='Increase Font Size' style='font-size:18px;cursor:pointer;' >A<\/a><a class='resetFont' title='Reset Font Size' style='font-size:13px;padding-left:10px;cursor:pointer;'>A<\/a><a class='decreaseFont' title='Decrease Font Size' style='font-size:10px;padding-left:10px;cursor:pointer;'>A<\/a><\/div>\n<p>Vaskina befindet sich nord-westlich von Leonidio, in den Ausl\u00e4ufern des Parnonas. Hier hat man eine freie Sicht in das Tal von Leonidio. Es gibt dort zwei unterschiedliche Ansiedlungen: Ano und Kato Vaskina. Vaskina ist ein klassisches tsakonisches Dorf und die kleine Bev\u00f6lkerung widmet sich der Viehwirtschaft.<\/p>\n<p>Es gibt besonders im August viele Feste. Der \u201eTag der Hirten\u201c wird gegen Ende des Monats gefeiert. Diese Feste sind f\u00fcr das Volk eine wundervolle Gelegenheit, sich zu versammeln und im alten Stil zu feiern. Die gastfreundlichen Hirten bieten Ziegen und L\u00e4mmer, die in grossen \u00d6fen gegrillt werden. Es gibt einen \u00dcberflu\u00df an Wein, selbstgebackenem Brot, Mezze und nat\u00fcrlich darf die Musik nicht fehlen. <\/p>\n<h2>Wegbeschreibung<\/h2>\n<p><strong><i class=\"fa fa-road\"><\/i> Entfernung (Ausgangspunkt &#8211; Plaka)<\/strong> : 23 KM<br \/>\n<strong><i class=\"fa fa-clock-o\"><\/i> Dauer (mittleren Geschwindigkeit)<\/strong> : 40 MINUTEN<\/p>\n","protected":false},"excerpt":{"rendered":"<p>Vaskina befindet sich nord-westlich von Leonidio, in den Ausl\u00e4ufern des Parnonas. Hier hat man eine freie Sicht in das Tal von Leonidio. Es gibt dort zwei unterschiedliche Ansiedlungen: Ano und Kato Vaskina. Vaskina ist ein klassisches tsakonisches Dorf und die <a class=\"more-link\" href=\"https:\/\/www.ammosvotsalo.com\/de\/vaskina\/\">Read more &#8230;<\/a><\/p>\n","protected":false},"author":1,"featured_media":0,"parent":0,"menu_order":0,"comment_status":"closed","ping_status":"closed","template":"","meta":[],"yoast_head":"<!-- This site is optimized with the Yoast SEO plugin v19.12 - https:\/\/yoast.com\/wordpress\/plugins\/seo\/ -->\n<title>Vaskina | Ammos &amp; Votsalo Apartmens<\/title>\n<meta name=\"robots\" content=\"index, follow, max-snippet:-1, max-image-preview:large, max-video-preview:-1\" \/>\n<link rel=\"canonical\" href=\"https:\/\/www.ammosvotsalo.com\/de\/vaskina\/\" \/>\n<meta property=\"og:locale\" content=\"de_DE\" \/>\n<meta property=\"og:type\" content=\"article\" \/>\n<meta property=\"og:title\" content=\"Vaskina | Ammos &amp; Votsalo Apartmens\" \/>\n<meta property=\"og:description\" content=\"Vaskina befindet sich nord-westlich von Leonidio, in den Ausl\u00e4ufern des Parnonas. Hier hat man eine freie Sicht in das Tal von Leonidio. Es gibt dort zwei unterschiedliche Ansiedlungen: Ano und Kato Vaskina. Vaskina ist ein klassisches tsakonisches Dorf und die Read more ...\" \/>\n<meta property=\"og:url\" content=\"https:\/\/www.ammosvotsalo.com\/de\/vaskina\/\" \/>\n<meta property=\"og:site_name\" content=\"Ammos &amp; Votsalo Apartmens\" \/>\n<meta property=\"article:modified_time\" content=\"2016-03-21T13:49:05+00:00\" \/>\n<meta name=\"twitter:card\" content=\"summary_large_image\" \/>\n<meta name=\"twitter:label1\" content=\"Gesch\u00e4tzte Lesezeit\" \/>\n\t<meta name=\"twitter:data1\" content=\"1\u00a0Minute\" \/>\n<script type=\"application\/ld+json\" class=\"yoast-schema-graph\">{\"@context\":\"https:\/\/schema.org\",\"@graph\":[{\"@type\":\"WebPage\",\"@id\":\"https:\/\/www.ammosvotsalo.com\/de\/vaskina\/\",\"url\":\"https:\/\/www.ammosvotsalo.com\/de\/vaskina\/\",\"name\":\"Vaskina | Ammos &amp; Votsalo Apartmens\",\"isPartOf\":{\"@id\":\"https:\/\/www.ammosvotsalo.com\/#website\"},\"datePublished\":\"2016-02-01T16:43:25+00:00\",\"dateModified\":\"2016-03-21T13:49:05+00:00\",\"breadcrumb\":{\"@id\":\"https:\/\/www.ammosvotsalo.com\/de\/vaskina\/#breadcrumb\"},\"inLanguage\":\"de\",\"potentialAction\":[{\"@type\":\"ReadAction\",\"target\":[\"https:\/\/www.ammosvotsalo.com\/de\/vaskina\/\"]}]},{\"@type\":\"BreadcrumbList\",\"@id\":\"https:\/\/www.ammosvotsalo.com\/de\/vaskina\/#breadcrumb\",\"itemListElement\":[{\"@type\":\"ListItem\",\"position\":1,\"name\":\"Home\",\"item\":\"https:\/\/www.ammosvotsalo.com\/de\/\"},{\"@type\":\"ListItem\",\"position\":2,\"name\":\"Vaskina\"}]},{\"@type\":\"WebSite\",\"@id\":\"https:\/\/www.ammosvotsalo.com\/#website\",\"url\":\"https:\/\/www.ammosvotsalo.com\/\",\"name\":\"Ammos &amp; Votsalo Apartmens\",\"description\":\"\",\"potentialAction\":[{\"@type\":\"SearchAction\",\"target\":{\"@type\":\"EntryPoint\",\"urlTemplate\":\"https:\/\/www.ammosvotsalo.com\/?s={search_term_string}\"},\"query-input\":\"required name=search_term_string\"}],\"inLanguage\":\"de\"}]}<\/script>\n<!-- \/ Yoast SEO plugin. -->","yoast_head_json":{"title":"Vaskina | Ammos &amp; Votsalo Apartmens","robots":{"index":"index","follow":"follow","max-snippet":"max-snippet:-1","max-image-preview":"max-image-preview:large","max-video-preview":"max-video-preview:-1"},"canonical":"https:\/\/www.ammosvotsalo.com\/de\/vaskina\/","og_locale":"de_DE","og_type":"article","og_title":"Vaskina | Ammos &amp; Votsalo Apartmens","og_description":"Vaskina befindet sich nord-westlich von Leonidio, in den Ausl\u00e4ufern des Parnonas. Hier hat man eine freie Sicht in das Tal von Leonidio. Es gibt dort zwei unterschiedliche Ansiedlungen: Ano und Kato Vaskina. Vaskina ist ein klassisches tsakonisches Dorf und die Read more ...","og_url":"https:\/\/www.ammosvotsalo.com\/de\/vaskina\/","og_site_name":"Ammos &amp; Votsalo Apartmens","article_modified_time":"2016-03-21T13:49:05+00:00","twitter_card":"summary_large_image","twitter_misc":{"Gesch\u00e4tzte Lesezeit":"1\u00a0Minute"},"schema":{"@context":"https:\/\/schema.org","@graph":[{"@type":"WebPage","@id":"https:\/\/www.ammosvotsalo.com\/de\/vaskina\/","url":"https:\/\/www.ammosvotsalo.com\/de\/vaskina\/","name":"Vaskina | Ammos &amp; Votsalo Apartmens","isPartOf":{"@id":"https:\/\/www.ammosvotsalo.com\/#website"},"datePublished":"2016-02-01T16:43:25+00:00","dateModified":"2016-03-21T13:49:05+00:00","breadcrumb":{"@id":"https:\/\/www.ammosvotsalo.com\/de\/vaskina\/#breadcrumb"},"inLanguage":"de","potentialAction":[{"@type":"ReadAction","target":["https:\/\/www.ammosvotsalo.com\/de\/vaskina\/"]}]},{"@type":"BreadcrumbList","@id":"https:\/\/www.ammosvotsalo.com\/de\/vaskina\/#breadcrumb","itemListElement":[{"@type":"ListItem","position":1,"name":"Home","item":"https:\/\/www.ammosvotsalo.com\/de\/"},{"@type":"ListItem","position":2,"name":"Vaskina"}]},{"@type":"WebSite","@id":"https:\/\/www.ammosvotsalo.com\/#website","url":"https:\/\/www.ammosvotsalo.com\/","name":"Ammos &amp; Votsalo Apartmens","description":"","potentialAction":[{"@type":"SearchAction","target":{"@type":"EntryPoint","urlTemplate":"https:\/\/www.ammosvotsalo.com\/?s={search_term_string}"},"query-input":"required name=search_term_string"}],"inLanguage":"de"}]}},"_links":{"self":[{"href":"https:\/\/www.ammosvotsalo.com\/de\/wp-json\/wp\/v2\/pages\/1426"}],"collection":[{"href":"https:\/\/www.ammosvotsalo.com\/de\/wp-json\/wp\/v2\/pages"}],"about":[{"href":"https:\/\/www.ammosvotsalo.com\/de\/wp-json\/wp\/v2\/types\/page"}],"author":[{"embeddable":true,"href":"https:\/\/www.ammosvotsalo.com\/de\/wp-json\/wp\/v2\/users\/1"}],"replies":[{"embeddable":true,"href":"https:\/\/www.ammosvotsalo.com\/de\/wp-json\/wp\/v2\/comments?post=1426"}],"version-history":[{"count":2,"href":"https:\/\/www.ammosvotsalo.com\/de\/wp-json\/wp\/v2\/pages\/1426\/revisions"}],"predecessor-version":[{"id":1908,"href":"https:\/\/www.ammosvotsalo.com\/de\/wp-json\/wp\/v2\/pages\/1426\/revisions\/1908"}],"wp:attachment":[{"href":"https:\/\/www.ammosvotsalo.com\/de\/wp-json\/wp\/v2\/media?parent=1426"}],"curies":[{"name":"wp","href":"https:\/\/api.w.org\/{rel}","templated":true}]}}