{"id":1432,"date":"2016-02-01T16:47:42","date_gmt":"2016-02-01T16:47:42","guid":{"rendered":"http:\/\/www.ammosvotsalo.com\/?page_id=1432"},"modified":"2016-03-21T15:57:46","modified_gmt":"2016-03-21T13:57:46","slug":"kosmas","status":"publish","type":"page","link":"https:\/\/www.ammosvotsalo.com\/de\/kosmas\/","title":{"rendered":"Kosmas"},"content":{"rendered":"\n\t<div title='Resize Body Text' class='wpTextResizeControls' style='background-color:lightgray;border-radius:7px;-moz-border-radius:7px;-webkit-border-radius:7px;padding:3px;width:55px;'>\n\t\t<a class='increaseFont' title='Increase Font Size' style='font-size:18px;cursor:pointer;' >A<\/a><a class='resetFont' title='Reset Font Size' style='font-size:13px;padding-left:10px;cursor:pointer;'>A<\/a><a class='decreaseFont' title='Decrease Font Size' style='font-size:10px;padding-left:10px;cursor:pointer;'>A<\/a><\/div>\n<p>Kosmas ist eine der sch\u00f6nsten D\u00f6rfer in Arkadia. Die Ortschaft wurde in den s\u00fcd\u00f6stlichen Ausl\u00e4ufern des Parnonas erbaut und liegt in 1150 Metern H\u00f6he, umgeben von Tannen und Kastanienb\u00e4umen. Die H\u00e4user wurden aus Stein in der traditionellen Bauweise errichtet. Es gibt dort beeindruckende Wege, die auf die Zeit der Unabh\u00e4ngigkeitsk\u00e4mpfe im Jahr 1821 bis zum Widerstand gegen die Deutschen und Italiener zur\u00fcckf\u00fchren.<\/p>\n<p>Der Hauptplatz des Dorfes wird von riesigen Platanen \u00fcberdacht, die 1883 angepflanzt wurden. Dort steht auch die wundersch\u00f6ne St. Anargyron Kirche. Am Fusse der Sakristei befinden sich drei wundersch\u00f6ne Quellen, aus denen ununterbrochen Wasser fliessen. Die einzigartige Aussicht entspannt Seele und Geist.<\/p>\n<p>Geniessen Sie einen Kaffee in einem der malerischen Caf\u00e9s oder probieren sie die traditionellen Gerichte, die in den Tavernen angeboten werden. In den kleinen L\u00e4den, werden Honig, Kr\u00e4uter und handgemachte T\u00f6pferwaren angeboten.<\/p>\n<h2>Wegbeschreibung<\/h2>\n<p><strong><i class=\"fa fa-road\"><\/i> Entfernung (Ausgangspunkt &#8211; Plaka)<\/strong> : 33 KM<br \/>\n<strong><i class=\"fa fa-clock-o\"><\/i> Dauer (mittleren Geschwindigkeit)<\/strong> : 50 MINUTEN<\/p>\n","protected":false},"excerpt":{"rendered":"<p>Kosmas ist eine der sch\u00f6nsten D\u00f6rfer in Arkadia. Die Ortschaft wurde in den s\u00fcd\u00f6stlichen Ausl\u00e4ufern des Parnonas erbaut und liegt in 1150 Metern H\u00f6he, umgeben von Tannen und Kastanienb\u00e4umen. Die H\u00e4user wurden aus Stein in der traditionellen Bauweise errichtet. Es <a class=\"more-link\" href=\"https:\/\/www.ammosvotsalo.com\/de\/kosmas\/\">Read more &#8230;<\/a><\/p>\n","protected":false},"author":1,"featured_media":0,"parent":0,"menu_order":0,"comment_status":"closed","ping_status":"closed","template":"","meta":[],"yoast_head":"<!-- This site is optimized with the Yoast SEO plugin v19.12 - https:\/\/yoast.com\/wordpress\/plugins\/seo\/ -->\n<title>Kosmas | Ammos &amp; Votsalo Apartmens<\/title>\n<meta name=\"robots\" content=\"index, follow, max-snippet:-1, max-image-preview:large, max-video-preview:-1\" \/>\n<link rel=\"canonical\" href=\"https:\/\/www.ammosvotsalo.com\/de\/kosmas\/\" \/>\n<meta property=\"og:locale\" content=\"de_DE\" \/>\n<meta property=\"og:type\" content=\"article\" \/>\n<meta property=\"og:title\" content=\"Kosmas | Ammos &amp; Votsalo Apartmens\" \/>\n<meta property=\"og:description\" content=\"Kosmas ist eine der sch\u00f6nsten D\u00f6rfer in Arkadia. Die Ortschaft wurde in den s\u00fcd\u00f6stlichen Ausl\u00e4ufern des Parnonas erbaut und liegt in 1150 Metern H\u00f6he, umgeben von Tannen und Kastanienb\u00e4umen. Die H\u00e4user wurden aus Stein in der traditionellen Bauweise errichtet. Es Read more ...\" \/>\n<meta property=\"og:url\" content=\"https:\/\/www.ammosvotsalo.com\/de\/kosmas\/\" \/>\n<meta property=\"og:site_name\" content=\"Ammos &amp; Votsalo Apartmens\" \/>\n<meta property=\"article:modified_time\" content=\"2016-03-21T13:57:46+00:00\" \/>\n<meta name=\"twitter:card\" content=\"summary_large_image\" \/>\n<meta name=\"twitter:label1\" content=\"Gesch\u00e4tzte Lesezeit\" \/>\n\t<meta name=\"twitter:data1\" content=\"1\u00a0Minute\" \/>\n<script type=\"application\/ld+json\" class=\"yoast-schema-graph\">{\"@context\":\"https:\/\/schema.org\",\"@graph\":[{\"@type\":\"WebPage\",\"@id\":\"https:\/\/www.ammosvotsalo.com\/de\/kosmas\/\",\"url\":\"https:\/\/www.ammosvotsalo.com\/de\/kosmas\/\",\"name\":\"Kosmas | Ammos &amp; Votsalo Apartmens\",\"isPartOf\":{\"@id\":\"https:\/\/www.ammosvotsalo.com\/#website\"},\"datePublished\":\"2016-02-01T16:47:42+00:00\",\"dateModified\":\"2016-03-21T13:57:46+00:00\",\"breadcrumb\":{\"@id\":\"https:\/\/www.ammosvotsalo.com\/de\/kosmas\/#breadcrumb\"},\"inLanguage\":\"de\",\"potentialAction\":[{\"@type\":\"ReadAction\",\"target\":[\"https:\/\/www.ammosvotsalo.com\/de\/kosmas\/\"]}]},{\"@type\":\"BreadcrumbList\",\"@id\":\"https:\/\/www.ammosvotsalo.com\/de\/kosmas\/#breadcrumb\",\"itemListElement\":[{\"@type\":\"ListItem\",\"position\":1,\"name\":\"Home\",\"item\":\"https:\/\/www.ammosvotsalo.com\/de\/\"},{\"@type\":\"ListItem\",\"position\":2,\"name\":\"Kosmas\"}]},{\"@type\":\"WebSite\",\"@id\":\"https:\/\/www.ammosvotsalo.com\/#website\",\"url\":\"https:\/\/www.ammosvotsalo.com\/\",\"name\":\"Ammos &amp; Votsalo Apartmens\",\"description\":\"\",\"potentialAction\":[{\"@type\":\"SearchAction\",\"target\":{\"@type\":\"EntryPoint\",\"urlTemplate\":\"https:\/\/www.ammosvotsalo.com\/?s={search_term_string}\"},\"query-input\":\"required name=search_term_string\"}],\"inLanguage\":\"de\"}]}<\/script>\n<!-- \/ Yoast SEO plugin. -->","yoast_head_json":{"title":"Kosmas | Ammos &amp; Votsalo Apartmens","robots":{"index":"index","follow":"follow","max-snippet":"max-snippet:-1","max-image-preview":"max-image-preview:large","max-video-preview":"max-video-preview:-1"},"canonical":"https:\/\/www.ammosvotsalo.com\/de\/kosmas\/","og_locale":"de_DE","og_type":"article","og_title":"Kosmas | Ammos &amp; Votsalo Apartmens","og_description":"Kosmas ist eine der sch\u00f6nsten D\u00f6rfer in Arkadia. Die Ortschaft wurde in den s\u00fcd\u00f6stlichen Ausl\u00e4ufern des Parnonas erbaut und liegt in 1150 Metern H\u00f6he, umgeben von Tannen und Kastanienb\u00e4umen. Die H\u00e4user wurden aus Stein in der traditionellen Bauweise errichtet. Es Read more ...","og_url":"https:\/\/www.ammosvotsalo.com\/de\/kosmas\/","og_site_name":"Ammos &amp; Votsalo Apartmens","article_modified_time":"2016-03-21T13:57:46+00:00","twitter_card":"summary_large_image","twitter_misc":{"Gesch\u00e4tzte Lesezeit":"1\u00a0Minute"},"schema":{"@context":"https:\/\/schema.org","@graph":[{"@type":"WebPage","@id":"https:\/\/www.ammosvotsalo.com\/de\/kosmas\/","url":"https:\/\/www.ammosvotsalo.com\/de\/kosmas\/","name":"Kosmas | Ammos &amp; Votsalo Apartmens","isPartOf":{"@id":"https:\/\/www.ammosvotsalo.com\/#website"},"datePublished":"2016-02-01T16:47:42+00:00","dateModified":"2016-03-21T13:57:46+00:00","breadcrumb":{"@id":"https:\/\/www.ammosvotsalo.com\/de\/kosmas\/#breadcrumb"},"inLanguage":"de","potentialAction":[{"@type":"ReadAction","target":["https:\/\/www.ammosvotsalo.com\/de\/kosmas\/"]}]},{"@type":"BreadcrumbList","@id":"https:\/\/www.ammosvotsalo.com\/de\/kosmas\/#breadcrumb","itemListElement":[{"@type":"ListItem","position":1,"name":"Home","item":"https:\/\/www.ammosvotsalo.com\/de\/"},{"@type":"ListItem","position":2,"name":"Kosmas"}]},{"@type":"WebSite","@id":"https:\/\/www.ammosvotsalo.com\/#website","url":"https:\/\/www.ammosvotsalo.com\/","name":"Ammos &amp; Votsalo Apartmens","description":"","potentialAction":[{"@type":"SearchAction","target":{"@type":"EntryPoint","urlTemplate":"https:\/\/www.ammosvotsalo.com\/?s={search_term_string}"},"query-input":"required name=search_term_string"}],"inLanguage":"de"}]}},"_links":{"self":[{"href":"https:\/\/www.ammosvotsalo.com\/de\/wp-json\/wp\/v2\/pages\/1432"}],"collection":[{"href":"https:\/\/www.ammosvotsalo.com\/de\/wp-json\/wp\/v2\/pages"}],"about":[{"href":"https:\/\/www.ammosvotsalo.com\/de\/wp-json\/wp\/v2\/types\/page"}],"author":[{"embeddable":true,"href":"https:\/\/www.ammosvotsalo.com\/de\/wp-json\/wp\/v2\/users\/1"}],"replies":[{"embeddable":true,"href":"https:\/\/www.ammosvotsalo.com\/de\/wp-json\/wp\/v2\/comments?post=1432"}],"version-history":[{"count":3,"href":"https:\/\/www.ammosvotsalo.com\/de\/wp-json\/wp\/v2\/pages\/1432\/revisions"}],"predecessor-version":[{"id":1920,"href":"https:\/\/www.ammosvotsalo.com\/de\/wp-json\/wp\/v2\/pages\/1432\/revisions\/1920"}],"wp:attachment":[{"href":"https:\/\/www.ammosvotsalo.com\/de\/wp-json\/wp\/v2\/media?parent=1432"}],"curies":[{"name":"wp","href":"https:\/\/api.w.org\/{rel}","templated":true}]}}