{"id":1436,"date":"2016-02-01T16:51:10","date_gmt":"2016-02-01T16:51:10","guid":{"rendered":"http:\/\/www.ammosvotsalo.com\/?page_id=1436"},"modified":"2016-03-21T16:06:58","modified_gmt":"2016-03-21T14:06:58","slug":"1436-2","status":"publish","type":"page","link":"https:\/\/www.ammosvotsalo.com\/de\/1436-2\/","title":{"rendered":"Mari"},"content":{"rendered":"\n\t<div title='Resize Body Text' class='wpTextResizeControls' style='background-color:lightgray;border-radius:7px;-moz-border-radius:7px;-webkit-border-radius:7px;padding:3px;width:55px;'>\n\t\t<a class='increaseFont' title='Increase Font Size' style='font-size:18px;cursor:pointer;' >A<\/a><a class='resetFont' title='Reset Font Size' style='font-size:13px;padding-left:10px;cursor:pointer;'>A<\/a><a class='decreaseFont' title='Decrease Font Size' style='font-size:10px;padding-left:10px;cursor:pointer;'>A<\/a><\/div>\n<p>Das Dorf Mari ist eines der \u00e4ltestens D\u00f6rfer. Pausanias (der Griechische Reisende und Geograph in der Antike)  bezeichnet es als \u201cLakonika\u201d. Mari ist seit dem dritten und vierten Jahrhundert vor Christus bewohnt. Dort standen einst die Tempel des Artemis und ein allgemeiner Tempel f\u00fcr die grossen G\u00f6tter. M\u00f6glicherweise war es sogar ein Kurort \u201casklepeio\u201d, da es eine Vielzahl an heilenden Quellen und ein gutes Klima hatte. S\u00fcdlich des Dorfes befinden sich die Ruinen einer antiken Acropolis. Der gro\u00dfe Mariorema, ein jahreszeitlich bedingter Fluss, geh\u00f6rt zu einem grossen Wassernetzwerk, das die Feuchtgebiete der Region versorgt. <\/p>\n<h2>Wegbeschreibung<\/h2>\n<p><strong><i class=\"fa fa-road\"><\/i> Entfernung (Ausgangspunkt &#8211; Plaka)<\/strong> : 32 KM<br \/>\n<strong><i class=\"fa fa-clock-o\"><\/i> Dauer (mittleren Geschwindigkeit)<\/strong> : 50 MINUTEN<\/p>\n","protected":false},"excerpt":{"rendered":"<p>Das Dorf Mari ist eines der \u00e4ltestens D\u00f6rfer. Pausanias (der Griechische Reisende und Geograph in der Antike) bezeichnet es als \u201cLakonika\u201d. Mari ist seit dem dritten und vierten Jahrhundert vor Christus bewohnt. Dort standen einst die Tempel des Artemis und <a class=\"more-link\" href=\"https:\/\/www.ammosvotsalo.com\/de\/1436-2\/\">Read more &#8230;<\/a><\/p>\n","protected":false},"author":1,"featured_media":0,"parent":0,"menu_order":0,"comment_status":"closed","ping_status":"closed","template":"","meta":[],"yoast_head":"<!-- This site is optimized with the Yoast SEO plugin v19.12 - https:\/\/yoast.com\/wordpress\/plugins\/seo\/ -->\n<title>Mari | Ammos &amp; Votsalo Apartmens<\/title>\n<meta name=\"robots\" content=\"index, follow, max-snippet:-1, max-image-preview:large, max-video-preview:-1\" \/>\n<link rel=\"canonical\" href=\"https:\/\/www.ammosvotsalo.com\/de\/1436-2\/\" \/>\n<meta property=\"og:locale\" content=\"de_DE\" \/>\n<meta property=\"og:type\" content=\"article\" \/>\n<meta property=\"og:title\" content=\"Mari | Ammos &amp; Votsalo Apartmens\" \/>\n<meta property=\"og:description\" content=\"Das Dorf Mari ist eines der \u00e4ltestens D\u00f6rfer. Pausanias (der Griechische Reisende und Geograph in der Antike) bezeichnet es als \u201cLakonika\u201d. Mari ist seit dem dritten und vierten Jahrhundert vor Christus bewohnt. Dort standen einst die Tempel des Artemis und Read more ...\" \/>\n<meta property=\"og:url\" content=\"https:\/\/www.ammosvotsalo.com\/de\/1436-2\/\" \/>\n<meta property=\"og:site_name\" content=\"Ammos &amp; Votsalo Apartmens\" \/>\n<meta property=\"article:modified_time\" content=\"2016-03-21T14:06:58+00:00\" \/>\n<meta name=\"twitter:card\" content=\"summary_large_image\" \/>\n<meta name=\"twitter:label1\" content=\"Gesch\u00e4tzte Lesezeit\" \/>\n\t<meta name=\"twitter:data1\" content=\"1\u00a0Minute\" \/>\n<script type=\"application\/ld+json\" class=\"yoast-schema-graph\">{\"@context\":\"https:\/\/schema.org\",\"@graph\":[{\"@type\":\"WebPage\",\"@id\":\"https:\/\/www.ammosvotsalo.com\/de\/1436-2\/\",\"url\":\"https:\/\/www.ammosvotsalo.com\/de\/1436-2\/\",\"name\":\"Mari | Ammos &amp; Votsalo Apartmens\",\"isPartOf\":{\"@id\":\"https:\/\/www.ammosvotsalo.com\/#website\"},\"datePublished\":\"2016-02-01T16:51:10+00:00\",\"dateModified\":\"2016-03-21T14:06:58+00:00\",\"breadcrumb\":{\"@id\":\"https:\/\/www.ammosvotsalo.com\/de\/1436-2\/#breadcrumb\"},\"inLanguage\":\"de\",\"potentialAction\":[{\"@type\":\"ReadAction\",\"target\":[\"https:\/\/www.ammosvotsalo.com\/de\/1436-2\/\"]}]},{\"@type\":\"BreadcrumbList\",\"@id\":\"https:\/\/www.ammosvotsalo.com\/de\/1436-2\/#breadcrumb\",\"itemListElement\":[{\"@type\":\"ListItem\",\"position\":1,\"name\":\"Home\",\"item\":\"https:\/\/www.ammosvotsalo.com\/de\/\"},{\"@type\":\"ListItem\",\"position\":2,\"name\":\"Mari\"}]},{\"@type\":\"WebSite\",\"@id\":\"https:\/\/www.ammosvotsalo.com\/#website\",\"url\":\"https:\/\/www.ammosvotsalo.com\/\",\"name\":\"Ammos &amp; Votsalo Apartmens\",\"description\":\"\",\"potentialAction\":[{\"@type\":\"SearchAction\",\"target\":{\"@type\":\"EntryPoint\",\"urlTemplate\":\"https:\/\/www.ammosvotsalo.com\/?s={search_term_string}\"},\"query-input\":\"required name=search_term_string\"}],\"inLanguage\":\"de\"}]}<\/script>\n<!-- \/ Yoast SEO plugin. -->","yoast_head_json":{"title":"Mari | Ammos &amp; Votsalo Apartmens","robots":{"index":"index","follow":"follow","max-snippet":"max-snippet:-1","max-image-preview":"max-image-preview:large","max-video-preview":"max-video-preview:-1"},"canonical":"https:\/\/www.ammosvotsalo.com\/de\/1436-2\/","og_locale":"de_DE","og_type":"article","og_title":"Mari | Ammos &amp; Votsalo Apartmens","og_description":"Das Dorf Mari ist eines der \u00e4ltestens D\u00f6rfer. Pausanias (der Griechische Reisende und Geograph in der Antike) bezeichnet es als \u201cLakonika\u201d. Mari ist seit dem dritten und vierten Jahrhundert vor Christus bewohnt. Dort standen einst die Tempel des Artemis und Read more ...","og_url":"https:\/\/www.ammosvotsalo.com\/de\/1436-2\/","og_site_name":"Ammos &amp; Votsalo Apartmens","article_modified_time":"2016-03-21T14:06:58+00:00","twitter_card":"summary_large_image","twitter_misc":{"Gesch\u00e4tzte Lesezeit":"1\u00a0Minute"},"schema":{"@context":"https:\/\/schema.org","@graph":[{"@type":"WebPage","@id":"https:\/\/www.ammosvotsalo.com\/de\/1436-2\/","url":"https:\/\/www.ammosvotsalo.com\/de\/1436-2\/","name":"Mari | Ammos &amp; Votsalo Apartmens","isPartOf":{"@id":"https:\/\/www.ammosvotsalo.com\/#website"},"datePublished":"2016-02-01T16:51:10+00:00","dateModified":"2016-03-21T14:06:58+00:00","breadcrumb":{"@id":"https:\/\/www.ammosvotsalo.com\/de\/1436-2\/#breadcrumb"},"inLanguage":"de","potentialAction":[{"@type":"ReadAction","target":["https:\/\/www.ammosvotsalo.com\/de\/1436-2\/"]}]},{"@type":"BreadcrumbList","@id":"https:\/\/www.ammosvotsalo.com\/de\/1436-2\/#breadcrumb","itemListElement":[{"@type":"ListItem","position":1,"name":"Home","item":"https:\/\/www.ammosvotsalo.com\/de\/"},{"@type":"ListItem","position":2,"name":"Mari"}]},{"@type":"WebSite","@id":"https:\/\/www.ammosvotsalo.com\/#website","url":"https:\/\/www.ammosvotsalo.com\/","name":"Ammos &amp; Votsalo Apartmens","description":"","potentialAction":[{"@type":"SearchAction","target":{"@type":"EntryPoint","urlTemplate":"https:\/\/www.ammosvotsalo.com\/?s={search_term_string}"},"query-input":"required name=search_term_string"}],"inLanguage":"de"}]}},"_links":{"self":[{"href":"https:\/\/www.ammosvotsalo.com\/de\/wp-json\/wp\/v2\/pages\/1436"}],"collection":[{"href":"https:\/\/www.ammosvotsalo.com\/de\/wp-json\/wp\/v2\/pages"}],"about":[{"href":"https:\/\/www.ammosvotsalo.com\/de\/wp-json\/wp\/v2\/types\/page"}],"author":[{"embeddable":true,"href":"https:\/\/www.ammosvotsalo.com\/de\/wp-json\/wp\/v2\/users\/1"}],"replies":[{"embeddable":true,"href":"https:\/\/www.ammosvotsalo.com\/de\/wp-json\/wp\/v2\/comments?post=1436"}],"version-history":[{"count":3,"href":"https:\/\/www.ammosvotsalo.com\/de\/wp-json\/wp\/v2\/pages\/1436\/revisions"}],"predecessor-version":[{"id":1931,"href":"https:\/\/www.ammosvotsalo.com\/de\/wp-json\/wp\/v2\/pages\/1436\/revisions\/1931"}],"wp:attachment":[{"href":"https:\/\/www.ammosvotsalo.com\/de\/wp-json\/wp\/v2\/media?parent=1436"}],"curies":[{"name":"wp","href":"https:\/\/api.w.org\/{rel}","templated":true}]}}