{"id":1438,"date":"2016-02-01T16:52:45","date_gmt":"2016-02-01T16:52:45","guid":{"rendered":"http:\/\/www.ammosvotsalo.com\/?page_id=1438"},"modified":"2016-03-21T16:10:56","modified_gmt":"2016-03-21T14:10:56","slug":"melana","status":"publish","type":"page","link":"https:\/\/www.ammosvotsalo.com\/de\/melana\/","title":{"rendered":"Melana"},"content":{"rendered":"\n\t<div title='Resize Body Text' class='wpTextResizeControls' style='background-color:lightgray;border-radius:7px;-moz-border-radius:7px;-webkit-border-radius:7px;padding:3px;width:55px;'>\n\t\t<a class='increaseFont' title='Increase Font Size' style='font-size:18px;cursor:pointer;' >A<\/a><a class='resetFont' title='Reset Font Size' style='font-size:13px;padding-left:10px;cursor:pointer;'>A<\/a><a class='decreaseFont' title='Decrease Font Size' style='font-size:10px;padding-left:10px;cursor:pointer;'>A<\/a><\/div>\n<p>Melana ist ein traditionelles Dorf mit ungef\u00e4hr 300 Einwohnern, die dort dauerhaft eben. Es liegt an den H\u00e4ngen des Parnonas auf 200 Metern H\u00f6he. Die Vegetation ist \u00fcppig. Platanen und Zypressen umgeben das Dorf und die f\u00fcr Tsakonia typische, sowie einfache Architektur beeindruckt jeden Besucher. Die sch\u00f6ne Dorfkirche wurde der Jungfrau Maria gewidmet und liegt an einem Hang zwischen den beiden Nachbarschaften des Dorfes. <\/p>\n<h2>RWegbeschreibungoute<\/h2>\n<p><strong><i class=\"fa fa-road\"><\/i> Entfernung (Ausgangspunkt &#8211; Plaka)<\/strong> : 14 KM<br \/>\n<strong><i class=\"fa fa-clock-o\"><\/i> Dauer (mittleren Geschwindigkeit)<\/strong> : 25 MINUTEN<\/p>\n","protected":false},"excerpt":{"rendered":"<p>Melana ist ein traditionelles Dorf mit ungef\u00e4hr 300 Einwohnern, die dort dauerhaft eben. Es liegt an den H\u00e4ngen des Parnonas auf 200 Metern H\u00f6he. Die Vegetation ist \u00fcppig. Platanen und Zypressen umgeben das Dorf und die f\u00fcr Tsakonia typische, sowie <a class=\"more-link\" href=\"https:\/\/www.ammosvotsalo.com\/de\/melana\/\">Read more &#8230;<\/a><\/p>\n","protected":false},"author":1,"featured_media":0,"parent":0,"menu_order":0,"comment_status":"closed","ping_status":"closed","template":"","meta":[],"yoast_head":"<!-- This site is optimized with the Yoast SEO plugin v19.12 - https:\/\/yoast.com\/wordpress\/plugins\/seo\/ -->\n<title>Melana | Ammos &amp; Votsalo Apartmens<\/title>\n<meta name=\"robots\" content=\"index, follow, max-snippet:-1, max-image-preview:large, max-video-preview:-1\" \/>\n<link rel=\"canonical\" href=\"https:\/\/www.ammosvotsalo.com\/de\/melana\/\" \/>\n<meta property=\"og:locale\" content=\"de_DE\" \/>\n<meta property=\"og:type\" content=\"article\" \/>\n<meta property=\"og:title\" content=\"Melana | Ammos &amp; Votsalo Apartmens\" \/>\n<meta property=\"og:description\" content=\"Melana ist ein traditionelles Dorf mit ungef\u00e4hr 300 Einwohnern, die dort dauerhaft eben. Es liegt an den H\u00e4ngen des Parnonas auf 200 Metern H\u00f6he. Die Vegetation ist \u00fcppig. Platanen und Zypressen umgeben das Dorf und die f\u00fcr Tsakonia typische, sowie Read more ...\" \/>\n<meta property=\"og:url\" content=\"https:\/\/www.ammosvotsalo.com\/de\/melana\/\" \/>\n<meta property=\"og:site_name\" content=\"Ammos &amp; Votsalo Apartmens\" \/>\n<meta property=\"article:modified_time\" content=\"2016-03-21T14:10:56+00:00\" \/>\n<meta name=\"twitter:card\" content=\"summary_large_image\" \/>\n<script type=\"application\/ld+json\" class=\"yoast-schema-graph\">{\"@context\":\"https:\/\/schema.org\",\"@graph\":[{\"@type\":\"WebPage\",\"@id\":\"https:\/\/www.ammosvotsalo.com\/de\/melana\/\",\"url\":\"https:\/\/www.ammosvotsalo.com\/de\/melana\/\",\"name\":\"Melana | Ammos &amp; Votsalo Apartmens\",\"isPartOf\":{\"@id\":\"https:\/\/www.ammosvotsalo.com\/#website\"},\"datePublished\":\"2016-02-01T16:52:45+00:00\",\"dateModified\":\"2016-03-21T14:10:56+00:00\",\"breadcrumb\":{\"@id\":\"https:\/\/www.ammosvotsalo.com\/de\/melana\/#breadcrumb\"},\"inLanguage\":\"de\",\"potentialAction\":[{\"@type\":\"ReadAction\",\"target\":[\"https:\/\/www.ammosvotsalo.com\/de\/melana\/\"]}]},{\"@type\":\"BreadcrumbList\",\"@id\":\"https:\/\/www.ammosvotsalo.com\/de\/melana\/#breadcrumb\",\"itemListElement\":[{\"@type\":\"ListItem\",\"position\":1,\"name\":\"Home\",\"item\":\"https:\/\/www.ammosvotsalo.com\/de\/\"},{\"@type\":\"ListItem\",\"position\":2,\"name\":\"Melana\"}]},{\"@type\":\"WebSite\",\"@id\":\"https:\/\/www.ammosvotsalo.com\/#website\",\"url\":\"https:\/\/www.ammosvotsalo.com\/\",\"name\":\"Ammos &amp; Votsalo Apartmens\",\"description\":\"\",\"potentialAction\":[{\"@type\":\"SearchAction\",\"target\":{\"@type\":\"EntryPoint\",\"urlTemplate\":\"https:\/\/www.ammosvotsalo.com\/?s={search_term_string}\"},\"query-input\":\"required name=search_term_string\"}],\"inLanguage\":\"de\"}]}<\/script>\n<!-- \/ Yoast SEO plugin. -->","yoast_head_json":{"title":"Melana | Ammos &amp; Votsalo Apartmens","robots":{"index":"index","follow":"follow","max-snippet":"max-snippet:-1","max-image-preview":"max-image-preview:large","max-video-preview":"max-video-preview:-1"},"canonical":"https:\/\/www.ammosvotsalo.com\/de\/melana\/","og_locale":"de_DE","og_type":"article","og_title":"Melana | Ammos &amp; Votsalo Apartmens","og_description":"Melana ist ein traditionelles Dorf mit ungef\u00e4hr 300 Einwohnern, die dort dauerhaft eben. Es liegt an den H\u00e4ngen des Parnonas auf 200 Metern H\u00f6he. Die Vegetation ist \u00fcppig. Platanen und Zypressen umgeben das Dorf und die f\u00fcr Tsakonia typische, sowie Read more ...","og_url":"https:\/\/www.ammosvotsalo.com\/de\/melana\/","og_site_name":"Ammos &amp; Votsalo Apartmens","article_modified_time":"2016-03-21T14:10:56+00:00","twitter_card":"summary_large_image","schema":{"@context":"https:\/\/schema.org","@graph":[{"@type":"WebPage","@id":"https:\/\/www.ammosvotsalo.com\/de\/melana\/","url":"https:\/\/www.ammosvotsalo.com\/de\/melana\/","name":"Melana | Ammos &amp; Votsalo Apartmens","isPartOf":{"@id":"https:\/\/www.ammosvotsalo.com\/#website"},"datePublished":"2016-02-01T16:52:45+00:00","dateModified":"2016-03-21T14:10:56+00:00","breadcrumb":{"@id":"https:\/\/www.ammosvotsalo.com\/de\/melana\/#breadcrumb"},"inLanguage":"de","potentialAction":[{"@type":"ReadAction","target":["https:\/\/www.ammosvotsalo.com\/de\/melana\/"]}]},{"@type":"BreadcrumbList","@id":"https:\/\/www.ammosvotsalo.com\/de\/melana\/#breadcrumb","itemListElement":[{"@type":"ListItem","position":1,"name":"Home","item":"https:\/\/www.ammosvotsalo.com\/de\/"},{"@type":"ListItem","position":2,"name":"Melana"}]},{"@type":"WebSite","@id":"https:\/\/www.ammosvotsalo.com\/#website","url":"https:\/\/www.ammosvotsalo.com\/","name":"Ammos &amp; Votsalo Apartmens","description":"","potentialAction":[{"@type":"SearchAction","target":{"@type":"EntryPoint","urlTemplate":"https:\/\/www.ammosvotsalo.com\/?s={search_term_string}"},"query-input":"required name=search_term_string"}],"inLanguage":"de"}]}},"_links":{"self":[{"href":"https:\/\/www.ammosvotsalo.com\/de\/wp-json\/wp\/v2\/pages\/1438"}],"collection":[{"href":"https:\/\/www.ammosvotsalo.com\/de\/wp-json\/wp\/v2\/pages"}],"about":[{"href":"https:\/\/www.ammosvotsalo.com\/de\/wp-json\/wp\/v2\/types\/page"}],"author":[{"embeddable":true,"href":"https:\/\/www.ammosvotsalo.com\/de\/wp-json\/wp\/v2\/users\/1"}],"replies":[{"embeddable":true,"href":"https:\/\/www.ammosvotsalo.com\/de\/wp-json\/wp\/v2\/comments?post=1438"}],"version-history":[{"count":2,"href":"https:\/\/www.ammosvotsalo.com\/de\/wp-json\/wp\/v2\/pages\/1438\/revisions"}],"predecessor-version":[{"id":1935,"href":"https:\/\/www.ammosvotsalo.com\/de\/wp-json\/wp\/v2\/pages\/1438\/revisions\/1935"}],"wp:attachment":[{"href":"https:\/\/www.ammosvotsalo.com\/de\/wp-json\/wp\/v2\/media?parent=1438"}],"curies":[{"name":"wp","href":"https:\/\/api.w.org\/{rel}","templated":true}]}}