{"id":1441,"date":"2016-02-01T16:54:31","date_gmt":"2016-02-01T16:54:31","guid":{"rendered":"http:\/\/www.ammosvotsalo.com\/?page_id=1441"},"modified":"2016-03-21T16:15:08","modified_gmt":"2016-03-21T14:15:08","slug":"paleochori","status":"publish","type":"page","link":"https:\/\/www.ammosvotsalo.com\/de\/paleochori\/","title":{"rendered":"Paleochori"},"content":{"rendered":"\n\t<div title='Resize Body Text' class='wpTextResizeControls' style='background-color:lightgray;border-radius:7px;-moz-border-radius:7px;-webkit-border-radius:7px;padding:3px;width:55px;'>\n\t\t<a class='increaseFont' title='Increase Font Size' style='font-size:18px;cursor:pointer;' >A<\/a><a class='resetFont' title='Reset Font Size' style='font-size:13px;padding-left:10px;cursor:pointer;'>A<\/a><a class='decreaseFont' title='Decrease Font Size' style='font-size:10px;padding-left:10px;cursor:pointer;'>A<\/a><\/div>\n<p>Eines der malerischsten D\u00f6rfer Kynouria\u2019s, das an einem Hang in 850 Metern H\u00f6he liegt und dessen Geschichte bis in die Antike reicht. Die Bewohner sind Landwirte. Die harmonische Ortschaft, die verborgen in den Tannenw\u00e4ldern des Parnonas Gebirges liegt, verzaubert mit ihren wundersch\u00f6nenen Steinh\u00e4usern und geplasterte Strassen. Die Umgebung ist reich an Tannen und Zedern, nat\u00fcrlichen Quellen, kleinen B\u00e4chen und Fl\u00fcsschen. Die \u00dcberreste Mycenaeischer Gr\u00e4ber beweisen die Antike Geschichte des kleinen Dorfes.<\/p>\n<p>Es gibt viele H\u00f6hlen, die im Altertum eine wichtige religi\u00f6se Rolle spielten. Die H\u00f6hlen sind f\u00fcr Besucher zug\u00e4nglich und geh\u00f6ren wohl zu einem geheimen unterirdischen Netzwerk. Tristomo, Alikousi und Propantes sind Teil des mysteri\u00f6sen Buschlandes der Erde und laden uns auf Erkundungstour ein. Die Formationen der Stalagmiten und Stalagtiten sind unbeschreiblich. <\/p>\n<h2>Wegbeschreibung<\/h2>\n<p><strong><i class=\"fa fa-road\"><\/i> Entfernung (Ausgangspunkt &#8211; Plaka)<\/strong> : 25 KM<br \/>\n<strong><i class=\"fa fa-clock-o\"><\/i> Dauer (mittleren Geschwindigkeit)<\/strong> : 40 MINUTEN<\/p>\n","protected":false},"excerpt":{"rendered":"<p>Eines der malerischsten D\u00f6rfer Kynouria\u2019s, das an einem Hang in 850 Metern H\u00f6he liegt und dessen Geschichte bis in die Antike reicht. Die Bewohner sind Landwirte. Die harmonische Ortschaft, die verborgen in den Tannenw\u00e4ldern des Parnonas Gebirges liegt, verzaubert mit <a class=\"more-link\" href=\"https:\/\/www.ammosvotsalo.com\/de\/paleochori\/\">Read more &#8230;<\/a><\/p>\n","protected":false},"author":1,"featured_media":0,"parent":0,"menu_order":0,"comment_status":"closed","ping_status":"closed","template":"","meta":[],"yoast_head":"<!-- This site is optimized with the Yoast SEO plugin v19.12 - https:\/\/yoast.com\/wordpress\/plugins\/seo\/ -->\n<title>Paleochori | Ammos &amp; Votsalo Apartmens<\/title>\n<meta name=\"robots\" content=\"index, follow, max-snippet:-1, max-image-preview:large, max-video-preview:-1\" \/>\n<link rel=\"canonical\" href=\"https:\/\/www.ammosvotsalo.com\/de\/paleochori\/\" \/>\n<meta property=\"og:locale\" content=\"de_DE\" \/>\n<meta property=\"og:type\" content=\"article\" \/>\n<meta property=\"og:title\" content=\"Paleochori | Ammos &amp; Votsalo Apartmens\" \/>\n<meta property=\"og:description\" content=\"Eines der malerischsten D\u00f6rfer Kynouria\u2019s, das an einem Hang in 850 Metern H\u00f6he liegt und dessen Geschichte bis in die Antike reicht. Die Bewohner sind Landwirte. Die harmonische Ortschaft, die verborgen in den Tannenw\u00e4ldern des Parnonas Gebirges liegt, verzaubert mit Read more ...\" \/>\n<meta property=\"og:url\" content=\"https:\/\/www.ammosvotsalo.com\/de\/paleochori\/\" \/>\n<meta property=\"og:site_name\" content=\"Ammos &amp; Votsalo Apartmens\" \/>\n<meta property=\"article:modified_time\" content=\"2016-03-21T14:15:08+00:00\" \/>\n<meta name=\"twitter:card\" content=\"summary_large_image\" \/>\n<meta name=\"twitter:label1\" content=\"Gesch\u00e4tzte Lesezeit\" \/>\n\t<meta name=\"twitter:data1\" content=\"1\u00a0Minute\" \/>\n<script type=\"application\/ld+json\" class=\"yoast-schema-graph\">{\"@context\":\"https:\/\/schema.org\",\"@graph\":[{\"@type\":\"WebPage\",\"@id\":\"https:\/\/www.ammosvotsalo.com\/de\/paleochori\/\",\"url\":\"https:\/\/www.ammosvotsalo.com\/de\/paleochori\/\",\"name\":\"Paleochori | Ammos &amp; Votsalo Apartmens\",\"isPartOf\":{\"@id\":\"https:\/\/www.ammosvotsalo.com\/#website\"},\"datePublished\":\"2016-02-01T16:54:31+00:00\",\"dateModified\":\"2016-03-21T14:15:08+00:00\",\"breadcrumb\":{\"@id\":\"https:\/\/www.ammosvotsalo.com\/de\/paleochori\/#breadcrumb\"},\"inLanguage\":\"de\",\"potentialAction\":[{\"@type\":\"ReadAction\",\"target\":[\"https:\/\/www.ammosvotsalo.com\/de\/paleochori\/\"]}]},{\"@type\":\"BreadcrumbList\",\"@id\":\"https:\/\/www.ammosvotsalo.com\/de\/paleochori\/#breadcrumb\",\"itemListElement\":[{\"@type\":\"ListItem\",\"position\":1,\"name\":\"Home\",\"item\":\"https:\/\/www.ammosvotsalo.com\/de\/\"},{\"@type\":\"ListItem\",\"position\":2,\"name\":\"Paleochori\"}]},{\"@type\":\"WebSite\",\"@id\":\"https:\/\/www.ammosvotsalo.com\/#website\",\"url\":\"https:\/\/www.ammosvotsalo.com\/\",\"name\":\"Ammos &amp; Votsalo Apartmens\",\"description\":\"\",\"potentialAction\":[{\"@type\":\"SearchAction\",\"target\":{\"@type\":\"EntryPoint\",\"urlTemplate\":\"https:\/\/www.ammosvotsalo.com\/?s={search_term_string}\"},\"query-input\":\"required name=search_term_string\"}],\"inLanguage\":\"de\"}]}<\/script>\n<!-- \/ Yoast SEO plugin. -->","yoast_head_json":{"title":"Paleochori | Ammos &amp; Votsalo Apartmens","robots":{"index":"index","follow":"follow","max-snippet":"max-snippet:-1","max-image-preview":"max-image-preview:large","max-video-preview":"max-video-preview:-1"},"canonical":"https:\/\/www.ammosvotsalo.com\/de\/paleochori\/","og_locale":"de_DE","og_type":"article","og_title":"Paleochori | Ammos &amp; Votsalo Apartmens","og_description":"Eines der malerischsten D\u00f6rfer Kynouria\u2019s, das an einem Hang in 850 Metern H\u00f6he liegt und dessen Geschichte bis in die Antike reicht. Die Bewohner sind Landwirte. Die harmonische Ortschaft, die verborgen in den Tannenw\u00e4ldern des Parnonas Gebirges liegt, verzaubert mit Read more ...","og_url":"https:\/\/www.ammosvotsalo.com\/de\/paleochori\/","og_site_name":"Ammos &amp; Votsalo Apartmens","article_modified_time":"2016-03-21T14:15:08+00:00","twitter_card":"summary_large_image","twitter_misc":{"Gesch\u00e4tzte Lesezeit":"1\u00a0Minute"},"schema":{"@context":"https:\/\/schema.org","@graph":[{"@type":"WebPage","@id":"https:\/\/www.ammosvotsalo.com\/de\/paleochori\/","url":"https:\/\/www.ammosvotsalo.com\/de\/paleochori\/","name":"Paleochori | Ammos &amp; Votsalo Apartmens","isPartOf":{"@id":"https:\/\/www.ammosvotsalo.com\/#website"},"datePublished":"2016-02-01T16:54:31+00:00","dateModified":"2016-03-21T14:15:08+00:00","breadcrumb":{"@id":"https:\/\/www.ammosvotsalo.com\/de\/paleochori\/#breadcrumb"},"inLanguage":"de","potentialAction":[{"@type":"ReadAction","target":["https:\/\/www.ammosvotsalo.com\/de\/paleochori\/"]}]},{"@type":"BreadcrumbList","@id":"https:\/\/www.ammosvotsalo.com\/de\/paleochori\/#breadcrumb","itemListElement":[{"@type":"ListItem","position":1,"name":"Home","item":"https:\/\/www.ammosvotsalo.com\/de\/"},{"@type":"ListItem","position":2,"name":"Paleochori"}]},{"@type":"WebSite","@id":"https:\/\/www.ammosvotsalo.com\/#website","url":"https:\/\/www.ammosvotsalo.com\/","name":"Ammos &amp; Votsalo Apartmens","description":"","potentialAction":[{"@type":"SearchAction","target":{"@type":"EntryPoint","urlTemplate":"https:\/\/www.ammosvotsalo.com\/?s={search_term_string}"},"query-input":"required name=search_term_string"}],"inLanguage":"de"}]}},"_links":{"self":[{"href":"https:\/\/www.ammosvotsalo.com\/de\/wp-json\/wp\/v2\/pages\/1441"}],"collection":[{"href":"https:\/\/www.ammosvotsalo.com\/de\/wp-json\/wp\/v2\/pages"}],"about":[{"href":"https:\/\/www.ammosvotsalo.com\/de\/wp-json\/wp\/v2\/types\/page"}],"author":[{"embeddable":true,"href":"https:\/\/www.ammosvotsalo.com\/de\/wp-json\/wp\/v2\/users\/1"}],"replies":[{"embeddable":true,"href":"https:\/\/www.ammosvotsalo.com\/de\/wp-json\/wp\/v2\/comments?post=1441"}],"version-history":[{"count":3,"href":"https:\/\/www.ammosvotsalo.com\/de\/wp-json\/wp\/v2\/pages\/1441\/revisions"}],"predecessor-version":[{"id":1941,"href":"https:\/\/www.ammosvotsalo.com\/de\/wp-json\/wp\/v2\/pages\/1441\/revisions\/1941"}],"wp:attachment":[{"href":"https:\/\/www.ammosvotsalo.com\/de\/wp-json\/wp\/v2\/media?parent=1441"}],"curies":[{"name":"wp","href":"https:\/\/api.w.org\/{rel}","templated":true}]}}