{"id":1444,"date":"2016-02-01T16:56:05","date_gmt":"2016-02-01T16:56:05","guid":{"rendered":"http:\/\/www.ammosvotsalo.com\/?page_id=1444"},"modified":"2016-03-21T16:26:01","modified_gmt":"2016-03-21T14:26:01","slug":"peleta","status":"publish","type":"page","link":"https:\/\/www.ammosvotsalo.com\/de\/peleta\/","title":{"rendered":"Peleta"},"content":{"rendered":"\n\t<div title='Resize Body Text' class='wpTextResizeControls' style='background-color:lightgray;border-radius:7px;-moz-border-radius:7px;-webkit-border-radius:7px;padding:3px;width:55px;'>\n\t\t<a class='increaseFont' title='Increase Font Size' style='font-size:18px;cursor:pointer;' >A<\/a><a class='resetFont' title='Reset Font Size' style='font-size:13px;padding-left:10px;cursor:pointer;'>A<\/a><a class='decreaseFont' title='Decrease Font Size' style='font-size:10px;padding-left:10px;cursor:pointer;'>A<\/a><\/div>\n<p>Im S\u00fcden von Leonidio befindet sich eine kleine Hochebene: Peleta. Ein weiteres traditionelles Dorf mit zweist\u00f6ckigen Steinh\u00e4usern. Die Landschaft um die Ortschaft herum ist wild und unber\u00fchrt. Heute leben ungef\u00e4hr 200 Menschen in der Ortschaft. Der sch\u00f6ne Dorfplatz liegt im Schatten von Platanen. Traditionelle Tavernen bieten eigene Gerichte und nat\u00fcrlich auch den aromatischen Rotwein von Peleta. Vom Dorf aus hat man eine freie Sicht zum Argolischen Golf.<\/p>\n<p>In der Hochebene gibt es viele Weing\u00e4rten, da der steinige Boden und das milde Klima wohlschmeckende Fr\u00fcchte hervorbringen. In Peleta gibt es auch eine ber\u00fchmte H\u00f6hle, die bis zu 490 Meter in die Tiefe hinabgeht. Diese bietet H\u00f6hlenforschern eine Herausforderung und ist ein gefragter Ort. Ab und zu wird das Grundwasser ins Meer  ausgestossen. Dieses Schauspiel ist ungew\u00f6hnlich, da es so aussieht, als ob grosse rote Augen auf der Wasseroberfl\u00e4che treiben w\u00fcrden. Die Dolinen von Peleta sind die tiefsten in Peleponnese und die zweit tiefsten in Griechenland. Ihre Erforschung ist bedeutungsvoll, da sie unbekannte Arten der Tier- und Pflanzenwelt beherbergen.<\/p>\n<h2>Wegbeschreibung<\/h2>\n<p><i class=\"fa fa-road\"><\/i> <strong>Entfernung (Ausgangspunkt &#8211; Plaka)<\/strong> : 15 KM<br \/>\n<i class=\"fa fa-clock-o\"><\/i> <strong>Dauer (mittleren Geschwindigkeit)<\/strong> : 25 MINUTEN<\/p>\n","protected":false},"excerpt":{"rendered":"<p>Im S\u00fcden von Leonidio befindet sich eine kleine Hochebene: Peleta. Ein weiteres traditionelles Dorf mit zweist\u00f6ckigen Steinh\u00e4usern. Die Landschaft um die Ortschaft herum ist wild und unber\u00fchrt. Heute leben ungef\u00e4hr 200 Menschen in der Ortschaft. Der sch\u00f6ne Dorfplatz liegt im <a class=\"more-link\" href=\"https:\/\/www.ammosvotsalo.com\/de\/peleta\/\">Read more &#8230;<\/a><\/p>\n","protected":false},"author":1,"featured_media":0,"parent":0,"menu_order":0,"comment_status":"closed","ping_status":"closed","template":"","meta":[],"yoast_head":"<!-- This site is optimized with the Yoast SEO plugin v19.12 - https:\/\/yoast.com\/wordpress\/plugins\/seo\/ -->\n<title>Peleta | Ammos &amp; Votsalo Apartmens<\/title>\n<meta name=\"robots\" content=\"index, follow, max-snippet:-1, max-image-preview:large, max-video-preview:-1\" \/>\n<link rel=\"canonical\" href=\"https:\/\/www.ammosvotsalo.com\/de\/peleta\/\" \/>\n<meta property=\"og:locale\" content=\"de_DE\" \/>\n<meta property=\"og:type\" content=\"article\" \/>\n<meta property=\"og:title\" content=\"Peleta | Ammos &amp; Votsalo Apartmens\" \/>\n<meta property=\"og:description\" content=\"Im S\u00fcden von Leonidio befindet sich eine kleine Hochebene: Peleta. Ein weiteres traditionelles Dorf mit zweist\u00f6ckigen Steinh\u00e4usern. Die Landschaft um die Ortschaft herum ist wild und unber\u00fchrt. Heute leben ungef\u00e4hr 200 Menschen in der Ortschaft. Der sch\u00f6ne Dorfplatz liegt im Read more ...\" \/>\n<meta property=\"og:url\" content=\"https:\/\/www.ammosvotsalo.com\/de\/peleta\/\" \/>\n<meta property=\"og:site_name\" content=\"Ammos &amp; Votsalo Apartmens\" \/>\n<meta property=\"article:modified_time\" content=\"2016-03-21T14:26:01+00:00\" \/>\n<meta name=\"twitter:card\" content=\"summary_large_image\" \/>\n<meta name=\"twitter:label1\" content=\"Gesch\u00e4tzte Lesezeit\" \/>\n\t<meta name=\"twitter:data1\" content=\"1\u00a0Minute\" \/>\n<script type=\"application\/ld+json\" class=\"yoast-schema-graph\">{\"@context\":\"https:\/\/schema.org\",\"@graph\":[{\"@type\":\"WebPage\",\"@id\":\"https:\/\/www.ammosvotsalo.com\/de\/peleta\/\",\"url\":\"https:\/\/www.ammosvotsalo.com\/de\/peleta\/\",\"name\":\"Peleta | Ammos &amp; Votsalo Apartmens\",\"isPartOf\":{\"@id\":\"https:\/\/www.ammosvotsalo.com\/#website\"},\"datePublished\":\"2016-02-01T16:56:05+00:00\",\"dateModified\":\"2016-03-21T14:26:01+00:00\",\"breadcrumb\":{\"@id\":\"https:\/\/www.ammosvotsalo.com\/de\/peleta\/#breadcrumb\"},\"inLanguage\":\"de\",\"potentialAction\":[{\"@type\":\"ReadAction\",\"target\":[\"https:\/\/www.ammosvotsalo.com\/de\/peleta\/\"]}]},{\"@type\":\"BreadcrumbList\",\"@id\":\"https:\/\/www.ammosvotsalo.com\/de\/peleta\/#breadcrumb\",\"itemListElement\":[{\"@type\":\"ListItem\",\"position\":1,\"name\":\"Home\",\"item\":\"https:\/\/www.ammosvotsalo.com\/de\/\"},{\"@type\":\"ListItem\",\"position\":2,\"name\":\"Peleta\"}]},{\"@type\":\"WebSite\",\"@id\":\"https:\/\/www.ammosvotsalo.com\/#website\",\"url\":\"https:\/\/www.ammosvotsalo.com\/\",\"name\":\"Ammos &amp; Votsalo Apartmens\",\"description\":\"\",\"potentialAction\":[{\"@type\":\"SearchAction\",\"target\":{\"@type\":\"EntryPoint\",\"urlTemplate\":\"https:\/\/www.ammosvotsalo.com\/?s={search_term_string}\"},\"query-input\":\"required name=search_term_string\"}],\"inLanguage\":\"de\"}]}<\/script>\n<!-- \/ Yoast SEO plugin. -->","yoast_head_json":{"title":"Peleta | Ammos &amp; Votsalo Apartmens","robots":{"index":"index","follow":"follow","max-snippet":"max-snippet:-1","max-image-preview":"max-image-preview:large","max-video-preview":"max-video-preview:-1"},"canonical":"https:\/\/www.ammosvotsalo.com\/de\/peleta\/","og_locale":"de_DE","og_type":"article","og_title":"Peleta | Ammos &amp; Votsalo Apartmens","og_description":"Im S\u00fcden von Leonidio befindet sich eine kleine Hochebene: Peleta. Ein weiteres traditionelles Dorf mit zweist\u00f6ckigen Steinh\u00e4usern. Die Landschaft um die Ortschaft herum ist wild und unber\u00fchrt. Heute leben ungef\u00e4hr 200 Menschen in der Ortschaft. Der sch\u00f6ne Dorfplatz liegt im Read more ...","og_url":"https:\/\/www.ammosvotsalo.com\/de\/peleta\/","og_site_name":"Ammos &amp; Votsalo Apartmens","article_modified_time":"2016-03-21T14:26:01+00:00","twitter_card":"summary_large_image","twitter_misc":{"Gesch\u00e4tzte Lesezeit":"1\u00a0Minute"},"schema":{"@context":"https:\/\/schema.org","@graph":[{"@type":"WebPage","@id":"https:\/\/www.ammosvotsalo.com\/de\/peleta\/","url":"https:\/\/www.ammosvotsalo.com\/de\/peleta\/","name":"Peleta | Ammos &amp; Votsalo Apartmens","isPartOf":{"@id":"https:\/\/www.ammosvotsalo.com\/#website"},"datePublished":"2016-02-01T16:56:05+00:00","dateModified":"2016-03-21T14:26:01+00:00","breadcrumb":{"@id":"https:\/\/www.ammosvotsalo.com\/de\/peleta\/#breadcrumb"},"inLanguage":"de","potentialAction":[{"@type":"ReadAction","target":["https:\/\/www.ammosvotsalo.com\/de\/peleta\/"]}]},{"@type":"BreadcrumbList","@id":"https:\/\/www.ammosvotsalo.com\/de\/peleta\/#breadcrumb","itemListElement":[{"@type":"ListItem","position":1,"name":"Home","item":"https:\/\/www.ammosvotsalo.com\/de\/"},{"@type":"ListItem","position":2,"name":"Peleta"}]},{"@type":"WebSite","@id":"https:\/\/www.ammosvotsalo.com\/#website","url":"https:\/\/www.ammosvotsalo.com\/","name":"Ammos &amp; Votsalo Apartmens","description":"","potentialAction":[{"@type":"SearchAction","target":{"@type":"EntryPoint","urlTemplate":"https:\/\/www.ammosvotsalo.com\/?s={search_term_string}"},"query-input":"required name=search_term_string"}],"inLanguage":"de"}]}},"_links":{"self":[{"href":"https:\/\/www.ammosvotsalo.com\/de\/wp-json\/wp\/v2\/pages\/1444"}],"collection":[{"href":"https:\/\/www.ammosvotsalo.com\/de\/wp-json\/wp\/v2\/pages"}],"about":[{"href":"https:\/\/www.ammosvotsalo.com\/de\/wp-json\/wp\/v2\/types\/page"}],"author":[{"embeddable":true,"href":"https:\/\/www.ammosvotsalo.com\/de\/wp-json\/wp\/v2\/users\/1"}],"replies":[{"embeddable":true,"href":"https:\/\/www.ammosvotsalo.com\/de\/wp-json\/wp\/v2\/comments?post=1444"}],"version-history":[{"count":3,"href":"https:\/\/www.ammosvotsalo.com\/de\/wp-json\/wp\/v2\/pages\/1444\/revisions"}],"predecessor-version":[{"id":1946,"href":"https:\/\/www.ammosvotsalo.com\/de\/wp-json\/wp\/v2\/pages\/1444\/revisions\/1946"}],"wp:attachment":[{"href":"https:\/\/www.ammosvotsalo.com\/de\/wp-json\/wp\/v2\/media?parent=1444"}],"curies":[{"name":"wp","href":"https:\/\/api.w.org\/{rel}","templated":true}]}}