{"id":1450,"date":"2016-02-01T17:01:21","date_gmt":"2016-02-01T17:01:21","guid":{"rendered":"http:\/\/www.ammosvotsalo.com\/?page_id=1450"},"modified":"2016-03-21T16:33:25","modified_gmt":"2016-03-21T14:33:25","slug":"pragmatefti","status":"publish","type":"page","link":"https:\/\/www.ammosvotsalo.com\/de\/pragmatefti\/","title":{"rendered":"Pragmatefti"},"content":{"rendered":"\n\t<div title='Resize Body Text' class='wpTextResizeControls' style='background-color:lightgray;border-radius:7px;-moz-border-radius:7px;-webkit-border-radius:7px;padding:3px;width:55px;'>\n\t\t<a class='increaseFont' title='Increase Font Size' style='font-size:18px;cursor:pointer;' >A<\/a><a class='resetFont' title='Reset Font Size' style='font-size:13px;padding-left:10px;cursor:pointer;'>A<\/a><a class='decreaseFont' title='Decrease Font Size' style='font-size:10px;padding-left:10px;cursor:pointer;'>A<\/a><\/div>\n<p>Die Ortschat liegt nord\u00f6stlich von Leonidio, an einem halbfelsigen Hang, der ungef\u00e4hr 300 Meter lang ist und in einer H\u00f6he zwischen 150 und 250 Metern. Es gibt fruchtbare Bepflanzungen im Osten des Ortes, haupts\u00e4chlich wachsen dort Zitrus- und Olivenb\u00e4ume. Im Westen des Ortes, in der H\u00f6he von 350 Metern, befindet sich die kleine Hochebene \u201eLimnes\u201c. Dort, an der s\u00fcdlichen Seite, gibt es Ruinen einer alten Siedlung.<\/p>\n<p>Die Aussicht ist wundersch\u00f6n. Mit blo\u00dfem Auge kann man bei gutem Wetter die Inseln Spetses, Velopoula (Parapola) und Hydra, sowie Cape Skylo (Tselevinia), den gesamten Argolischen Golf und Palamidi sehen.<br \/>\nPragmatefti ist eine traditionelle Ortschaft, mit Steinh\u00e4usern, weissgekalkten H\u00e4usern und kleinen Pfaden. Das ganze hat ein bisschen etwas von einer Inselathmosph\u00e4re.<\/p>\n<p>Fr\u00fcher hie\u00df Pragmatefti \u201cProtevousa\u201d (die Hauptstadt), da sie die gr\u00f6\u00dfte der umliegenden Siedlungen war. Bewohnt ist sie seit ungef\u00e4hr 1600. Ihre Bewohner sind Land- oder Viehwirte, Fischer oder arbeiten im Tourismus.<\/p>\n<h2>Wegbeschreibung<\/h2>\n<p><strong><i class=\"fa fa-road\"><\/i> Entfernung (Ausgangspunkt &#8211; Plaka)<\/strong> : 10 KM<br \/>\n<strong><i class=\"fa fa-clock-o\"><\/i> Dauer (mittleren Geschwindigkeit)<\/strong> : 20 MINUTEN<\/p>\n","protected":false},"excerpt":{"rendered":"<p>Die Ortschat liegt nord\u00f6stlich von Leonidio, an einem halbfelsigen Hang, der ungef\u00e4hr 300 Meter lang ist und in einer H\u00f6he zwischen 150 und 250 Metern. Es gibt fruchtbare Bepflanzungen im Osten des Ortes, haupts\u00e4chlich wachsen dort Zitrus- und Olivenb\u00e4ume. Im <a class=\"more-link\" href=\"https:\/\/www.ammosvotsalo.com\/de\/pragmatefti\/\">Read more &#8230;<\/a><\/p>\n","protected":false},"author":1,"featured_media":0,"parent":0,"menu_order":0,"comment_status":"closed","ping_status":"closed","template":"","meta":[],"yoast_head":"<!-- This site is optimized with the Yoast SEO plugin v19.12 - https:\/\/yoast.com\/wordpress\/plugins\/seo\/ -->\n<title>Pragmatefti | Ammos &amp; Votsalo Apartmens<\/title>\n<meta name=\"robots\" content=\"index, follow, max-snippet:-1, max-image-preview:large, max-video-preview:-1\" \/>\n<link rel=\"canonical\" href=\"https:\/\/www.ammosvotsalo.com\/de\/pragmatefti\/\" \/>\n<meta property=\"og:locale\" content=\"de_DE\" \/>\n<meta property=\"og:type\" content=\"article\" \/>\n<meta property=\"og:title\" content=\"Pragmatefti | Ammos &amp; Votsalo Apartmens\" \/>\n<meta property=\"og:description\" content=\"Die Ortschat liegt nord\u00f6stlich von Leonidio, an einem halbfelsigen Hang, der ungef\u00e4hr 300 Meter lang ist und in einer H\u00f6he zwischen 150 und 250 Metern. Es gibt fruchtbare Bepflanzungen im Osten des Ortes, haupts\u00e4chlich wachsen dort Zitrus- und Olivenb\u00e4ume. Im Read more ...\" \/>\n<meta property=\"og:url\" content=\"https:\/\/www.ammosvotsalo.com\/de\/pragmatefti\/\" \/>\n<meta property=\"og:site_name\" content=\"Ammos &amp; Votsalo Apartmens\" \/>\n<meta property=\"article:modified_time\" content=\"2016-03-21T14:33:25+00:00\" \/>\n<meta name=\"twitter:card\" content=\"summary_large_image\" \/>\n<meta name=\"twitter:label1\" content=\"Gesch\u00e4tzte Lesezeit\" \/>\n\t<meta name=\"twitter:data1\" content=\"1\u00a0Minute\" \/>\n<script type=\"application\/ld+json\" class=\"yoast-schema-graph\">{\"@context\":\"https:\/\/schema.org\",\"@graph\":[{\"@type\":\"WebPage\",\"@id\":\"https:\/\/www.ammosvotsalo.com\/de\/pragmatefti\/\",\"url\":\"https:\/\/www.ammosvotsalo.com\/de\/pragmatefti\/\",\"name\":\"Pragmatefti | Ammos &amp; Votsalo Apartmens\",\"isPartOf\":{\"@id\":\"https:\/\/www.ammosvotsalo.com\/#website\"},\"datePublished\":\"2016-02-01T17:01:21+00:00\",\"dateModified\":\"2016-03-21T14:33:25+00:00\",\"breadcrumb\":{\"@id\":\"https:\/\/www.ammosvotsalo.com\/de\/pragmatefti\/#breadcrumb\"},\"inLanguage\":\"de\",\"potentialAction\":[{\"@type\":\"ReadAction\",\"target\":[\"https:\/\/www.ammosvotsalo.com\/de\/pragmatefti\/\"]}]},{\"@type\":\"BreadcrumbList\",\"@id\":\"https:\/\/www.ammosvotsalo.com\/de\/pragmatefti\/#breadcrumb\",\"itemListElement\":[{\"@type\":\"ListItem\",\"position\":1,\"name\":\"Home\",\"item\":\"https:\/\/www.ammosvotsalo.com\/de\/\"},{\"@type\":\"ListItem\",\"position\":2,\"name\":\"Pragmatefti\"}]},{\"@type\":\"WebSite\",\"@id\":\"https:\/\/www.ammosvotsalo.com\/#website\",\"url\":\"https:\/\/www.ammosvotsalo.com\/\",\"name\":\"Ammos &amp; Votsalo Apartmens\",\"description\":\"\",\"potentialAction\":[{\"@type\":\"SearchAction\",\"target\":{\"@type\":\"EntryPoint\",\"urlTemplate\":\"https:\/\/www.ammosvotsalo.com\/?s={search_term_string}\"},\"query-input\":\"required name=search_term_string\"}],\"inLanguage\":\"de\"}]}<\/script>\n<!-- \/ Yoast SEO plugin. -->","yoast_head_json":{"title":"Pragmatefti | Ammos &amp; Votsalo Apartmens","robots":{"index":"index","follow":"follow","max-snippet":"max-snippet:-1","max-image-preview":"max-image-preview:large","max-video-preview":"max-video-preview:-1"},"canonical":"https:\/\/www.ammosvotsalo.com\/de\/pragmatefti\/","og_locale":"de_DE","og_type":"article","og_title":"Pragmatefti | Ammos &amp; Votsalo Apartmens","og_description":"Die Ortschat liegt nord\u00f6stlich von Leonidio, an einem halbfelsigen Hang, der ungef\u00e4hr 300 Meter lang ist und in einer H\u00f6he zwischen 150 und 250 Metern. Es gibt fruchtbare Bepflanzungen im Osten des Ortes, haupts\u00e4chlich wachsen dort Zitrus- und Olivenb\u00e4ume. Im Read more ...","og_url":"https:\/\/www.ammosvotsalo.com\/de\/pragmatefti\/","og_site_name":"Ammos &amp; Votsalo Apartmens","article_modified_time":"2016-03-21T14:33:25+00:00","twitter_card":"summary_large_image","twitter_misc":{"Gesch\u00e4tzte Lesezeit":"1\u00a0Minute"},"schema":{"@context":"https:\/\/schema.org","@graph":[{"@type":"WebPage","@id":"https:\/\/www.ammosvotsalo.com\/de\/pragmatefti\/","url":"https:\/\/www.ammosvotsalo.com\/de\/pragmatefti\/","name":"Pragmatefti | Ammos &amp; Votsalo Apartmens","isPartOf":{"@id":"https:\/\/www.ammosvotsalo.com\/#website"},"datePublished":"2016-02-01T17:01:21+00:00","dateModified":"2016-03-21T14:33:25+00:00","breadcrumb":{"@id":"https:\/\/www.ammosvotsalo.com\/de\/pragmatefti\/#breadcrumb"},"inLanguage":"de","potentialAction":[{"@type":"ReadAction","target":["https:\/\/www.ammosvotsalo.com\/de\/pragmatefti\/"]}]},{"@type":"BreadcrumbList","@id":"https:\/\/www.ammosvotsalo.com\/de\/pragmatefti\/#breadcrumb","itemListElement":[{"@type":"ListItem","position":1,"name":"Home","item":"https:\/\/www.ammosvotsalo.com\/de\/"},{"@type":"ListItem","position":2,"name":"Pragmatefti"}]},{"@type":"WebSite","@id":"https:\/\/www.ammosvotsalo.com\/#website","url":"https:\/\/www.ammosvotsalo.com\/","name":"Ammos &amp; Votsalo Apartmens","description":"","potentialAction":[{"@type":"SearchAction","target":{"@type":"EntryPoint","urlTemplate":"https:\/\/www.ammosvotsalo.com\/?s={search_term_string}"},"query-input":"required name=search_term_string"}],"inLanguage":"de"}]}},"_links":{"self":[{"href":"https:\/\/www.ammosvotsalo.com\/de\/wp-json\/wp\/v2\/pages\/1450"}],"collection":[{"href":"https:\/\/www.ammosvotsalo.com\/de\/wp-json\/wp\/v2\/pages"}],"about":[{"href":"https:\/\/www.ammosvotsalo.com\/de\/wp-json\/wp\/v2\/types\/page"}],"author":[{"embeddable":true,"href":"https:\/\/www.ammosvotsalo.com\/de\/wp-json\/wp\/v2\/users\/1"}],"replies":[{"embeddable":true,"href":"https:\/\/www.ammosvotsalo.com\/de\/wp-json\/wp\/v2\/comments?post=1450"}],"version-history":[{"count":2,"href":"https:\/\/www.ammosvotsalo.com\/de\/wp-json\/wp\/v2\/pages\/1450\/revisions"}],"predecessor-version":[{"id":1962,"href":"https:\/\/www.ammosvotsalo.com\/de\/wp-json\/wp\/v2\/pages\/1450\/revisions\/1962"}],"wp:attachment":[{"href":"https:\/\/www.ammosvotsalo.com\/de\/wp-json\/wp\/v2\/media?parent=1450"}],"curies":[{"name":"wp","href":"https:\/\/api.w.org\/{rel}","templated":true}]}}