{"id":1454,"date":"2016-02-01T17:04:47","date_gmt":"2016-02-01T17:04:47","guid":{"rendered":"http:\/\/www.ammosvotsalo.com\/?page_id=1454"},"modified":"2016-03-21T16:36:48","modified_gmt":"2016-03-21T14:36:48","slug":"tsitalia","status":"publish","type":"page","link":"https:\/\/www.ammosvotsalo.com\/de\/tsitalia\/","title":{"rendered":"Tsitalia"},"content":{"rendered":"<p>\n\t<div title='Resize Body Text' class='wpTextResizeControls' style='background-color:lightgray;border-radius:7px;-moz-border-radius:7px;-webkit-border-radius:7px;padding:3px;width:55px;'>\n\t\t<a class='increaseFont' title='Increase Font Size' style='font-size:18px;cursor:pointer;' >A<\/a><a class='resetFont' title='Reset Font Size' style='font-size:13px;padding-left:10px;cursor:pointer;'>A<\/a><a class='decreaseFont' title='Decrease Font Size' style='font-size:10px;padding-left:10px;cursor:pointer;'>A<\/a><\/div><br \/>\nTsitalia ist ein Dorf mit vielen Laubb\u00e4umen und liegt s\u00fcdlich von Leonidio. Eine geteerte Strasse f\u00fchrt von Leonidio direkt nach Tsitalia. Die Strasse beeindruckt nicht nur mit ihren Kurven, sondern auch mit einer ausgezeichneten Sicht auf die Argosaronischen Inseln und Acronauplia. Diese kann man von der Prophet Elias Stelle erhaschen. Das Dorf wurde klugerweise mit einem amphitheatrischen Design gebaut und besteht haupts\u00e4chlich aus Steinh\u00e4usern.  Das Klima in der Gegend, eine Mischung aus See- und Bergluft, ist belebend. Die k\u00f6stlichen einheimischen Gerichte, die es in den Tavernen gibt, belohnen jeden.<\/p>\n<h2>Wegbeschreibung<\/h2>\n<p><strong><i class=\"fa fa-road\"><\/i> Entfernung (Ausgangspunkt &#8211; Plaka)<\/strong> : 10 KM<br \/>\n<strong><i class=\"fa fa-clock-o\"><\/i> Dauer (mittleren Geschwindigkeit)<\/strong> : 20 MINUTEN<\/p>\n","protected":false},"excerpt":{"rendered":"<p>Tsitalia ist ein Dorf mit vielen Laubb\u00e4umen und liegt s\u00fcdlich von Leonidio. Eine geteerte Strasse f\u00fchrt von Leonidio direkt nach Tsitalia. Die Strasse beeindruckt nicht nur mit ihren Kurven, sondern auch mit einer ausgezeichneten Sicht auf die Argosaronischen Inseln und <a class=\"more-link\" href=\"https:\/\/www.ammosvotsalo.com\/de\/tsitalia\/\">Read more &#8230;<\/a><\/p>\n","protected":false},"author":1,"featured_media":0,"parent":0,"menu_order":0,"comment_status":"closed","ping_status":"closed","template":"","meta":[],"yoast_head":"<!-- This site is optimized with the Yoast SEO plugin v19.12 - https:\/\/yoast.com\/wordpress\/plugins\/seo\/ -->\n<title>Tsitalia | Ammos &amp; Votsalo Apartmens<\/title>\n<meta name=\"robots\" content=\"index, follow, max-snippet:-1, max-image-preview:large, max-video-preview:-1\" \/>\n<link rel=\"canonical\" href=\"https:\/\/www.ammosvotsalo.com\/de\/tsitalia\/\" \/>\n<meta property=\"og:locale\" content=\"de_DE\" \/>\n<meta property=\"og:type\" content=\"article\" \/>\n<meta property=\"og:title\" content=\"Tsitalia | Ammos &amp; Votsalo Apartmens\" \/>\n<meta property=\"og:description\" content=\"Tsitalia ist ein Dorf mit vielen Laubb\u00e4umen und liegt s\u00fcdlich von Leonidio. Eine geteerte Strasse f\u00fchrt von Leonidio direkt nach Tsitalia. Die Strasse beeindruckt nicht nur mit ihren Kurven, sondern auch mit einer ausgezeichneten Sicht auf die Argosaronischen Inseln und Read more ...\" \/>\n<meta property=\"og:url\" content=\"https:\/\/www.ammosvotsalo.com\/de\/tsitalia\/\" \/>\n<meta property=\"og:site_name\" content=\"Ammos &amp; Votsalo Apartmens\" \/>\n<meta property=\"article:modified_time\" content=\"2016-03-21T14:36:48+00:00\" \/>\n<meta name=\"twitter:card\" content=\"summary_large_image\" \/>\n<meta name=\"twitter:label1\" content=\"Gesch\u00e4tzte Lesezeit\" \/>\n\t<meta name=\"twitter:data1\" content=\"1\u00a0Minute\" \/>\n<script type=\"application\/ld+json\" class=\"yoast-schema-graph\">{\"@context\":\"https:\/\/schema.org\",\"@graph\":[{\"@type\":\"WebPage\",\"@id\":\"https:\/\/www.ammosvotsalo.com\/de\/tsitalia\/\",\"url\":\"https:\/\/www.ammosvotsalo.com\/de\/tsitalia\/\",\"name\":\"Tsitalia | Ammos &amp; Votsalo Apartmens\",\"isPartOf\":{\"@id\":\"https:\/\/www.ammosvotsalo.com\/#website\"},\"datePublished\":\"2016-02-01T17:04:47+00:00\",\"dateModified\":\"2016-03-21T14:36:48+00:00\",\"breadcrumb\":{\"@id\":\"https:\/\/www.ammosvotsalo.com\/de\/tsitalia\/#breadcrumb\"},\"inLanguage\":\"de\",\"potentialAction\":[{\"@type\":\"ReadAction\",\"target\":[\"https:\/\/www.ammosvotsalo.com\/de\/tsitalia\/\"]}]},{\"@type\":\"BreadcrumbList\",\"@id\":\"https:\/\/www.ammosvotsalo.com\/de\/tsitalia\/#breadcrumb\",\"itemListElement\":[{\"@type\":\"ListItem\",\"position\":1,\"name\":\"Home\",\"item\":\"https:\/\/www.ammosvotsalo.com\/de\/\"},{\"@type\":\"ListItem\",\"position\":2,\"name\":\"Tsitalia\"}]},{\"@type\":\"WebSite\",\"@id\":\"https:\/\/www.ammosvotsalo.com\/#website\",\"url\":\"https:\/\/www.ammosvotsalo.com\/\",\"name\":\"Ammos &amp; Votsalo Apartmens\",\"description\":\"\",\"potentialAction\":[{\"@type\":\"SearchAction\",\"target\":{\"@type\":\"EntryPoint\",\"urlTemplate\":\"https:\/\/www.ammosvotsalo.com\/?s={search_term_string}\"},\"query-input\":\"required name=search_term_string\"}],\"inLanguage\":\"de\"}]}<\/script>\n<!-- \/ Yoast SEO plugin. -->","yoast_head_json":{"title":"Tsitalia | Ammos &amp; Votsalo Apartmens","robots":{"index":"index","follow":"follow","max-snippet":"max-snippet:-1","max-image-preview":"max-image-preview:large","max-video-preview":"max-video-preview:-1"},"canonical":"https:\/\/www.ammosvotsalo.com\/de\/tsitalia\/","og_locale":"de_DE","og_type":"article","og_title":"Tsitalia | Ammos &amp; Votsalo Apartmens","og_description":"Tsitalia ist ein Dorf mit vielen Laubb\u00e4umen und liegt s\u00fcdlich von Leonidio. Eine geteerte Strasse f\u00fchrt von Leonidio direkt nach Tsitalia. Die Strasse beeindruckt nicht nur mit ihren Kurven, sondern auch mit einer ausgezeichneten Sicht auf die Argosaronischen Inseln und Read more ...","og_url":"https:\/\/www.ammosvotsalo.com\/de\/tsitalia\/","og_site_name":"Ammos &amp; Votsalo Apartmens","article_modified_time":"2016-03-21T14:36:48+00:00","twitter_card":"summary_large_image","twitter_misc":{"Gesch\u00e4tzte Lesezeit":"1\u00a0Minute"},"schema":{"@context":"https:\/\/schema.org","@graph":[{"@type":"WebPage","@id":"https:\/\/www.ammosvotsalo.com\/de\/tsitalia\/","url":"https:\/\/www.ammosvotsalo.com\/de\/tsitalia\/","name":"Tsitalia | Ammos &amp; Votsalo Apartmens","isPartOf":{"@id":"https:\/\/www.ammosvotsalo.com\/#website"},"datePublished":"2016-02-01T17:04:47+00:00","dateModified":"2016-03-21T14:36:48+00:00","breadcrumb":{"@id":"https:\/\/www.ammosvotsalo.com\/de\/tsitalia\/#breadcrumb"},"inLanguage":"de","potentialAction":[{"@type":"ReadAction","target":["https:\/\/www.ammosvotsalo.com\/de\/tsitalia\/"]}]},{"@type":"BreadcrumbList","@id":"https:\/\/www.ammosvotsalo.com\/de\/tsitalia\/#breadcrumb","itemListElement":[{"@type":"ListItem","position":1,"name":"Home","item":"https:\/\/www.ammosvotsalo.com\/de\/"},{"@type":"ListItem","position":2,"name":"Tsitalia"}]},{"@type":"WebSite","@id":"https:\/\/www.ammosvotsalo.com\/#website","url":"https:\/\/www.ammosvotsalo.com\/","name":"Ammos &amp; Votsalo Apartmens","description":"","potentialAction":[{"@type":"SearchAction","target":{"@type":"EntryPoint","urlTemplate":"https:\/\/www.ammosvotsalo.com\/?s={search_term_string}"},"query-input":"required name=search_term_string"}],"inLanguage":"de"}]}},"_links":{"self":[{"href":"https:\/\/www.ammosvotsalo.com\/de\/wp-json\/wp\/v2\/pages\/1454"}],"collection":[{"href":"https:\/\/www.ammosvotsalo.com\/de\/wp-json\/wp\/v2\/pages"}],"about":[{"href":"https:\/\/www.ammosvotsalo.com\/de\/wp-json\/wp\/v2\/types\/page"}],"author":[{"embeddable":true,"href":"https:\/\/www.ammosvotsalo.com\/de\/wp-json\/wp\/v2\/users\/1"}],"replies":[{"embeddable":true,"href":"https:\/\/www.ammosvotsalo.com\/de\/wp-json\/wp\/v2\/comments?post=1454"}],"version-history":[{"count":2,"href":"https:\/\/www.ammosvotsalo.com\/de\/wp-json\/wp\/v2\/pages\/1454\/revisions"}],"predecessor-version":[{"id":1968,"href":"https:\/\/www.ammosvotsalo.com\/de\/wp-json\/wp\/v2\/pages\/1454\/revisions\/1968"}],"wp:attachment":[{"href":"https:\/\/www.ammosvotsalo.com\/de\/wp-json\/wp\/v2\/media?parent=1454"}],"curies":[{"name":"wp","href":"https:\/\/api.w.org\/{rel}","templated":true}]}}