{"id":1461,"date":"2016-02-01T17:12:54","date_gmt":"2016-02-01T17:12:54","guid":{"rendered":"http:\/\/www.ammosvotsalo.com\/?page_id=1461"},"modified":"2016-03-21T14:20:04","modified_gmt":"2016-03-21T12:20:04","slug":"poulithra","status":"publish","type":"page","link":"https:\/\/www.ammosvotsalo.com\/de\/poulithra\/","title":{"rendered":"Poulithra"},"content":{"rendered":"\n\t<div title='Resize Body Text' class='wpTextResizeControls' style='background-color:lightgray;border-radius:7px;-moz-border-radius:7px;-webkit-border-radius:7px;padding:3px;width:55px;'>\n\t\t<a class='increaseFont' title='Increase Font Size' style='font-size:18px;cursor:pointer;' >A<\/a><a class='resetFont' title='Reset Font Size' style='font-size:13px;padding-left:10px;cursor:pointer;'>A<\/a><a class='decreaseFont' title='Decrease Font Size' style='font-size:10px;padding-left:10px;cursor:pointer;'>A<\/a><\/div>\n<p>Der Name Poulithra ist eine Abwandlung des Altgriechischen Wortes \u201cPolichni\u201d. Polyvius, der gro\u00dfe Historiker berichtete schon \u00fcber das Antike Polichni. Einst gab es dort eine wichtige Acropolis. Sie befand sich am H\u00fcgel neben dem Hafen. Es gibt au\u00dferdem die Ruinen einer mittelalterlichen Burg und Spuren von menschlicher Aktivit\u00e4t in den Feuchtgebieten. Antike Verankerungen von Schiffen wurden gefunden. Die beweist, dass es schon in der Antike einen Hafen gab.<\/p>\n<p>Es ist eine aussergew\u00f6hnliche Ortschaft. Poulithra hat zwei Bezirke. Steinh\u00e4user, G\u00e4rten voller Blumen, Fischerboote, Kiesstr\u00e4nde. Und das alles \u00fcberragt vom Parnonas. All das k\u00e4mpft sprichw\u00f6rtlich um einen Platz im Herzen des Reisenden. Das Meer, das in den sch\u00f6nsten Farben leuchtet und alle in seinen Bann zieht, macht dies zu einem zauberhaften Ort. Die Ortschaft zieht auch K\u00fcnstler an, da es einen angenehmen Aufenthalt verspricht \u2013 mit vielerlei Unterhaltung.<\/p>\n<h2>Wegbeschreibung<\/h2>\n<p><strong><i class=\"fa fa-road\"><\/i>Entfernung (Ausgangspunkt &#8211; Plaka)<\/strong> : 5 KM<br \/>\n<strong><i class=\"fa fa-clock-o\"><\/i>Dauer (mittleren Geschwindigkeit)<\/strong> : 10 MINUTEN<\/p>\n","protected":false},"excerpt":{"rendered":"<p>Der Name Poulithra ist eine Abwandlung des Altgriechischen Wortes \u201cPolichni\u201d. Polyvius, der gro\u00dfe Historiker berichtete schon \u00fcber das Antike Polichni. Einst gab es dort eine wichtige Acropolis. Sie befand sich am H\u00fcgel neben dem Hafen. Es gibt au\u00dferdem die Ruinen <a class=\"more-link\" href=\"https:\/\/www.ammosvotsalo.com\/de\/poulithra\/\">Read more &#8230;<\/a><\/p>\n","protected":false},"author":1,"featured_media":0,"parent":0,"menu_order":0,"comment_status":"closed","ping_status":"closed","template":"","meta":[],"yoast_head":"<!-- This site is optimized with the Yoast SEO plugin v19.12 - https:\/\/yoast.com\/wordpress\/plugins\/seo\/ -->\n<title>Poulithra | Ammos &amp; Votsalo Apartmens<\/title>\n<meta name=\"robots\" content=\"index, follow, max-snippet:-1, max-image-preview:large, max-video-preview:-1\" \/>\n<link rel=\"canonical\" href=\"https:\/\/www.ammosvotsalo.com\/de\/poulithra\/\" \/>\n<meta property=\"og:locale\" content=\"de_DE\" \/>\n<meta property=\"og:type\" content=\"article\" \/>\n<meta property=\"og:title\" content=\"Poulithra | Ammos &amp; Votsalo Apartmens\" \/>\n<meta property=\"og:description\" content=\"Der Name Poulithra ist eine Abwandlung des Altgriechischen Wortes \u201cPolichni\u201d. Polyvius, der gro\u00dfe Historiker berichtete schon \u00fcber das Antike Polichni. Einst gab es dort eine wichtige Acropolis. Sie befand sich am H\u00fcgel neben dem Hafen. Es gibt au\u00dferdem die Ruinen Read more ...\" \/>\n<meta property=\"og:url\" content=\"https:\/\/www.ammosvotsalo.com\/de\/poulithra\/\" \/>\n<meta property=\"og:site_name\" content=\"Ammos &amp; Votsalo Apartmens\" \/>\n<meta property=\"article:modified_time\" content=\"2016-03-21T12:20:04+00:00\" \/>\n<meta name=\"twitter:card\" content=\"summary_large_image\" \/>\n<meta name=\"twitter:label1\" content=\"Gesch\u00e4tzte Lesezeit\" \/>\n\t<meta name=\"twitter:data1\" content=\"1\u00a0Minute\" \/>\n<script type=\"application\/ld+json\" class=\"yoast-schema-graph\">{\"@context\":\"https:\/\/schema.org\",\"@graph\":[{\"@type\":\"WebPage\",\"@id\":\"https:\/\/www.ammosvotsalo.com\/de\/poulithra\/\",\"url\":\"https:\/\/www.ammosvotsalo.com\/de\/poulithra\/\",\"name\":\"Poulithra | Ammos &amp; Votsalo Apartmens\",\"isPartOf\":{\"@id\":\"https:\/\/www.ammosvotsalo.com\/#website\"},\"datePublished\":\"2016-02-01T17:12:54+00:00\",\"dateModified\":\"2016-03-21T12:20:04+00:00\",\"breadcrumb\":{\"@id\":\"https:\/\/www.ammosvotsalo.com\/de\/poulithra\/#breadcrumb\"},\"inLanguage\":\"de\",\"potentialAction\":[{\"@type\":\"ReadAction\",\"target\":[\"https:\/\/www.ammosvotsalo.com\/de\/poulithra\/\"]}]},{\"@type\":\"BreadcrumbList\",\"@id\":\"https:\/\/www.ammosvotsalo.com\/de\/poulithra\/#breadcrumb\",\"itemListElement\":[{\"@type\":\"ListItem\",\"position\":1,\"name\":\"Home\",\"item\":\"https:\/\/www.ammosvotsalo.com\/de\/\"},{\"@type\":\"ListItem\",\"position\":2,\"name\":\"Poulithra\"}]},{\"@type\":\"WebSite\",\"@id\":\"https:\/\/www.ammosvotsalo.com\/#website\",\"url\":\"https:\/\/www.ammosvotsalo.com\/\",\"name\":\"Ammos &amp; Votsalo Apartmens\",\"description\":\"\",\"potentialAction\":[{\"@type\":\"SearchAction\",\"target\":{\"@type\":\"EntryPoint\",\"urlTemplate\":\"https:\/\/www.ammosvotsalo.com\/?s={search_term_string}\"},\"query-input\":\"required name=search_term_string\"}],\"inLanguage\":\"de\"}]}<\/script>\n<!-- \/ Yoast SEO plugin. -->","yoast_head_json":{"title":"Poulithra | Ammos &amp; Votsalo Apartmens","robots":{"index":"index","follow":"follow","max-snippet":"max-snippet:-1","max-image-preview":"max-image-preview:large","max-video-preview":"max-video-preview:-1"},"canonical":"https:\/\/www.ammosvotsalo.com\/de\/poulithra\/","og_locale":"de_DE","og_type":"article","og_title":"Poulithra | Ammos &amp; Votsalo Apartmens","og_description":"Der Name Poulithra ist eine Abwandlung des Altgriechischen Wortes \u201cPolichni\u201d. Polyvius, der gro\u00dfe Historiker berichtete schon \u00fcber das Antike Polichni. Einst gab es dort eine wichtige Acropolis. Sie befand sich am H\u00fcgel neben dem Hafen. Es gibt au\u00dferdem die Ruinen Read more ...","og_url":"https:\/\/www.ammosvotsalo.com\/de\/poulithra\/","og_site_name":"Ammos &amp; Votsalo Apartmens","article_modified_time":"2016-03-21T12:20:04+00:00","twitter_card":"summary_large_image","twitter_misc":{"Gesch\u00e4tzte Lesezeit":"1\u00a0Minute"},"schema":{"@context":"https:\/\/schema.org","@graph":[{"@type":"WebPage","@id":"https:\/\/www.ammosvotsalo.com\/de\/poulithra\/","url":"https:\/\/www.ammosvotsalo.com\/de\/poulithra\/","name":"Poulithra | Ammos &amp; Votsalo Apartmens","isPartOf":{"@id":"https:\/\/www.ammosvotsalo.com\/#website"},"datePublished":"2016-02-01T17:12:54+00:00","dateModified":"2016-03-21T12:20:04+00:00","breadcrumb":{"@id":"https:\/\/www.ammosvotsalo.com\/de\/poulithra\/#breadcrumb"},"inLanguage":"de","potentialAction":[{"@type":"ReadAction","target":["https:\/\/www.ammosvotsalo.com\/de\/poulithra\/"]}]},{"@type":"BreadcrumbList","@id":"https:\/\/www.ammosvotsalo.com\/de\/poulithra\/#breadcrumb","itemListElement":[{"@type":"ListItem","position":1,"name":"Home","item":"https:\/\/www.ammosvotsalo.com\/de\/"},{"@type":"ListItem","position":2,"name":"Poulithra"}]},{"@type":"WebSite","@id":"https:\/\/www.ammosvotsalo.com\/#website","url":"https:\/\/www.ammosvotsalo.com\/","name":"Ammos &amp; Votsalo Apartmens","description":"","potentialAction":[{"@type":"SearchAction","target":{"@type":"EntryPoint","urlTemplate":"https:\/\/www.ammosvotsalo.com\/?s={search_term_string}"},"query-input":"required name=search_term_string"}],"inLanguage":"de"}]}},"_links":{"self":[{"href":"https:\/\/www.ammosvotsalo.com\/de\/wp-json\/wp\/v2\/pages\/1461"}],"collection":[{"href":"https:\/\/www.ammosvotsalo.com\/de\/wp-json\/wp\/v2\/pages"}],"about":[{"href":"https:\/\/www.ammosvotsalo.com\/de\/wp-json\/wp\/v2\/types\/page"}],"author":[{"embeddable":true,"href":"https:\/\/www.ammosvotsalo.com\/de\/wp-json\/wp\/v2\/users\/1"}],"replies":[{"embeddable":true,"href":"https:\/\/www.ammosvotsalo.com\/de\/wp-json\/wp\/v2\/comments?post=1461"}],"version-history":[{"count":2,"href":"https:\/\/www.ammosvotsalo.com\/de\/wp-json\/wp\/v2\/pages\/1461\/revisions"}],"predecessor-version":[{"id":1877,"href":"https:\/\/www.ammosvotsalo.com\/de\/wp-json\/wp\/v2\/pages\/1461\/revisions\/1877"}],"wp:attachment":[{"href":"https:\/\/www.ammosvotsalo.com\/de\/wp-json\/wp\/v2\/media?parent=1461"}],"curies":[{"name":"wp","href":"https:\/\/api.w.org\/{rel}","templated":true}]}}