{"id":1466,"date":"2016-02-01T17:16:36","date_gmt":"2016-02-01T17:16:36","guid":{"rendered":"http:\/\/www.ammosvotsalo.com\/?page_id=1466"},"modified":"2016-03-21T14:27:15","modified_gmt":"2016-03-21T12:27:15","slug":"tyros","status":"publish","type":"page","link":"https:\/\/www.ammosvotsalo.com\/de\/tyros\/","title":{"rendered":"Tyros"},"content":{"rendered":"<p>\n\t<div title='Resize Body Text' class='wpTextResizeControls' style='background-color:lightgray;border-radius:7px;-moz-border-radius:7px;-webkit-border-radius:7px;padding:3px;width:55px;'>\n\t\t<a class='increaseFont' title='Increase Font Size' style='font-size:18px;cursor:pointer;' >A<\/a><a class='resetFont' title='Reset Font Size' style='font-size:13px;padding-left:10px;cursor:pointer;'>A<\/a><a class='decreaseFont' title='Decrease Font Size' style='font-size:10px;padding-left:10px;cursor:pointer;'>A<\/a><\/div><br \/>\nTyros wurde nach Apollonius Tyrita benannt, der in dieser Gegend verehrt wurde. Die Ortschaft liegt tr\u00e4g am Hang und erstreckt sich bis in eine wundervolle Bucht am Meer. Tyros ist eine der antiken Marinest\u00fctzpunkte des \u00f6stlichen Peloponnes\u2018. Die Bewohner sind mit dem Meer und der Seefahrt eng verbunden und erhalten damit eine lange Tradition aufrecht.<\/p>\n<p>J\u00fcngste Ausgrabungen offenbarten antike Gr\u00e4ber aus der Zeit der Mycenaeaer, \u00dcberreste einer antiken Siedlung und Cyclopische Mauern, die Untermauerung einer Burg und Spuren eines antiken Hafens. Ausserdem befindet sich auf ungef\u00e4hr 680 Metern H\u00f6he, die ber\u00fchmte Dersios H\u00f6hle, der momentan H\u00f6hlenforscher ihre Aufmerksamkeit schenken.<\/p>\n<p>Tyros ist ein sich schnell entwickelnder Urlaubsort. Perfekt f\u00fcr Ferien jeder Art und Weise. Die drei Windm\u00fchlen, die sich auf den Felsen am s\u00fcdlichen Ende des Hafens befinden, bieten einen sch\u00f6nen Anblick und erinnern ein bi\u00dfchen an die Inseln Griechenlands. <\/p>\n<h2>Wegbeschreibung<\/h2>\n<p><strong><i class=\"fa fa-road\"><\/i> Entfernung (Ausgangspunkt &#8211; Plaka)<\/strong> : 20 KM<br \/>\n<strong><i class=\"fa fa-clock-o\"><\/i> Dauer (mittleren Geschwindigkeit)<\/strong> : 30 MINUTEN<\/p>\n","protected":false},"excerpt":{"rendered":"<p>Tyros wurde nach Apollonius Tyrita benannt, der in dieser Gegend verehrt wurde. Die Ortschaft liegt tr\u00e4g am Hang und erstreckt sich bis in eine wundervolle Bucht am Meer. Tyros ist eine der antiken Marinest\u00fctzpunkte des \u00f6stlichen Peloponnes\u2018. Die Bewohner sind <a class=\"more-link\" href=\"https:\/\/www.ammosvotsalo.com\/de\/tyros\/\">Read more &#8230;<\/a><\/p>\n","protected":false},"author":1,"featured_media":0,"parent":0,"menu_order":0,"comment_status":"closed","ping_status":"closed","template":"","meta":[],"yoast_head":"<!-- This site is optimized with the Yoast SEO plugin v19.12 - https:\/\/yoast.com\/wordpress\/plugins\/seo\/ -->\n<title>Tyros | Ammos &amp; Votsalo Apartmens<\/title>\n<meta name=\"robots\" content=\"index, follow, max-snippet:-1, max-image-preview:large, max-video-preview:-1\" \/>\n<link rel=\"canonical\" href=\"https:\/\/www.ammosvotsalo.com\/de\/tyros\/\" \/>\n<meta property=\"og:locale\" content=\"de_DE\" \/>\n<meta property=\"og:type\" content=\"article\" \/>\n<meta property=\"og:title\" content=\"Tyros | Ammos &amp; Votsalo Apartmens\" \/>\n<meta property=\"og:description\" content=\"Tyros wurde nach Apollonius Tyrita benannt, der in dieser Gegend verehrt wurde. Die Ortschaft liegt tr\u00e4g am Hang und erstreckt sich bis in eine wundervolle Bucht am Meer. Tyros ist eine der antiken Marinest\u00fctzpunkte des \u00f6stlichen Peloponnes\u2018. Die Bewohner sind Read more ...\" \/>\n<meta property=\"og:url\" content=\"https:\/\/www.ammosvotsalo.com\/de\/tyros\/\" \/>\n<meta property=\"og:site_name\" content=\"Ammos &amp; Votsalo Apartmens\" \/>\n<meta property=\"article:modified_time\" content=\"2016-03-21T12:27:15+00:00\" \/>\n<meta name=\"twitter:card\" content=\"summary_large_image\" \/>\n<meta name=\"twitter:label1\" content=\"Gesch\u00e4tzte Lesezeit\" \/>\n\t<meta name=\"twitter:data1\" content=\"1\u00a0Minute\" \/>\n<script type=\"application\/ld+json\" class=\"yoast-schema-graph\">{\"@context\":\"https:\/\/schema.org\",\"@graph\":[{\"@type\":\"WebPage\",\"@id\":\"https:\/\/www.ammosvotsalo.com\/de\/tyros\/\",\"url\":\"https:\/\/www.ammosvotsalo.com\/de\/tyros\/\",\"name\":\"Tyros | Ammos &amp; Votsalo Apartmens\",\"isPartOf\":{\"@id\":\"https:\/\/www.ammosvotsalo.com\/#website\"},\"datePublished\":\"2016-02-01T17:16:36+00:00\",\"dateModified\":\"2016-03-21T12:27:15+00:00\",\"breadcrumb\":{\"@id\":\"https:\/\/www.ammosvotsalo.com\/de\/tyros\/#breadcrumb\"},\"inLanguage\":\"de\",\"potentialAction\":[{\"@type\":\"ReadAction\",\"target\":[\"https:\/\/www.ammosvotsalo.com\/de\/tyros\/\"]}]},{\"@type\":\"BreadcrumbList\",\"@id\":\"https:\/\/www.ammosvotsalo.com\/de\/tyros\/#breadcrumb\",\"itemListElement\":[{\"@type\":\"ListItem\",\"position\":1,\"name\":\"Home\",\"item\":\"https:\/\/www.ammosvotsalo.com\/de\/\"},{\"@type\":\"ListItem\",\"position\":2,\"name\":\"Tyros\"}]},{\"@type\":\"WebSite\",\"@id\":\"https:\/\/www.ammosvotsalo.com\/#website\",\"url\":\"https:\/\/www.ammosvotsalo.com\/\",\"name\":\"Ammos &amp; Votsalo Apartmens\",\"description\":\"\",\"potentialAction\":[{\"@type\":\"SearchAction\",\"target\":{\"@type\":\"EntryPoint\",\"urlTemplate\":\"https:\/\/www.ammosvotsalo.com\/?s={search_term_string}\"},\"query-input\":\"required name=search_term_string\"}],\"inLanguage\":\"de\"}]}<\/script>\n<!-- \/ Yoast SEO plugin. -->","yoast_head_json":{"title":"Tyros | Ammos &amp; Votsalo Apartmens","robots":{"index":"index","follow":"follow","max-snippet":"max-snippet:-1","max-image-preview":"max-image-preview:large","max-video-preview":"max-video-preview:-1"},"canonical":"https:\/\/www.ammosvotsalo.com\/de\/tyros\/","og_locale":"de_DE","og_type":"article","og_title":"Tyros | Ammos &amp; Votsalo Apartmens","og_description":"Tyros wurde nach Apollonius Tyrita benannt, der in dieser Gegend verehrt wurde. Die Ortschaft liegt tr\u00e4g am Hang und erstreckt sich bis in eine wundervolle Bucht am Meer. Tyros ist eine der antiken Marinest\u00fctzpunkte des \u00f6stlichen Peloponnes\u2018. Die Bewohner sind Read more ...","og_url":"https:\/\/www.ammosvotsalo.com\/de\/tyros\/","og_site_name":"Ammos &amp; Votsalo Apartmens","article_modified_time":"2016-03-21T12:27:15+00:00","twitter_card":"summary_large_image","twitter_misc":{"Gesch\u00e4tzte Lesezeit":"1\u00a0Minute"},"schema":{"@context":"https:\/\/schema.org","@graph":[{"@type":"WebPage","@id":"https:\/\/www.ammosvotsalo.com\/de\/tyros\/","url":"https:\/\/www.ammosvotsalo.com\/de\/tyros\/","name":"Tyros | Ammos &amp; Votsalo Apartmens","isPartOf":{"@id":"https:\/\/www.ammosvotsalo.com\/#website"},"datePublished":"2016-02-01T17:16:36+00:00","dateModified":"2016-03-21T12:27:15+00:00","breadcrumb":{"@id":"https:\/\/www.ammosvotsalo.com\/de\/tyros\/#breadcrumb"},"inLanguage":"de","potentialAction":[{"@type":"ReadAction","target":["https:\/\/www.ammosvotsalo.com\/de\/tyros\/"]}]},{"@type":"BreadcrumbList","@id":"https:\/\/www.ammosvotsalo.com\/de\/tyros\/#breadcrumb","itemListElement":[{"@type":"ListItem","position":1,"name":"Home","item":"https:\/\/www.ammosvotsalo.com\/de\/"},{"@type":"ListItem","position":2,"name":"Tyros"}]},{"@type":"WebSite","@id":"https:\/\/www.ammosvotsalo.com\/#website","url":"https:\/\/www.ammosvotsalo.com\/","name":"Ammos &amp; Votsalo Apartmens","description":"","potentialAction":[{"@type":"SearchAction","target":{"@type":"EntryPoint","urlTemplate":"https:\/\/www.ammosvotsalo.com\/?s={search_term_string}"},"query-input":"required name=search_term_string"}],"inLanguage":"de"}]}},"_links":{"self":[{"href":"https:\/\/www.ammosvotsalo.com\/de\/wp-json\/wp\/v2\/pages\/1466"}],"collection":[{"href":"https:\/\/www.ammosvotsalo.com\/de\/wp-json\/wp\/v2\/pages"}],"about":[{"href":"https:\/\/www.ammosvotsalo.com\/de\/wp-json\/wp\/v2\/types\/page"}],"author":[{"embeddable":true,"href":"https:\/\/www.ammosvotsalo.com\/de\/wp-json\/wp\/v2\/users\/1"}],"replies":[{"embeddable":true,"href":"https:\/\/www.ammosvotsalo.com\/de\/wp-json\/wp\/v2\/comments?post=1466"}],"version-history":[{"count":5,"href":"https:\/\/www.ammosvotsalo.com\/de\/wp-json\/wp\/v2\/pages\/1466\/revisions"}],"predecessor-version":[{"id":1891,"href":"https:\/\/www.ammosvotsalo.com\/de\/wp-json\/wp\/v2\/pages\/1466\/revisions\/1891"}],"wp:attachment":[{"href":"https:\/\/www.ammosvotsalo.com\/de\/wp-json\/wp\/v2\/media?parent=1466"}],"curies":[{"name":"wp","href":"https:\/\/api.w.org\/{rel}","templated":true}]}}