{"id":1474,"date":"2016-02-02T09:20:43","date_gmt":"2016-02-02T09:20:43","guid":{"rendered":"http:\/\/www.ammosvotsalo.com\/?page_id=1474"},"modified":"2016-03-21T11:04:23","modified_gmt":"2016-03-21T09:04:23","slug":"holy-monastery-of-agios-nikolaos-saint-nicholas-of-sintza","status":"publish","type":"page","link":"https:\/\/www.ammosvotsalo.com\/de\/holy-monastery-of-agios-nikolaos-saint-nicholas-of-sintza\/","title":{"rendered":"Holy Monastery of Agios Nikolaos (Saint Nicholas) of Sintza"},"content":{"rendered":"\n\t<div title='Resize Body Text' class='wpTextResizeControls' style='background-color:lightgray;border-radius:7px;-moz-border-radius:7px;-webkit-border-radius:7px;padding:3px;width:55px;'>\n\t\t<a class='increaseFont' title='Increase Font Size' style='font-size:18px;cursor:pointer;' >A<\/a><a class='resetFont' title='Reset Font Size' style='font-size:13px;padding-left:10px;cursor:pointer;'>A<\/a><a class='decreaseFont' title='Decrease Font Size' style='font-size:10px;padding-left:10px;cursor:pointer;'>A<\/a><\/div>\n<p>Ein weiteres grosses und altes Kloster ist das des Heiligen Nicholas (Agios Nicholaos of Sintza). Die Kirche steht unter Denkmalschutz. Sie ist eine kreuzf\u00f6rmige Basilika und wurde in den h\u00f6hlenreichen Vertiefungen des Berges gebaut. Auch dieses Kloster liegt zwischen Himmel und Erde. Agios Nicholaos ist der Patron der Seefahrer. Er \u00fcberwacht und beruhigt st\u00fcrmische Gew\u00e4sser. Um das Kloster herum gibt es in den senkrechten Felsen Unterk\u00fcnfte der M\u00f6nche. Diese Einrichtung geht bis ins 13. Jahrhundert zur\u00fcck. Der Heilige wird am 6. Dezember und am 2. Mai gefeiert.<\/p>\n<p>Das wunderbare Bildnis des Heiligen stellt seine Auferstehung dar, was normalerweise in der Ikonographie selten ist. In der Kirche des Klosters gibt es interessante Bildnisse aus dem Jahr 1650, ein handgemachter Wandschirm aus Holz und komplette weisse Zellen, w\u00e4hrend das innere der Kuppel den Sternenhimmel darstellt. Dies erschafft eine and\u00e4chtige Atmosph\u00e4re. Seltene fein von Hand geschriebene Gospel Manuskripte sind in der Bibliothek des Klosters aufbewahrt. Unter seinen Sch\u00e4tzen befindet sich angeblich auch das St\u00fcck eines R\u00fcckenknochens, das laut der \u00dcberlieferung von einem riesigen Reptil, dem \u201cDrachen\u201d, stammt, das in den T\u00e4lern von Leonidio lebte.<\/p>\n<p>Ein grosser Feigenbaum in der H\u00f6hle war laut der Sage, Anhaltspunkt daf\u00fcr, dass sich dort einst der heilige Tempel befand, in dem Dionysos aufwuchs. Es wurde \u00fcberliefert, dass das Kloster seinen Namen von dem Tsakonischen Wort f\u00fcr Feige, n\u00e4mlich sintza, erhielt.<\/p>\n<p>Arch\u00e4ologische Nachforschungen haben best\u00e4tigt, dass die ber\u00fchmte H\u00f6hle des Dionysos w\u00e4hrend der Neolithic Periode bewohnt war. Werkzeug und menschliche Knochen wurden dort gefunden. Diese H\u00f6hle diente als Zufluchtsort f\u00fcr diejenigen, die ein strenges Einsiedlerleben f\u00fchrten und f\u00fcr Schutzsuchende w\u00e4hrend des Krieges. <\/p>\n<h2>Wegbeschreibung<\/h2>\n<p><strong><i class=\"fa fa-road\"><\/i> Entfernung (Ausgangspunkt &#8211; Plaka)<\/strong> : 10 KM<br \/>\n<strong><i class=\"fa fa-clock-o\"><\/i> Dauer (mittleren Geschwindigkeit)<\/strong> : 20 MINUTEN<\/p>\n","protected":false},"excerpt":{"rendered":"<p>Ein weiteres grosses und altes Kloster ist das des Heiligen Nicholas (Agios Nicholaos of Sintza). Die Kirche steht unter Denkmalschutz. Sie ist eine kreuzf\u00f6rmige Basilika und wurde in den h\u00f6hlenreichen Vertiefungen des Berges gebaut. Auch dieses Kloster liegt zwischen Himmel <a class=\"more-link\" href=\"https:\/\/www.ammosvotsalo.com\/de\/holy-monastery-of-agios-nikolaos-saint-nicholas-of-sintza\/\">Read more &#8230;<\/a><\/p>\n","protected":false},"author":1,"featured_media":0,"parent":0,"menu_order":0,"comment_status":"closed","ping_status":"closed","template":"","meta":[],"yoast_head":"<!-- This site is optimized with the Yoast SEO plugin v19.12 - https:\/\/yoast.com\/wordpress\/plugins\/seo\/ -->\n<title>Holy Monastery of Agios Nikolaos (Saint Nicholas) of Sintza | Ammos &amp; Votsalo Apartmens<\/title>\n<meta name=\"robots\" content=\"index, follow, max-snippet:-1, max-image-preview:large, max-video-preview:-1\" \/>\n<link rel=\"canonical\" href=\"https:\/\/www.ammosvotsalo.com\/de\/holy-monastery-of-agios-nikolaos-saint-nicholas-of-sintza\/\" \/>\n<meta property=\"og:locale\" content=\"de_DE\" \/>\n<meta property=\"og:type\" content=\"article\" \/>\n<meta property=\"og:title\" content=\"Holy Monastery of Agios Nikolaos (Saint Nicholas) of Sintza | Ammos &amp; Votsalo Apartmens\" \/>\n<meta property=\"og:description\" content=\"Ein weiteres grosses und altes Kloster ist das des Heiligen Nicholas (Agios Nicholaos of Sintza). Die Kirche steht unter Denkmalschutz. Sie ist eine kreuzf\u00f6rmige Basilika und wurde in den h\u00f6hlenreichen Vertiefungen des Berges gebaut. Auch dieses Kloster liegt zwischen Himmel Read more ...\" \/>\n<meta property=\"og:url\" content=\"https:\/\/www.ammosvotsalo.com\/de\/holy-monastery-of-agios-nikolaos-saint-nicholas-of-sintza\/\" \/>\n<meta property=\"og:site_name\" content=\"Ammos &amp; Votsalo Apartmens\" \/>\n<meta property=\"article:modified_time\" content=\"2016-03-21T09:04:23+00:00\" \/>\n<meta name=\"twitter:card\" content=\"summary_large_image\" \/>\n<meta name=\"twitter:label1\" content=\"Gesch\u00e4tzte Lesezeit\" \/>\n\t<meta name=\"twitter:data1\" content=\"1\u00a0Minute\" \/>\n<script type=\"application\/ld+json\" class=\"yoast-schema-graph\">{\"@context\":\"https:\/\/schema.org\",\"@graph\":[{\"@type\":\"WebPage\",\"@id\":\"https:\/\/www.ammosvotsalo.com\/de\/holy-monastery-of-agios-nikolaos-saint-nicholas-of-sintza\/\",\"url\":\"https:\/\/www.ammosvotsalo.com\/de\/holy-monastery-of-agios-nikolaos-saint-nicholas-of-sintza\/\",\"name\":\"Holy Monastery of Agios Nikolaos (Saint Nicholas) of Sintza | Ammos &amp; Votsalo Apartmens\",\"isPartOf\":{\"@id\":\"https:\/\/www.ammosvotsalo.com\/#website\"},\"datePublished\":\"2016-02-02T09:20:43+00:00\",\"dateModified\":\"2016-03-21T09:04:23+00:00\",\"breadcrumb\":{\"@id\":\"https:\/\/www.ammosvotsalo.com\/de\/holy-monastery-of-agios-nikolaos-saint-nicholas-of-sintza\/#breadcrumb\"},\"inLanguage\":\"de\",\"potentialAction\":[{\"@type\":\"ReadAction\",\"target\":[\"https:\/\/www.ammosvotsalo.com\/de\/holy-monastery-of-agios-nikolaos-saint-nicholas-of-sintza\/\"]}]},{\"@type\":\"BreadcrumbList\",\"@id\":\"https:\/\/www.ammosvotsalo.com\/de\/holy-monastery-of-agios-nikolaos-saint-nicholas-of-sintza\/#breadcrumb\",\"itemListElement\":[{\"@type\":\"ListItem\",\"position\":1,\"name\":\"Home\",\"item\":\"https:\/\/www.ammosvotsalo.com\/de\/\"},{\"@type\":\"ListItem\",\"position\":2,\"name\":\"Holy Monastery of Agios Nikolaos (Saint Nicholas) of Sintza\"}]},{\"@type\":\"WebSite\",\"@id\":\"https:\/\/www.ammosvotsalo.com\/#website\",\"url\":\"https:\/\/www.ammosvotsalo.com\/\",\"name\":\"Ammos &amp; Votsalo Apartmens\",\"description\":\"\",\"potentialAction\":[{\"@type\":\"SearchAction\",\"target\":{\"@type\":\"EntryPoint\",\"urlTemplate\":\"https:\/\/www.ammosvotsalo.com\/?s={search_term_string}\"},\"query-input\":\"required name=search_term_string\"}],\"inLanguage\":\"de\"}]}<\/script>\n<!-- \/ Yoast SEO plugin. -->","yoast_head_json":{"title":"Holy Monastery of Agios Nikolaos (Saint Nicholas) of Sintza | Ammos &amp; Votsalo Apartmens","robots":{"index":"index","follow":"follow","max-snippet":"max-snippet:-1","max-image-preview":"max-image-preview:large","max-video-preview":"max-video-preview:-1"},"canonical":"https:\/\/www.ammosvotsalo.com\/de\/holy-monastery-of-agios-nikolaos-saint-nicholas-of-sintza\/","og_locale":"de_DE","og_type":"article","og_title":"Holy Monastery of Agios Nikolaos (Saint Nicholas) of Sintza | Ammos &amp; Votsalo Apartmens","og_description":"Ein weiteres grosses und altes Kloster ist das des Heiligen Nicholas (Agios Nicholaos of Sintza). Die Kirche steht unter Denkmalschutz. Sie ist eine kreuzf\u00f6rmige Basilika und wurde in den h\u00f6hlenreichen Vertiefungen des Berges gebaut. Auch dieses Kloster liegt zwischen Himmel Read more ...","og_url":"https:\/\/www.ammosvotsalo.com\/de\/holy-monastery-of-agios-nikolaos-saint-nicholas-of-sintza\/","og_site_name":"Ammos &amp; Votsalo Apartmens","article_modified_time":"2016-03-21T09:04:23+00:00","twitter_card":"summary_large_image","twitter_misc":{"Gesch\u00e4tzte Lesezeit":"1\u00a0Minute"},"schema":{"@context":"https:\/\/schema.org","@graph":[{"@type":"WebPage","@id":"https:\/\/www.ammosvotsalo.com\/de\/holy-monastery-of-agios-nikolaos-saint-nicholas-of-sintza\/","url":"https:\/\/www.ammosvotsalo.com\/de\/holy-monastery-of-agios-nikolaos-saint-nicholas-of-sintza\/","name":"Holy Monastery of Agios Nikolaos (Saint Nicholas) of Sintza | Ammos &amp; Votsalo Apartmens","isPartOf":{"@id":"https:\/\/www.ammosvotsalo.com\/#website"},"datePublished":"2016-02-02T09:20:43+00:00","dateModified":"2016-03-21T09:04:23+00:00","breadcrumb":{"@id":"https:\/\/www.ammosvotsalo.com\/de\/holy-monastery-of-agios-nikolaos-saint-nicholas-of-sintza\/#breadcrumb"},"inLanguage":"de","potentialAction":[{"@type":"ReadAction","target":["https:\/\/www.ammosvotsalo.com\/de\/holy-monastery-of-agios-nikolaos-saint-nicholas-of-sintza\/"]}]},{"@type":"BreadcrumbList","@id":"https:\/\/www.ammosvotsalo.com\/de\/holy-monastery-of-agios-nikolaos-saint-nicholas-of-sintza\/#breadcrumb","itemListElement":[{"@type":"ListItem","position":1,"name":"Home","item":"https:\/\/www.ammosvotsalo.com\/de\/"},{"@type":"ListItem","position":2,"name":"Holy Monastery of Agios Nikolaos (Saint Nicholas) of Sintza"}]},{"@type":"WebSite","@id":"https:\/\/www.ammosvotsalo.com\/#website","url":"https:\/\/www.ammosvotsalo.com\/","name":"Ammos &amp; Votsalo Apartmens","description":"","potentialAction":[{"@type":"SearchAction","target":{"@type":"EntryPoint","urlTemplate":"https:\/\/www.ammosvotsalo.com\/?s={search_term_string}"},"query-input":"required name=search_term_string"}],"inLanguage":"de"}]}},"_links":{"self":[{"href":"https:\/\/www.ammosvotsalo.com\/de\/wp-json\/wp\/v2\/pages\/1474"}],"collection":[{"href":"https:\/\/www.ammosvotsalo.com\/de\/wp-json\/wp\/v2\/pages"}],"about":[{"href":"https:\/\/www.ammosvotsalo.com\/de\/wp-json\/wp\/v2\/types\/page"}],"author":[{"embeddable":true,"href":"https:\/\/www.ammosvotsalo.com\/de\/wp-json\/wp\/v2\/users\/1"}],"replies":[{"embeddable":true,"href":"https:\/\/www.ammosvotsalo.com\/de\/wp-json\/wp\/v2\/comments?post=1474"}],"version-history":[{"count":2,"href":"https:\/\/www.ammosvotsalo.com\/de\/wp-json\/wp\/v2\/pages\/1474\/revisions"}],"predecessor-version":[{"id":1834,"href":"https:\/\/www.ammosvotsalo.com\/de\/wp-json\/wp\/v2\/pages\/1474\/revisions\/1834"}],"wp:attachment":[{"href":"https:\/\/www.ammosvotsalo.com\/de\/wp-json\/wp\/v2\/media?parent=1474"}],"curies":[{"name":"wp","href":"https:\/\/api.w.org\/{rel}","templated":true}]}}