{"id":1478,"date":"2016-02-02T09:23:11","date_gmt":"2016-02-02T09:23:11","guid":{"rendered":"http:\/\/www.ammosvotsalo.com\/?page_id=1478"},"modified":"2016-03-21T10:52:19","modified_gmt":"2016-03-21T08:52:19","slug":"holy-monastery-of-karya","status":"publish","type":"page","link":"https:\/\/www.ammosvotsalo.com\/de\/holy-monastery-of-karya\/","title":{"rendered":"Holy Monastery of Agios Nikolaos (Saint Nicholas) of Karya"},"content":{"rendered":"\n\t<div title='Resize Body Text' class='wpTextResizeControls' style='background-color:lightgray;border-radius:7px;-moz-border-radius:7px;-webkit-border-radius:7px;padding:3px;width:55px;'>\n\t\t<a class='increaseFont' title='Increase Font Size' style='font-size:18px;cursor:pointer;' >A<\/a><a class='resetFont' title='Reset Font Size' style='font-size:13px;padding-left:10px;cursor:pointer;'>A<\/a><a class='decreaseFont' title='Decrease Font Size' style='font-size:10px;padding-left:10px;cursor:pointer;'>A<\/a><\/div>\n<p>Dies ist das \u00e4lteste und nur f\u00fcr M\u00e4nner bestimmte tsakonische Kloster, welches dem Heiligen Nicholas gewidmet ist. Es befindet sich in einer H\u00f6he von 600 Metern, mitten unter waldbedeckten Gipfeln. Der Heilige wird am 6. Dezember und am 8. Juli gefeiert.  Die Hauptkirche befindet sich in der Mitte des Klosters und wurde wahrscheinlich 1580 von Athonites, der aus dem Kloster Karyes im Athos Gebirge kam, erbaut.<\/p>\n<p>Die Kirche hat einen eindrucksvollen zw\u00f6lfeckigen Dom, der zu schweben scheint. Es ist ein kreuzf\u00f6rmiges denkmalgesch\u00fctztes Geb\u00e4ude. Die wichtigsten religi\u00f6sen Bildnisse wurden in unterschiedlichen Perioden gemalt. Der Wandschirm des Altarraums, der aus Walnussholz gemacht wurde, ist ein wahres Meisterwerk.<\/p>\n<p>Der Boden des Klostes, ein Beispiel volkst\u00fcmlicher Kunst, stellt mystische Wesen dar. Die weise Anwendung der Farben mit kalten und warmen T\u00f6nen hinterl\u00e4sst einen anhaltenden Eindruck auf den Pilger.<\/p>\n","protected":false},"excerpt":{"rendered":"<p>Dies ist das \u00e4lteste und nur f\u00fcr M\u00e4nner bestimmte tsakonische Kloster, welches dem Heiligen Nicholas gewidmet ist. Es befindet sich in einer H\u00f6he von 600 Metern, mitten unter waldbedeckten Gipfeln. Der Heilige wird am 6. Dezember und am 8. Juli <a class=\"more-link\" href=\"https:\/\/www.ammosvotsalo.com\/de\/holy-monastery-of-karya\/\">Read more &#8230;<\/a><\/p>\n","protected":false},"author":1,"featured_media":0,"parent":0,"menu_order":0,"comment_status":"closed","ping_status":"closed","template":"","meta":[],"yoast_head":"<!-- This site is optimized with the Yoast SEO plugin v19.12 - https:\/\/yoast.com\/wordpress\/plugins\/seo\/ -->\n<title>Holy Monastery of Agios Nikolaos (Saint Nicholas) of Karya | Ammos &amp; Votsalo Apartmens<\/title>\n<meta name=\"robots\" content=\"index, follow, max-snippet:-1, max-image-preview:large, max-video-preview:-1\" \/>\n<link rel=\"canonical\" href=\"https:\/\/www.ammosvotsalo.com\/de\/holy-monastery-of-karya\/\" \/>\n<meta property=\"og:locale\" content=\"de_DE\" \/>\n<meta property=\"og:type\" content=\"article\" \/>\n<meta property=\"og:title\" content=\"Holy Monastery of Agios Nikolaos (Saint Nicholas) of Karya | Ammos &amp; Votsalo Apartmens\" \/>\n<meta property=\"og:description\" content=\"Dies ist das \u00e4lteste und nur f\u00fcr M\u00e4nner bestimmte tsakonische Kloster, welches dem Heiligen Nicholas gewidmet ist. Es befindet sich in einer H\u00f6he von 600 Metern, mitten unter waldbedeckten Gipfeln. Der Heilige wird am 6. Dezember und am 8. Juli Read more ...\" \/>\n<meta property=\"og:url\" content=\"https:\/\/www.ammosvotsalo.com\/de\/holy-monastery-of-karya\/\" \/>\n<meta property=\"og:site_name\" content=\"Ammos &amp; Votsalo Apartmens\" \/>\n<meta property=\"article:modified_time\" content=\"2016-03-21T08:52:19+00:00\" \/>\n<meta name=\"twitter:card\" content=\"summary_large_image\" \/>\n<meta name=\"twitter:label1\" content=\"Gesch\u00e4tzte Lesezeit\" \/>\n\t<meta name=\"twitter:data1\" content=\"1\u00a0Minute\" \/>\n<script type=\"application\/ld+json\" class=\"yoast-schema-graph\">{\"@context\":\"https:\/\/schema.org\",\"@graph\":[{\"@type\":\"WebPage\",\"@id\":\"https:\/\/www.ammosvotsalo.com\/de\/holy-monastery-of-karya\/\",\"url\":\"https:\/\/www.ammosvotsalo.com\/de\/holy-monastery-of-karya\/\",\"name\":\"Holy Monastery of Agios Nikolaos (Saint Nicholas) of Karya | Ammos &amp; Votsalo Apartmens\",\"isPartOf\":{\"@id\":\"https:\/\/www.ammosvotsalo.com\/#website\"},\"datePublished\":\"2016-02-02T09:23:11+00:00\",\"dateModified\":\"2016-03-21T08:52:19+00:00\",\"breadcrumb\":{\"@id\":\"https:\/\/www.ammosvotsalo.com\/de\/holy-monastery-of-karya\/#breadcrumb\"},\"inLanguage\":\"de\",\"potentialAction\":[{\"@type\":\"ReadAction\",\"target\":[\"https:\/\/www.ammosvotsalo.com\/de\/holy-monastery-of-karya\/\"]}]},{\"@type\":\"BreadcrumbList\",\"@id\":\"https:\/\/www.ammosvotsalo.com\/de\/holy-monastery-of-karya\/#breadcrumb\",\"itemListElement\":[{\"@type\":\"ListItem\",\"position\":1,\"name\":\"Home\",\"item\":\"https:\/\/www.ammosvotsalo.com\/de\/\"},{\"@type\":\"ListItem\",\"position\":2,\"name\":\"Holy Monastery of Agios Nikolaos (Saint Nicholas) of Karya\"}]},{\"@type\":\"WebSite\",\"@id\":\"https:\/\/www.ammosvotsalo.com\/#website\",\"url\":\"https:\/\/www.ammosvotsalo.com\/\",\"name\":\"Ammos &amp; Votsalo Apartmens\",\"description\":\"\",\"potentialAction\":[{\"@type\":\"SearchAction\",\"target\":{\"@type\":\"EntryPoint\",\"urlTemplate\":\"https:\/\/www.ammosvotsalo.com\/?s={search_term_string}\"},\"query-input\":\"required name=search_term_string\"}],\"inLanguage\":\"de\"}]}<\/script>\n<!-- \/ Yoast SEO plugin. -->","yoast_head_json":{"title":"Holy Monastery of Agios Nikolaos (Saint Nicholas) of Karya | Ammos &amp; Votsalo Apartmens","robots":{"index":"index","follow":"follow","max-snippet":"max-snippet:-1","max-image-preview":"max-image-preview:large","max-video-preview":"max-video-preview:-1"},"canonical":"https:\/\/www.ammosvotsalo.com\/de\/holy-monastery-of-karya\/","og_locale":"de_DE","og_type":"article","og_title":"Holy Monastery of Agios Nikolaos (Saint Nicholas) of Karya | Ammos &amp; Votsalo Apartmens","og_description":"Dies ist das \u00e4lteste und nur f\u00fcr M\u00e4nner bestimmte tsakonische Kloster, welches dem Heiligen Nicholas gewidmet ist. Es befindet sich in einer H\u00f6he von 600 Metern, mitten unter waldbedeckten Gipfeln. Der Heilige wird am 6. Dezember und am 8. Juli Read more ...","og_url":"https:\/\/www.ammosvotsalo.com\/de\/holy-monastery-of-karya\/","og_site_name":"Ammos &amp; Votsalo Apartmens","article_modified_time":"2016-03-21T08:52:19+00:00","twitter_card":"summary_large_image","twitter_misc":{"Gesch\u00e4tzte Lesezeit":"1\u00a0Minute"},"schema":{"@context":"https:\/\/schema.org","@graph":[{"@type":"WebPage","@id":"https:\/\/www.ammosvotsalo.com\/de\/holy-monastery-of-karya\/","url":"https:\/\/www.ammosvotsalo.com\/de\/holy-monastery-of-karya\/","name":"Holy Monastery of Agios Nikolaos (Saint Nicholas) of Karya | Ammos &amp; Votsalo Apartmens","isPartOf":{"@id":"https:\/\/www.ammosvotsalo.com\/#website"},"datePublished":"2016-02-02T09:23:11+00:00","dateModified":"2016-03-21T08:52:19+00:00","breadcrumb":{"@id":"https:\/\/www.ammosvotsalo.com\/de\/holy-monastery-of-karya\/#breadcrumb"},"inLanguage":"de","potentialAction":[{"@type":"ReadAction","target":["https:\/\/www.ammosvotsalo.com\/de\/holy-monastery-of-karya\/"]}]},{"@type":"BreadcrumbList","@id":"https:\/\/www.ammosvotsalo.com\/de\/holy-monastery-of-karya\/#breadcrumb","itemListElement":[{"@type":"ListItem","position":1,"name":"Home","item":"https:\/\/www.ammosvotsalo.com\/de\/"},{"@type":"ListItem","position":2,"name":"Holy Monastery of Agios Nikolaos (Saint Nicholas) of Karya"}]},{"@type":"WebSite","@id":"https:\/\/www.ammosvotsalo.com\/#website","url":"https:\/\/www.ammosvotsalo.com\/","name":"Ammos &amp; Votsalo Apartmens","description":"","potentialAction":[{"@type":"SearchAction","target":{"@type":"EntryPoint","urlTemplate":"https:\/\/www.ammosvotsalo.com\/?s={search_term_string}"},"query-input":"required name=search_term_string"}],"inLanguage":"de"}]}},"_links":{"self":[{"href":"https:\/\/www.ammosvotsalo.com\/de\/wp-json\/wp\/v2\/pages\/1478"}],"collection":[{"href":"https:\/\/www.ammosvotsalo.com\/de\/wp-json\/wp\/v2\/pages"}],"about":[{"href":"https:\/\/www.ammosvotsalo.com\/de\/wp-json\/wp\/v2\/types\/page"}],"author":[{"embeddable":true,"href":"https:\/\/www.ammosvotsalo.com\/de\/wp-json\/wp\/v2\/users\/1"}],"replies":[{"embeddable":true,"href":"https:\/\/www.ammosvotsalo.com\/de\/wp-json\/wp\/v2\/comments?post=1478"}],"version-history":[{"count":2,"href":"https:\/\/www.ammosvotsalo.com\/de\/wp-json\/wp\/v2\/pages\/1478\/revisions"}],"predecessor-version":[{"id":1826,"href":"https:\/\/www.ammosvotsalo.com\/de\/wp-json\/wp\/v2\/pages\/1478\/revisions\/1826"}],"wp:attachment":[{"href":"https:\/\/www.ammosvotsalo.com\/de\/wp-json\/wp\/v2\/media?parent=1478"}],"curies":[{"name":"wp","href":"https:\/\/api.w.org\/{rel}","templated":true}]}}