{"id":1481,"date":"2016-02-02T09:25:59","date_gmt":"2016-02-02T09:25:59","guid":{"rendered":"http:\/\/www.ammosvotsalo.com\/?page_id=1481"},"modified":"2016-02-02T09:25:59","modified_gmt":"2016-02-02T09:25:59","slug":"holy-monastery-of-the-archangel-of-mouria","status":"publish","type":"page","link":"https:\/\/www.ammosvotsalo.com\/de\/holy-monastery-of-the-archangel-of-mouria\/","title":{"rendered":"Holy Monastery of the Archangel of Mouria"},"content":{"rendered":"\n\t<div title='Resize Body Text' class='wpTextResizeControls' style='background-color:lightgray;border-radius:7px;-moz-border-radius:7px;-webkit-border-radius:7px;padding:3px;width:55px;'>\n\t\t<a class='increaseFont' title='Increase Font Size' style='font-size:18px;cursor:pointer;' >A<\/a><a class='resetFont' title='Reset Font Size' style='font-size:13px;padding-left:10px;cursor:pointer;'>A<\/a><a class='decreaseFont' title='Decrease Font Size' style='font-size:10px;padding-left:10px;cursor:pointer;'>A<\/a><\/div>\n<p>Obwohl das Kloster teilweise in Ruinen liegt, lohnt es sich, es zu erw\u00e4hnen. Es war einst ein Ort der Enthaltsamkeit und bedeutender M\u00f6nche. Es gibt dort die lebendige Darstellung eines L\u00f6wen, der die Verbindung des Klosters mit dem Byzantinischem Reich in Verbindung bringt. Die religi\u00f6sen Bildnisse der Kirche  wurden gr\u00f6\u00dftenteils erhalten und zeigen aussergew\u00f6hnliches Geschick. Das Bauwerk der Kirche mit seinen zwei Glockent\u00fcrmen und vieleckigen Dom, das bogenf\u00f6rmige Tor und die Mauer, die auf das Burg-Kloster hinweist, ist aussergew\u00f6hnlich und repr\u00e4sentiert einen authentischen Teil der Geschichte Kynourias. <\/p>\n","protected":false},"excerpt":{"rendered":"<p>Obwohl das Kloster teilweise in Ruinen liegt, lohnt es sich, es zu erw\u00e4hnen. Es war einst ein Ort der Enthaltsamkeit und bedeutender M\u00f6nche. Es gibt dort die lebendige Darstellung eines L\u00f6wen, der die Verbindung des Klosters mit dem Byzantinischem Reich <a class=\"more-link\" href=\"https:\/\/www.ammosvotsalo.com\/de\/holy-monastery-of-the-archangel-of-mouria\/\">Read more &#8230;<\/a><\/p>\n","protected":false},"author":1,"featured_media":0,"parent":0,"menu_order":0,"comment_status":"closed","ping_status":"closed","template":"","meta":[],"yoast_head":"<!-- This site is optimized with the Yoast SEO plugin v19.12 - https:\/\/yoast.com\/wordpress\/plugins\/seo\/ -->\n<title>Holy Monastery of the Archangel of Mouria | Ammos &amp; Votsalo Apartmens<\/title>\n<meta name=\"robots\" content=\"index, follow, max-snippet:-1, max-image-preview:large, max-video-preview:-1\" \/>\n<link rel=\"canonical\" href=\"https:\/\/www.ammosvotsalo.com\/de\/holy-monastery-of-the-archangel-of-mouria\/\" \/>\n<meta property=\"og:locale\" content=\"de_DE\" \/>\n<meta property=\"og:type\" content=\"article\" \/>\n<meta property=\"og:title\" content=\"Holy Monastery of the Archangel of Mouria | Ammos &amp; Votsalo Apartmens\" \/>\n<meta property=\"og:description\" content=\"Obwohl das Kloster teilweise in Ruinen liegt, lohnt es sich, es zu erw\u00e4hnen. Es war einst ein Ort der Enthaltsamkeit und bedeutender M\u00f6nche. Es gibt dort die lebendige Darstellung eines L\u00f6wen, der die Verbindung des Klosters mit dem Byzantinischem Reich Read more ...\" \/>\n<meta property=\"og:url\" content=\"https:\/\/www.ammosvotsalo.com\/de\/holy-monastery-of-the-archangel-of-mouria\/\" \/>\n<meta property=\"og:site_name\" content=\"Ammos &amp; Votsalo Apartmens\" \/>\n<meta name=\"twitter:card\" content=\"summary_large_image\" \/>\n<script type=\"application\/ld+json\" class=\"yoast-schema-graph\">{\"@context\":\"https:\/\/schema.org\",\"@graph\":[{\"@type\":\"WebPage\",\"@id\":\"https:\/\/www.ammosvotsalo.com\/de\/holy-monastery-of-the-archangel-of-mouria\/\",\"url\":\"https:\/\/www.ammosvotsalo.com\/de\/holy-monastery-of-the-archangel-of-mouria\/\",\"name\":\"Holy Monastery of the Archangel of Mouria | Ammos &amp; Votsalo Apartmens\",\"isPartOf\":{\"@id\":\"https:\/\/www.ammosvotsalo.com\/#website\"},\"datePublished\":\"2016-02-02T09:25:59+00:00\",\"dateModified\":\"2016-02-02T09:25:59+00:00\",\"breadcrumb\":{\"@id\":\"https:\/\/www.ammosvotsalo.com\/de\/holy-monastery-of-the-archangel-of-mouria\/#breadcrumb\"},\"inLanguage\":\"de\",\"potentialAction\":[{\"@type\":\"ReadAction\",\"target\":[\"https:\/\/www.ammosvotsalo.com\/de\/holy-monastery-of-the-archangel-of-mouria\/\"]}]},{\"@type\":\"BreadcrumbList\",\"@id\":\"https:\/\/www.ammosvotsalo.com\/de\/holy-monastery-of-the-archangel-of-mouria\/#breadcrumb\",\"itemListElement\":[{\"@type\":\"ListItem\",\"position\":1,\"name\":\"Home\",\"item\":\"https:\/\/www.ammosvotsalo.com\/de\/\"},{\"@type\":\"ListItem\",\"position\":2,\"name\":\"Holy Monastery of the Archangel of Mouria\"}]},{\"@type\":\"WebSite\",\"@id\":\"https:\/\/www.ammosvotsalo.com\/#website\",\"url\":\"https:\/\/www.ammosvotsalo.com\/\",\"name\":\"Ammos &amp; Votsalo Apartmens\",\"description\":\"\",\"potentialAction\":[{\"@type\":\"SearchAction\",\"target\":{\"@type\":\"EntryPoint\",\"urlTemplate\":\"https:\/\/www.ammosvotsalo.com\/?s={search_term_string}\"},\"query-input\":\"required name=search_term_string\"}],\"inLanguage\":\"de\"}]}<\/script>\n<!-- \/ Yoast SEO plugin. -->","yoast_head_json":{"title":"Holy Monastery of the Archangel of Mouria | Ammos &amp; Votsalo Apartmens","robots":{"index":"index","follow":"follow","max-snippet":"max-snippet:-1","max-image-preview":"max-image-preview:large","max-video-preview":"max-video-preview:-1"},"canonical":"https:\/\/www.ammosvotsalo.com\/de\/holy-monastery-of-the-archangel-of-mouria\/","og_locale":"de_DE","og_type":"article","og_title":"Holy Monastery of the Archangel of Mouria | Ammos &amp; Votsalo Apartmens","og_description":"Obwohl das Kloster teilweise in Ruinen liegt, lohnt es sich, es zu erw\u00e4hnen. Es war einst ein Ort der Enthaltsamkeit und bedeutender M\u00f6nche. Es gibt dort die lebendige Darstellung eines L\u00f6wen, der die Verbindung des Klosters mit dem Byzantinischem Reich Read more ...","og_url":"https:\/\/www.ammosvotsalo.com\/de\/holy-monastery-of-the-archangel-of-mouria\/","og_site_name":"Ammos &amp; Votsalo Apartmens","twitter_card":"summary_large_image","schema":{"@context":"https:\/\/schema.org","@graph":[{"@type":"WebPage","@id":"https:\/\/www.ammosvotsalo.com\/de\/holy-monastery-of-the-archangel-of-mouria\/","url":"https:\/\/www.ammosvotsalo.com\/de\/holy-monastery-of-the-archangel-of-mouria\/","name":"Holy Monastery of the Archangel of Mouria | Ammos &amp; Votsalo Apartmens","isPartOf":{"@id":"https:\/\/www.ammosvotsalo.com\/#website"},"datePublished":"2016-02-02T09:25:59+00:00","dateModified":"2016-02-02T09:25:59+00:00","breadcrumb":{"@id":"https:\/\/www.ammosvotsalo.com\/de\/holy-monastery-of-the-archangel-of-mouria\/#breadcrumb"},"inLanguage":"de","potentialAction":[{"@type":"ReadAction","target":["https:\/\/www.ammosvotsalo.com\/de\/holy-monastery-of-the-archangel-of-mouria\/"]}]},{"@type":"BreadcrumbList","@id":"https:\/\/www.ammosvotsalo.com\/de\/holy-monastery-of-the-archangel-of-mouria\/#breadcrumb","itemListElement":[{"@type":"ListItem","position":1,"name":"Home","item":"https:\/\/www.ammosvotsalo.com\/de\/"},{"@type":"ListItem","position":2,"name":"Holy Monastery of the Archangel of Mouria"}]},{"@type":"WebSite","@id":"https:\/\/www.ammosvotsalo.com\/#website","url":"https:\/\/www.ammosvotsalo.com\/","name":"Ammos &amp; Votsalo Apartmens","description":"","potentialAction":[{"@type":"SearchAction","target":{"@type":"EntryPoint","urlTemplate":"https:\/\/www.ammosvotsalo.com\/?s={search_term_string}"},"query-input":"required name=search_term_string"}],"inLanguage":"de"}]}},"_links":{"self":[{"href":"https:\/\/www.ammosvotsalo.com\/de\/wp-json\/wp\/v2\/pages\/1481"}],"collection":[{"href":"https:\/\/www.ammosvotsalo.com\/de\/wp-json\/wp\/v2\/pages"}],"about":[{"href":"https:\/\/www.ammosvotsalo.com\/de\/wp-json\/wp\/v2\/types\/page"}],"author":[{"embeddable":true,"href":"https:\/\/www.ammosvotsalo.com\/de\/wp-json\/wp\/v2\/users\/1"}],"replies":[{"embeddable":true,"href":"https:\/\/www.ammosvotsalo.com\/de\/wp-json\/wp\/v2\/comments?post=1481"}],"version-history":[{"count":1,"href":"https:\/\/www.ammosvotsalo.com\/de\/wp-json\/wp\/v2\/pages\/1481\/revisions"}],"predecessor-version":[{"id":1482,"href":"https:\/\/www.ammosvotsalo.com\/de\/wp-json\/wp\/v2\/pages\/1481\/revisions\/1482"}],"wp:attachment":[{"href":"https:\/\/www.ammosvotsalo.com\/de\/wp-json\/wp\/v2\/media?parent=1481"}],"curies":[{"name":"wp","href":"https:\/\/api.w.org\/{rel}","templated":true}]}}