{"id":1486,"date":"2016-02-02T09:27:48","date_gmt":"2016-02-02T09:27:48","guid":{"rendered":"http:\/\/www.ammosvotsalo.com\/?page_id=1486"},"modified":"2016-02-02T09:27:48","modified_gmt":"2016-02-02T09:27:48","slug":"holy-monastery-of-our-lady-of-mario","status":"publish","type":"page","link":"https:\/\/www.ammosvotsalo.com\/de\/holy-monastery-of-our-lady-of-mario\/","title":{"rendered":"Holy Monastery of our Lady of Mario"},"content":{"rendered":"\n\t<div title='Resize Body Text' class='wpTextResizeControls' style='background-color:lightgray;border-radius:7px;-moz-border-radius:7px;-webkit-border-radius:7px;padding:3px;width:55px;'>\n\t\t<a class='increaseFont' title='Increase Font Size' style='font-size:18px;cursor:pointer;' >A<\/a><a class='resetFont' title='Reset Font Size' style='font-size:13px;padding-left:10px;cursor:pointer;'>A<\/a><a class='decreaseFont' title='Decrease Font Size' style='font-size:10px;padding-left:10px;cursor:pointer;'>A<\/a><\/div>\n<p>Es wurde im 15. Jahrhundert erbaut und diente den M\u00f6nchen als Kloster. Unerreichbare Klausen entwickelten sich um das Kloster herum in den H\u00f6hlen. Seine Ikonographie ist aussergew\u00f6hnlich. Auffallend ist das Bildnis der Jungfrau Maria Odigtria, welches von Fotis Kontoglou gemalt wurde. Das Kloster wurde 1842 von den drei letzten M\u00f6nchen verlassen. Allerdings gibt es trotzdem noch eine zweit\u00e4gige Feier, die am 24. August stattfindet.<\/p>\n","protected":false},"excerpt":{"rendered":"<p>Es wurde im 15. Jahrhundert erbaut und diente den M\u00f6nchen als Kloster. Unerreichbare Klausen entwickelten sich um das Kloster herum in den H\u00f6hlen. Seine Ikonographie ist aussergew\u00f6hnlich. Auffallend ist das Bildnis der Jungfrau Maria Odigtria, welches von Fotis Kontoglou gemalt <a class=\"more-link\" href=\"https:\/\/www.ammosvotsalo.com\/de\/holy-monastery-of-our-lady-of-mario\/\">Read more &#8230;<\/a><\/p>\n","protected":false},"author":1,"featured_media":0,"parent":0,"menu_order":0,"comment_status":"closed","ping_status":"closed","template":"","meta":[],"yoast_head":"<!-- This site is optimized with the Yoast SEO plugin v19.12 - https:\/\/yoast.com\/wordpress\/plugins\/seo\/ -->\n<title>Holy Monastery of our Lady of Mario | Ammos &amp; Votsalo Apartmens<\/title>\n<meta name=\"robots\" content=\"index, follow, max-snippet:-1, max-image-preview:large, max-video-preview:-1\" \/>\n<link rel=\"canonical\" href=\"https:\/\/www.ammosvotsalo.com\/de\/holy-monastery-of-our-lady-of-mario\/\" \/>\n<meta property=\"og:locale\" content=\"de_DE\" \/>\n<meta property=\"og:type\" content=\"article\" \/>\n<meta property=\"og:title\" content=\"Holy Monastery of our Lady of Mario | Ammos &amp; Votsalo Apartmens\" \/>\n<meta property=\"og:description\" content=\"Es wurde im 15. Jahrhundert erbaut und diente den M\u00f6nchen als Kloster. Unerreichbare Klausen entwickelten sich um das Kloster herum in den H\u00f6hlen. Seine Ikonographie ist aussergew\u00f6hnlich. Auffallend ist das Bildnis der Jungfrau Maria Odigtria, welches von Fotis Kontoglou gemalt Read more ...\" \/>\n<meta property=\"og:url\" content=\"https:\/\/www.ammosvotsalo.com\/de\/holy-monastery-of-our-lady-of-mario\/\" \/>\n<meta property=\"og:site_name\" content=\"Ammos &amp; Votsalo Apartmens\" \/>\n<meta name=\"twitter:card\" content=\"summary_large_image\" \/>\n<script type=\"application\/ld+json\" class=\"yoast-schema-graph\">{\"@context\":\"https:\/\/schema.org\",\"@graph\":[{\"@type\":\"WebPage\",\"@id\":\"https:\/\/www.ammosvotsalo.com\/de\/holy-monastery-of-our-lady-of-mario\/\",\"url\":\"https:\/\/www.ammosvotsalo.com\/de\/holy-monastery-of-our-lady-of-mario\/\",\"name\":\"Holy Monastery of our Lady of Mario | Ammos &amp; Votsalo Apartmens\",\"isPartOf\":{\"@id\":\"https:\/\/www.ammosvotsalo.com\/#website\"},\"datePublished\":\"2016-02-02T09:27:48+00:00\",\"dateModified\":\"2016-02-02T09:27:48+00:00\",\"breadcrumb\":{\"@id\":\"https:\/\/www.ammosvotsalo.com\/de\/holy-monastery-of-our-lady-of-mario\/#breadcrumb\"},\"inLanguage\":\"de\",\"potentialAction\":[{\"@type\":\"ReadAction\",\"target\":[\"https:\/\/www.ammosvotsalo.com\/de\/holy-monastery-of-our-lady-of-mario\/\"]}]},{\"@type\":\"BreadcrumbList\",\"@id\":\"https:\/\/www.ammosvotsalo.com\/de\/holy-monastery-of-our-lady-of-mario\/#breadcrumb\",\"itemListElement\":[{\"@type\":\"ListItem\",\"position\":1,\"name\":\"Home\",\"item\":\"https:\/\/www.ammosvotsalo.com\/de\/\"},{\"@type\":\"ListItem\",\"position\":2,\"name\":\"Holy Monastery of our Lady of Mario\"}]},{\"@type\":\"WebSite\",\"@id\":\"https:\/\/www.ammosvotsalo.com\/#website\",\"url\":\"https:\/\/www.ammosvotsalo.com\/\",\"name\":\"Ammos &amp; Votsalo Apartmens\",\"description\":\"\",\"potentialAction\":[{\"@type\":\"SearchAction\",\"target\":{\"@type\":\"EntryPoint\",\"urlTemplate\":\"https:\/\/www.ammosvotsalo.com\/?s={search_term_string}\"},\"query-input\":\"required name=search_term_string\"}],\"inLanguage\":\"de\"}]}<\/script>\n<!-- \/ Yoast SEO plugin. -->","yoast_head_json":{"title":"Holy Monastery of our Lady of Mario | Ammos &amp; Votsalo Apartmens","robots":{"index":"index","follow":"follow","max-snippet":"max-snippet:-1","max-image-preview":"max-image-preview:large","max-video-preview":"max-video-preview:-1"},"canonical":"https:\/\/www.ammosvotsalo.com\/de\/holy-monastery-of-our-lady-of-mario\/","og_locale":"de_DE","og_type":"article","og_title":"Holy Monastery of our Lady of Mario | Ammos &amp; Votsalo Apartmens","og_description":"Es wurde im 15. Jahrhundert erbaut und diente den M\u00f6nchen als Kloster. Unerreichbare Klausen entwickelten sich um das Kloster herum in den H\u00f6hlen. Seine Ikonographie ist aussergew\u00f6hnlich. Auffallend ist das Bildnis der Jungfrau Maria Odigtria, welches von Fotis Kontoglou gemalt Read more ...","og_url":"https:\/\/www.ammosvotsalo.com\/de\/holy-monastery-of-our-lady-of-mario\/","og_site_name":"Ammos &amp; Votsalo Apartmens","twitter_card":"summary_large_image","schema":{"@context":"https:\/\/schema.org","@graph":[{"@type":"WebPage","@id":"https:\/\/www.ammosvotsalo.com\/de\/holy-monastery-of-our-lady-of-mario\/","url":"https:\/\/www.ammosvotsalo.com\/de\/holy-monastery-of-our-lady-of-mario\/","name":"Holy Monastery of our Lady of Mario | Ammos &amp; Votsalo Apartmens","isPartOf":{"@id":"https:\/\/www.ammosvotsalo.com\/#website"},"datePublished":"2016-02-02T09:27:48+00:00","dateModified":"2016-02-02T09:27:48+00:00","breadcrumb":{"@id":"https:\/\/www.ammosvotsalo.com\/de\/holy-monastery-of-our-lady-of-mario\/#breadcrumb"},"inLanguage":"de","potentialAction":[{"@type":"ReadAction","target":["https:\/\/www.ammosvotsalo.com\/de\/holy-monastery-of-our-lady-of-mario\/"]}]},{"@type":"BreadcrumbList","@id":"https:\/\/www.ammosvotsalo.com\/de\/holy-monastery-of-our-lady-of-mario\/#breadcrumb","itemListElement":[{"@type":"ListItem","position":1,"name":"Home","item":"https:\/\/www.ammosvotsalo.com\/de\/"},{"@type":"ListItem","position":2,"name":"Holy Monastery of our Lady of Mario"}]},{"@type":"WebSite","@id":"https:\/\/www.ammosvotsalo.com\/#website","url":"https:\/\/www.ammosvotsalo.com\/","name":"Ammos &amp; Votsalo Apartmens","description":"","potentialAction":[{"@type":"SearchAction","target":{"@type":"EntryPoint","urlTemplate":"https:\/\/www.ammosvotsalo.com\/?s={search_term_string}"},"query-input":"required name=search_term_string"}],"inLanguage":"de"}]}},"_links":{"self":[{"href":"https:\/\/www.ammosvotsalo.com\/de\/wp-json\/wp\/v2\/pages\/1486"}],"collection":[{"href":"https:\/\/www.ammosvotsalo.com\/de\/wp-json\/wp\/v2\/pages"}],"about":[{"href":"https:\/\/www.ammosvotsalo.com\/de\/wp-json\/wp\/v2\/types\/page"}],"author":[{"embeddable":true,"href":"https:\/\/www.ammosvotsalo.com\/de\/wp-json\/wp\/v2\/users\/1"}],"replies":[{"embeddable":true,"href":"https:\/\/www.ammosvotsalo.com\/de\/wp-json\/wp\/v2\/comments?post=1486"}],"version-history":[{"count":1,"href":"https:\/\/www.ammosvotsalo.com\/de\/wp-json\/wp\/v2\/pages\/1486\/revisions"}],"predecessor-version":[{"id":1487,"href":"https:\/\/www.ammosvotsalo.com\/de\/wp-json\/wp\/v2\/pages\/1486\/revisions\/1487"}],"wp:attachment":[{"href":"https:\/\/www.ammosvotsalo.com\/de\/wp-json\/wp\/v2\/media?parent=1486"}],"curies":[{"name":"wp","href":"https:\/\/api.w.org\/{rel}","templated":true}]}}