{"id":1490,"date":"2016-02-02T09:51:41","date_gmt":"2016-02-02T09:51:41","guid":{"rendered":"http:\/\/www.ammosvotsalo.com\/?page_id=1490"},"modified":"2016-03-18T10:47:14","modified_gmt":"2016-03-18T08:47:14","slug":"strand-plaka","status":"publish","type":"page","link":"https:\/\/www.ammosvotsalo.com\/de\/strand-plaka\/","title":{"rendered":"Strand Plaka"},"content":{"rendered":"\n\t<div title='Resize Body Text' class='wpTextResizeControls' style='background-color:lightgray;border-radius:7px;-moz-border-radius:7px;-webkit-border-radius:7px;padding:3px;width:55px;'>\n\t\t<a class='increaseFont' title='Increase Font Size' style='font-size:18px;cursor:pointer;' >A<\/a><a class='resetFont' title='Reset Font Size' style='font-size:13px;padding-left:10px;cursor:pointer;'>A<\/a><a class='decreaseFont' title='Decrease Font Size' style='font-size:10px;padding-left:10px;cursor:pointer;'>A<\/a><\/div>\n<p>Plaka, der Hafen der Ortschaft, empf\u00e4ngt das Meer mit offenen Armen. Obwohl er ein kleiner, ruhiger Hafen ist, ist er hervorragend ausgestattet und bietet kleinen, sowie gr\u00f6\u00dferen Schiffen Schutz in der Nacht. Dort gibt es auch einen Strand mit verschiedenen Einrichtungen, Bars und Nachtclubs, die tags\u00fcber Sonnenliegen und \u2013schirme zur Verf\u00fcgung stellen. Die malerischen Tavernen, die Pizzeria und der kleine Supermarkt warten mit K\u00f6stlichkeiten auf den hungrigen Schwimmer oder den Spazierg\u00e4nger.<\/p>\n<h2>Wegbeschreibung<\/h2>\n<p><strong><i class=\"fa fa-road\"><\/i> Entfernung (Ausgangspunkt &#8211; Leonidio)<\/strong> : 4 KM<br \/>\n<strong><i class=\"fa fa-clock-o\"><\/i> Dauer (mittleren Geschwindigkeit)<\/strong> : 5 MINUTEN<\/p>\n","protected":false},"excerpt":{"rendered":"<p>Plaka, der Hafen der Ortschaft, empf\u00e4ngt das Meer mit offenen Armen. Obwohl er ein kleiner, ruhiger Hafen ist, ist er hervorragend ausgestattet und bietet kleinen, sowie gr\u00f6\u00dferen Schiffen Schutz in der Nacht. Dort gibt es auch einen Strand mit verschiedenen <a class=\"more-link\" href=\"https:\/\/www.ammosvotsalo.com\/de\/strand-plaka\/\">Read more &#8230;<\/a><\/p>\n","protected":false},"author":1,"featured_media":0,"parent":0,"menu_order":0,"comment_status":"closed","ping_status":"closed","template":"","meta":[],"yoast_head":"<!-- This site is optimized with the Yoast SEO plugin v19.12 - https:\/\/yoast.com\/wordpress\/plugins\/seo\/ -->\n<title>Strand Plaka | Ammos &amp; Votsalo Apartmens<\/title>\n<meta name=\"robots\" content=\"index, follow, max-snippet:-1, max-image-preview:large, max-video-preview:-1\" \/>\n<link rel=\"canonical\" href=\"https:\/\/www.ammosvotsalo.com\/de\/strand-plaka\/\" \/>\n<meta property=\"og:locale\" content=\"de_DE\" \/>\n<meta property=\"og:type\" content=\"article\" \/>\n<meta property=\"og:title\" content=\"Strand Plaka | Ammos &amp; Votsalo Apartmens\" \/>\n<meta property=\"og:description\" content=\"Plaka, der Hafen der Ortschaft, empf\u00e4ngt das Meer mit offenen Armen. Obwohl er ein kleiner, ruhiger Hafen ist, ist er hervorragend ausgestattet und bietet kleinen, sowie gr\u00f6\u00dferen Schiffen Schutz in der Nacht. Dort gibt es auch einen Strand mit verschiedenen Read more ...\" \/>\n<meta property=\"og:url\" content=\"https:\/\/www.ammosvotsalo.com\/de\/strand-plaka\/\" \/>\n<meta property=\"og:site_name\" content=\"Ammos &amp; Votsalo Apartmens\" \/>\n<meta property=\"article:modified_time\" content=\"2016-03-18T08:47:14+00:00\" \/>\n<meta name=\"twitter:card\" content=\"summary_large_image\" \/>\n<script type=\"application\/ld+json\" class=\"yoast-schema-graph\">{\"@context\":\"https:\/\/schema.org\",\"@graph\":[{\"@type\":\"WebPage\",\"@id\":\"https:\/\/www.ammosvotsalo.com\/de\/strand-plaka\/\",\"url\":\"https:\/\/www.ammosvotsalo.com\/de\/strand-plaka\/\",\"name\":\"Strand Plaka | Ammos &amp; Votsalo Apartmens\",\"isPartOf\":{\"@id\":\"https:\/\/www.ammosvotsalo.com\/#website\"},\"datePublished\":\"2016-02-02T09:51:41+00:00\",\"dateModified\":\"2016-03-18T08:47:14+00:00\",\"breadcrumb\":{\"@id\":\"https:\/\/www.ammosvotsalo.com\/de\/strand-plaka\/#breadcrumb\"},\"inLanguage\":\"de\",\"potentialAction\":[{\"@type\":\"ReadAction\",\"target\":[\"https:\/\/www.ammosvotsalo.com\/de\/strand-plaka\/\"]}]},{\"@type\":\"BreadcrumbList\",\"@id\":\"https:\/\/www.ammosvotsalo.com\/de\/strand-plaka\/#breadcrumb\",\"itemListElement\":[{\"@type\":\"ListItem\",\"position\":1,\"name\":\"Home\",\"item\":\"https:\/\/www.ammosvotsalo.com\/de\/\"},{\"@type\":\"ListItem\",\"position\":2,\"name\":\"Strand Plaka\"}]},{\"@type\":\"WebSite\",\"@id\":\"https:\/\/www.ammosvotsalo.com\/#website\",\"url\":\"https:\/\/www.ammosvotsalo.com\/\",\"name\":\"Ammos &amp; Votsalo Apartmens\",\"description\":\"\",\"potentialAction\":[{\"@type\":\"SearchAction\",\"target\":{\"@type\":\"EntryPoint\",\"urlTemplate\":\"https:\/\/www.ammosvotsalo.com\/?s={search_term_string}\"},\"query-input\":\"required name=search_term_string\"}],\"inLanguage\":\"de\"}]}<\/script>\n<!-- \/ Yoast SEO plugin. -->","yoast_head_json":{"title":"Strand Plaka | Ammos &amp; Votsalo Apartmens","robots":{"index":"index","follow":"follow","max-snippet":"max-snippet:-1","max-image-preview":"max-image-preview:large","max-video-preview":"max-video-preview:-1"},"canonical":"https:\/\/www.ammosvotsalo.com\/de\/strand-plaka\/","og_locale":"de_DE","og_type":"article","og_title":"Strand Plaka | Ammos &amp; Votsalo Apartmens","og_description":"Plaka, der Hafen der Ortschaft, empf\u00e4ngt das Meer mit offenen Armen. Obwohl er ein kleiner, ruhiger Hafen ist, ist er hervorragend ausgestattet und bietet kleinen, sowie gr\u00f6\u00dferen Schiffen Schutz in der Nacht. Dort gibt es auch einen Strand mit verschiedenen Read more ...","og_url":"https:\/\/www.ammosvotsalo.com\/de\/strand-plaka\/","og_site_name":"Ammos &amp; Votsalo Apartmens","article_modified_time":"2016-03-18T08:47:14+00:00","twitter_card":"summary_large_image","schema":{"@context":"https:\/\/schema.org","@graph":[{"@type":"WebPage","@id":"https:\/\/www.ammosvotsalo.com\/de\/strand-plaka\/","url":"https:\/\/www.ammosvotsalo.com\/de\/strand-plaka\/","name":"Strand Plaka | Ammos &amp; Votsalo Apartmens","isPartOf":{"@id":"https:\/\/www.ammosvotsalo.com\/#website"},"datePublished":"2016-02-02T09:51:41+00:00","dateModified":"2016-03-18T08:47:14+00:00","breadcrumb":{"@id":"https:\/\/www.ammosvotsalo.com\/de\/strand-plaka\/#breadcrumb"},"inLanguage":"de","potentialAction":[{"@type":"ReadAction","target":["https:\/\/www.ammosvotsalo.com\/de\/strand-plaka\/"]}]},{"@type":"BreadcrumbList","@id":"https:\/\/www.ammosvotsalo.com\/de\/strand-plaka\/#breadcrumb","itemListElement":[{"@type":"ListItem","position":1,"name":"Home","item":"https:\/\/www.ammosvotsalo.com\/de\/"},{"@type":"ListItem","position":2,"name":"Strand Plaka"}]},{"@type":"WebSite","@id":"https:\/\/www.ammosvotsalo.com\/#website","url":"https:\/\/www.ammosvotsalo.com\/","name":"Ammos &amp; Votsalo Apartmens","description":"","potentialAction":[{"@type":"SearchAction","target":{"@type":"EntryPoint","urlTemplate":"https:\/\/www.ammosvotsalo.com\/?s={search_term_string}"},"query-input":"required name=search_term_string"}],"inLanguage":"de"}]}},"_links":{"self":[{"href":"https:\/\/www.ammosvotsalo.com\/de\/wp-json\/wp\/v2\/pages\/1490"}],"collection":[{"href":"https:\/\/www.ammosvotsalo.com\/de\/wp-json\/wp\/v2\/pages"}],"about":[{"href":"https:\/\/www.ammosvotsalo.com\/de\/wp-json\/wp\/v2\/types\/page"}],"author":[{"embeddable":true,"href":"https:\/\/www.ammosvotsalo.com\/de\/wp-json\/wp\/v2\/users\/1"}],"replies":[{"embeddable":true,"href":"https:\/\/www.ammosvotsalo.com\/de\/wp-json\/wp\/v2\/comments?post=1490"}],"version-history":[{"count":6,"href":"https:\/\/www.ammosvotsalo.com\/de\/wp-json\/wp\/v2\/pages\/1490\/revisions"}],"predecessor-version":[{"id":1810,"href":"https:\/\/www.ammosvotsalo.com\/de\/wp-json\/wp\/v2\/pages\/1490\/revisions\/1810"}],"wp:attachment":[{"href":"https:\/\/www.ammosvotsalo.com\/de\/wp-json\/wp\/v2\/media?parent=1490"}],"curies":[{"name":"wp","href":"https:\/\/api.w.org\/{rel}","templated":true}]}}