{"id":1494,"date":"2016-02-02T09:55:31","date_gmt":"2016-02-02T09:55:31","guid":{"rendered":"http:\/\/www.ammosvotsalo.com\/?page_id=1494"},"modified":"2016-03-17T11:29:04","modified_gmt":"2016-03-17T09:29:04","slug":"1494-2","status":"publish","type":"page","link":"https:\/\/www.ammosvotsalo.com\/de\/1494-2\/","title":{"rendered":"Strand Poulithra"},"content":{"rendered":"\n\t<div title='Resize Body Text' class='wpTextResizeControls' style='background-color:lightgray;border-radius:7px;-moz-border-radius:7px;-webkit-border-radius:7px;padding:3px;width:55px;'>\n\t\t<a class='increaseFont' title='Increase Font Size' style='font-size:18px;cursor:pointer;' >A<\/a><a class='resetFont' title='Reset Font Size' style='font-size:13px;padding-left:10px;cursor:pointer;'>A<\/a><a class='decreaseFont' title='Decrease Font Size' style='font-size:10px;padding-left:10px;cursor:pointer;'>A<\/a><\/div>\n<p>Das Dorf Poulithra hat einen sch\u00f6nen Kiesstrand und kristallklares Wasser. Am Rande des Dorfes gibt es einen kleinen, bildsch\u00f6nen Hafen. Entlang der K\u00fcste findet man kleine Tavernen, ein Souvlaki Restaurant, kleine Caf\u00e9s, einen kleinen Minimarkt und Bars. Dort kann man prima die Seele baumeln lassen und den Abend ausklingen lassen.<\/p>\n<h2>Wegbeschreibung<\/h2>\n<p><strong><i class=\"fa fa-road\"><\/i> Entfernung (Ausgangspunkt &#8211; Plaka)<\/strong> : 5 KM<br \/>\n<strong><i class=\"fa fa-clock-o\"><\/i> Dauer (mittleren Geschwindigkeit)<\/strong> : 10 MINUTEN<\/p>\n","protected":false},"excerpt":{"rendered":"<p>Das Dorf Poulithra hat einen sch\u00f6nen Kiesstrand und kristallklares Wasser. Am Rande des Dorfes gibt es einen kleinen, bildsch\u00f6nen Hafen. Entlang der K\u00fcste findet man kleine Tavernen, ein Souvlaki Restaurant, kleine Caf\u00e9s, einen kleinen Minimarkt und Bars. Dort kann man <a class=\"more-link\" href=\"https:\/\/www.ammosvotsalo.com\/de\/1494-2\/\">Read more &#8230;<\/a><\/p>\n","protected":false},"author":1,"featured_media":0,"parent":0,"menu_order":0,"comment_status":"closed","ping_status":"closed","template":"","meta":[],"yoast_head":"<!-- This site is optimized with the Yoast SEO plugin v19.12 - https:\/\/yoast.com\/wordpress\/plugins\/seo\/ -->\n<title>Strand Poulithra | Ammos &amp; Votsalo Apartmens<\/title>\n<meta name=\"robots\" content=\"index, follow, max-snippet:-1, max-image-preview:large, max-video-preview:-1\" \/>\n<link rel=\"canonical\" href=\"https:\/\/www.ammosvotsalo.com\/de\/1494-2\/\" \/>\n<meta property=\"og:locale\" content=\"de_DE\" \/>\n<meta property=\"og:type\" content=\"article\" \/>\n<meta property=\"og:title\" content=\"Strand Poulithra | Ammos &amp; Votsalo Apartmens\" \/>\n<meta property=\"og:description\" content=\"Das Dorf Poulithra hat einen sch\u00f6nen Kiesstrand und kristallklares Wasser. Am Rande des Dorfes gibt es einen kleinen, bildsch\u00f6nen Hafen. Entlang der K\u00fcste findet man kleine Tavernen, ein Souvlaki Restaurant, kleine Caf\u00e9s, einen kleinen Minimarkt und Bars. Dort kann man Read more ...\" \/>\n<meta property=\"og:url\" content=\"https:\/\/www.ammosvotsalo.com\/de\/1494-2\/\" \/>\n<meta property=\"og:site_name\" content=\"Ammos &amp; Votsalo Apartmens\" \/>\n<meta property=\"article:modified_time\" content=\"2016-03-17T09:29:04+00:00\" \/>\n<meta name=\"twitter:card\" content=\"summary_large_image\" \/>\n<script type=\"application\/ld+json\" class=\"yoast-schema-graph\">{\"@context\":\"https:\/\/schema.org\",\"@graph\":[{\"@type\":\"WebPage\",\"@id\":\"https:\/\/www.ammosvotsalo.com\/de\/1494-2\/\",\"url\":\"https:\/\/www.ammosvotsalo.com\/de\/1494-2\/\",\"name\":\"Strand Poulithra | Ammos &amp; Votsalo Apartmens\",\"isPartOf\":{\"@id\":\"https:\/\/www.ammosvotsalo.com\/#website\"},\"datePublished\":\"2016-02-02T09:55:31+00:00\",\"dateModified\":\"2016-03-17T09:29:04+00:00\",\"breadcrumb\":{\"@id\":\"https:\/\/www.ammosvotsalo.com\/de\/1494-2\/#breadcrumb\"},\"inLanguage\":\"de\",\"potentialAction\":[{\"@type\":\"ReadAction\",\"target\":[\"https:\/\/www.ammosvotsalo.com\/de\/1494-2\/\"]}]},{\"@type\":\"BreadcrumbList\",\"@id\":\"https:\/\/www.ammosvotsalo.com\/de\/1494-2\/#breadcrumb\",\"itemListElement\":[{\"@type\":\"ListItem\",\"position\":1,\"name\":\"Home\",\"item\":\"https:\/\/www.ammosvotsalo.com\/de\/\"},{\"@type\":\"ListItem\",\"position\":2,\"name\":\"Strand Poulithra\"}]},{\"@type\":\"WebSite\",\"@id\":\"https:\/\/www.ammosvotsalo.com\/#website\",\"url\":\"https:\/\/www.ammosvotsalo.com\/\",\"name\":\"Ammos &amp; Votsalo Apartmens\",\"description\":\"\",\"potentialAction\":[{\"@type\":\"SearchAction\",\"target\":{\"@type\":\"EntryPoint\",\"urlTemplate\":\"https:\/\/www.ammosvotsalo.com\/?s={search_term_string}\"},\"query-input\":\"required name=search_term_string\"}],\"inLanguage\":\"de\"}]}<\/script>\n<!-- \/ Yoast SEO plugin. -->","yoast_head_json":{"title":"Strand Poulithra | Ammos &amp; Votsalo Apartmens","robots":{"index":"index","follow":"follow","max-snippet":"max-snippet:-1","max-image-preview":"max-image-preview:large","max-video-preview":"max-video-preview:-1"},"canonical":"https:\/\/www.ammosvotsalo.com\/de\/1494-2\/","og_locale":"de_DE","og_type":"article","og_title":"Strand Poulithra | Ammos &amp; Votsalo Apartmens","og_description":"Das Dorf Poulithra hat einen sch\u00f6nen Kiesstrand und kristallklares Wasser. Am Rande des Dorfes gibt es einen kleinen, bildsch\u00f6nen Hafen. Entlang der K\u00fcste findet man kleine Tavernen, ein Souvlaki Restaurant, kleine Caf\u00e9s, einen kleinen Minimarkt und Bars. Dort kann man Read more ...","og_url":"https:\/\/www.ammosvotsalo.com\/de\/1494-2\/","og_site_name":"Ammos &amp; Votsalo Apartmens","article_modified_time":"2016-03-17T09:29:04+00:00","twitter_card":"summary_large_image","schema":{"@context":"https:\/\/schema.org","@graph":[{"@type":"WebPage","@id":"https:\/\/www.ammosvotsalo.com\/de\/1494-2\/","url":"https:\/\/www.ammosvotsalo.com\/de\/1494-2\/","name":"Strand Poulithra | Ammos &amp; Votsalo Apartmens","isPartOf":{"@id":"https:\/\/www.ammosvotsalo.com\/#website"},"datePublished":"2016-02-02T09:55:31+00:00","dateModified":"2016-03-17T09:29:04+00:00","breadcrumb":{"@id":"https:\/\/www.ammosvotsalo.com\/de\/1494-2\/#breadcrumb"},"inLanguage":"de","potentialAction":[{"@type":"ReadAction","target":["https:\/\/www.ammosvotsalo.com\/de\/1494-2\/"]}]},{"@type":"BreadcrumbList","@id":"https:\/\/www.ammosvotsalo.com\/de\/1494-2\/#breadcrumb","itemListElement":[{"@type":"ListItem","position":1,"name":"Home","item":"https:\/\/www.ammosvotsalo.com\/de\/"},{"@type":"ListItem","position":2,"name":"Strand Poulithra"}]},{"@type":"WebSite","@id":"https:\/\/www.ammosvotsalo.com\/#website","url":"https:\/\/www.ammosvotsalo.com\/","name":"Ammos &amp; Votsalo Apartmens","description":"","potentialAction":[{"@type":"SearchAction","target":{"@type":"EntryPoint","urlTemplate":"https:\/\/www.ammosvotsalo.com\/?s={search_term_string}"},"query-input":"required name=search_term_string"}],"inLanguage":"de"}]}},"_links":{"self":[{"href":"https:\/\/www.ammosvotsalo.com\/de\/wp-json\/wp\/v2\/pages\/1494"}],"collection":[{"href":"https:\/\/www.ammosvotsalo.com\/de\/wp-json\/wp\/v2\/pages"}],"about":[{"href":"https:\/\/www.ammosvotsalo.com\/de\/wp-json\/wp\/v2\/types\/page"}],"author":[{"embeddable":true,"href":"https:\/\/www.ammosvotsalo.com\/de\/wp-json\/wp\/v2\/users\/1"}],"replies":[{"embeddable":true,"href":"https:\/\/www.ammosvotsalo.com\/de\/wp-json\/wp\/v2\/comments?post=1494"}],"version-history":[{"count":4,"href":"https:\/\/www.ammosvotsalo.com\/de\/wp-json\/wp\/v2\/pages\/1494\/revisions"}],"predecessor-version":[{"id":1749,"href":"https:\/\/www.ammosvotsalo.com\/de\/wp-json\/wp\/v2\/pages\/1494\/revisions\/1749"}],"wp:attachment":[{"href":"https:\/\/www.ammosvotsalo.com\/de\/wp-json\/wp\/v2\/media?parent=1494"}],"curies":[{"name":"wp","href":"https:\/\/api.w.org\/{rel}","templated":true}]}}