{"id":1508,"date":"2016-02-02T10:04:22","date_gmt":"2016-02-02T10:04:22","guid":{"rendered":"http:\/\/www.ammosvotsalo.com\/?page_id=1508"},"modified":"2016-03-17T17:25:08","modified_gmt":"2016-03-17T15:25:08","slug":"strand-lygeria","status":"publish","type":"page","link":"https:\/\/www.ammosvotsalo.com\/de\/strand-lygeria\/","title":{"rendered":"Strand Lygeria"},"content":{"rendered":"\n\t<div title='Resize Body Text' class='wpTextResizeControls' style='background-color:lightgray;border-radius:7px;-moz-border-radius:7px;-webkit-border-radius:7px;padding:3px;width:55px;'>\n\t\t<a class='increaseFont' title='Increase Font Size' style='font-size:18px;cursor:pointer;' >A<\/a><a class='resetFont' title='Reset Font Size' style='font-size:13px;padding-left:10px;cursor:pointer;'>A<\/a><a class='decreaseFont' title='Decrease Font Size' style='font-size:10px;padding-left:10px;cursor:pointer;'>A<\/a><\/div>\n<p>Hinter der Bucht von Tyros liegt der Strand von Lygeria. Beides wird von dem Felsen mit den Windm\u00fchlen getrennt. Man kann den Strand mit einem Boot oder \u00fcber einen kleinen Fu\u00dfweg, der von der Hauptstrasse abgeht, erreichen. Das klare Wasser ist perfekt, um die Unterwasserwelt zu entdecken. <\/p>\n<h2>Wegbeschreibung<\/h2>\n<p><strong><i class=\"fa fa-road\"><\/i> Entfernung (Ausgangspunkt &#8211; Plaka)<\/strong> : 20 KM<br \/>\n<strong><i class=\"fa fa-clock-o\"><\/i> Dauer (mittleren Geschwindigkeit)<\/strong> : 35 MINUTEN<\/p>\n","protected":false},"excerpt":{"rendered":"<p>Hinter der Bucht von Tyros liegt der Strand von Lygeria. Beides wird von dem Felsen mit den Windm\u00fchlen getrennt. Man kann den Strand mit einem Boot oder \u00fcber einen kleinen Fu\u00dfweg, der von der Hauptstrasse abgeht, erreichen. Das klare Wasser <a class=\"more-link\" href=\"https:\/\/www.ammosvotsalo.com\/de\/strand-lygeria\/\">Read more &#8230;<\/a><\/p>\n","protected":false},"author":1,"featured_media":0,"parent":0,"menu_order":0,"comment_status":"closed","ping_status":"closed","template":"","meta":[],"yoast_head":"<!-- This site is optimized with the Yoast SEO plugin v19.12 - https:\/\/yoast.com\/wordpress\/plugins\/seo\/ -->\n<title>Strand Lygeria | Ammos &amp; Votsalo Apartmens<\/title>\n<meta name=\"robots\" content=\"index, follow, max-snippet:-1, max-image-preview:large, max-video-preview:-1\" \/>\n<link rel=\"canonical\" href=\"https:\/\/www.ammosvotsalo.com\/de\/strand-lygeria\/\" \/>\n<meta property=\"og:locale\" content=\"de_DE\" \/>\n<meta property=\"og:type\" content=\"article\" \/>\n<meta property=\"og:title\" content=\"Strand Lygeria | Ammos &amp; Votsalo Apartmens\" \/>\n<meta property=\"og:description\" content=\"Hinter der Bucht von Tyros liegt der Strand von Lygeria. Beides wird von dem Felsen mit den Windm\u00fchlen getrennt. Man kann den Strand mit einem Boot oder \u00fcber einen kleinen Fu\u00dfweg, der von der Hauptstrasse abgeht, erreichen. Das klare Wasser Read more ...\" \/>\n<meta property=\"og:url\" content=\"https:\/\/www.ammosvotsalo.com\/de\/strand-lygeria\/\" \/>\n<meta property=\"og:site_name\" content=\"Ammos &amp; Votsalo Apartmens\" \/>\n<meta property=\"article:modified_time\" content=\"2016-03-17T15:25:08+00:00\" \/>\n<meta name=\"twitter:card\" content=\"summary_large_image\" \/>\n<script type=\"application\/ld+json\" class=\"yoast-schema-graph\">{\"@context\":\"https:\/\/schema.org\",\"@graph\":[{\"@type\":\"WebPage\",\"@id\":\"https:\/\/www.ammosvotsalo.com\/de\/strand-lygeria\/\",\"url\":\"https:\/\/www.ammosvotsalo.com\/de\/strand-lygeria\/\",\"name\":\"Strand Lygeria | Ammos &amp; Votsalo Apartmens\",\"isPartOf\":{\"@id\":\"https:\/\/www.ammosvotsalo.com\/#website\"},\"datePublished\":\"2016-02-02T10:04:22+00:00\",\"dateModified\":\"2016-03-17T15:25:08+00:00\",\"breadcrumb\":{\"@id\":\"https:\/\/www.ammosvotsalo.com\/de\/strand-lygeria\/#breadcrumb\"},\"inLanguage\":\"de\",\"potentialAction\":[{\"@type\":\"ReadAction\",\"target\":[\"https:\/\/www.ammosvotsalo.com\/de\/strand-lygeria\/\"]}]},{\"@type\":\"BreadcrumbList\",\"@id\":\"https:\/\/www.ammosvotsalo.com\/de\/strand-lygeria\/#breadcrumb\",\"itemListElement\":[{\"@type\":\"ListItem\",\"position\":1,\"name\":\"Home\",\"item\":\"https:\/\/www.ammosvotsalo.com\/de\/\"},{\"@type\":\"ListItem\",\"position\":2,\"name\":\"Strand Lygeria\"}]},{\"@type\":\"WebSite\",\"@id\":\"https:\/\/www.ammosvotsalo.com\/#website\",\"url\":\"https:\/\/www.ammosvotsalo.com\/\",\"name\":\"Ammos &amp; Votsalo Apartmens\",\"description\":\"\",\"potentialAction\":[{\"@type\":\"SearchAction\",\"target\":{\"@type\":\"EntryPoint\",\"urlTemplate\":\"https:\/\/www.ammosvotsalo.com\/?s={search_term_string}\"},\"query-input\":\"required name=search_term_string\"}],\"inLanguage\":\"de\"}]}<\/script>\n<!-- \/ Yoast SEO plugin. -->","yoast_head_json":{"title":"Strand Lygeria | Ammos &amp; Votsalo Apartmens","robots":{"index":"index","follow":"follow","max-snippet":"max-snippet:-1","max-image-preview":"max-image-preview:large","max-video-preview":"max-video-preview:-1"},"canonical":"https:\/\/www.ammosvotsalo.com\/de\/strand-lygeria\/","og_locale":"de_DE","og_type":"article","og_title":"Strand Lygeria | Ammos &amp; Votsalo Apartmens","og_description":"Hinter der Bucht von Tyros liegt der Strand von Lygeria. Beides wird von dem Felsen mit den Windm\u00fchlen getrennt. Man kann den Strand mit einem Boot oder \u00fcber einen kleinen Fu\u00dfweg, der von der Hauptstrasse abgeht, erreichen. Das klare Wasser Read more ...","og_url":"https:\/\/www.ammosvotsalo.com\/de\/strand-lygeria\/","og_site_name":"Ammos &amp; Votsalo Apartmens","article_modified_time":"2016-03-17T15:25:08+00:00","twitter_card":"summary_large_image","schema":{"@context":"https:\/\/schema.org","@graph":[{"@type":"WebPage","@id":"https:\/\/www.ammosvotsalo.com\/de\/strand-lygeria\/","url":"https:\/\/www.ammosvotsalo.com\/de\/strand-lygeria\/","name":"Strand Lygeria | Ammos &amp; Votsalo Apartmens","isPartOf":{"@id":"https:\/\/www.ammosvotsalo.com\/#website"},"datePublished":"2016-02-02T10:04:22+00:00","dateModified":"2016-03-17T15:25:08+00:00","breadcrumb":{"@id":"https:\/\/www.ammosvotsalo.com\/de\/strand-lygeria\/#breadcrumb"},"inLanguage":"de","potentialAction":[{"@type":"ReadAction","target":["https:\/\/www.ammosvotsalo.com\/de\/strand-lygeria\/"]}]},{"@type":"BreadcrumbList","@id":"https:\/\/www.ammosvotsalo.com\/de\/strand-lygeria\/#breadcrumb","itemListElement":[{"@type":"ListItem","position":1,"name":"Home","item":"https:\/\/www.ammosvotsalo.com\/de\/"},{"@type":"ListItem","position":2,"name":"Strand Lygeria"}]},{"@type":"WebSite","@id":"https:\/\/www.ammosvotsalo.com\/#website","url":"https:\/\/www.ammosvotsalo.com\/","name":"Ammos &amp; Votsalo Apartmens","description":"","potentialAction":[{"@type":"SearchAction","target":{"@type":"EntryPoint","urlTemplate":"https:\/\/www.ammosvotsalo.com\/?s={search_term_string}"},"query-input":"required name=search_term_string"}],"inLanguage":"de"}]}},"_links":{"self":[{"href":"https:\/\/www.ammosvotsalo.com\/de\/wp-json\/wp\/v2\/pages\/1508"}],"collection":[{"href":"https:\/\/www.ammosvotsalo.com\/de\/wp-json\/wp\/v2\/pages"}],"about":[{"href":"https:\/\/www.ammosvotsalo.com\/de\/wp-json\/wp\/v2\/types\/page"}],"author":[{"embeddable":true,"href":"https:\/\/www.ammosvotsalo.com\/de\/wp-json\/wp\/v2\/users\/1"}],"replies":[{"embeddable":true,"href":"https:\/\/www.ammosvotsalo.com\/de\/wp-json\/wp\/v2\/comments?post=1508"}],"version-history":[{"count":3,"href":"https:\/\/www.ammosvotsalo.com\/de\/wp-json\/wp\/v2\/pages\/1508\/revisions"}],"predecessor-version":[{"id":1789,"href":"https:\/\/www.ammosvotsalo.com\/de\/wp-json\/wp\/v2\/pages\/1508\/revisions\/1789"}],"wp:attachment":[{"href":"https:\/\/www.ammosvotsalo.com\/de\/wp-json\/wp\/v2\/media?parent=1508"}],"curies":[{"name":"wp","href":"https:\/\/api.w.org\/{rel}","templated":true}]}}