{"id":1529,"date":"2016-02-02T10:21:51","date_gmt":"2016-02-02T10:21:51","guid":{"rendered":"http:\/\/www.ammosvotsalo.com\/?page_id=1529"},"modified":"2016-03-17T17:00:53","modified_gmt":"2016-03-17T15:00:53","slug":"strand-agios-georgios-saint-george","status":"publish","type":"page","link":"https:\/\/www.ammosvotsalo.com\/de\/strand-agios-georgios-saint-george\/","title":{"rendered":"Strand Agios Georgios (Saint George)"},"content":{"rendered":"\n\t<div title='Resize Body Text' class='wpTextResizeControls' style='background-color:lightgray;border-radius:7px;-moz-border-radius:7px;-webkit-border-radius:7px;padding:3px;width:55px;'>\n\t\t<a class='increaseFont' title='Increase Font Size' style='font-size:18px;cursor:pointer;' >A<\/a><a class='resetFont' title='Reset Font Size' style='font-size:13px;padding-left:10px;cursor:pointer;'>A<\/a><a class='decreaseFont' title='Decrease Font Size' style='font-size:10px;padding-left:10px;cursor:pointer;'>A<\/a><\/div>\n<p>Nicht weit von Poulithra entfernt, liegen drei wundersch\u00f6ne, aufeinanderfolgende Str\u00e4nde. Dort ist man mitten in der Natur, umgeben von Olivenhainen. Von da f\u00fchrt ein kleiner, verschlungener Pfad zu der kleinen Kirche des Heiligen George.  <\/p>\n<h2>Wegbeschreibung<\/h2>\n<p><strong><i class=\"fa fa-road\"><\/i> Entfernung (Ausgangspunkt &#8211; Plaka)<\/strong> : 7 KM<br \/>\n<strong><i class=\"fa fa-clock-o\"><\/i> Dauer (mittleren Geschwindigkeit)<\/strong> : 20 MINUTEN<\/p>\n","protected":false},"excerpt":{"rendered":"<p>Nicht weit von Poulithra entfernt, liegen drei wundersch\u00f6ne, aufeinanderfolgende Str\u00e4nde. Dort ist man mitten in der Natur, umgeben von Olivenhainen. Von da f\u00fchrt ein kleiner, verschlungener Pfad zu der kleinen Kirche des Heiligen George. Wegbeschreibung Entfernung (Ausgangspunkt &#8211; Plaka) : <a class=\"more-link\" href=\"https:\/\/www.ammosvotsalo.com\/de\/strand-agios-georgios-saint-george\/\">Read more &#8230;<\/a><\/p>\n","protected":false},"author":1,"featured_media":0,"parent":0,"menu_order":0,"comment_status":"closed","ping_status":"closed","template":"","meta":[],"yoast_head":"<!-- This site is optimized with the Yoast SEO plugin v19.12 - https:\/\/yoast.com\/wordpress\/plugins\/seo\/ -->\n<title>Strand Agios Georgios (Saint George) | Ammos &amp; Votsalo Apartmens<\/title>\n<meta name=\"robots\" content=\"index, follow, max-snippet:-1, max-image-preview:large, max-video-preview:-1\" \/>\n<link rel=\"canonical\" href=\"https:\/\/www.ammosvotsalo.com\/de\/strand-agios-georgios-saint-george\/\" \/>\n<meta property=\"og:locale\" content=\"de_DE\" \/>\n<meta property=\"og:type\" content=\"article\" \/>\n<meta property=\"og:title\" content=\"Strand Agios Georgios (Saint George) | Ammos &amp; Votsalo Apartmens\" \/>\n<meta property=\"og:description\" content=\"Nicht weit von Poulithra entfernt, liegen drei wundersch\u00f6ne, aufeinanderfolgende Str\u00e4nde. Dort ist man mitten in der Natur, umgeben von Olivenhainen. Von da f\u00fchrt ein kleiner, verschlungener Pfad zu der kleinen Kirche des Heiligen George. Wegbeschreibung Entfernung (Ausgangspunkt &#8211; Plaka) : Read more ...\" \/>\n<meta property=\"og:url\" content=\"https:\/\/www.ammosvotsalo.com\/de\/strand-agios-georgios-saint-george\/\" \/>\n<meta property=\"og:site_name\" content=\"Ammos &amp; Votsalo Apartmens\" \/>\n<meta property=\"article:modified_time\" content=\"2016-03-17T15:00:53+00:00\" \/>\n<meta name=\"twitter:card\" content=\"summary_large_image\" \/>\n<script type=\"application\/ld+json\" class=\"yoast-schema-graph\">{\"@context\":\"https:\/\/schema.org\",\"@graph\":[{\"@type\":\"WebPage\",\"@id\":\"https:\/\/www.ammosvotsalo.com\/de\/strand-agios-georgios-saint-george\/\",\"url\":\"https:\/\/www.ammosvotsalo.com\/de\/strand-agios-georgios-saint-george\/\",\"name\":\"Strand Agios Georgios (Saint George) | Ammos &amp; Votsalo Apartmens\",\"isPartOf\":{\"@id\":\"https:\/\/www.ammosvotsalo.com\/#website\"},\"datePublished\":\"2016-02-02T10:21:51+00:00\",\"dateModified\":\"2016-03-17T15:00:53+00:00\",\"breadcrumb\":{\"@id\":\"https:\/\/www.ammosvotsalo.com\/de\/strand-agios-georgios-saint-george\/#breadcrumb\"},\"inLanguage\":\"de\",\"potentialAction\":[{\"@type\":\"ReadAction\",\"target\":[\"https:\/\/www.ammosvotsalo.com\/de\/strand-agios-georgios-saint-george\/\"]}]},{\"@type\":\"BreadcrumbList\",\"@id\":\"https:\/\/www.ammosvotsalo.com\/de\/strand-agios-georgios-saint-george\/#breadcrumb\",\"itemListElement\":[{\"@type\":\"ListItem\",\"position\":1,\"name\":\"Home\",\"item\":\"https:\/\/www.ammosvotsalo.com\/de\/\"},{\"@type\":\"ListItem\",\"position\":2,\"name\":\"Strand Agios Georgios (Saint George)\"}]},{\"@type\":\"WebSite\",\"@id\":\"https:\/\/www.ammosvotsalo.com\/#website\",\"url\":\"https:\/\/www.ammosvotsalo.com\/\",\"name\":\"Ammos &amp; Votsalo Apartmens\",\"description\":\"\",\"potentialAction\":[{\"@type\":\"SearchAction\",\"target\":{\"@type\":\"EntryPoint\",\"urlTemplate\":\"https:\/\/www.ammosvotsalo.com\/?s={search_term_string}\"},\"query-input\":\"required name=search_term_string\"}],\"inLanguage\":\"de\"}]}<\/script>\n<!-- \/ Yoast SEO plugin. -->","yoast_head_json":{"title":"Strand Agios Georgios (Saint George) | Ammos &amp; Votsalo Apartmens","robots":{"index":"index","follow":"follow","max-snippet":"max-snippet:-1","max-image-preview":"max-image-preview:large","max-video-preview":"max-video-preview:-1"},"canonical":"https:\/\/www.ammosvotsalo.com\/de\/strand-agios-georgios-saint-george\/","og_locale":"de_DE","og_type":"article","og_title":"Strand Agios Georgios (Saint George) | Ammos &amp; Votsalo Apartmens","og_description":"Nicht weit von Poulithra entfernt, liegen drei wundersch\u00f6ne, aufeinanderfolgende Str\u00e4nde. Dort ist man mitten in der Natur, umgeben von Olivenhainen. Von da f\u00fchrt ein kleiner, verschlungener Pfad zu der kleinen Kirche des Heiligen George. Wegbeschreibung Entfernung (Ausgangspunkt &#8211; Plaka) : Read more ...","og_url":"https:\/\/www.ammosvotsalo.com\/de\/strand-agios-georgios-saint-george\/","og_site_name":"Ammos &amp; Votsalo Apartmens","article_modified_time":"2016-03-17T15:00:53+00:00","twitter_card":"summary_large_image","schema":{"@context":"https:\/\/schema.org","@graph":[{"@type":"WebPage","@id":"https:\/\/www.ammosvotsalo.com\/de\/strand-agios-georgios-saint-george\/","url":"https:\/\/www.ammosvotsalo.com\/de\/strand-agios-georgios-saint-george\/","name":"Strand Agios Georgios (Saint George) | Ammos &amp; Votsalo Apartmens","isPartOf":{"@id":"https:\/\/www.ammosvotsalo.com\/#website"},"datePublished":"2016-02-02T10:21:51+00:00","dateModified":"2016-03-17T15:00:53+00:00","breadcrumb":{"@id":"https:\/\/www.ammosvotsalo.com\/de\/strand-agios-georgios-saint-george\/#breadcrumb"},"inLanguage":"de","potentialAction":[{"@type":"ReadAction","target":["https:\/\/www.ammosvotsalo.com\/de\/strand-agios-georgios-saint-george\/"]}]},{"@type":"BreadcrumbList","@id":"https:\/\/www.ammosvotsalo.com\/de\/strand-agios-georgios-saint-george\/#breadcrumb","itemListElement":[{"@type":"ListItem","position":1,"name":"Home","item":"https:\/\/www.ammosvotsalo.com\/de\/"},{"@type":"ListItem","position":2,"name":"Strand Agios Georgios (Saint George)"}]},{"@type":"WebSite","@id":"https:\/\/www.ammosvotsalo.com\/#website","url":"https:\/\/www.ammosvotsalo.com\/","name":"Ammos &amp; Votsalo Apartmens","description":"","potentialAction":[{"@type":"SearchAction","target":{"@type":"EntryPoint","urlTemplate":"https:\/\/www.ammosvotsalo.com\/?s={search_term_string}"},"query-input":"required name=search_term_string"}],"inLanguage":"de"}]}},"_links":{"self":[{"href":"https:\/\/www.ammosvotsalo.com\/de\/wp-json\/wp\/v2\/pages\/1529"}],"collection":[{"href":"https:\/\/www.ammosvotsalo.com\/de\/wp-json\/wp\/v2\/pages"}],"about":[{"href":"https:\/\/www.ammosvotsalo.com\/de\/wp-json\/wp\/v2\/types\/page"}],"author":[{"embeddable":true,"href":"https:\/\/www.ammosvotsalo.com\/de\/wp-json\/wp\/v2\/users\/1"}],"replies":[{"embeddable":true,"href":"https:\/\/www.ammosvotsalo.com\/de\/wp-json\/wp\/v2\/comments?post=1529"}],"version-history":[{"count":2,"href":"https:\/\/www.ammosvotsalo.com\/de\/wp-json\/wp\/v2\/pages\/1529\/revisions"}],"predecessor-version":[{"id":1758,"href":"https:\/\/www.ammosvotsalo.com\/de\/wp-json\/wp\/v2\/pages\/1529\/revisions\/1758"}],"wp:attachment":[{"href":"https:\/\/www.ammosvotsalo.com\/de\/wp-json\/wp\/v2\/media?parent=1529"}],"curies":[{"name":"wp","href":"https:\/\/api.w.org\/{rel}","templated":true}]}}