{"id":1538,"date":"2016-02-02T11:56:18","date_gmt":"2016-02-02T11:56:18","guid":{"rendered":"http:\/\/www.ammosvotsalo.com\/?page_id=1538"},"modified":"2016-02-02T11:56:18","modified_gmt":"2016-02-02T11:56:18","slug":"ammos-apartment-kuche","status":"publish","type":"page","link":"https:\/\/www.ammosvotsalo.com\/de\/ammos-apartment-kuche\/","title":{"rendered":"Ammos Apartment &#8211; K\u00fcche"},"content":{"rendered":"\n\t<div title='Resize Body Text' class='wpTextResizeControls' style='background-color:lightgray;border-radius:7px;-moz-border-radius:7px;-webkit-border-radius:7px;padding:3px;width:55px;'>\n\t\t<a class='increaseFont' title='Increase Font Size' style='font-size:18px;cursor:pointer;' >A<\/a><a class='resetFont' title='Reset Font Size' style='font-size:13px;padding-left:10px;cursor:pointer;'>A<\/a><a class='decreaseFont' title='Decrease Font Size' style='font-size:10px;padding-left:10px;cursor:pointer;'>A<\/a><\/div>\n<p style=\"padding-left: 10px;\">\u221a Eingebauter elektroherd PITSOS mit Backofen (INOX)<\/p>\n<div class=\"left\">\n<ul class=\"no-bullet\">\n<li style=\"text-align: left;\">\u221a Esstisch und St\u00fchle<\/li>\n<li style=\"text-align: left;\">\u221a Weisse Bank aus Quarz (3 Meter)<\/li>\n<li style=\"text-align: left;\">\u221a Waschbecken CARRON (schwarz)<\/li>\n<li style=\"text-align: left;\">\u221a Wasserhahn IDEAL STANDARD (\u0399\u039d\u039f\u03a7)<\/li>\n<li style=\"text-align: left;\">\u221a K\u00fchlschrank INVERTOR<\/li>\n<li style=\"text-align: left;\">\u221a Abzugshaube PYRAMIS<\/li>\n<\/ul>\n<\/div>\n<div class=\"right\">\n<ul class=\"no-bullet\">\n<li style=\"text-align: left;\">\u221a K\u00fcchenger\u00e4te<\/li>\n<li style=\"text-align: left;\">\u221a K\u00fcchenschr\u00e4nke f\u00fcr Vorr\u00e4te und Geschirr<\/li>\n<li style=\"text-align: left;\">\u221a Mikrowelle<\/li>\n<li style=\"text-align: left;\">\u221a Kaffeemaschine<\/li>\n<li style=\"text-align: left;\">\u221a Toaster<\/li>\n<li style=\"text-align: left;\">\u221a Wasserkocher<\/li>\n<\/ul>\n<\/div>\n<div style=\"clear: both;\"><\/div>\n","protected":false},"excerpt":{"rendered":"<p>\u221a Eingebauter elektroherd PITSOS mit Backofen (INOX) \u221a Esstisch und St\u00fchle \u221a Weisse Bank aus Quarz (3 Meter) \u221a Waschbecken CARRON (schwarz) \u221a Wasserhahn IDEAL STANDARD (\u0399\u039d\u039f\u03a7) \u221a K\u00fchlschrank INVERTOR \u221a Abzugshaube PYRAMIS \u221a K\u00fcchenger\u00e4te \u221a K\u00fcchenschr\u00e4nke f\u00fcr Vorr\u00e4te und <a class=\"more-link\" href=\"https:\/\/www.ammosvotsalo.com\/de\/ammos-apartment-kuche\/\">Read more &#8230;<\/a><\/p>\n","protected":false},"author":1,"featured_media":0,"parent":0,"menu_order":0,"comment_status":"closed","ping_status":"closed","template":"","meta":[],"yoast_head":"<!-- This site is optimized with the Yoast SEO plugin v19.12 - https:\/\/yoast.com\/wordpress\/plugins\/seo\/ -->\n<title>Ammos Apartment - K\u00fcche | Ammos &amp; Votsalo Apartmens<\/title>\n<meta name=\"robots\" content=\"index, follow, max-snippet:-1, max-image-preview:large, max-video-preview:-1\" \/>\n<link rel=\"canonical\" href=\"https:\/\/www.ammosvotsalo.com\/de\/ammos-apartment-kuche\/\" \/>\n<meta property=\"og:locale\" content=\"de_DE\" \/>\n<meta property=\"og:type\" content=\"article\" \/>\n<meta property=\"og:title\" content=\"Ammos Apartment - K\u00fcche | Ammos &amp; Votsalo Apartmens\" \/>\n<meta property=\"og:description\" content=\"\u221a Eingebauter elektroherd PITSOS mit Backofen (INOX) \u221a Esstisch und St\u00fchle \u221a Weisse Bank aus Quarz (3 Meter) \u221a Waschbecken CARRON (schwarz) \u221a Wasserhahn IDEAL STANDARD (\u0399\u039d\u039f\u03a7) \u221a K\u00fchlschrank INVERTOR \u221a Abzugshaube PYRAMIS \u221a K\u00fcchenger\u00e4te \u221a K\u00fcchenschr\u00e4nke f\u00fcr Vorr\u00e4te und Read more ...\" \/>\n<meta property=\"og:url\" content=\"https:\/\/www.ammosvotsalo.com\/de\/ammos-apartment-kuche\/\" \/>\n<meta property=\"og:site_name\" content=\"Ammos &amp; Votsalo Apartmens\" \/>\n<meta name=\"twitter:card\" content=\"summary_large_image\" \/>\n<script type=\"application\/ld+json\" class=\"yoast-schema-graph\">{\"@context\":\"https:\/\/schema.org\",\"@graph\":[{\"@type\":\"WebPage\",\"@id\":\"https:\/\/www.ammosvotsalo.com\/de\/ammos-apartment-kuche\/\",\"url\":\"https:\/\/www.ammosvotsalo.com\/de\/ammos-apartment-kuche\/\",\"name\":\"Ammos Apartment - K\u00fcche | Ammos &amp; Votsalo Apartmens\",\"isPartOf\":{\"@id\":\"https:\/\/www.ammosvotsalo.com\/#website\"},\"datePublished\":\"2016-02-02T11:56:18+00:00\",\"dateModified\":\"2016-02-02T11:56:18+00:00\",\"breadcrumb\":{\"@id\":\"https:\/\/www.ammosvotsalo.com\/de\/ammos-apartment-kuche\/#breadcrumb\"},\"inLanguage\":\"de\",\"potentialAction\":[{\"@type\":\"ReadAction\",\"target\":[\"https:\/\/www.ammosvotsalo.com\/de\/ammos-apartment-kuche\/\"]}]},{\"@type\":\"BreadcrumbList\",\"@id\":\"https:\/\/www.ammosvotsalo.com\/de\/ammos-apartment-kuche\/#breadcrumb\",\"itemListElement\":[{\"@type\":\"ListItem\",\"position\":1,\"name\":\"Home\",\"item\":\"https:\/\/www.ammosvotsalo.com\/de\/\"},{\"@type\":\"ListItem\",\"position\":2,\"name\":\"Ammos Apartment &#8211; K\u00fcche\"}]},{\"@type\":\"WebSite\",\"@id\":\"https:\/\/www.ammosvotsalo.com\/#website\",\"url\":\"https:\/\/www.ammosvotsalo.com\/\",\"name\":\"Ammos &amp; Votsalo Apartmens\",\"description\":\"\",\"potentialAction\":[{\"@type\":\"SearchAction\",\"target\":{\"@type\":\"EntryPoint\",\"urlTemplate\":\"https:\/\/www.ammosvotsalo.com\/?s={search_term_string}\"},\"query-input\":\"required name=search_term_string\"}],\"inLanguage\":\"de\"}]}<\/script>\n<!-- \/ Yoast SEO plugin. -->","yoast_head_json":{"title":"Ammos Apartment - K\u00fcche | Ammos &amp; Votsalo Apartmens","robots":{"index":"index","follow":"follow","max-snippet":"max-snippet:-1","max-image-preview":"max-image-preview:large","max-video-preview":"max-video-preview:-1"},"canonical":"https:\/\/www.ammosvotsalo.com\/de\/ammos-apartment-kuche\/","og_locale":"de_DE","og_type":"article","og_title":"Ammos Apartment - K\u00fcche | Ammos &amp; Votsalo Apartmens","og_description":"\u221a Eingebauter elektroherd PITSOS mit Backofen (INOX) \u221a Esstisch und St\u00fchle \u221a Weisse Bank aus Quarz (3 Meter) \u221a Waschbecken CARRON (schwarz) \u221a Wasserhahn IDEAL STANDARD (\u0399\u039d\u039f\u03a7) \u221a K\u00fchlschrank INVERTOR \u221a Abzugshaube PYRAMIS \u221a K\u00fcchenger\u00e4te \u221a K\u00fcchenschr\u00e4nke f\u00fcr Vorr\u00e4te und Read more ...","og_url":"https:\/\/www.ammosvotsalo.com\/de\/ammos-apartment-kuche\/","og_site_name":"Ammos &amp; Votsalo Apartmens","twitter_card":"summary_large_image","schema":{"@context":"https:\/\/schema.org","@graph":[{"@type":"WebPage","@id":"https:\/\/www.ammosvotsalo.com\/de\/ammos-apartment-kuche\/","url":"https:\/\/www.ammosvotsalo.com\/de\/ammos-apartment-kuche\/","name":"Ammos Apartment - K\u00fcche | Ammos &amp; Votsalo Apartmens","isPartOf":{"@id":"https:\/\/www.ammosvotsalo.com\/#website"},"datePublished":"2016-02-02T11:56:18+00:00","dateModified":"2016-02-02T11:56:18+00:00","breadcrumb":{"@id":"https:\/\/www.ammosvotsalo.com\/de\/ammos-apartment-kuche\/#breadcrumb"},"inLanguage":"de","potentialAction":[{"@type":"ReadAction","target":["https:\/\/www.ammosvotsalo.com\/de\/ammos-apartment-kuche\/"]}]},{"@type":"BreadcrumbList","@id":"https:\/\/www.ammosvotsalo.com\/de\/ammos-apartment-kuche\/#breadcrumb","itemListElement":[{"@type":"ListItem","position":1,"name":"Home","item":"https:\/\/www.ammosvotsalo.com\/de\/"},{"@type":"ListItem","position":2,"name":"Ammos Apartment &#8211; K\u00fcche"}]},{"@type":"WebSite","@id":"https:\/\/www.ammosvotsalo.com\/#website","url":"https:\/\/www.ammosvotsalo.com\/","name":"Ammos &amp; Votsalo Apartmens","description":"","potentialAction":[{"@type":"SearchAction","target":{"@type":"EntryPoint","urlTemplate":"https:\/\/www.ammosvotsalo.com\/?s={search_term_string}"},"query-input":"required name=search_term_string"}],"inLanguage":"de"}]}},"_links":{"self":[{"href":"https:\/\/www.ammosvotsalo.com\/de\/wp-json\/wp\/v2\/pages\/1538"}],"collection":[{"href":"https:\/\/www.ammosvotsalo.com\/de\/wp-json\/wp\/v2\/pages"}],"about":[{"href":"https:\/\/www.ammosvotsalo.com\/de\/wp-json\/wp\/v2\/types\/page"}],"author":[{"embeddable":true,"href":"https:\/\/www.ammosvotsalo.com\/de\/wp-json\/wp\/v2\/users\/1"}],"replies":[{"embeddable":true,"href":"https:\/\/www.ammosvotsalo.com\/de\/wp-json\/wp\/v2\/comments?post=1538"}],"version-history":[{"count":1,"href":"https:\/\/www.ammosvotsalo.com\/de\/wp-json\/wp\/v2\/pages\/1538\/revisions"}],"predecessor-version":[{"id":1539,"href":"https:\/\/www.ammosvotsalo.com\/de\/wp-json\/wp\/v2\/pages\/1538\/revisions\/1539"}],"wp:attachment":[{"href":"https:\/\/www.ammosvotsalo.com\/de\/wp-json\/wp\/v2\/media?parent=1538"}],"curies":[{"name":"wp","href":"https:\/\/api.w.org\/{rel}","templated":true}]}}