{"id":76,"date":"2015-06-11T10:09:16","date_gmt":"2015-06-11T10:09:16","guid":{"rendered":"http:\/\/www.ammosvotsalo.com\/?page_id=76"},"modified":"2016-03-16T11:51:39","modified_gmt":"2016-03-16T09:51:39","slug":"zuhause","status":"publish","type":"page","link":"https:\/\/www.ammosvotsalo.com\/de\/","title":{"rendered":"\u039aaour Ekanate! Herzlich Willkommen!"},"content":{"rendered":"\n\t<div title='Resize Body Text' class='wpTextResizeControls' style='background-color:lightgray;border-radius:7px;-moz-border-radius:7px;-webkit-border-radius:7px;padding:3px;width:55px;'>\n\t\t<a class='increaseFont' title='Increase Font Size' style='font-size:18px;cursor:pointer;' >A<\/a><a class='resetFont' title='Reset Font Size' style='font-size:13px;padding-left:10px;cursor:pointer;'>A<\/a><a class='decreaseFont' title='Decrease Font Size' style='font-size:10px;padding-left:10px;cursor:pointer;'>A<\/a><\/div>\n<p>Wir hei\u00dfen Sie in unseren m\u00f6bilierten Apartments herzlich Willkommen! Sie finden <strong>&#8222;ammos&amp;votsalo&#8220;<\/strong> (\u00fcbersetzt: Sand &amp; Kieselstein) in Plaka, dem malerisch sch\u00f6nen Hafen der historischen und traditionellen Kleinstadt Leonidio\u2019s. Nur 50 Meter vom Meer entfernt!<\/p>\n<p>Unsere Apartments sind perfekt f\u00fcr diejenigen, die den nachhaltigen Tourismus suchen; f\u00fcr die Abenteuerlustigen; f\u00fcr Familien, die Erholung vom anstrengenden Alltag suchen; f\u00fcr den Wissensdurstigen und f\u00fcr Naturliebhaber. Wir versprechen Ihnen, dass unsere Apartments einzigartig sind und eine ideale Basis f\u00fcr jeden Urlaub sind.<\/p>\n<p style=\"text-align: left;\">Bereiten Sie sich darauf vor, die Sch\u00f6nheiten des Meeres, des Landes und der Natur kennenzulernen. Seien Sie bereit, das idyllische Umfeld zu geniessen. Die veschiedenen Aktivit\u00e4ten, die Sie w\u00e4hrend Ihres Aufenthaltes aus\u00fcben k\u00f6nnen, kombiniert mit der sich st\u00e4ndig wechselnden Landschaft, dem perfekten \u00f6rtlichen Klima \u2013 all das zusammen sind die idealen Bedingungen, um sogar dem anspruchsvollsten Besucher sorglose Momente und Entspannung zu gew\u00e4hren.<\/p>\n<p>Tauchen Sie ab aus dem Alltag und erleben Sie unseren Ort, der reich an Tsakonischer Geschichte ist, mit allen Sinnen! Er wird Sie mit neuer Energie und mit wundervollen Momenten, die zu dauerhaften Erinnerungen werden, bereichern.<\/p>\n<p style=\"text-align: center; margin-bottom: 0px;\"><u>Wir w\u00fcnschen Ihnen einen sch\u00f6nen Aufenthalt und gl\u00fccklichen Urlaub aus dem Boden unseres Herzens\u2026<\/u><br \/>\n\u2026 AND XANAMOLETE! \u2026 UND KOMMEN SIE WIEDER!<\/p>\n","protected":false},"excerpt":{"rendered":"<p>Wir hei\u00dfen Sie in unseren m\u00f6bilierten Apartments herzlich Willkommen! Sie finden &#8222;ammos&amp;votsalo&#8220; (\u00fcbersetzt: Sand &amp; Kieselstein) in Plaka, dem malerisch sch\u00f6nen Hafen der historischen und traditionellen Kleinstadt Leonidio\u2019s. Nur 50 Meter vom Meer entfernt! Unsere Apartments sind perfekt f\u00fcr diejenigen, <a class=\"more-link\" href=\"https:\/\/www.ammosvotsalo.com\/de\/\">Read more &#8230;<\/a><\/p>\n","protected":false},"author":1,"featured_media":0,"parent":0,"menu_order":0,"comment_status":"closed","ping_status":"closed","template":"","meta":[],"yoast_head":"<!-- This site is optimized with the Yoast SEO plugin v19.12 - https:\/\/yoast.com\/wordpress\/plugins\/seo\/ -->\n<title>\u039aaour Ekanate! Herzlich Willkommen! | Ammos &amp; Votsalo Apartmens<\/title>\n<meta name=\"robots\" content=\"index, follow, max-snippet:-1, max-image-preview:large, max-video-preview:-1\" \/>\n<link rel=\"canonical\" href=\"https:\/\/www.ammosvotsalo.com\/de\/\" \/>\n<meta property=\"og:locale\" content=\"de_DE\" \/>\n<meta property=\"og:type\" content=\"article\" \/>\n<meta property=\"og:title\" content=\"\u039aaour Ekanate! Herzlich Willkommen! | Ammos &amp; Votsalo Apartmens\" \/>\n<meta property=\"og:description\" content=\"Wir hei\u00dfen Sie in unseren m\u00f6bilierten Apartments herzlich Willkommen! Sie finden &#8222;ammos&amp;votsalo&#8220; (\u00fcbersetzt: Sand &amp; Kieselstein) in Plaka, dem malerisch sch\u00f6nen Hafen der historischen und traditionellen Kleinstadt Leonidio\u2019s. Nur 50 Meter vom Meer entfernt! Unsere Apartments sind perfekt f\u00fcr diejenigen, Read more ...\" \/>\n<meta property=\"og:url\" content=\"https:\/\/www.ammosvotsalo.com\/de\/\" \/>\n<meta property=\"og:site_name\" content=\"Ammos &amp; Votsalo Apartmens\" \/>\n<meta property=\"article:modified_time\" content=\"2016-03-16T09:51:39+00:00\" \/>\n<meta name=\"twitter:card\" content=\"summary_large_image\" \/>\n<meta name=\"twitter:label1\" content=\"Gesch\u00e4tzte Lesezeit\" \/>\n\t<meta name=\"twitter:data1\" content=\"1\u00a0Minute\" \/>\n<script type=\"application\/ld+json\" class=\"yoast-schema-graph\">{\"@context\":\"https:\/\/schema.org\",\"@graph\":[{\"@type\":\"WebPage\",\"@id\":\"https:\/\/www.ammosvotsalo.com\/de\/\",\"url\":\"https:\/\/www.ammosvotsalo.com\/de\/\",\"name\":\"\u039aaour Ekanate! Herzlich Willkommen! | Ammos &amp; Votsalo Apartmens\",\"isPartOf\":{\"@id\":\"https:\/\/www.ammosvotsalo.com\/#website\"},\"datePublished\":\"2015-06-11T10:09:16+00:00\",\"dateModified\":\"2016-03-16T09:51:39+00:00\",\"breadcrumb\":{\"@id\":\"https:\/\/www.ammosvotsalo.com\/de\/#breadcrumb\"},\"inLanguage\":\"de\",\"potentialAction\":[{\"@type\":\"ReadAction\",\"target\":[\"https:\/\/www.ammosvotsalo.com\/de\/\"]}]},{\"@type\":\"BreadcrumbList\",\"@id\":\"https:\/\/www.ammosvotsalo.com\/de\/#breadcrumb\",\"itemListElement\":[{\"@type\":\"ListItem\",\"position\":1,\"name\":\"Home\",\"item\":\"https:\/\/www.ammosvotsalo.com\/de\/\"},{\"@type\":\"ListItem\",\"position\":2,\"name\":\"\u039aaour Ekanate! Herzlich Willkommen!\"}]},{\"@type\":\"WebSite\",\"@id\":\"https:\/\/www.ammosvotsalo.com\/#website\",\"url\":\"https:\/\/www.ammosvotsalo.com\/\",\"name\":\"Ammos &amp; Votsalo Apartmens\",\"description\":\"\",\"potentialAction\":[{\"@type\":\"SearchAction\",\"target\":{\"@type\":\"EntryPoint\",\"urlTemplate\":\"https:\/\/www.ammosvotsalo.com\/?s={search_term_string}\"},\"query-input\":\"required name=search_term_string\"}],\"inLanguage\":\"de\"}]}<\/script>\n<!-- \/ Yoast SEO plugin. -->","yoast_head_json":{"title":"\u039aaour Ekanate! Herzlich Willkommen! | Ammos &amp; Votsalo Apartmens","robots":{"index":"index","follow":"follow","max-snippet":"max-snippet:-1","max-image-preview":"max-image-preview:large","max-video-preview":"max-video-preview:-1"},"canonical":"https:\/\/www.ammosvotsalo.com\/de\/","og_locale":"de_DE","og_type":"article","og_title":"\u039aaour Ekanate! Herzlich Willkommen! | Ammos &amp; Votsalo Apartmens","og_description":"Wir hei\u00dfen Sie in unseren m\u00f6bilierten Apartments herzlich Willkommen! Sie finden &#8222;ammos&amp;votsalo&#8220; (\u00fcbersetzt: Sand &amp; Kieselstein) in Plaka, dem malerisch sch\u00f6nen Hafen der historischen und traditionellen Kleinstadt Leonidio\u2019s. Nur 50 Meter vom Meer entfernt! Unsere Apartments sind perfekt f\u00fcr diejenigen, Read more ...","og_url":"https:\/\/www.ammosvotsalo.com\/de\/","og_site_name":"Ammos &amp; Votsalo Apartmens","article_modified_time":"2016-03-16T09:51:39+00:00","twitter_card":"summary_large_image","twitter_misc":{"Gesch\u00e4tzte Lesezeit":"1\u00a0Minute"},"schema":{"@context":"https:\/\/schema.org","@graph":[{"@type":"WebPage","@id":"https:\/\/www.ammosvotsalo.com\/de\/","url":"https:\/\/www.ammosvotsalo.com\/de\/","name":"\u039aaour Ekanate! Herzlich Willkommen! | Ammos &amp; Votsalo Apartmens","isPartOf":{"@id":"https:\/\/www.ammosvotsalo.com\/#website"},"datePublished":"2015-06-11T10:09:16+00:00","dateModified":"2016-03-16T09:51:39+00:00","breadcrumb":{"@id":"https:\/\/www.ammosvotsalo.com\/de\/#breadcrumb"},"inLanguage":"de","potentialAction":[{"@type":"ReadAction","target":["https:\/\/www.ammosvotsalo.com\/de\/"]}]},{"@type":"BreadcrumbList","@id":"https:\/\/www.ammosvotsalo.com\/de\/#breadcrumb","itemListElement":[{"@type":"ListItem","position":1,"name":"Home","item":"https:\/\/www.ammosvotsalo.com\/de\/"},{"@type":"ListItem","position":2,"name":"\u039aaour Ekanate! Herzlich Willkommen!"}]},{"@type":"WebSite","@id":"https:\/\/www.ammosvotsalo.com\/#website","url":"https:\/\/www.ammosvotsalo.com\/","name":"Ammos &amp; Votsalo Apartmens","description":"","potentialAction":[{"@type":"SearchAction","target":{"@type":"EntryPoint","urlTemplate":"https:\/\/www.ammosvotsalo.com\/?s={search_term_string}"},"query-input":"required name=search_term_string"}],"inLanguage":"de"}]}},"_links":{"self":[{"href":"https:\/\/www.ammosvotsalo.com\/de\/wp-json\/wp\/v2\/pages\/76"}],"collection":[{"href":"https:\/\/www.ammosvotsalo.com\/de\/wp-json\/wp\/v2\/pages"}],"about":[{"href":"https:\/\/www.ammosvotsalo.com\/de\/wp-json\/wp\/v2\/types\/page"}],"author":[{"embeddable":true,"href":"https:\/\/www.ammosvotsalo.com\/de\/wp-json\/wp\/v2\/users\/1"}],"replies":[{"embeddable":true,"href":"https:\/\/www.ammosvotsalo.com\/de\/wp-json\/wp\/v2\/comments?post=76"}],"version-history":[{"count":4,"href":"https:\/\/www.ammosvotsalo.com\/de\/wp-json\/wp\/v2\/pages\/76\/revisions"}],"predecessor-version":[{"id":1716,"href":"https:\/\/www.ammosvotsalo.com\/de\/wp-json\/wp\/v2\/pages\/76\/revisions\/1716"}],"wp:attachment":[{"href":"https:\/\/www.ammosvotsalo.com\/de\/wp-json\/wp\/v2\/media?parent=76"}],"curies":[{"name":"wp","href":"https:\/\/api.w.org\/{rel}","templated":true}]}}